{"id":99,"date":"2012-01-17T20:16:33","date_gmt":"2012-01-17T19:16:33","guid":{"rendered":"http:\/\/www.rwg-bayreuth.de\/home\/?page_id=99"},"modified":"2025-09-17T13:44:42","modified_gmt":"2025-09-17T11:44:42","slug":"oberstufe","status":"publish","type":"page","link":"https:\/\/www.rwg-bayreuth.de\/home\/?page_id=99","title":{"rendered":"Oberstufe"},"content":{"rendered":"<p>Ansprechpartner f\u00fcr alle Fragen die Oberstufe betreffend sind die beiden Oberstufenkoordinatorinnen.<\/p>\n<div id=\"attachment_21302\" style=\"width: 460px\" class=\"wp-caption aligncenter\"><a href=\"https:\/\/www.rwg-bayreuth.de\/home\/wp-content\/uploads\/2019\/03\/Schmidt_Rupp-450.jpg\"><img loading=\"lazy\" decoding=\"async\" aria-describedby=\"caption-attachment-21302\" src=\"https:\/\/www.rwg-bayreuth.de\/home\/wp-content\/uploads\/2019\/03\/Schmidt_Rupp-450.jpg\" alt=\"\" width=\"450\" height=\"312\" class=\"size-full wp-image-21302\" srcset=\"https:\/\/www.rwg-bayreuth.de\/home\/wp-content\/uploads\/2019\/03\/Schmidt_Rupp-450.jpg 450w, https:\/\/www.rwg-bayreuth.de\/home\/wp-content\/uploads\/2019\/03\/Schmidt_Rupp-450-250x173.jpg 250w\" sizes=\"(max-width: 450px) 100vw, 450px\" \/><\/a><p id=\"caption-attachment-21302\" class=\"wp-caption-text\">Annika Rupp (links) und Katja Schmidt (rechts)<\/p><\/div>\n<p>Wir sind jederzeit f\u00fcr gr\u00f6\u00dfere und kleinere Probleme und Sorgen da. Sie erreichen uns per Mail unter<a href=\"mailto:rupp@rwg-bayreuth.de\"> rupp@rwg-bayreuth.de<\/a> und <a href=\"mailto:kschmidt@rwg-bayreuth.de\">kschmidt@rwg-bayreuth.de<\/a> oder telefonisch unter <a href=\"tel:+499217598516\">0921&nbsp;75985-16<\/a>. Unser B\u00fcro befindet sich im 2. Stock des Neubaus, Zimmer 233.<\/p>\n<h5>Zielsetzung<\/h5>\n<p>Der Lehrplan legt als Ziel des Gymnasiums die Vermittlung von \u201eBildungsinhalten und Kompetenzen, die zu einem Hochschulstudium bef\u00e4higen, aber auch die Voraussetzungen f\u00fcr eine anspruchsvolle Berufsausbildung\u201c fest. Daf\u00fcr kommt der Oberstufe, also den Klassen 12 und 13, eine wichtige Bedeutung zu. Neben der Vermittlung einer soliden fachlichen Basis, die Grundlage f\u00fcr jedes Studium und jede Ausbildung ist, und \u00fcber die W-Seminare hinaus bietet das RWG regelm\u00e4\u00dfig Veranstaltungen zur Berufs\u2010 und Studienwahl. <\/p>\n<ul class=\"linkliste\">\n<li><a title=\"Berufsorientierung\" href=\"https:\/\/www.rwg-bayreuth.de\/home\/?page_id=3098\">mehr zum Aufbaumodul zur beruflichen Orientierung<\/a><\/li>\n<\/ul>\n<h5>Vorbereitung<\/h5>\n<p>Um organisatorisch auf die Oberstufe vorzubereiten, werden die Sch\u00fcler der 11. Klassen sowie deren Eltern bereits im Januar sehr ausf\u00fchrlich \u00fcber den Unterricht der 12. und 13. Klasse informiert.<\/p>\n<ul class=\"linkliste\">\n<li><a href=\"https:\/\/www.rwg-bayreuth.de\/home\/wp-content\/uploads\/2025\/02\/PPP-PuLSt-2026-Eltern-und-Schueler.pdf\">Pr\u00e4sentation: Profil und Leistungsstufe (PuLSt) am neunj\u00e4hrigen Gymnasium<\/a><!--<a href=\"https:\/\/www.rwg-bayreuth.de\/home\/wp-content\/uploads\/2019\/03\/PPP-Oberstufeninfo-2022.pdf\">Pr\u00e4sentation: Unterricht in der Oberstufe<\/a>--><\/li>\n<\/ul>\n<p>Bei der Wahl des Kursprogramms und der Seminare werden die Sch\u00fclerinnen und Sch\u00fcler intensiv beraten und individuell betreut. Ihren pers\u00f6nlichen Stundenplan f\u00fcr das neue Schuljahr erhalten die Sch\u00fcler am Ende 11. Klasse. <\/p>\n<h5>F\u00e4cher- und Seminarangebot<\/h5>\n<p>\u00dcber die Pflichtf\u00e4cher Mathematik, Deutsch und einem Leistungsfach hinaus l\u00e4sst die Oberstufe vielf\u00e4ltige Wahlm\u00f6glichkeiten zu. Au\u00dferdem wird durch die W-Seminare ein weit gefasstes Interessenspektrum abgedeckt.<\/p>\n<ul class=\"linkliste\">\n<li><a href=\"https:\/\/www.rwg-bayreuth.de\/home\/wp-content\/uploads\/2025\/09\/Seminare-2025-27.pdf\">Seminare f\u00fcr den Oberstufenjahrgang 2025-27<\/a><\/li>\n<\/ul>\n<h5>Abitur am RWG<\/h5>\n<p>In den letzten Jahren waren unsere Abiturientinnen und Abiturienten sehr erfolgreich. Die Abiturschnitte lagen in der Regel \u00fcber dem Landesdurchschnitt.<\/p>\n<p><!--Fotos der Abiturjahrg\u00e4nge--><\/p>\n<h5>Weiterf\u00fchrende Links:<\/h5>\n<ul class=\"linkliste\">\n<li><a href=\"http:\/\/www.gymnasiale-oberstufe.bayern.de\/\" target=\"_blank\" rel=\"noopener noreferrer\">Info-Seite des Kultusministeriums zur gymnasialen Oberstufe<\/a><\/li>\n<li><a href=\"http:\/\/www.isb.bayern.de\/gymnasium\/lehrplan\/gymnasium\/\" target=\"_blank\" rel=\"noopener noreferrer\">Lehrpl\u00e4ne<\/a><\/li>\n<\/ul>\n","protected":false},"excerpt":{"rendered":"<p>Ansprechpartner f\u00fcr alle Fragen die Oberstufe betreffend sind die beiden Oberstufenkoordinatorinnen. Wir sind jederzeit f\u00fcr gr\u00f6\u00dfere und kleinere Probleme und Sorgen da. Sie erreichen uns per Mail unter rupp@rwg-bayreuth.de und kschmidt@rwg-bayreuth.de oder telefonisch unter 0921&nbsp;75985-16. Unser B\u00fcro befindet sich im 2. Stock des Neubaus, Zimmer 233. Zielsetzung Der Lehrplan legt als Ziel des Gymnasiums die&hellip;<\/p>\n","protected":false},"author":1,"featured_media":0,"parent":117,"menu_order":50,"comment_status":"closed","ping_status":"closed","template":"page-templates\/no-sidebar.php","meta":{"footnotes":""},"tags":[],"_links":{"self":[{"href":"https:\/\/www.rwg-bayreuth.de\/home\/index.php?rest_route=\/wp\/v2\/pages\/99"}],"collection":[{"href":"https:\/\/www.rwg-bayreuth.de\/home\/index.php?rest_route=\/wp\/v2\/pages"}],"about":[{"href":"https:\/\/www.rwg-bayreuth.de\/home\/index.php?rest_route=\/wp\/v2\/types\/page"}],"author":[{"embeddable":true,"href":"https:\/\/www.rwg-bayreuth.de\/home\/index.php?rest_route=\/wp\/v2\/users\/1"}],"replies":[{"embeddable":true,"href":"https:\/\/www.rwg-bayreuth.de\/home\/index.php?rest_route=%2Fwp%2Fv2%2Fcomments&post=99"}],"version-history":[{"count":66,"href":"https:\/\/www.rwg-bayreuth.de\/home\/index.php?rest_route=\/wp\/v2\/pages\/99\/revisions"}],"predecessor-version":[{"id":39813,"href":"https:\/\/www.rwg-bayreuth.de\/home\/index.php?rest_route=\/wp\/v2\/pages\/99\/revisions\/39813"}],"up":[{"embeddable":true,"href":"https:\/\/www.rwg-bayreuth.de\/home\/index.php?rest_route=\/wp\/v2\/pages\/117"}],"wp:attachment":[{"href":"https:\/\/www.rwg-bayreuth.de\/home\/index.php?rest_route=%2Fwp%2Fv2%2Fmedia&parent=99"}],"wp:term":[{"taxonomy":"post_tag","embeddable":true,"href":"https:\/\/www.rwg-bayreuth.de\/home\/index.php?rest_route=%2Fwp%2Fv2%2Ftags&post=99"}],"curies":[{"name":"wp","href":"https:\/\/api.w.org\/{rel}","templated":true}]}}