{"id":95,"date":"2012-01-17T20:15:29","date_gmt":"2012-01-17T19:15:29","guid":{"rendered":"http:\/\/www.rwg-bayreuth.de\/home\/?page_id=95"},"modified":"2023-09-28T20:22:54","modified_gmt":"2023-09-28T18:22:54","slug":"bibliothek","status":"publish","type":"page","link":"https:\/\/www.rwg-bayreuth.de\/home\/?page_id=95","title":{"rendered":"Bibliotheken"},"content":{"rendered":"<p><img decoding=\"async\" src=\"https:\/\/www.rwg-bayreuth.de\/home\/wp-content\/uploads\/2021\/02\/Bibliotheken.jpg\" alt=\"\" width=\"100%\" height=\"auto\" class=\"alignright size-full wp-image-28210\" srcset=\"https:\/\/www.rwg-bayreuth.de\/home\/wp-content\/uploads\/2021\/02\/Bibliotheken.jpg 1800w, https:\/\/www.rwg-bayreuth.de\/home\/wp-content\/uploads\/2021\/02\/Bibliotheken-450x150.jpg 450w, https:\/\/www.rwg-bayreuth.de\/home\/wp-content\/uploads\/2021\/02\/Bibliotheken-1024x341.jpg 1024w, https:\/\/www.rwg-bayreuth.de\/home\/wp-content\/uploads\/2021\/02\/Bibliotheken-768x256.jpg 768w, https:\/\/www.rwg-bayreuth.de\/home\/wp-content\/uploads\/2021\/02\/Bibliotheken-1536x512.jpg 1536w, https:\/\/www.rwg-bayreuth.de\/home\/wp-content\/uploads\/2021\/02\/Bibliotheken-250x83.jpg 250w\" sizes=\"(max-width: 1800px) 100vw, 1800px\" \/><br \/>\n<!--<a href=\"https:\/\/www.rwg-bayreuth.de\/home\/wp-content\/uploads\/2012\/01\/Bibliothek_NK.jpg\"><img loading=\"lazy\" decoding=\"async\" src=\"https:\/\/www.rwg-bayreuth.de\/home\/wp-content\/uploads\/2012\/01\/Bibliothek_NK.jpg\" alt=\"Bibliothek_NK\" width=\"140\" height=\"202\" class=\"alignleft size-full wp-image-3286\" srcset=\"https:\/\/www.rwg-bayreuth.de\/home\/wp-content\/uploads\/2012\/01\/Bibliothek_NK.jpg 198w, https:\/\/www.rwg-bayreuth.de\/home\/wp-content\/uploads\/2012\/01\/Bibliothek_NK-104x150.jpg 104w\" sizes=\"(max-width: 140px) 100vw, 140px\" \/><\/a>-->\u201eEinem Haus eine Bibliothek hinzuzuf\u00fcgen hei\u00dft, dem Haus eine Seele zu geben.\u201c Nat\u00fcrlich hatten zur Zeit, als Cicero diesen Satz aufschrieb, B\u00fccher &#8211; oder besser gesagt Schriftrollen, denn B\u00fccher in unserem Sinn gab es noch nicht &#8211; einen anderen Stellenwert als heute, wo B\u00fccher leicht zug\u00e4ngliche Gebrauchsgegenst\u00e4nde geworden sind.<\/p>\n<p>Trotzdem sind die Aufbewahrungsorte von B\u00fcchern, die Bibliotheken, gerade an Schulen ein wichtiger Ort: Anders als Internetpublikationen haben B\u00fccher eine physische Pr\u00e4senz: Sie bilden ein buntes Muster im Regal, und oft lockt bereits der Buchr\u00fccken. Man kann sie anfassen, und wer je ein in Leder oder Leinen gebundenes Buch mit Seiten aus gutem Papier in der Hand hatte, der wei\u00df, dass dies etwas anderes ist als der Mausklick, der eine Bildschirmseite \u00f6ffnet. <\/p>\n<p>Zur Seele der B\u00fccherei geh\u00f6rt auch die Ehrfurcht. Die Masse an B\u00fcchern in einer Bibliothek zu sehen, macht nicht nur neugierig, sondern auch bescheiden. Nie wird man es schaffen, alle zu lesen. Und trotzdem ist man Teil des kulturellen Erbes, wenn man durch die Regale geht und unter B\u00fcchern ist.<\/p>\n<p>Deshalb pflegt das RWG seine Bibliotheken, von denen es an der Schule drei gibt (die Pr\u00e4senzbest\u00e4nde in vielen Fachr\u00e4umen nicht mitgez\u00e4hlt):<\/p>\n<h3 id=\"GBib\">Die Gro\u00dfe Bibliothek im 3. Stock des Neubaus<\/h3>\n<p>Nach Fachgebieten sortiert, finden sich hier literarische B\u00fccher der gro\u00dfen Autoren und Sachb\u00fccher zu allen erdenklichen Themenfeldern. Die B\u00fccherei ist deshalb eine wichtige Anlaufstelle f\u00fcr das selbstst\u00e4ndige Arbeiten, zum Beispiel um ein Referat vorzubereiten. Weil themenverwandte B\u00fccher nebeneinander stehen, kann man sich &#8211; anders als im Internet &#8211; schnell einen \u00dcberblick \u00fcber ein Sachgebiet verschaffen. F\u00fcr das eigenst\u00e4ndige Arbeiten gibt es Bildschirmarbeitspl\u00e4tze.<\/p>\n<h6>Weitere Informationen<\/h6>\n<ul class=\"linkliste\">\n<li><a href=\"https:\/\/www.rwg-bayreuth.de\/home\/?page_id=30203\">Die Gro\u00dfe Bibliothek \u2013 Ritchie&#8217;s Reading Room \u2013 R<sup>3<\/sup><\/a><\/li>\n<li><a href=\"https:\/\/www.rwg-bayreuth.de\/home\/?page_id=30246\">Aktionen des P-Seminars 2021\/2022<\/a><\/li>\n<li><a href=\"https:\/\/www.rwg-bayreuth.de\/home\/?page_id=30359\">Aktionskalender des P-Seminars<\/a><\/li>\n<\/ul>\n<h3>Das \u201eLesende Klassenzimmer\u201c neben der Oberen Pausenhalle<\/h3>\n<p>Die B\u00fccher hier sind f\u00fcr die Unter&#x2010; und Mittelstufe. Es gibt interessante Sachb\u00fccher, haupts\u00e4chlich aber Jugendromane mit spannenden, unterhaltsamen, verbl\u00fcffenden, \u00e4rgerlichen oder nachdenklich machenden Geschichten. Sie laden zu Phantasiereisen ein, bei denen man andere Leute kennen lernt, andere \u00d6rtlichkeiten, andere Probleme &#8211; und trotzdem immer wieder sich selbst, weil es an einem selbst liegt, was man aus den Geschichten macht. Sitzkissen laden hier zum Schm\u00f6kern ein, und ein Pausendienst sorgt daf\u00fcr, dass man auch an die B\u00fccher herankommt.<\/p>\n<p>Das Lesende Klassenzimmer ist zu den an der T\u00fcre angegebenen Zeiten ge\u00f6ffnet; die B\u00fccher k\u00f6nnen selbstverst\u00e4ndlich entliehen werden.<\/p>\n<h3>Die historische Gl\u00f6ckl-Bibliothek neben der Aula<\/h3>\n<p>Dr. Rudolf Gl\u00f6ckl war Leiter unserer Schule von 1947 bis 1963. Er war ein Sch\u00f6ngeist und Germanist und kaufte B\u00fccher am liebsten in ledergebundenen Gesamtausgaben. So kam eine ebenso umfassende wie beeindruckende Bibliothek zustande, die er mit seinem Ableben dem RWG vermachte und die &#8211; zusammen mit bibliophilen Kostbarkeiten aus alten Bibliotheksbest\u00e4nden des RWG &#8211; im historischen Teil unserer Schule ihre Heimat fand: Die Gl\u00f6ckl-Bibliothek befindet sich zwischen dem Schulmuseum und der historischen Turnhalle, die jetzt die Aula ist.<\/p>\n<p>Der gesamte Buchbestand ist digital erfasst und kann im Web-Katalog OPAC eingesehen werden. Die B\u00fccher sind mit Schlagworten versehen. Dies hilft bei der Buchsuche. <a href=\"http:\/\/koha.rwg-bayreuth.de\/\" title=\"Zum Web-Kalatog\">[zum Web-Katalog&#8230;]<\/a><\/p>\n<p>Unsere Schule kooperiert im gesamten bibliothekswesen eng mit der Stadtb\u00fccherei RW21. <a href=\"https:\/\/www.bayreuth.de\/rathaus-buergerservice\/bildung-wissen\/rw21\/\" target=\"_blank\" rel=\"noopener\">[mehr&#8230;]<\/a><\/p>\n","protected":false},"excerpt":{"rendered":"<p>\u201eEinem Haus eine Bibliothek hinzuzuf\u00fcgen hei\u00dft, dem Haus eine Seele zu geben.\u201c Nat\u00fcrlich hatten zur Zeit, als Cicero diesen Satz aufschrieb, B\u00fccher &#8211; oder besser gesagt Schriftrollen, denn B\u00fccher in unserem Sinn gab es noch nicht &#8211; einen anderen Stellenwert als heute, wo B\u00fccher leicht zug\u00e4ngliche Gebrauchsgegenst\u00e4nde geworden sind. Trotzdem sind die Aufbewahrungsorte von B\u00fcchern,&hellip;<\/p>\n","protected":false},"author":1,"featured_media":0,"parent":117,"menu_order":70,"comment_status":"closed","ping_status":"closed","template":"page-templates\/no-sidebar.php","meta":{"footnotes":""},"tags":[],"_links":{"self":[{"href":"https:\/\/www.rwg-bayreuth.de\/home\/index.php?rest_route=\/wp\/v2\/pages\/95"}],"collection":[{"href":"https:\/\/www.rwg-bayreuth.de\/home\/index.php?rest_route=\/wp\/v2\/pages"}],"about":[{"href":"https:\/\/www.rwg-bayreuth.de\/home\/index.php?rest_route=\/wp\/v2\/types\/page"}],"author":[{"embeddable":true,"href":"https:\/\/www.rwg-bayreuth.de\/home\/index.php?rest_route=\/wp\/v2\/users\/1"}],"replies":[{"embeddable":true,"href":"https:\/\/www.rwg-bayreuth.de\/home\/index.php?rest_route=%2Fwp%2Fv2%2Fcomments&post=95"}],"version-history":[{"count":39,"href":"https:\/\/www.rwg-bayreuth.de\/home\/index.php?rest_route=\/wp\/v2\/pages\/95\/revisions"}],"predecessor-version":[{"id":30682,"href":"https:\/\/www.rwg-bayreuth.de\/home\/index.php?rest_route=\/wp\/v2\/pages\/95\/revisions\/30682"}],"up":[{"embeddable":true,"href":"https:\/\/www.rwg-bayreuth.de\/home\/index.php?rest_route=\/wp\/v2\/pages\/117"}],"wp:attachment":[{"href":"https:\/\/www.rwg-bayreuth.de\/home\/index.php?rest_route=%2Fwp%2Fv2%2Fmedia&parent=95"}],"wp:term":[{"taxonomy":"post_tag","embeddable":true,"href":"https:\/\/www.rwg-bayreuth.de\/home\/index.php?rest_route=%2Fwp%2Fv2%2Ftags&post=95"}],"curies":[{"name":"wp","href":"https:\/\/api.w.org\/{rel}","templated":true}]}}