{"id":89,"date":"2012-01-17T20:13:54","date_gmt":"2012-01-17T19:13:54","guid":{"rendered":"http:\/\/www.rwg-bayreuth.de\/home\/?page_id=89"},"modified":"2022-06-02T08:54:49","modified_gmt":"2022-06-02T06:54:49","slug":"leseforderung","status":"publish","type":"page","link":"https:\/\/www.rwg-bayreuth.de\/home\/?page_id=89","title":{"rendered":"Lesef\u00f6rderung"},"content":{"rendered":"<p><img decoding=\"async\" src=\"https:\/\/www.rwg-bayreuth.de\/home\/wp-content\/uploads\/2017\/02\/Les2.jpg\" alt=\"\" width=\"100%\" class=\"alignnone size-full wp-image-13384\" srcset=\"https:\/\/www.rwg-bayreuth.de\/home\/wp-content\/uploads\/2017\/02\/Les2.jpg 720w, https:\/\/www.rwg-bayreuth.de\/home\/wp-content\/uploads\/2017\/02\/Les2-150x50.jpg 150w, https:\/\/www.rwg-bayreuth.de\/home\/wp-content\/uploads\/2017\/02\/Les2-450x150.jpg 450w, https:\/\/www.rwg-bayreuth.de\/home\/wp-content\/uploads\/2017\/02\/Les2-250x83.jpg 250w, https:\/\/www.rwg-bayreuth.de\/home\/wp-content\/uploads\/2017\/02\/Les2-600x200.jpg 600w\" sizes=\"(max-width: 720px) 100vw, 720px\" \/><\/p>\n<h5>Nichts geht ohne Lesen<\/h5>\n<p>Ob Spielanleitung, Internetseite oder Tageszeitung \u2013 die wichtigen Informationen in unserer Gesellschaft sind schriftlich vermittelt.<\/p>\n<p>Deshalb muss uns die F\u00f6rderung der Lesef\u00e4higkeit ein wichtiges Anliegen sein. Dabei geht es nicht in erster Linie um das fl\u00fcssige Vorlesen vor anderen, sondern zu lernen, den Sinn von Texten zu verstehen und Zusammenh\u00e4nge zu erkennen, um sich auch selbstst\u00e4ndig Wissensgebiete zu erschlie\u00dfen.<\/p>\n<p>Unsere Schule m\u00f6chte der Lesef\u00f6rderung ein besonderes Augenmerk schenken. Es besteht aus diesen Aktivit\u00e4ten bzw. Projekten rund um den Deutschunterricht:<\/p>\n<ul style=\"list-style-type:none !important\">\n<li><strong>Klasse 5 \u2013 7:<\/strong> Antolin-Leseprogramm, Lesetageb\u00fccher,Leselisten, Klassenlekt\u00fcren<\/li>\n<li><strong>Klasse 5:<\/strong> Buchvorstellungen, Besuch der Stadtbibliothek RW&nbsp;21 bzw. einer Buchhandlung<\/li>\n<li><strong>Klasse 6:<\/strong> Sachbuchpr\u00e4sentationen, Vorlesewettbewerb, Lesenacht (z.B. zum Thema M\u00e4rchen, antike Sagen etc.)<\/li>\n<li><strong>Klasse 8+9:<\/strong> Projekt &#8218;Zeitschriften in die Schulen&#8216;, Leselisten<\/li>\n<li><strong>Klasse 10\/11:<\/strong> Literaturpr\u00e4sentationen, ggf. Literarisches Quartett \/ Literaturcaf\u00e9 \/ Besuch des Leselustfestivals etc.<\/li>\n<li><strong>Klasse 11\/12:<\/strong> Literaturfahrt (Weimar, kurs\u00fcbergreifend Q11; Bamberg, M\u00fcnchen etc.), evtl. Literaturvortrag (Autorenlesungen) <\/li>\n<li><strong>Klassen\u00fcbergreifend f\u00fcr Mittel- und Oberstufe:<\/strong> Tauschb\u00f6rse, B\u00fccherflohmarkt, Book-Crossing u.v.m<\/li>\n<\/ul>\n<h5>Klasse 5 bis 7<\/h5>\n<p>Die Sch\u00fcler\/innen werden m\u00f6glichst zu Beginn des Schuljahres mit dem <strong>Antolin-Programm<\/strong> <a href=\"http:\/\/www.antolin.de\/\" target=\"_blank\" rel=\"noopener noreferrer\">[mehr&#8230;]<\/a> vertraut gemacht. Jede\/r Sch\u00fcler\/in bekommt ein eigenes Kenn- und Passwort. Digitale Quizfragen zu Kinder- und Jugendb\u00fcchern k\u00f6nnen von den Sch\u00fcler(inne)n zu Hause am PC oder aber gemeinsam im Computerraum gel\u00f6st werden; die Sch\u00fcler\/innen sammeln hierbei \u00fcber ein Schuljahr hinweg die erzielten Punkte, die flei\u00dfigsten Leser\/innen einer Klasse bzw. Jahrgangsstufe erhalten am Ende des Schuljahres einen kleinen Preis (in Form eines B\u00fcchergutscheins).<\/p>\n<p>Die Sch\u00fcler\/innen k\u00f6nnen sich an den von der RW 21 speziell f\u00fcr das RWG zusammengestellten <strong>Leselisten<\/strong> (auf der Website des RWG zu finden) f\u00fcr ihre private Lekt\u00fcre orientieren und haben somit gen\u00fcgend Auswahl f\u00fcr die ca. 4 bis 5 B\u00fccher, die sie am Ende des Schuljahres gelesen haben sollten und \u00fcber die sie Eintr\u00e4ge in ihr <strong>Lesetagebuch<\/strong> machen. Die besten und kreativsten Lesetageb\u00fccher wiederum werden am Ende des Schuljahres von den Deutschlehrer(inne)n ausgew\u00e4hlt und die Sch\u00fcler\/innen werden mit einem Buchpreis f\u00fcr ihre Arbeit belohnt.<br \/>\nVerschiedene Leselisten mit Leseempfehlungen f\u00fcr die Klassen 5 bis 7 sind am Seitenende zusammengestellt.<\/p>\n<p>J\u00e4hrlich nehmen die Unterstufensch\u00fcler\/innen mit ihren Deutschlehrer(inne)n am bundesweiten Vorlesetag teil, der traditionell Mitte November eines Jahres stattfindet und von der Stiftung Lesen initiiert wird. <\/p>\n<h5>Klasse 5<\/h5>\n<p>In der 5. Klasse wird neben der Lekt\u00fcre, die im Unterricht gelesen wird, jeweils ein weiteres Jugendbuch, das Lieblingsbuch der Kinder, anhand eines vorgegebenen Arbeitsblatts den Mitsch\u00fclern vorgestellt. Die ausgef\u00fcllten und kreativ gestalteten <strong>\u201eBuchvorstellungen\u201c<\/strong> k\u00f6nnen im Klassenzimmer aufgeh\u00e4ngt und dann in einem Klassenordner, der allen zug\u00e4nglich ist, gesammelt werden. <\/p>\n<p>Die Sch\u00fcler\/innen k\u00f6nnen sich ab der 5. Jgst. kostenlos einen <strong>Ausweis<\/strong> ausstellen lassen, mit dem eine Ausleihe alle B\u00fccher des RWG-Bestands m\u00f6glich ist. S\u00e4mtliche B\u00fccherbest\u00e4nde k\u00f6nnen im Web-Katalog OPAC zudem schnell und unkompliziert eingesehen werden.<br \/>\nAu\u00dferdem besteht eine enge Kooperation mit der Stadtbibliothek des RW 21 (s.unten).<\/p>\n<p>Einen <strong>Besuch in der Bayreuther Stadtbibliothek<\/strong>, RW 21, mit F\u00fchrung (allgemein oder thematisch) durch die einzelnen Abteilungen unternehmen viele Deutschlehrer\/innen der 5. Klasse, so dass die Sch\u00fcler\/innen wissen, wo sie hingehen k\u00f6nnen, wenn sie B\u00fccher privat oder f\u00fcr die Schule ben\u00f6tigen<\/p>\n<p>Im Rahmen des j\u00e4hrlichen <strong>Welttags des Buches<\/strong> besuchen viele Deutschkolleg(inn)en mit ihren Klassen eine Buchhandlung in der n\u00e4heren Umgebung, um hier mehr \u00fcber das Thema B\u00fccher, Medien und mehr zu erfahren bzw. um gemeinschaftlich die Buchgutscheine des Buchhandels zur allj\u00e4hrlichen Aktion &#8218;Ich schenk&#8216; dir eine Geschichte&#8216; abzuholen.<\/p>\n<h5>Klasse 6<\/h5>\n<p>In der 6. Jahrgangsstufe findet im Dezember der bundesweite <strong>Vorlesewettbewerb<\/strong> statt, f\u00fcr den sich die Sch\u00fcler\/innen vorab in klasseninternen Entscheiden qualifizieren k\u00f6nnen: Aus ihnen wird ein(e) Schulsieger\/in gek\u00fcrt: Um zu gewinnen, darf man aus einem vorbereiteten Text lesen, aber man muss sich auch einem unbekannten Text stellen.<br \/>\nVon der Jury geachtet wird auf Richtigkeit, Fl\u00fcssigkeit und nat\u00fcrlich besonders auf einen m\u00f6glichst lebendigen Vortrag. Die Schulsiegerin\/der Schulsieger tritt dann im Stadtentscheid gegen Vertreter der anderen Bayreuther Gymnasien an. Die Sieger gehen dann in die n\u00e4chste Runde \u2013 bis hin zum Bundesentscheid.<br \/>\nDer Lehrplan dieser Jahrgangsstufe sieht vor, dass die Sch\u00fcler\/innen neben der Klassenlekt\u00fcre ein altersgem\u00e4\u00dfes <strong>Sachbuch<\/strong> lesen und es der Klasse in Einzel- oder Gruppenarbeit pr\u00e4sentieren.<\/p>\n<p>Am Ende des Schuljahres bietet sich bei entsprechendem Interesse die Gelegenheit, ein von den Deutschlehrer(inne)n gemeinschaftlich gestaltetes Projekt \u2013 auch im Rahmen des KOMPASS-Konzepts \u2013 zur Lesef\u00f6rderung  in Form eines <strong>Leseabends<\/strong> bzw. einer <strong>Lesenacht<\/strong> durchzuf\u00fchren. <\/p>\n<h5>Klasse 7<\/h5>\n<p>Wie in den vorherigen Jahrgangsstufen erfolgt die <strong>Lesef\u00f6rderung<\/strong> durch das Antolin-Projekt, Lesetageb\u00fccher und Klassenlekt\u00fcren. <\/p>\n<h5>Klasse 8<\/h5>\n<p><strong>Leselisten<\/strong> liefern Anregungen f\u00fcr private Lekt\u00fcren (s. Seitenende).<br \/>\nInteressant f\u00fcr die Lesef\u00f6rderung sind auch Jugendzeitschriften; einen Klassensatz unterschiedlicher Zeitschriften erhalten die Deutschlehrer\/innen bei Teilnahme an dem Projekt <strong>&#8218;Zeitschriften in die Schulen&#8216;<\/strong>, das von der Stiftung Lesen angeboten wird und an dem die 8. Klassen regelm\u00e4\u00dfig teilnehmen.<br \/>\nM\u00f6glich ist auch der Besuch einer Zeitung (z.B. des Nordbayerischen Kuriers).<\/p>\n<h5>Klasse 9<\/h5>\n<p><strong>Leselisten<\/strong> liefern Anregungen f\u00fcr private Lekt\u00fcren (s. Seitenende).<\/p>\n<h5>Klasse 10\/11\/12<\/h5>\n<p><strong>Gemeinsame Theaterbesuche<\/strong> zu namhaften St\u00fccken werden je nach aktuellem Spielplan regelm\u00e4\u00dfig f\u00fcr die Sch\u00fcler der Oberstufe angeboten. Als m\u00f6gliche Spielst\u00e4tten lassen sich u.a. die Studiob\u00fchne Bayreuth, das Zentrum oder aber das r\u00f6mische Theater in der Eremitage (Sommmer-Spielplan) nennen.<\/p>\n<p>Je nach Interessenlage und Lehrplaninhalten werden in regelm\u00e4\u00dfigen Abst\u00e4nden  Jugendbuchautoren f\u00fcr eine <strong>Lesung<\/strong> am RWG eingeladen; so konnten beispielsweise schon mehrfach lokale Autoren angefragt werden oder aber Kontakte zu Verlagen hergestellt werden.<\/p>\n<p>Als Vorbereitung auf die Besch\u00e4ftigung mit der Literatur der Klassik fahren alle Oberstufensch\u00fcler\/innen der <strong>Q11<\/strong> zu Beginn des Schuljahres (Termin: Oktober) nach <strong>Weimar<\/strong>; sie sind dort einen Tag lang auf den Spuren von Goethe und Schiller unterwegs.<br \/>\nAuch andere Ziele kommen in Frage, so wurde von einem Deutschkurs der Q12 in den letzten Jahren u.a. das Literaturhaus in M\u00fcnchen besucht, andere fuhren nach Bamberg, wo sie auf den Spuren von E.T.A. Hoffmann im Rahmen der Besch\u00e4ftigung mit der Romantik \u201ewandelten\u201c.<\/p>\n<h5>Jahrgangs\u00fcbergreifende Aktionen<\/h5>\n<p>F\u00fcr die Mittel- und Oberstufe wurde in der oberen Pausenhalle auf einem B\u00fccherregal eine \u201eTauschb\u00f6rse\u201c(Book-Crossing) eingerichtet. <strong>Die Mittel- und Oberstufensch\u00fcler\/innen<\/strong> finden in der eigens daf\u00fcr bereitgestellten Leseecke in der oberen Pausenhalle eine breite Auswahl an Tageszeitungen und Zeitschriften.<\/p>\n<p>Etabliert hat sich mittlerweile auch die Veranstaltung eines B\u00fccherflohmarkts f\u00fcr Belletristik im Rahmen des Schulfestes im Sommer; dieser wird von der Fachschaft Deutsch organisiert. <\/p>\n<h5>B\u00fccherrezensionen des P-Seminars Deutsch 2013\/15 f\u00fcr Jugendliche und junge Erwachsene<\/h5>\n<p>Das P-Seminar Deutsch hatte eine Reihe von Leseempfehlungen zusammengestellt, die nach Themengebieten geordnet sind.<\/p>\n<ul class=\"linkliste\">\n<li class=\"top\"><a title=\"Lekt\u00fcreempfehlungen\" href=\"https:\/\/www.rwg-bayreuth.de\/home\/?page_id=4701\">\u00dcbersicht der Literaturempfehlungen<\/a><\/li>\n<\/ul>\n<h5>Leselisten<\/h5>\n<ul class=\"linkliste\">\n<li class=\"top\"><a title=\"Lekt\u00fcreliste 5. Klassen\" href=\"https:\/\/www.rwg-bayreuth.de\/home\/?p=210\">Lekt\u00fcreliste 5. Klassen<\/a><\/li>\n<li><a title=\"Lekt\u00fcreliste 6. Klassen\" href=\"https:\/\/www.rwg-bayreuth.de\/home\/?p=213\">Lekt\u00fcreliste 6. Klassen<\/a><\/li>\n<li><a title=\"Lekt\u00fcreliste 7. Klassen\" href=\"https:\/\/www.rwg-bayreuth.de\/home\/?p=216\">Lekt\u00fcreliste 7. Klassen<\/a><\/li>\n<li><a title=\"Leseliste der Jugendb\u00fccherei Bayreuth\" href=\"https:\/\/www.rwg-bayreuth.de\/home\/?p=300\">Leseliste der Jugendb\u00fccherei Bayreuth f\u00fcr die Klassen 5 und 6<\/a><\/li>\n<li><a title=\"ZEIT-\u200b\u200bSch\u00fclerb\u00fccherei\" href=\"https:\/\/www.rwg-bayreuth.de\/home\/?p=305\">ZEIT-Sch\u00fclerbibliothek<\/a><\/li>\n<li><a title=\"ZEIT-\u200b\u200bBibliothek der 100 B\u00fccher\" href=\"https:\/\/www.rwg-bayreuth.de\/home\/?p=308\">ZEIT-Bibliothek der 100 B\u00fccher<\/a><\/li>\n<\/ul>\n","protected":false},"excerpt":{"rendered":"<p>Nichts geht ohne Lesen Ob Spielanleitung, Internetseite oder Tageszeitung \u2013 die wichtigen Informationen in unserer Gesellschaft sind schriftlich vermittelt. Deshalb muss uns die F\u00f6rderung der Lesef\u00e4higkeit ein wichtiges Anliegen sein. Dabei geht es nicht in erster Linie um das fl\u00fcssige Vorlesen vor anderen, sondern zu lernen, den Sinn von Texten zu verstehen und Zusammenh\u00e4nge zu&hellip;<\/p>\n","protected":false},"author":1,"featured_media":0,"parent":1360,"menu_order":3,"comment_status":"closed","ping_status":"closed","template":"page-templates\/no-sidebar.php","meta":{"footnotes":""},"tags":[],"_links":{"self":[{"href":"https:\/\/www.rwg-bayreuth.de\/home\/index.php?rest_route=\/wp\/v2\/pages\/89"}],"collection":[{"href":"https:\/\/www.rwg-bayreuth.de\/home\/index.php?rest_route=\/wp\/v2\/pages"}],"about":[{"href":"https:\/\/www.rwg-bayreuth.de\/home\/index.php?rest_route=\/wp\/v2\/types\/page"}],"author":[{"embeddable":true,"href":"https:\/\/www.rwg-bayreuth.de\/home\/index.php?rest_route=\/wp\/v2\/users\/1"}],"replies":[{"embeddable":true,"href":"https:\/\/www.rwg-bayreuth.de\/home\/index.php?rest_route=%2Fwp%2Fv2%2Fcomments&post=89"}],"version-history":[{"count":27,"href":"https:\/\/www.rwg-bayreuth.de\/home\/index.php?rest_route=\/wp\/v2\/pages\/89\/revisions"}],"predecessor-version":[{"id":31371,"href":"https:\/\/www.rwg-bayreuth.de\/home\/index.php?rest_route=\/wp\/v2\/pages\/89\/revisions\/31371"}],"up":[{"embeddable":true,"href":"https:\/\/www.rwg-bayreuth.de\/home\/index.php?rest_route=\/wp\/v2\/pages\/1360"}],"wp:attachment":[{"href":"https:\/\/www.rwg-bayreuth.de\/home\/index.php?rest_route=%2Fwp%2Fv2%2Fmedia&parent=89"}],"wp:term":[{"taxonomy":"post_tag","embeddable":true,"href":"https:\/\/www.rwg-bayreuth.de\/home\/index.php?rest_route=%2Fwp%2Fv2%2Ftags&post=89"}],"curies":[{"name":"wp","href":"https:\/\/api.w.org\/{rel}","templated":true}]}}