{"id":79,"date":"2012-01-17T20:09:56","date_gmt":"2012-01-17T19:09:56","guid":{"rendered":"http:\/\/www.rwg-bayreuth.de\/home\/?page_id=79"},"modified":"2025-07-07T19:07:36","modified_gmt":"2025-07-07T17:07:36","slug":"schulzweige","status":"publish","type":"page","link":"https:\/\/www.rwg-bayreuth.de\/home\/?page_id=79","title":{"rendered":"Ausbildungsrichtungen"},"content":{"rendered":"<p><img decoding=\"async\" src=\"https:\/\/www.rwg-bayreuth.de\/home\/wp-content\/uploads\/2017\/03\/RWG-Button.jpg\" alt=\"\" width=\"90%\" class=\"aligncenter size-full wp-image-14531\" srcset=\"https:\/\/www.rwg-bayreuth.de\/home\/wp-content\/uploads\/2017\/03\/RWG-Button.jpg 2200w, https:\/\/www.rwg-bayreuth.de\/home\/wp-content\/uploads\/2017\/03\/RWG-Button-150x47.jpg 150w, https:\/\/www.rwg-bayreuth.de\/home\/wp-content\/uploads\/2017\/03\/RWG-Button-450x141.jpg 450w, https:\/\/www.rwg-bayreuth.de\/home\/wp-content\/uploads\/2017\/03\/RWG-Button-768x240.jpg 768w, https:\/\/www.rwg-bayreuth.de\/home\/wp-content\/uploads\/2017\/03\/RWG-Button-1024x320.jpg 1024w, https:\/\/www.rwg-bayreuth.de\/home\/wp-content\/uploads\/2017\/03\/RWG-Button-250x78.jpg 250w, https:\/\/www.rwg-bayreuth.de\/home\/wp-content\/uploads\/2017\/03\/RWG-Button-600x188.jpg 600w\" sizes=\"(max-width: 2200px) 100vw, 2200px\" \/><\/p>\n<p>Unsere Schule f\u00fchrt zur <strong>allgemeinen Hochschulreife<\/strong>. Mit dem Bestehen der 10. Klasse ist ein mittlerer Schulabschluss erreicht.<\/p>\n<p>F\u00fcr alle Sch\u00fcler verpflichtend ist der Unterricht in zwei Fremdsprachen. Wir beginnen mit <strong><a href=\"https:\/\/www.rwg-bayreuth.de\/home\/?page_id=1535\">Englisch<\/a> als 1. Fremdsprache<\/strong>. In Jahrgangsstufe 6 besteht die <strong>Wahl zwischen <a href=\"https:\/\/www.rwg-bayreuth.de\/home\/?page_id=1598\">Franz\u00f6sisch<\/a> und <a href=\"https:\/\/www.rwg-bayreuth.de\/home\/?page_id=1931\">Latein<\/a><\/strong>.<\/p>\n<p>F\u00fcr alle Sch\u00fcler gleich ist der Unterricht in <a href=\"https:\/\/www.rwg-bayreuth.de\/home\/?page_id=1535\">Englisch<\/a>, <a href=\"https:\/\/www.rwg-bayreuth.de\/home\/?page_id=1360\">Deutsch<\/a>, <a href=\"https:\/\/www.rwg-bayreuth.de\/home\/?page_id=1477\">Mathematik<\/a>, <a href=\"https:\/\/www.rwg-bayreuth.de\/home\/?page_id=2773\">Physik<\/a>, <a href=\"https:\/\/www.rwg-bayreuth.de\/home\/?page_id=2656\">Chemie<\/a>, <a href=\"https:\/\/www.rwg-bayreuth.de\/home\/?page_id=2670\">Biologie<\/a>, <a href=\"https:\/\/www.rwg-bayreuth.de\/home\/?page_id=2677\">Natur und Technik<\/a>, <a href=\"https:\/\/www.rwg-bayreuth.de\/home\/?page_id=2573\">Geschichte<\/a>, <a href=\"https:\/\/www.rwg-bayreuth.de\/home\/?page_id=2538\">Geographie<\/a>, <a href=\"https:\/\/www.rwg-bayreuth.de\/home\/?page_id=2197\">Kunst<\/a>, <a href=\"https:\/\/www.rwg-bayreuth.de\/home\/?page_id=1937\">Musik<\/a>, <a href=\"https:\/\/www.rwg-bayreuth.de\/home\/?page_id=1629\">Sport<\/a> und Religion (<a href=\"https:\/\/www.rwg-bayreuth.de\/home\/?page_id=1682\">ev.<\/a>\/<a href=\"https:\/\/www.rwg-bayreuth.de\/home\/?page_id=1783\">kath.<\/a>)\/<a href=\"https:\/\/www.rwg-bayreuth.de\/home\/?page_id=1867\">Ethik<\/a>.<\/p>\n<h3>Zur individuellen Profilbildung gibt es von der Klasse 8 bis 11 drei Schulzweige:<\/h3>\n<ul>\n<li>Der <strong>sprachliche Zweig (SG)<\/strong> bietet als 3. Fremdsprache die Wahl zwischen <a href=\"https:\/\/www.rwg-bayreuth.de\/home\/?page_id=1590\">Italienisch<\/a> und <a href=\"https:\/\/www.rwg-bayreuth.de\/home\/?page_id=1773\">Spanisch<\/a> unabh\u00e4nig von der Wahl der ersten Fremdsprache. Es k\u00f6nnen somit Latein und zwei moderne Fremdsprachen, aber auch drei moderne Fremdsprachen ohne Latein erlernt werden.<\/li>\n<li>Der <strong>sozialwissenschaftliche Zweig (SWG)<\/strong> bildet einen Schwerpunkt bei den F\u00e4chern <a href=\"https:\/\/www.rwg-bayreuth.de\/home\/?page_id=2555\">Politik und Gesellschaft<\/a> und <a href=\"https:\/\/www.rwg-bayreuth.de\/home\/?page_id=2561\">Sozialpraktische Grundbildung<\/a> (einem praxis- und projektorientierten Fach).<\/li>\n<li>Der <strong>wirtschaftswissenschaftliche Zweig (WWG)<\/strong> bildet einen Schwerpunkt bei den F\u00e4chern <a href=\"https:\/\/www.rwg-bayreuth.de\/home\/?page_id=1720\">Wirtschaft und Recht<\/a> sowie <a href=\"https:\/\/www.rwg-bayreuth.de\/home\/?page_id=1720\">Wirtschaftsinformatik<\/a>.<\/li>\n<\/ul>\n<p><a href=\"https:\/\/www.rwg-bayreuth.de\/home\/wp-content\/uploads\/2020\/02\/RWG-Wahlm\u00f6glichkeiten.png\"><img loading=\"lazy\" decoding=\"async\" src=\"https:\/\/www.rwg-bayreuth.de\/home\/wp-content\/uploads\/2020\/02\/RWG-Wahlm\u00f6glichkeiten-450x253.png\" alt=\"\" width=\"450\" height=\"253\" class=\"aligncenter size-medium wp-image-24105\" srcset=\"https:\/\/www.rwg-bayreuth.de\/home\/wp-content\/uploads\/2020\/02\/RWG-Wahlm\u00f6glichkeiten-450x253.png 450w, https:\/\/www.rwg-bayreuth.de\/home\/wp-content\/uploads\/2020\/02\/RWG-Wahlm\u00f6glichkeiten-1024x576.png 1024w, https:\/\/www.rwg-bayreuth.de\/home\/wp-content\/uploads\/2020\/02\/RWG-Wahlm\u00f6glichkeiten-768x432.png 768w, https:\/\/www.rwg-bayreuth.de\/home\/wp-content\/uploads\/2020\/02\/RWG-Wahlm\u00f6glichkeiten-1536x865.png 1536w, https:\/\/www.rwg-bayreuth.de\/home\/wp-content\/uploads\/2020\/02\/RWG-Wahlm\u00f6glichkeiten-2048x1153.png 2048w, https:\/\/www.rwg-bayreuth.de\/home\/wp-content\/uploads\/2020\/02\/RWG-Wahlm\u00f6glichkeiten-250x141.png 250w, https:\/\/www.rwg-bayreuth.de\/home\/wp-content\/uploads\/2020\/02\/RWG-Wahlm\u00f6glichkeiten-1260x709.png 1260w, https:\/\/www.rwg-bayreuth.de\/home\/wp-content\/uploads\/2020\/02\/RWG-Wahlm\u00f6glichkeiten-800x450.png 800w, https:\/\/www.rwg-bayreuth.de\/home\/wp-content\/uploads\/2020\/02\/RWG-Wahlm\u00f6glichkeiten-600x338.png 600w\" sizes=\"(max-width: 450px) 100vw, 450px\" \/><\/a><br \/>\n<!--Das Richard-Wagner-Gymnasium bietet Spanisch als sp\u00e4t beginnende Fremdsprache ab Jahrgangsstufe%nbsp;10 an.\nAlle Sch\u00fcler haben die M\u00f6glichkeit, die 2.&nbsp;Fremdsprache (Latein oder Franz\u00f6sisch) ab der 10.&nbsp;Jahrgangsstufe durch Spanisch zu ersetzen. Das Kernfach Spanisch wird dann in der 10.&nbsp;Klasse vierst\u00fcndig unterrichtet und muss auch in der 11. und 12. Jahrgangsstufe fortgef\u00fchrt werden.--><br \/>\nIn der <a href=\"https:\/\/www.rwg-bayreuth.de\/home\/?page_id=99\">Oberstufe<\/a> gibt es neben den vorgeschriebenen F\u00e4chern ein breites Angebot an Wahlpflichtf\u00e4chern, Wahlf\u00e4chern und Seminaren.<\/p>\n<p>Alle unsere Zweige bieten eine ausgezeichnete Vorbereitung auf die Oberstufe, auf die universit\u00e4ren Studieng\u00e4nge und die Anforderungen des Berufslebens in einer globalisierten Welt.<\/p>\n<ul class=\"linkliste\" style=\"margin-bottom: 40px;\">\n<li class=\"top\"><a href=\"https:\/\/www.rwg-bayreuth.de\/home\/?page_id=22826\">Stundentafel Sprachliches Gymnasium (SG)<\/a><\/li>\n<li><a href=\"https:\/\/www.rwg-bayreuth.de\/home\/?page_id=22826#wwg\">Stundentafel Wirtschaftswissenschaftliches Gymnasium (WWG)<\/a><\/li>\n<li><a href=\"https:\/\/www.rwg-bayreuth.de\/home\/?page_id=22826#swg\">Stundentafel Sozialwissenschaftliches Gymnasium (SWG)<\/a><\/li>\n<li><a href=\"https:\/\/www.rwg-bayreuth.de\/home\/wp-content\/uploads\/2019\/02\/RWG-Flyer-aktuell.pdf\" rel=\"\">RWG-Flyer<\/a><\/li>\n<\/ul>\n","protected":false},"excerpt":{"rendered":"<p>Unsere Schule f\u00fchrt zur allgemeinen Hochschulreife. Mit dem Bestehen der 10. Klasse ist ein mittlerer Schulabschluss erreicht. F\u00fcr alle Sch\u00fcler verpflichtend ist der Unterricht in zwei Fremdsprachen. Wir beginnen mit Englisch als 1. Fremdsprache. In Jahrgangsstufe 6 besteht die Wahl zwischen Franz\u00f6sisch und Latein. F\u00fcr alle Sch\u00fcler gleich ist der Unterricht in Englisch, Deutsch, Mathematik,&hellip;<\/p>\n","protected":false},"author":1,"featured_media":0,"parent":11132,"menu_order":30,"comment_status":"closed","ping_status":"closed","template":"page-templates\/no-sidebar.php","meta":{"footnotes":""},"tags":[],"_links":{"self":[{"href":"https:\/\/www.rwg-bayreuth.de\/home\/index.php?rest_route=\/wp\/v2\/pages\/79"}],"collection":[{"href":"https:\/\/www.rwg-bayreuth.de\/home\/index.php?rest_route=\/wp\/v2\/pages"}],"about":[{"href":"https:\/\/www.rwg-bayreuth.de\/home\/index.php?rest_route=\/wp\/v2\/types\/page"}],"author":[{"embeddable":true,"href":"https:\/\/www.rwg-bayreuth.de\/home\/index.php?rest_route=\/wp\/v2\/users\/1"}],"replies":[{"embeddable":true,"href":"https:\/\/www.rwg-bayreuth.de\/home\/index.php?rest_route=%2Fwp%2Fv2%2Fcomments&post=79"}],"version-history":[{"count":73,"href":"https:\/\/www.rwg-bayreuth.de\/home\/index.php?rest_route=\/wp\/v2\/pages\/79\/revisions"}],"predecessor-version":[{"id":39121,"href":"https:\/\/www.rwg-bayreuth.de\/home\/index.php?rest_route=\/wp\/v2\/pages\/79\/revisions\/39121"}],"up":[{"embeddable":true,"href":"https:\/\/www.rwg-bayreuth.de\/home\/index.php?rest_route=\/wp\/v2\/pages\/11132"}],"wp:attachment":[{"href":"https:\/\/www.rwg-bayreuth.de\/home\/index.php?rest_route=%2Fwp%2Fv2%2Fmedia&parent=79"}],"wp:term":[{"taxonomy":"post_tag","embeddable":true,"href":"https:\/\/www.rwg-bayreuth.de\/home\/index.php?rest_route=%2Fwp%2Fv2%2Ftags&post=79"}],"curies":[{"name":"wp","href":"https:\/\/api.w.org\/{rel}","templated":true}]}}