{"id":7,"date":"2012-01-09T22:08:55","date_gmt":"2012-01-09T21:08:55","guid":{"rendered":"http:\/\/www.rwg-bayreuth.de\/home\/?page_id=7"},"modified":"2023-09-28T19:59:29","modified_gmt":"2023-09-28T17:59:29","slug":"schule","status":"publish","type":"page","link":"https:\/\/www.rwg-bayreuth.de\/home\/?page_id=7","title":{"rendered":"Informationen"},"content":{"rendered":"<p><!--Hier finden Sie Informationen, Hilfen und Formulare f\u00fcr den Schulalltag. Au\u00dferdem k\u00f6nnen Sie sich hier informieren, wenn es um Fragen der Schullaufbahnberatung und Hilfen bei Krisen geht.--><\/p>\n<ul class=\"su-subpages linkliste\"><li class=\"page_item page-item-14021\"><a href=\"https:\/\/www.rwg-bayreuth.de\/home\/?page_id=14021\">Kontakt<\/a><\/li>\n<li class=\"page_item page-item-11156 page_item_has_children\"><a href=\"https:\/\/www.rwg-bayreuth.de\/home\/?page_id=11156\">Beratung und Hilfe<\/a>\n<ul class='children'>\n\t<li class=\"page_item page-item-107\"><a href=\"https:\/\/www.rwg-bayreuth.de\/home\/?page_id=107\">Schulpsychologischer Dienst<\/a><\/li>\n\t<li class=\"page_item page-item-109\"><a href=\"https:\/\/www.rwg-bayreuth.de\/home\/?page_id=109\">Hilfe in Krisen<\/a><\/li>\n\t<li class=\"page_item page-item-33725\"><a href=\"https:\/\/www.rwg-bayreuth.de\/home\/?page_id=33725\">Informationen zur Sprachen- und Zweigwahl<\/a><\/li>\n\t<li class=\"page_item page-item-29545\"><a href=\"https:\/\/www.rwg-bayreuth.de\/home\/?page_id=29545\">Feedbackgespr\u00e4che<\/a><\/li>\n\t<li class=\"page_item page-item-105\"><a href=\"https:\/\/www.rwg-bayreuth.de\/home\/?page_id=105\">Schulberatung<\/a><\/li>\n\t<li class=\"page_item page-item-3098\"><a href=\"https:\/\/www.rwg-bayreuth.de\/home\/?page_id=3098\">Berufsorientierung<\/a><\/li>\n\t<li class=\"page_item page-item-135\"><a href=\"https:\/\/www.rwg-bayreuth.de\/home\/?page_id=135\">Streitschlichter<\/a><\/li>\n<\/ul>\n<\/li>\n<li class=\"page_item page-item-434\"><a href=\"https:\/\/www.rwg-bayreuth.de\/home\/?page_id=434\">Das RWG in K\u00fcrze<\/a><\/li>\n<li class=\"page_item page-item-24848 page_item_has_children\"><a href=\"https:\/\/www.rwg-bayreuth.de\/home\/?page_id=24848\">Neu ans RWG<\/a>\n<ul class='children'>\n\t<li class=\"page_item page-item-40624\"><a href=\"https:\/\/www.rwg-bayreuth.de\/home\/?page_id=40624\">Wer wir sind<\/a><\/li>\n\t<li class=\"page_item page-item-40580\"><a href=\"https:\/\/www.rwg-bayreuth.de\/home\/?page_id=40580\">Digitale Infos f\u00fcr Viertkl\u00e4sslerinnen und Viertkl\u00e4ssler<\/a><\/li>\n\t<li class=\"page_item page-item-29525\"><a href=\"https:\/\/www.rwg-bayreuth.de\/home\/?page_id=29525\">Aktions- und Entdeckertag<\/a><\/li>\n\t<li class=\"page_item page-item-18424 page_item_has_children\"><a href=\"https:\/\/www.rwg-bayreuth.de\/home\/?page_id=18424\">\u00dcbertritt<\/a><\/li>\n<\/ul>\n<\/li>\n<li class=\"page_item page-item-103\"><a href=\"https:\/\/www.rwg-bayreuth.de\/home\/?page_id=103\">Sprechstunden<\/a><\/li>\n<li class=\"page_item page-item-18\"><a href=\"https:\/\/www.rwg-bayreuth.de\/home\/?page_id=18\">Links<\/a><\/li>\n<li class=\"page_item page-item-113\"><a href=\"https:\/\/www.rwg-bayreuth.de\/home\/?page_id=113\">Formulare<\/a><\/li>\n<li class=\"page_item page-item-121\"><a href=\"https:\/\/www.rwg-bayreuth.de\/home\/?page_id=121\">Schlie\u00dff\u00e4cher<\/a><\/li>\n<li class=\"page_item page-item-119\"><a href=\"https:\/\/www.rwg-bayreuth.de\/home\/?page_id=119\">Mensa<\/a><\/li>\n<li class=\"page_item page-item-26835 page_item_has_children\"><a href=\"https:\/\/www.rwg-bayreuth.de\/home\/?page_id=26835\">Hausordnung<\/a>\n<ul class='children'>\n\t<li class=\"page_item page-item-115\"><a href=\"https:\/\/www.rwg-bayreuth.de\/home\/?page_id=115\">Absenzenregelung \/ Schulunf\u00e4lle<\/a><\/li>\n<\/ul>\n<\/li>\n<li class=\"page_item page-item-3915\"><a href=\"https:\/\/www.rwg-bayreuth.de\/home\/?page_id=3915\">Berichte aus dem Schulleben<\/a><\/li>\n<\/ul>\n<p><!--\n\n<ul class=\"linkliste\">\n\t\n\n<li class=\"top\"><a href=\"https:\/\/www.rwg-bayreuth.de\/home\/?page_id=14021\">Kontakt<\/a><\/li>\n\n\n        \n\n<li><a href=\"https:\/\/www.rwg-bayreuth.de\/home\/?page_id=18424\">\u00dcbertritt ans RWG<\/a>\n\n<li>\n\t\n\n<li><a href=\"https:\/\/www.rwg-bayreuth.de\/home\/?page_id=434\">Das RWG in K\u00fcrze<\/a><\/li>\n\n\n        \n\n<li><a href=\"https:\/\/www.rwg-bayreuth.de\/home\/?page_id=115\">Absenzenregelung<\/a><\/li>\n\n\n\t\n\n<li><a href=\"https:\/\/www.rwg-bayreuth.de\/home\/?page_id=113\">Formulare<\/a><\/li>\n\n\n\t\n\n<li><a href=\"https:\/\/www.rwg-bayreuth.de\/home\/?page_id=103\">Sprechstunden<\/a><\/li>\n\n\n\t\n\n<li><a href=\"https:\/\/www.rwg-bayreuth.de\/home\/?page_id=6988\">Eltern-Expertenpool<\/a><\/li>\n\n\n\t\n\n<li><a href=\"https:\/\/www.rwg-bayreuth.de\/home\/?page_id=119\">Mensa<\/a><\/li>\n\n\n\t\n\n<li><a href=\"https:\/\/www.rwg-bayreuth.de\/home\/?page_id=121\">Schlie\u00dff\u00e4cher<\/a><\/li>\n\n\n\t\n\n<li><a href=\"https:\/\/www.rwg-bayreuth.de\/home\/?page_id=18\">W W W<\/a><\/li>\n\n\n\t\n\n<li><a href=\"https:\/\/www.rwg-bayreuth.de\/home\/?page_id=3915\">Archiv<\/a><\/li>\n\n\n\t\n\n<li><a href=\"https:\/\/www.rwg-bayreuth.de\/home\/?page_id=160\">Impressum und Datenschutzerkl\u00e4rung<\/a><\/li>\n\n\n<\/ul>\n\n\n--><\/p>\n","protected":false},"excerpt":{"rendered":"","protected":false},"author":1,"featured_media":0,"parent":0,"menu_order":6,"comment_status":"closed","ping_status":"closed","template":"page-templates\/no-sidebar.php","meta":{"footnotes":""},"tags":[],"_links":{"self":[{"href":"https:\/\/www.rwg-bayreuth.de\/home\/index.php?rest_route=\/wp\/v2\/pages\/7"}],"collection":[{"href":"https:\/\/www.rwg-bayreuth.de\/home\/index.php?rest_route=\/wp\/v2\/pages"}],"about":[{"href":"https:\/\/www.rwg-bayreuth.de\/home\/index.php?rest_route=\/wp\/v2\/types\/page"}],"author":[{"embeddable":true,"href":"https:\/\/www.rwg-bayreuth.de\/home\/index.php?rest_route=\/wp\/v2\/users\/1"}],"replies":[{"embeddable":true,"href":"https:\/\/www.rwg-bayreuth.de\/home\/index.php?rest_route=%2Fwp%2Fv2%2Fcomments&post=7"}],"version-history":[{"count":41,"href":"https:\/\/www.rwg-bayreuth.de\/home\/index.php?rest_route=\/wp\/v2\/pages\/7\/revisions"}],"predecessor-version":[{"id":11689,"href":"https:\/\/www.rwg-bayreuth.de\/home\/index.php?rest_route=\/wp\/v2\/pages\/7\/revisions\/11689"}],"wp:attachment":[{"href":"https:\/\/www.rwg-bayreuth.de\/home\/index.php?rest_route=%2Fwp%2Fv2%2Fmedia&parent=7"}],"wp:term":[{"taxonomy":"post_tag","embeddable":true,"href":"https:\/\/www.rwg-bayreuth.de\/home\/index.php?rest_route=%2Fwp%2Fv2%2Ftags&post=7"}],"curies":[{"name":"wp","href":"https:\/\/api.w.org\/{rel}","templated":true}]}}