{"id":6909,"date":"2015-05-19T19:53:30","date_gmt":"2015-05-19T17:53:30","guid":{"rendered":"http:\/\/www.rwg-bayreuth.de\/home\/?page_id=6909"},"modified":"2025-06-17T11:35:58","modified_gmt":"2025-06-17T09:35:58","slug":"informatik","status":"publish","type":"page","link":"https:\/\/www.rwg-bayreuth.de\/home\/?page_id=6909","title":{"rendered":"Informatik"},"content":{"rendered":"<p><img decoding=\"async\" class=\"alignnone size-full wp-image-13057\" src=\"https:\/\/www.rwg-bayreuth.de\/home\/wp-content\/uploads\/2017\/01\/Info1-l.jpg\" alt=\"\" width=\"100%\" srcset=\"https:\/\/www.rwg-bayreuth.de\/home\/wp-content\/uploads\/2017\/01\/Info1-l.jpg 1278w, https:\/\/www.rwg-bayreuth.de\/home\/wp-content\/uploads\/2017\/01\/Info1-l-150x50.jpg 150w, https:\/\/www.rwg-bayreuth.de\/home\/wp-content\/uploads\/2017\/01\/Info1-l-450x150.jpg 450w, https:\/\/www.rwg-bayreuth.de\/home\/wp-content\/uploads\/2017\/01\/Info1-l-768x256.jpg 768w, https:\/\/www.rwg-bayreuth.de\/home\/wp-content\/uploads\/2017\/01\/Info1-l-1024x341.jpg 1024w, https:\/\/www.rwg-bayreuth.de\/home\/wp-content\/uploads\/2017\/01\/Info1-l-250x83.jpg 250w, https:\/\/www.rwg-bayreuth.de\/home\/wp-content\/uploads\/2017\/01\/Info1-l-600x200.jpg 600w\" sizes=\"(max-width: 1278px) 100vw, 1278px\" \/><\/p>\n<p><!--<a href=\"https:\/\/www.rwg-bayreuth.de\/home\/wp-content\/uploads\/2015\/05\/Informatik_web.jpg\"><img loading=\"lazy\" decoding=\"async\" class=\"alignright size-full wp-image-6911\" src=\"https:\/\/www.rwg-bayreuth.de\/home\/wp-content\/uploads\/2015\/05\/Informatik_web.jpg\" alt=\"Informatik_web\" width=\"350\" height=\"284\" srcset=\"https:\/\/www.rwg-bayreuth.de\/home\/wp-content\/uploads\/2015\/05\/Informatik_web.jpg 350w, https:\/\/www.rwg-bayreuth.de\/home\/wp-content\/uploads\/2015\/05\/Informatik_web-150x122.jpg 150w, https:\/\/www.rwg-bayreuth.de\/home\/wp-content\/uploads\/2015\/05\/Informatik_web-300x243.jpg 300w, https:\/\/www.rwg-bayreuth.de\/home\/wp-content\/uploads\/2015\/05\/Informatik_web-250x203.jpg 250w\" sizes=\"(max-width: 350px) 100vw, 350px\" \/><\/a>-->Ohne den Computer und das Internet geht heute nicht mehr viel. Deshalb ist es wichtig, den Sch\u00fclern das entsprechende R\u00fcstzeug mitzugeben: Zur entsprechenden Medienkompetenz geh\u00f6rt aber mehr als nur der Umgang mit Maus und Tastatur: Die Sch\u00fcler sollen auch lernen, wie ein Computer &#8222;denkt&#8220; und wie Programme strukturiert sind, um sie anwenden zu k\u00f6nnen. Und er muss auch lernen, die Grenzen und Probleme der neuen Medien zu erkennen. Dazu leistet das Fach Informatik in den verschiedenen Jahrgangsstufen wichtige Beitr\u00e4ge:<br \/>\n<!--\n\n<h4>5. Jahrgangsstufe: Tastschreiben<\/h4>\n\n\nDie Sch\u00fcler lernen als Grundlage f\u00fcr den weiteren Informatikunterricht das 10-Finger-Tastenschreiben in einem mehrmonatigen Kurs. <a href=\"https:\/\/www.rwg-bayreuth.de\/home\/?page_id=14858\">[mehr...]<\/a>--><\/p>\n<h2>Unterstufe<\/h2>\n<h4>6. Jahrgangsstufe: Informatik (im Rahmen von NuT)<\/h4>\n<p>Im Schwerpunkt Informatik des Faches NuT werden Grundlagen der Informationsdarstellung erlernt. Dazu soll nun der Umgang mit Grafik\u2010, Textverarbeitungs\u2010 und Pr\u00e4sentationssoftware einge\u00fcbt werden. Dies erfolgt unter dem Aspekt der objektorientierten Sichtweise: Die Sch\u00fcler bekommen einen Einblick in produkt\u2010 und zeitunabh\u00e4ngige Konzepte, die sie auf unterschiedliche Softwaresysteme anwenden und \u00fcbertragen k\u00f6nnen. Dies stellt einen wichtigen Grundstein f\u00fcr die sp\u00e4teren Schuljahre, ja sogar f\u00fcr Studium und Beruf dar.<\/p>\n<h4>7. Jahrgangsstufe: Informatik (im Rahmen von NuT)<\/h4>\n<p>Im Schwerpunkt Informatik des Faches NuT besch\u00e4ftigt man sich mit vernetzten Informationsstrukturen (Internet: Grundlagen, Informationssuche im Internet, Erstellen von Internetseiten, Gefahren des Internets). In Zusammenarbeit mit Stadtjugendamt bzw. Polizei konnte bisher immer eine Informationsveranstaltung zu Gefahren im Internet angeboten werden.<\/p>\n<p>Des Weiteren wird auf den Austausch von Informationen via E-Mail eingegangen. In einem dritten Kapitel besch\u00e4ftigt man sich mit dem Beschreiben von Abl\u00e4ufen durch Algorithmen. Mit Hilfe der einfachen und sch\u00fclergerechten Programmierumgebung Robot Karol werden Grundlagen f\u00fcr das sp\u00e4tere Erlernen einer Programmiersprache geschaffen.<\/p>\n<p>W\u00e4hrend des Schuljahres wird ein gemeinsames Projekt zwischen Physik und Informatik durchgef\u00fchrt, indem Hypertexte(Internetseiten) zu einem Thema des Schwerpunkts Physik (z. B. \u201eOptische Ger\u00e4te\u201c) erstellt werden.<\/p>\n<h2>Mittelstufe<\/h2>\n<p>Das Richard-Wagner-Gymnasium bietet ab der 8. Jahrgangsstufe auch die M\u00f6glichkeit der wirtschaftswissenschaftlichen Ausbildungsrichtung, die neben dem Fach \u201eWirtschaft und Recht\u201c zus\u00e4tzlich \u201eWirtschaftsinformatik\u201c beinhaltet. Die Wirtschaftsinformatik steht als Teil der angewandten Informatik an der Schnittstelle von Betriebswirtschaftslehre und Informatik. Ziel der Wirtschaftsinformatik ist das Optimieren von Gesch\u00e4ftsprozessen. Den Sch\u00fclern werden exemplarisch und anwendungsbezogen Grundlagen vermittelt, die sie f\u00fcr die zielgerichtete und verantwortungsvolle Nutzung und Mitgestaltung von Informations\u2010 und Kommunikationssystemen im Zusammenhang mit \u00f6konomischen sowie studien\u2010 und berufsbezogenen Aufgabenstellungen ben\u00f6tigen.<\/p>\n<h4>8. Jahrgangsstuf (WIn)<\/h4>\n<p>Mit einer modellhaften \u00dcbersicht \u00fcber wesentliche Informationsfl\u00fcsse eines Unternehmens wird eine Basis f\u00fcr die weitere Arbeit gelegt. Am Beispiel der Kommunikation des privaten Haushalts mit dem Unternehmen (z. B. Bestellungen) lernen die Sch\u00fcler grundlegende Techniken der Informationsbeschaffung und der Darstellung von Information kennen.<\/p>\n<p>Anschlie\u00dfend wird am Beispiel der Au\u00dfendarstellung des Unternehmens an komplexere Aufgaben der Strukturierung und Pr\u00e4sentation von Information herangef\u00fchrt (z. B. Gestaltung von Informationsseiten mit Textverarbeitungs\u2010 oder geeigneten graphischen Pr\u00e4sentationsprogrammen). Mit den Grundlagen der Finanzbuchhaltung lernen die Sch\u00fcler schlie\u00dflich ein System f\u00fcr das Erfassen, Ordnen und Auswerten von Daten sowie die Modellierung zentraler Gesch\u00e4ftsprozesse kennen.<\/p>\n<h4>9. Jahrgangsstufe (WIn)<\/h4>\n<p>Der Schwerpunkt liegt jetzt auf den Informationsfl\u00fcssen innerhalb des Unternehmens, und zwar im Rahmen von Beschaffungs\u2010 und Absatzvorg\u00e4ngen, im Personalbereich und im Anlagenbereich. Eine herausragende Rolle spielt in diesem Zusammenhang der Umgang mit Datenbanken. Da viele Problemstellungen im Unternehmen die Modellierung von Prozessen erfordern, lernen die Sch\u00fcler, Abl\u00e4ufe mit Algorithmen zu beschreiben (z. B. bei der Darstellung der Wertminderung von Anlageg\u00fctern). Die Grundlagen des Rechnungswesens werden in diesem Zusammenhang vertieft.<\/p>\n<h4>10. Jahrgangsstufe (WIn)<\/h4>\n<p>Zun\u00e4chst stehen Informationsfl\u00fcsse innerhalb des Unternehmens im Vordergrund. Die Sch\u00fcler setzen sich mit wichtigen innerbetrieblichen Informationssystemen wie dem Jahresabschluss und der Kosten\u2010 und Leistungsrechnung auseinander. Unter den Aspekten der Datensicherheit und der rechtlichen Grenzen bei der Informationsverarbeitung weitet sich der Blickwinkel wieder und schlie\u00dft die Au\u00dfenbeziehungen des Unternehmens mit ein.<\/p>\n<h1 class=\"clear\">Wettbewerbe<\/h1>\n<ul class=\"linkliste\">\n<li><a href=\"https:\/\/www.rwg-bayreuth.de\/home\/?page_id=38934\">Informatik-Biber<\/a><\/li>\n<\/ul>\n<h1 class=\"clear\">Aktuelles<\/h1>\n<div style=\"max-width: 1000px\">\n<div class=\"rwg_post_list\"><article id=\"post-38935\"class=\"cf post-38935 post type-post status-publish format-standard has-post-thumbnail hentry category-allgemein tag-home tag-infobiber tag-informatik tag-mint tag-wettbewerb\">\n \t\t<div class=\"entry-thumbnail fadein\"> \t\t\t<a href=\"https:\/\/www.rwg-bayreuth.de\/home\/?p=38935\"><img loading=\"lazy\" decoding=\"async\" width=\"2560\" height=\"1708\" src=\"https:\/\/www.rwg-bayreuth.de\/home\/wp-content\/uploads\/2025\/05\/24-25-InfoBiber-scaled.jpg\" class=\"attachment-post-thumbnail size-post-thumbnail wp-post-image\" alt=\"\" srcset=\"https:\/\/www.rwg-bayreuth.de\/home\/wp-content\/uploads\/2025\/05\/24-25-InfoBiber-scaled.jpg 2560w, https:\/\/www.rwg-bayreuth.de\/home\/wp-content\/uploads\/2025\/05\/24-25-InfoBiber-1536x1025.jpg 1536w, https:\/\/www.rwg-bayreuth.de\/home\/wp-content\/uploads\/2025\/05\/24-25-InfoBiber-2048x1366.jpg 2048w, https:\/\/www.rwg-bayreuth.de\/home\/wp-content\/uploads\/2025\/05\/24-25-InfoBiber-150x100.jpg 150w, https:\/\/www.rwg-bayreuth.de\/home\/wp-content\/uploads\/2025\/05\/24-25-InfoBiber-450x300.jpg 450w, https:\/\/www.rwg-bayreuth.de\/home\/wp-content\/uploads\/2025\/05\/24-25-InfoBiber-768x512.jpg 768w, https:\/\/www.rwg-bayreuth.de\/home\/wp-content\/uploads\/2025\/05\/24-25-InfoBiber-1024x683.jpg 1024w, https:\/\/www.rwg-bayreuth.de\/home\/wp-content\/uploads\/2025\/05\/24-25-InfoBiber-250x167.jpg 250w, https:\/\/www.rwg-bayreuth.de\/home\/wp-content\/uploads\/2025\/05\/24-25-InfoBiber-900x600.jpg 900w\" sizes=\"(max-width: 2560px) 100vw, 2560px\" \/><\/a> \t\t<\/div><!-- end .entry-thumbnail -->\n<div class=\"meta-main-wrap\">\n  <div class=\"\">\n    <header class=\"entry-header\">\n      <div class=\"entry-cats\">\n        <div class=\"kategorie\"><a href=\"https:\/\/www.rwg-bayreuth.de\/home\/?cat=1\" rel=\"category\">Schulleben<\/a><\/div>\n<div class=\"entry-edit\" >      <div class=\"entry-date\" >\n        <a href=\"https:\/\/www.rwg-bayreuth.de\/home\/?p=38935\">22. Januar 2025<\/a>\n      <\/div><\/div><!-- end .entry-date -->\n      <\/div><!-- end .entry-cats -->\n<h2 class=\"entry-title\"><a href=\"https:\/\/www.rwg-bayreuth.de\/home\/?p=38935\" rel=\"bookmark\">Teilnahme am Informatik-Biber 2024<\/a><\/h2>\n    <\/header><!-- end .entry-header -->\n    <div class=\"entry-summary\">\nBeim letzten Informatik-Biber-Wettbewerb haben 247 Sch\u00fclerinnen und Sch\u00fcler unserer Schule teilgenommen. Der Wettbewerb richtet sich an Kinder und Jugendliche und f\u00f6rdert auf spielerische Weise das logische Denken und probleml\u00f6sende Arbeiten im Bereich der Informatik. Vorkenntnisse sind nicht erforderlich, im Mittelpunkt stehen das L\u00f6sen von Aufgaben und das Verst\u00e4ndnis grundlegender informatischer Konzepte. Einige Teilnehmende konnten besonders&hellip;\n  <\/div><!-- .entry-summary -->\n  <\/div><!-- .entry-main -->\n<\/div><!-- .meta-main-wrap -->\n<\/article><!-- end post -38935 -->\n<article id=\"post-36875\"class=\"cf post-36875 post type-post status-publish format-standard has-post-thumbnail hentry category-allgemein tag-home tag-informatik\">\n \t\t<div class=\"entry-thumbnail fadein\"> \t\t\t<a href=\"https:\/\/www.rwg-bayreuth.de\/home\/?p=36875\"><img loading=\"lazy\" decoding=\"async\" width=\"1024\" height=\"683\" src=\"https:\/\/www.rwg-bayreuth.de\/home\/wp-content\/uploads\/2024\/07\/23-24-Informatik-KI-B.jpg\" class=\"attachment-post-thumbnail size-post-thumbnail wp-post-image\" alt=\"\" srcset=\"https:\/\/www.rwg-bayreuth.de\/home\/wp-content\/uploads\/2024\/07\/23-24-Informatik-KI-B.jpg 1024w, https:\/\/www.rwg-bayreuth.de\/home\/wp-content\/uploads\/2024\/07\/23-24-Informatik-KI-B-150x100.jpg 150w, https:\/\/www.rwg-bayreuth.de\/home\/wp-content\/uploads\/2024\/07\/23-24-Informatik-KI-B-450x300.jpg 450w, https:\/\/www.rwg-bayreuth.de\/home\/wp-content\/uploads\/2024\/07\/23-24-Informatik-KI-B-768x512.jpg 768w, https:\/\/www.rwg-bayreuth.de\/home\/wp-content\/uploads\/2024\/07\/23-24-Informatik-KI-B-250x167.jpg 250w, https:\/\/www.rwg-bayreuth.de\/home\/wp-content\/uploads\/2024\/07\/23-24-Informatik-KI-B-900x600.jpg 900w\" sizes=\"(max-width: 1024px) 100vw, 1024px\" \/><\/a> \t\t<\/div><!-- end .entry-thumbnail -->\n<div class=\"meta-main-wrap\">\n  <div class=\"\">\n    <header class=\"entry-header\">\n      <div class=\"entry-cats\">\n        <div class=\"kategorie\"><a href=\"https:\/\/www.rwg-bayreuth.de\/home\/?cat=1\" rel=\"category\">Schulleben<\/a><\/div>\n<div class=\"entry-edit\" >      <div class=\"entry-date\" >\n        <a href=\"https:\/\/www.rwg-bayreuth.de\/home\/?p=36875\">2. Juli 2024<\/a>\n      <\/div><\/div><!-- end .entry-date -->\n      <\/div><!-- end .entry-cats -->\n<h2 class=\"entry-title\"><a href=\"https:\/\/www.rwg-bayreuth.de\/home\/?p=36875\" rel=\"bookmark\">Das Gehirn k\u00fcnstlicher Intelligenz<\/a><\/h2>\n    <\/header><!-- end .entry-header -->\n    <div class=\"entry-summary\">\nAm 25. und 28. Juni 2024 erhielten die Sch\u00fclerinnen und Sch\u00fcler der elften Klassen im Rahmen des Informatikunterrichts einen Vortrag mit dem Titel \u201eDas Perzeptron, ein k\u00fcnstliches Neuron\u201c vom Fachbereich \u201eDigitales Lehren und Lernen &#038; Didaktik der Informatik\u201c der Universit\u00e4t Bayreuth. Die Referentin Frau G\u00fcnzel-Weinkamm gab den Sch\u00fclerinnen und Sch\u00fclern anhand einfacher Modelle einen Einblick&hellip;\n  <\/div><!-- .entry-summary -->\n  <\/div><!-- .entry-main -->\n<\/div><!-- .meta-main-wrap -->\n<\/article><!-- end post -36875 -->\n<\/div><!-- end .rwg_post_list -->\n<\/div>\n","protected":false},"excerpt":{"rendered":"<p>Ohne den Computer und das Internet geht heute nicht mehr viel. Deshalb ist es wichtig, den Sch\u00fclern das entsprechende R\u00fcstzeug mitzugeben: Zur entsprechenden Medienkompetenz geh\u00f6rt aber mehr als nur der Umgang mit Maus und Tastatur: Die Sch\u00fcler sollen auch lernen, wie ein Computer &#8222;denkt&#8220; und wie Programme strukturiert sind, um sie anwenden zu k\u00f6nnen. Und&hellip;<\/p>\n","protected":false},"author":2,"featured_media":0,"parent":11139,"menu_order":6,"comment_status":"closed","ping_status":"closed","template":"page-templates\/no-sidebar.php","meta":{"footnotes":""},"tags":[54],"_links":{"self":[{"href":"https:\/\/www.rwg-bayreuth.de\/home\/index.php?rest_route=\/wp\/v2\/pages\/6909"}],"collection":[{"href":"https:\/\/www.rwg-bayreuth.de\/home\/index.php?rest_route=\/wp\/v2\/pages"}],"about":[{"href":"https:\/\/www.rwg-bayreuth.de\/home\/index.php?rest_route=\/wp\/v2\/types\/page"}],"author":[{"embeddable":true,"href":"https:\/\/www.rwg-bayreuth.de\/home\/index.php?rest_route=\/wp\/v2\/users\/2"}],"replies":[{"embeddable":true,"href":"https:\/\/www.rwg-bayreuth.de\/home\/index.php?rest_route=%2Fwp%2Fv2%2Fcomments&post=6909"}],"version-history":[{"count":19,"href":"https:\/\/www.rwg-bayreuth.de\/home\/index.php?rest_route=\/wp\/v2\/pages\/6909\/revisions"}],"predecessor-version":[{"id":39113,"href":"https:\/\/www.rwg-bayreuth.de\/home\/index.php?rest_route=\/wp\/v2\/pages\/6909\/revisions\/39113"}],"up":[{"embeddable":true,"href":"https:\/\/www.rwg-bayreuth.de\/home\/index.php?rest_route=\/wp\/v2\/pages\/11139"}],"wp:attachment":[{"href":"https:\/\/www.rwg-bayreuth.de\/home\/index.php?rest_route=%2Fwp%2Fv2%2Fmedia&parent=6909"}],"wp:term":[{"taxonomy":"post_tag","embeddable":true,"href":"https:\/\/www.rwg-bayreuth.de\/home\/index.php?rest_route=%2Fwp%2Fv2%2Ftags&post=6909"}],"curies":[{"name":"wp","href":"https:\/\/api.w.org\/{rel}","templated":true}]}}