{"id":6871,"date":"2015-05-19T18:36:38","date_gmt":"2015-05-19T16:36:38","guid":{"rendered":"http:\/\/www.rwg-bayreuth.de\/home\/?page_id=6871"},"modified":"2022-02-17T14:56:16","modified_gmt":"2022-02-17T13:56:16","slug":"adam-ries-wettbewerb","status":"publish","type":"page","link":"https:\/\/www.rwg-bayreuth.de\/home\/?page_id=6871","title":{"rendered":"Adam-Ries-Wettbewerb"},"content":{"rendered":"<div id=\"attachment_6718\" style=\"width: 360px\" class=\"wp-caption alignleft\"><a href=\"https:\/\/www.rwg-bayreuth.de\/home\/wp-content\/uploads\/2013\/04\/2015_Adam-Ries-Wettbewerb_web.jpg\"><img loading=\"lazy\" decoding=\"async\" aria-describedby=\"caption-attachment-6718\" src=\"https:\/\/www.rwg-bayreuth.de\/home\/wp-content\/uploads\/2013\/04\/2015_Adam-Ries-Wettbewerb_web.jpg\" alt=\"Adam Ries ist aus Staffelstein.\" width=\"350\" height=\"263\" class=\"size-full wp-image-6718\" srcset=\"https:\/\/www.rwg-bayreuth.de\/home\/wp-content\/uploads\/2013\/04\/2015_Adam-Ries-Wettbewerb_web.jpg 350w, https:\/\/www.rwg-bayreuth.de\/home\/wp-content\/uploads\/2013\/04\/2015_Adam-Ries-Wettbewerb_web-150x113.jpg 150w, https:\/\/www.rwg-bayreuth.de\/home\/wp-content\/uploads\/2013\/04\/2015_Adam-Ries-Wettbewerb_web-300x225.jpg 300w, https:\/\/www.rwg-bayreuth.de\/home\/wp-content\/uploads\/2013\/04\/2015_Adam-Ries-Wettbewerb_web-250x188.jpg 250w\" sizes=\"(max-width: 350px) 100vw, 350px\" \/><\/a><p id=\"caption-attachment-6718\" class=\"wp-caption-text\">Adam Ries ist aus Staffelstein und dort steht<br \/>\nsein Denkmal.<\/p><\/div>\n<p>Rechnen kann Spa\u00df machen: Es ist sch\u00f6n, wenn man eine Aufgabe richtig gel\u00f6st hat und alles wunderbar aufgeht. Sch\u00f6n ist es aber auch, zu t\u00fcfteln und zu knobeln, wie es denn gehen kann, ein Problem mathematisch zu l\u00f6sen. Und am sch\u00f6nsten ist es, wenn man das im Vergleich mit anderen macht und sich einem Wettbewerb stellt, bei dem man merkt, dass man richtig gut ist.<\/p>\n<p>Deshalb nehmen unsere F\u00fcnftkl\u00e4sser an Adam Ries Wettbewerb teil. Dieser beginnt mit einer Hausaufgabenrunde \u00fcber die Weihnachtsferien und einer anschlie\u00dfenden Klausur f\u00fcr die Sch\u00fcler, die die Hausaufgabenrunde gut bearbeitet haben.<\/p>\n<p>Von der MB-Dienstelle werden dann die erfolgreichsten Sch\u00fcler\/-innen ausgew\u00e4hlt, um in Staffelstein die zehn besten in Oberfranken zu ermitteln, die in der letzten Runde sich mit Sch\u00fclern aus Tschechien, Sachsen und Th\u00fcringen in Annaberg, der gro\u00dfen Wirkungsst\u00e4tte von Adam Ries messen. <\/p>\n<h3 class=\"clear\">Aktuelles<\/h3>\n<div class=\"rwg_post_list\"><\/div><!-- end .rwg_post_list -->\n","protected":false},"excerpt":{"rendered":"<p>Rechnen kann Spa\u00df machen: Es ist sch\u00f6n, wenn man eine Aufgabe richtig gel\u00f6st hat und alles wunderbar aufgeht. Sch\u00f6n ist es aber auch, zu t\u00fcfteln und zu knobeln, wie es denn gehen kann, ein Problem mathematisch zu l\u00f6sen. Und am sch\u00f6nsten ist es, wenn man das im Vergleich mit anderen macht und sich einem Wettbewerb&hellip;<\/p>\n","protected":false},"author":2,"featured_media":0,"parent":1477,"menu_order":5,"comment_status":"closed","ping_status":"closed","template":"page-templates\/no-sidebar.php","meta":{"footnotes":""},"tags":[54],"_links":{"self":[{"href":"https:\/\/www.rwg-bayreuth.de\/home\/index.php?rest_route=\/wp\/v2\/pages\/6871"}],"collection":[{"href":"https:\/\/www.rwg-bayreuth.de\/home\/index.php?rest_route=\/wp\/v2\/pages"}],"about":[{"href":"https:\/\/www.rwg-bayreuth.de\/home\/index.php?rest_route=\/wp\/v2\/types\/page"}],"author":[{"embeddable":true,"href":"https:\/\/www.rwg-bayreuth.de\/home\/index.php?rest_route=\/wp\/v2\/users\/2"}],"replies":[{"embeddable":true,"href":"https:\/\/www.rwg-bayreuth.de\/home\/index.php?rest_route=%2Fwp%2Fv2%2Fcomments&post=6871"}],"version-history":[{"count":7,"href":"https:\/\/www.rwg-bayreuth.de\/home\/index.php?rest_route=\/wp\/v2\/pages\/6871\/revisions"}],"predecessor-version":[{"id":24232,"href":"https:\/\/www.rwg-bayreuth.de\/home\/index.php?rest_route=\/wp\/v2\/pages\/6871\/revisions\/24232"}],"up":[{"embeddable":true,"href":"https:\/\/www.rwg-bayreuth.de\/home\/index.php?rest_route=\/wp\/v2\/pages\/1477"}],"wp:attachment":[{"href":"https:\/\/www.rwg-bayreuth.de\/home\/index.php?rest_route=%2Fwp%2Fv2%2Fmedia&parent=6871"}],"wp:term":[{"taxonomy":"post_tag","embeddable":true,"href":"https:\/\/www.rwg-bayreuth.de\/home\/index.php?rest_route=%2Fwp%2Fv2%2Ftags&post=6871"}],"curies":[{"name":"wp","href":"https:\/\/api.w.org\/{rel}","templated":true}]}}