{"id":6849,"date":"2015-05-19T11:46:10","date_gmt":"2015-05-19T09:46:10","guid":{"rendered":"http:\/\/www.rwg-bayreuth.de\/home\/?page_id=6849"},"modified":"2020-02-19T15:12:48","modified_gmt":"2020-02-19T14:12:48","slug":"experimente-antworten","status":"publish","type":"page","link":"https:\/\/www.rwg-bayreuth.de\/home\/?page_id=6849","title":{"rendered":"Experimente antworten"},"content":{"rendered":"<p>Das Anliegen des Wettbewerbs \u201eExperimente antworten\u201c ist es, die Freude am Experimentieren und an den Naturwissenschaften zu wecken. <\/p>\n<p>Dreimal pro Schuljahr wird Sch\u00fclerinnen und Sch\u00fclern der Jahrgangsstufen 5-8 (m\u00f6glich auch bis 10) eine Experimentieraufgabe zu einem naturwissenschaftlichen Ph\u00e4nomen gestellt. Diese Aufgabe sollen die Sch\u00fclerinnen und Sch\u00fcler selbstst\u00e4ndig zu Hause bearbeiten. Bei den Ger\u00e4ten und Materialien, die sie dazu ben\u00f6tigen, handelt es sich gr\u00f6\u00dftenteils um Haushaltsger\u00e4te und Alltagschemikalien. Sollte tats\u00e4chlich etwas im elterlichen Haushalt nicht vorr\u00e4tig sein, darf auch aus dem Schullabor ausgeliehen werden. Nach dem experimentellen Teil werden die Versuchsprotokolle mit dokumentierten Beobachtungen und Auswertungen zur Bewertung nach M\u00fcnchen geschickt.<\/p>\n<h3 class=\"clear\">Aktuelles<\/h3>\n<div class=\"rwg_post_list\"><\/div><!-- end .rwg_post_list -->\n<p><!--2015 stand das Thema \u201eSpurensicherung am 5\u20ac Schein \u2013 die Verfahren kriminaltechnischer Untersuchungen\u201c standen ersten Runde von \u201eExperimente antworten\u201c im Mittelpunkt. Mit sehr gro\u00dfem Erfolg hat sich Lars Roepke aus der Klasse 6b daran beteiligt und wurde durch die Schulleiterin Frau Graf mit einer Urkunde und einem Preis ausgezeichnet. In den Experimenten extrahierte Lars seine Erbsubstanz aus dem Mundspeichel, nahm Fingerabdr\u00fccke und untersuchte diese mit verschiedenen Methoden. Die Ergebnisse aber auch seine Vorgehensweise beim Experimentieren wurden durch Lars sorgf\u00e4ltig protokolliert und zu der Jury nach M\u00fcnchen geschickt. Von 1300 teilnehmenden Sch\u00fclern aus ganz Bayern geh\u00f6rt Lars zu den Besten!--><\/p>\n","protected":false},"excerpt":{"rendered":"<p>Das Anliegen des Wettbewerbs \u201eExperimente antworten\u201c ist es, die Freude am Experimentieren und an den Naturwissenschaften zu wecken. Dreimal pro Schuljahr wird Sch\u00fclerinnen und Sch\u00fclern der Jahrgangsstufen 5-8 (m\u00f6glich auch bis 10) eine Experimentieraufgabe zu einem naturwissenschaftlichen Ph\u00e4nomen gestellt. Diese Aufgabe sollen die Sch\u00fclerinnen und Sch\u00fcler selbstst\u00e4ndig zu Hause bearbeiten. Bei den Ger\u00e4ten und Materialien,&hellip;<\/p>\n","protected":false},"author":2,"featured_media":0,"parent":6679,"menu_order":1,"comment_status":"closed","ping_status":"closed","template":"page-templates\/no-sidebar.php","meta":{"footnotes":""},"tags":[54],"_links":{"self":[{"href":"https:\/\/www.rwg-bayreuth.de\/home\/index.php?rest_route=\/wp\/v2\/pages\/6849"}],"collection":[{"href":"https:\/\/www.rwg-bayreuth.de\/home\/index.php?rest_route=\/wp\/v2\/pages"}],"about":[{"href":"https:\/\/www.rwg-bayreuth.de\/home\/index.php?rest_route=\/wp\/v2\/types\/page"}],"author":[{"embeddable":true,"href":"https:\/\/www.rwg-bayreuth.de\/home\/index.php?rest_route=\/wp\/v2\/users\/2"}],"replies":[{"embeddable":true,"href":"https:\/\/www.rwg-bayreuth.de\/home\/index.php?rest_route=%2Fwp%2Fv2%2Fcomments&post=6849"}],"version-history":[{"count":8,"href":"https:\/\/www.rwg-bayreuth.de\/home\/index.php?rest_route=\/wp\/v2\/pages\/6849\/revisions"}],"predecessor-version":[{"id":24235,"href":"https:\/\/www.rwg-bayreuth.de\/home\/index.php?rest_route=\/wp\/v2\/pages\/6849\/revisions\/24235"}],"up":[{"embeddable":true,"href":"https:\/\/www.rwg-bayreuth.de\/home\/index.php?rest_route=\/wp\/v2\/pages\/6679"}],"wp:attachment":[{"href":"https:\/\/www.rwg-bayreuth.de\/home\/index.php?rest_route=%2Fwp%2Fv2%2Fmedia&parent=6849"}],"wp:term":[{"taxonomy":"post_tag","embeddable":true,"href":"https:\/\/www.rwg-bayreuth.de\/home\/index.php?rest_route=%2Fwp%2Fv2%2Ftags&post=6849"}],"curies":[{"name":"wp","href":"https:\/\/api.w.org\/{rel}","templated":true}]}}