{"id":6846,"date":"2015-05-19T11:38:59","date_gmt":"2015-05-19T09:38:59","guid":{"rendered":"http:\/\/www.rwg-bayreuth.de\/home\/?page_id=6846"},"modified":"2019-05-17T18:35:50","modified_gmt":"2019-05-17T16:35:50","slug":"nawigator-wettbewerbstag","status":"publish","type":"page","link":"https:\/\/www.rwg-bayreuth.de\/home\/?page_id=6846","title":{"rendered":"NaWigator-Wettbewerbstag"},"content":{"rendered":"<div id=\"attachment_8471\" style=\"width: 360px\" class=\"wp-caption alignleft\"><a href=\"https:\/\/www.rwg-bayreuth.de\/home\/wp-content\/uploads\/2015\/11\/2015-16_NaWigatortag_Experiment_wweb.jpg\"><img loading=\"lazy\" decoding=\"async\" aria-describedby=\"caption-attachment-8471\" src=\"https:\/\/www.rwg-bayreuth.de\/home\/wp-content\/uploads\/2015\/11\/2015-16_NaWigatortag_Experiment_wweb.jpg\" alt=\"Es wurden verschiedene Stoffe untersucht.\" width=\"350\" height=\"232\" class=\"size-full wp-image-8471\" srcset=\"https:\/\/www.rwg-bayreuth.de\/home\/wp-content\/uploads\/2015\/11\/2015-16_NaWigatortag_Experiment_wweb.jpg 350w, https:\/\/www.rwg-bayreuth.de\/home\/wp-content\/uploads\/2015\/11\/2015-16_NaWigatortag_Experiment_wweb-150x99.jpg 150w, https:\/\/www.rwg-bayreuth.de\/home\/wp-content\/uploads\/2015\/11\/2015-16_NaWigatortag_Experiment_wweb-300x199.jpg 300w, https:\/\/www.rwg-bayreuth.de\/home\/wp-content\/uploads\/2015\/11\/2015-16_NaWigatortag_Experiment_wweb-250x166.jpg 250w\" sizes=\"(max-width: 350px) 100vw, 350px\" \/><\/a><p id=\"caption-attachment-8471\" class=\"wp-caption-text\">Es wurden verschiedene Stoffe untersucht.<\/p><\/div>\n<p>In einem packenden Finale wurde der diesj\u00e4hrige Schulsieger des NaWigator Wettbewerbstages der 7. Klassen ermittelt. Erst eine Stichfrage sollte die Entscheidung bringen.<\/p>\n<p>Bevor es aber soweit war, traten die Klassenteams der einzelnen 7. Klassen in verschiedenen Quizrunden aus den Bereichen Biologie, Physik und Chemie gegeneinander an. Hier wurden die ersten Punkte erk\u00e4mpft. Nach einer Pause hatten die Sch\u00fcler zwei Stunden  Zeit zum Experimentieren, Knobeln und T\u00fcfteln. Dazu waren Experimentierstationen in allen naturwissenschaftlichen Fachr\u00e4umen aufgebaut, die von Sch\u00fclerinnen der Klasse 10a betreut wurden.<\/p>\n<div id=\"attachment_8473\" style=\"width: 360px\" class=\"wp-caption alignright\"><a href=\"https:\/\/www.rwg-bayreuth.de\/home\/wp-content\/uploads\/2015\/11\/2015-16_NaWigator_Gummib\u00e4rchenkatapult_web.jpg\"><img loading=\"lazy\" decoding=\"async\" aria-describedby=\"caption-attachment-8473\" src=\"https:\/\/www.rwg-bayreuth.de\/home\/wp-content\/uploads\/2015\/11\/2015-16_NaWigator_Gummib\u00e4rchenkatapult_web.jpg\" alt=\"Wie konstruiert man ein Gummib\u00e4rchenkatapult?\" width=\"350\" height=\"232\" class=\"size-full wp-image-8473\" srcset=\"https:\/\/www.rwg-bayreuth.de\/home\/wp-content\/uploads\/2015\/11\/2015-16_NaWigator_Gummib\u00e4rchenkatapult_web.jpg 350w, https:\/\/www.rwg-bayreuth.de\/home\/wp-content\/uploads\/2015\/11\/2015-16_NaWigator_Gummib\u00e4rchenkatapult_web-150x99.jpg 150w, https:\/\/www.rwg-bayreuth.de\/home\/wp-content\/uploads\/2015\/11\/2015-16_NaWigator_Gummib\u00e4rchenkatapult_web-300x199.jpg 300w, https:\/\/www.rwg-bayreuth.de\/home\/wp-content\/uploads\/2015\/11\/2015-16_NaWigator_Gummib\u00e4rchenkatapult_web-250x166.jpg 250w\" sizes=\"(max-width: 350px) 100vw, 350px\" \/><\/a><p id=\"caption-attachment-8473\" class=\"wp-caption-text\">Wie konstruiert man ein Gummib\u00e4rchenkatapult?<\/p><\/div>\n<p>So waren die Siebtkl\u00e4ssler unter anderem den Stoffen auf der Spur, l\u00fcfteten das Geheimnis des Backpulvers  und des Lotuseffektes oder erforschten die Linsenwirkung im Auge. Um die Fertigkeiten im Turmbau und in der Anfertigung eines funktionst\u00fcchtigen Gummib\u00e4rchenkatapultes ging es z.B. in der Physik. Abgerundet wurde das ganze durch kleine, feine mathematische Knobeleien. <\/p>\n<p>In der wohlverdienten Mittagspause wurden die jungen Forscher mit einem MINT \u2013 Burger verw\u00f6hnt, die die Mitarbeiterinnen der Firma \u201eMahlzeit\u201c f\u00fcr uns vorbereitet hatten.<\/p>\n<p>Gest\u00e4rkt gingen die Sch\u00fcler dann das Schulquiz an. Die besten Klassenteams wurden verlesen und mussten noch einmal ran. Quizfragen mussten gel\u00f6st und kleine Experimente durchgef\u00fchrt werden. Zum Schluss lagen die Klassen 7d und 7f in Punkten gleichauf. Dann stellte Paul Kleineidam\u2013 unser souver\u00e4ner Schulquizmoderator \u2013 die alles entscheidende Frage:<\/p>\n<p>\u201eWie viel Zeit ben\u00f6tigt das Licht f\u00fcr die Strecke von der Erde zum Mond?\u201c<br \/>\nA)\t3,6 s<br \/>\nB)\t5 s<br \/>\nC)\t0,5 s<br \/>\nD)\t1,3 s<\/p>\n<p>Die M\u00e4dels von der 7d und 7f gaben ihren Tipp ab und das Team aus der Klasse 7f lag goldrichtig. Die Erkl\u00e4rung von Paul ging dann im Jubel unter. Na, wisst ihr auch die L\u00f6sung?<\/p>\n<div id=\"attachment_8475\" style=\"width: 360px\" class=\"wp-caption alignleft\"><a href=\"https:\/\/www.rwg-bayreuth.de\/home\/wp-content\/uploads\/2015\/11\/2015-16_NaWigatortag_Sieger_web.jpg\"><img loading=\"lazy\" decoding=\"async\" aria-describedby=\"caption-attachment-8475\" src=\"https:\/\/www.rwg-bayreuth.de\/home\/wp-content\/uploads\/2015\/11\/2015-16_NaWigatortag_Sieger_web.jpg\" alt=\"NaWigator-Sieger  ist die Klasse 7f.\" width=\"350\" height=\"272\" class=\"size-full wp-image-8475\" srcset=\"https:\/\/www.rwg-bayreuth.de\/home\/wp-content\/uploads\/2015\/11\/2015-16_NaWigatortag_Sieger_web.jpg 350w, https:\/\/www.rwg-bayreuth.de\/home\/wp-content\/uploads\/2015\/11\/2015-16_NaWigatortag_Sieger_web-150x117.jpg 150w, https:\/\/www.rwg-bayreuth.de\/home\/wp-content\/uploads\/2015\/11\/2015-16_NaWigatortag_Sieger_web-300x233.jpg 300w, https:\/\/www.rwg-bayreuth.de\/home\/wp-content\/uploads\/2015\/11\/2015-16_NaWigatortag_Sieger_web-250x194.jpg 250w\" sizes=\"(max-width: 350px) 100vw, 350px\" \/><\/a><p id=\"caption-attachment-8475\" class=\"wp-caption-text\">NaWigator-Sieger  ist die Klasse 7f.<\/p><\/div>\n<p>Die Klasse 7f darf sich nun \u00fcber einen zus\u00e4tzlichen Wandertag freuen, der wieder unter einem naturwissenschaftlichen Thema steht und dieses Mal nach N\u00fcrnberg geht. Herzlichen Gl\u00fcckwunsch!<br \/>\nAbschlie\u00dfend geht ein gro\u00dfes Dankesch\u00f6n an Paul und die gesamte Klasse 10a, die den Wettbewerbstag gro\u00dfartig unterst\u00fctzt haben.<\/p>\n<p>Ein weiteres gro\u00dfes Dankesch\u00f6n geht an den Elternbeirat f\u00fcr die finanzielle Unterst\u00fctzung. <em>Das NaWigator &#8211; Team<\/em><\/p>\n<p><!--[caption id=\"attachment_6933\" align=\"alignleft\" width=\"350\"]<a href=\"https:\/\/www.rwg-bayreuth.de\/home\/wp-content\/uploads\/2015\/05\/NaWigator-Wettbewerbstag_web.jpg\"><img loading=\"lazy\" decoding=\"async\" src=\"https:\/\/www.rwg-bayreuth.de\/home\/wp-content\/uploads\/2015\/05\/NaWigator-Wettbewerbstag_web.jpg\" alt=\"Beim NaWigator-Wettbewerbstag geht es darum, wer die Aufgaben am besten l\u00f6st.\" width=\"350\" height=\"244\" class=\"size-full wp-image-6933\" srcset=\"https:\/\/www.rwg-bayreuth.de\/home\/wp-content\/uploads\/2015\/05\/NaWigator-Wettbewerbstag_web.jpg 350w, https:\/\/www.rwg-bayreuth.de\/home\/wp-content\/uploads\/2015\/05\/NaWigator-Wettbewerbstag_web-150x105.jpg 150w, https:\/\/www.rwg-bayreuth.de\/home\/wp-content\/uploads\/2015\/05\/NaWigator-Wettbewerbstag_web-300x209.jpg 300w, https:\/\/www.rwg-bayreuth.de\/home\/wp-content\/uploads\/2015\/05\/NaWigator-Wettbewerbstag_web-250x174.jpg 250w\" sizes=\"(max-width: 350px) 100vw, 350px\" \/><\/a> Beim NaWigator-Wettbewerbstag geht es darum, \nwer die Aufgaben am besten l\u00f6st.[\/caption]\n\nEin ganzer Schultag f\u00fcr die naturwissenschaftliche F\u00f6rderung? Ein Novum in der bayerischen Bildungslandschaft, eingef\u00fchrt auf Grundlage des NaWigator-F\u00f6rderprogrammes und aufgenommen in das Schulprogramm des RWG ist der NaWigator - Wettbewerbstag.\n\nDie Vielseitigkeit in den Talenten der Sch\u00fclerinnen und Sch\u00fcler zu erkennen und zu f\u00f6rdern, gerade an unserem Gymnasium, das den mathematisch technologischen Zweig nicht anbietet und die Sch\u00fclerschaft zu ca. 75% aus M\u00e4dchen besteht, stand im Fokus.\n\nUnterst\u00fctzt durch das IPN in Kiel haben die Lehrerinnen und Lehrer des NaWigator Teams ein Wettbewerbsprogramm ausget\u00fcftelt, das Wissen, Schnelligkeit und motorische Fertigkeiten abverlangt. Dabei soll auch der Spa\u00df nicht zu kurz kommen.\n\nNacheinander absolvierten die 7. Klassen beim Wettbewerbstag als Gemeinschaft oder in einzelnen Teams das Klassenquiz und die Experimentierstationen der NaWigator-Rallye.  Im Klassenquiz a la \u201eWer wird Million\u00e4r?\u201c standen neben Wissens- und Sch\u00e4tzfragen aus Biologie, Natur und Technik und Chemie auch Experimentieraufgaben zur Beantwortung an. In der sich anschlie\u00dfenden NaWigator-Rallye konnten sich die einzelnen Teams an acht Experimentierstationen wissenschaftlich bet\u00e4tigen. So musste in der Biologie der Lotuseffekt bei Pflanzen nachgewiesen und erkl\u00e4rt werden. Sich nicht t\u00e4uschen zu lassen und die Sinneswahrnehmungen zu \u00fcberpr\u00fcfen, war an der Station \u201eDas Auge ist mit\u201c gefragt. Ein Kugellager aus Alltagsgegenst\u00e4nden zusammenzubauen und das beste Gummib\u00e4rchenkatapult zu entwickeln, stand in der Physik auf dem Programm. Die Chemie zeigte in den Experimenten die Welt der Farben anhand von Indikatoren auf und suchte Detektive, die das Geheimnis des Backpulvers l\u00f6sten. Zur wissenschaftlichen Entspannung warteten mathematische Knobelaufgaben auf die Siebtkl\u00e4ssler. Danach war Zeit f\u00fcr einen st\u00e4rkenden Imbiss. Diese Pause nutzten die Verantwortlichen des Wettbewerbstages aus, um das beste Team aus jeder Klasse anhand der Ergebnisse des Klassenquiz und der Experimentierrallye zu ermitteln.\n \nDie Besten aus jeder Klasse durften dann im gro\u00dfen Schulquiz gegeneinander antreten. Es galt nun erneut Wissensfragen aus Biologie, Chemie und Physik zu beantworten und kleine Experimente durchzuf\u00fchren. --><\/p>\n","protected":false},"excerpt":{"rendered":"<p>In einem packenden Finale wurde der diesj\u00e4hrige Schulsieger des NaWigator Wettbewerbstages der 7. Klassen ermittelt. Erst eine Stichfrage sollte die Entscheidung bringen. Bevor es aber soweit war, traten die Klassenteams der einzelnen 7. Klassen in verschiedenen Quizrunden aus den Bereichen Biologie, Physik und Chemie gegeneinander an. Hier wurden die ersten Punkte erk\u00e4mpft. Nach einer Pause&hellip;<\/p>\n","protected":false},"author":2,"featured_media":0,"parent":6681,"menu_order":3,"comment_status":"closed","ping_status":"closed","template":"page-templates\/no-sidebar.php","meta":{"footnotes":""},"tags":[54],"_links":{"self":[{"href":"https:\/\/www.rwg-bayreuth.de\/home\/index.php?rest_route=\/wp\/v2\/pages\/6846"}],"collection":[{"href":"https:\/\/www.rwg-bayreuth.de\/home\/index.php?rest_route=\/wp\/v2\/pages"}],"about":[{"href":"https:\/\/www.rwg-bayreuth.de\/home\/index.php?rest_route=\/wp\/v2\/types\/page"}],"author":[{"embeddable":true,"href":"https:\/\/www.rwg-bayreuth.de\/home\/index.php?rest_route=\/wp\/v2\/users\/2"}],"replies":[{"embeddable":true,"href":"https:\/\/www.rwg-bayreuth.de\/home\/index.php?rest_route=%2Fwp%2Fv2%2Fcomments&post=6846"}],"version-history":[{"count":6,"href":"https:\/\/www.rwg-bayreuth.de\/home\/index.php?rest_route=\/wp\/v2\/pages\/6846\/revisions"}],"predecessor-version":[{"id":21756,"href":"https:\/\/www.rwg-bayreuth.de\/home\/index.php?rest_route=\/wp\/v2\/pages\/6846\/revisions\/21756"}],"up":[{"embeddable":true,"href":"https:\/\/www.rwg-bayreuth.de\/home\/index.php?rest_route=\/wp\/v2\/pages\/6681"}],"wp:attachment":[{"href":"https:\/\/www.rwg-bayreuth.de\/home\/index.php?rest_route=%2Fwp%2Fv2%2Fmedia&parent=6846"}],"wp:term":[{"taxonomy":"post_tag","embeddable":true,"href":"https:\/\/www.rwg-bayreuth.de\/home\/index.php?rest_route=%2Fwp%2Fv2%2Ftags&post=6846"}],"curies":[{"name":"wp","href":"https:\/\/api.w.org\/{rel}","templated":true}]}}