{"id":6804,"date":"2015-05-18T11:26:26","date_gmt":"2015-05-18T09:26:26","guid":{"rendered":"http:\/\/www.rwg-bayreuth.de\/home\/?page_id=6804"},"modified":"2025-01-20T20:21:01","modified_gmt":"2025-01-20T19:21:01","slug":"mathegym","status":"publish","type":"page","link":"https:\/\/www.rwg-bayreuth.de\/home\/?page_id=6804","title":{"rendered":"Mathegym"},"content":{"rendered":"<p><a href=\"http:\/\/mathegym.de\"><img loading=\"lazy\" decoding=\"async\" src=\"https:\/\/www.rwg-bayreuth.de\/home\/wp-content\/uploads\/2021\/10\/Mathegym.jpg\" alt=\"\" width=\"1900\" height=\"441\" class=\"alignnone size-full wp-image-29484\" srcset=\"https:\/\/www.rwg-bayreuth.de\/home\/wp-content\/uploads\/2021\/10\/Mathegym.jpg 1900w, https:\/\/www.rwg-bayreuth.de\/home\/wp-content\/uploads\/2021\/10\/Mathegym-450x104.jpg 450w, https:\/\/www.rwg-bayreuth.de\/home\/wp-content\/uploads\/2021\/10\/Mathegym-1024x238.jpg 1024w, https:\/\/www.rwg-bayreuth.de\/home\/wp-content\/uploads\/2021\/10\/Mathegym-768x178.jpg 768w, https:\/\/www.rwg-bayreuth.de\/home\/wp-content\/uploads\/2021\/10\/Mathegym-1536x357.jpg 1536w, https:\/\/www.rwg-bayreuth.de\/home\/wp-content\/uploads\/2021\/10\/Mathegym-250x58.jpg 250w\" sizes=\"(max-width: 1900px) 100vw, 1900px\" \/><\/a><\/p>\n<p><!-- <strong>Mathegym<\/strong> --><!--\n<img loading=\"lazy\" decoding=\"async\" src=\"https:\/\/www.rwg-bayreuth.de\/home\/wp-content\/uploads\/2012\/04\/mathegym.jpg\" alt=\"\" width=\"224\" height=\"240\" class=\"alignright size-full wp-image-558\" srcset=\"https:\/\/www.rwg-bayreuth.de\/home\/wp-content\/uploads\/2012\/04\/mathegym.jpg 300w, https:\/\/www.rwg-bayreuth.de\/home\/wp-content\/uploads\/2012\/04\/mathegym-140x150.jpg 140w, https:\/\/www.rwg-bayreuth.de\/home\/wp-content\/uploads\/2012\/04\/mathegym-250x268.jpg 250w\" sizes=\"(max-width: 224px) 100vw, 224px\" \/>-->Am RWG gibt es f\u00fcr unsere Sch\u00fcler die M\u00f6glichkeit, ein Online-Trainingsprogramm f\u00fcr Mathematik zu nutzen. Es hei\u00dft <strong>Mathegym<\/strong>. Man kann sehr einfach von zuhause aus passende Aufgaben zum Unterricht ausw\u00e4hlen. Beim Bearbeiten erh\u00e4lt man L\u00f6sungshilfen, und wenn man eine Aufgabe richtig bearbeitet, gibt es Punkte daf\u00fcr. <\/p>\n<ul>\n<li>Die Nutzung ist f\u00fcr alle RWG-Sch\u00fcler <strong>kostenlos<\/strong>, sie wird durch die Schule finanziert. <\/li>\n<li>Wir werden Mathegym auch im Unterricht, insbesondere f\u00fcr Hausaufgaben, zur Schulaufgabenvorbereitung und f\u00fcr \u00dcbungsphasen im Unterricht einsetzen.<strong> Daher ist es wichtig, dass ihr Kind registriert ist und \u00fcber die Zugangsdaten (Mail-Adresse und Password) verf\u00fcgt bzw. diese auf dem Tablet hinterlegt sind (ab 8. Klasse).<\/strong><\/li>\n<li><strong>Sch\u00fcler, die bereits im Vorjahr registriert waren, m\u00fcssen nur ihre Klasse aktualisieren<\/strong> und werden dann vom Lehrer wieder freigeschaltet, sie m\u00fcssen sich nicht neu registrieren.<\/li>\n<li>Bei den pers\u00f6nlichen Daten <strong>kann jeder Nutzer festlegen, dass die erreichten Punkte vom Lehrer eingesehen werden k\u00f6nnen<\/strong>. Wenn Ihr Kind dies zul\u00e4sst, gen\u00fcgt das f\u00fcr uns als Nachweis f\u00fcr bearbeitete Aufgaben. Andernfalls m\u00fcsste Ihr Kind die bearbeiteten Aufgaben ausdrucken und in Papierform mit in die Schule bringen. <\/li>\n<li>Unsere Sch\u00fcler der 5. Klassen werden Mathegym im Unterricht erproben. <\/li>\n<\/ul>\n<ul class=\"linkliste\">\n<li><a href=\"https:\/\/www.rwg-bayreuth.de\/home\/wp-content\/uploads\/2025\/01\/Anleitung-MathegymAccount-RWG.pdf\">Anleitung zur Registrierung als RWG-Sch\u00fcler<\/a><\/li>\n<li><a href=\"http:\/\/www.mathegym.de\" title=\"Mathe-Gym\" target=\"_blank\" rel=\"noopener noreferrer\">Weblink zu Mathegym<\/a><\/li>\n<\/ul>\n<p><!--\n\n\n<p style=\"margin-bottom:0\">Hier die Schritte zum Registrieren: <\/p>\n\n\n\n\n<ul style=\"padding-left:0\">\n\n\n<li>Zur Lernplattform gelangt man \u00fcber folgenden Link: <a href=\"http:\/\/www.mathegym.de\" title=\"Mathe-Gym\" target=\"_blank\" rel=\"noopener noreferrer\">www.mathegym.de<\/a>\n<\/li>\n\n\n\n\n<li><strong>\u201eRegistrieren\u201c anklicken<\/strong><\/li>\n\n\n\n\n<li><strong>Pers\u00f6nliche Daten eingeben<\/strong> (als Benutzername hat sich die E-Mail-Adresse bew\u00e4hrt) <strong>\u201espeichern\u201c anklicken \n<\/strong><\/li>\n\n\n\n\n<li>Es wird eine <strong>Mail an die E-Mail-Adresse<\/strong> verschickt<\/li>\n\n\n\n\n<li>In der Mail den <strong>Aktivierungslink anklicken<\/strong><\/li>\n\n\n\n\n<li>Registrierung \u00fcber <strong>\u201eSchullizenz\u201c (RWG Bayreuth) anklicken<\/strong>, nicht als \u201eprivater Nutzer\u201c<\/li>\n\n\n\n\n<li>Die Schule wird den Sch\u00fcler dann freischalten.<\/li>\n\n\n<\/ul>\n\n\n--><\/p>\n<p>Bei <strong>Fragen<\/strong> wenden Sie sich bitte an die <strong>Mathematik-Lehrkraft der Klasse<\/strong>. <\/p>\n<p>Christiane Wei\u00df<br \/>\n(Fachbetreuerin Mathematik)<\/p>\n","protected":false},"excerpt":{"rendered":"<p>Am RWG gibt es f\u00fcr unsere Sch\u00fcler die M\u00f6glichkeit, ein Online-Trainingsprogramm f\u00fcr Mathematik zu nutzen. Es hei\u00dft Mathegym. Man kann sehr einfach von zuhause aus passende Aufgaben zum Unterricht ausw\u00e4hlen. Beim Bearbeiten erh\u00e4lt man L\u00f6sungshilfen, und wenn man eine Aufgabe richtig bearbeitet, gibt es Punkte daf\u00fcr. Die Nutzung ist f\u00fcr alle RWG-Sch\u00fcler kostenlos, sie wird&hellip;<\/p>\n","protected":false},"author":2,"featured_media":0,"parent":1477,"menu_order":2,"comment_status":"closed","ping_status":"closed","template":"page-templates\/no-sidebar.php","meta":{"footnotes":""},"tags":[],"_links":{"self":[{"href":"https:\/\/www.rwg-bayreuth.de\/home\/index.php?rest_route=\/wp\/v2\/pages\/6804"}],"collection":[{"href":"https:\/\/www.rwg-bayreuth.de\/home\/index.php?rest_route=\/wp\/v2\/pages"}],"about":[{"href":"https:\/\/www.rwg-bayreuth.de\/home\/index.php?rest_route=\/wp\/v2\/types\/page"}],"author":[{"embeddable":true,"href":"https:\/\/www.rwg-bayreuth.de\/home\/index.php?rest_route=\/wp\/v2\/users\/2"}],"replies":[{"embeddable":true,"href":"https:\/\/www.rwg-bayreuth.de\/home\/index.php?rest_route=%2Fwp%2Fv2%2Fcomments&post=6804"}],"version-history":[{"count":22,"href":"https:\/\/www.rwg-bayreuth.de\/home\/index.php?rest_route=\/wp\/v2\/pages\/6804\/revisions"}],"predecessor-version":[{"id":37978,"href":"https:\/\/www.rwg-bayreuth.de\/home\/index.php?rest_route=\/wp\/v2\/pages\/6804\/revisions\/37978"}],"up":[{"embeddable":true,"href":"https:\/\/www.rwg-bayreuth.de\/home\/index.php?rest_route=\/wp\/v2\/pages\/1477"}],"wp:attachment":[{"href":"https:\/\/www.rwg-bayreuth.de\/home\/index.php?rest_route=%2Fwp%2Fv2%2Fmedia&parent=6804"}],"wp:term":[{"taxonomy":"post_tag","embeddable":true,"href":"https:\/\/www.rwg-bayreuth.de\/home\/index.php?rest_route=%2Fwp%2Fv2%2Ftags&post=6804"}],"curies":[{"name":"wp","href":"https:\/\/api.w.org\/{rel}","templated":true}]}}