{"id":6687,"date":"2015-05-06T11:46:27","date_gmt":"2015-05-06T09:46:27","guid":{"rendered":"http:\/\/www.rwg-bayreuth.de\/home\/?page_id=6687"},"modified":"2022-01-19T15:42:11","modified_gmt":"2022-01-19T14:42:11","slug":"mint-seminare","status":"publish","type":"page","link":"https:\/\/www.rwg-bayreuth.de\/home\/?page_id=6687","title":{"rendered":"MINT-Seminare"},"content":{"rendered":"<p>Ausblick auf m\u00f6gliche MINT-Studieng\u00e4nge und MINT-Berufe bieten die W&#x2010; und P-Seminare mit biologischen, chemischen, mathematischen, physikalischen aber auch technischen Schwerpunkten den Sch\u00fclerinnen und Sch\u00fclern ab der Q11 und geben den Lernenden einen Einblick in das wissenschaftliche Arbeiten.<\/p>\n<p>Hier ist ein \u00dcberblick \u00fcber die Jahrg\u00e4nge:<\/p>\n<p><!--\n\n\n\n<h5>Jahrgang 2021\/2023<\/h5>\n\n\n\n\n<ul>\n\t\n\n<li>P-Seminar Mathematik: Planen und Errichten eines Escape Rooms<\/li>\n\n\n\t\n\n<li>P-Seminar Mathematik: Caf\u00e9 \u03c0: Von Sch\u00fclern f\u00fcr Sch\u00fcler erkl\u00e4rt: Spielen, Knobeln, Mathe lernen bei Keks und Kakao<\/li>\n\n\n\t\n\n<li>P-Seminar Chemie: Methoden auf YouTube \u2013 Sch\u00fcler zeigen wie Schule geht<\/li>\n\n\n\t\n\n<li>W-Seminar Physik: Licht und Farbe<\/li>\n\n\n<\/ul>\n\n\n\n--><\/p>\n<h5>Jahrgang 2020\/2022<\/h5>\n<ul>\n<li>P-Seminar Mathematik: Caf\u00e9 \u03c0: Von Sch\u00fclern f\u00fcr Sch\u00fcler erkl\u00e4rt: Spielen, Knobeln, Mathe lernen bei Keks und Kakao<\/li>\n<li>W-Seminar Physik: Energie! Wof\u00fcr? Wie viel? Woher?<\/li>\n<\/ul>\n<h5>Jahrgang 2019\/2021<\/h5>\n<ul>\n<li>P-Seminar Mathematik: Planen und Errichten eines Escape Rooms<\/li>\n<li>P-Seminar Mathematik: Caf\u00e9 \u03c0: Von Sch\u00fclern f\u00fcr Sch\u00fcler erkl\u00e4rt: Spielen, Knobeln, Mathe lernen bei Keks und Kakao<\/li>\n<li>P-Seminar Chemie: Methoden auf YouTube \u2013 Sch\u00fcler zeigen wie Schule geht<\/li>\n<li>W-Seminar Physik: Licht und Farbe<\/li>\n<\/ul>\n<h5>Jahrgang 2018\/2020<\/h5>\n<ul>\n<li>P-Seminar Mathematik: Caf\u00e9 \u03c0: Von Sch\u00fclern f\u00fcr Sch\u00fcler erkl\u00e4rt: Spielen, Knobeln, Mathe lernen bei Keks und Kakao <a href=\"https:\/\/www.rwg-bayreuth.de\/home\/?p=21592\">[mehr&#8230;]<\/a><\/li>\n<li>P-Seminar Chemie: Microscale-Experimente f\u00fcr Sch\u00fcler\u00fcbungen \u2013 Konzeption, Erstellung und Erprobung ausgew\u00e4hlter Experimentiersets<\/li>\n<li>P-Seminar Biologie: Upcycling \u2013 in, um und um das RWG herum<\/li>\n<li>W-Seminar Mathematik: Hilfe zur Selbsthilfe &#8211; \u00dcbungsmaterialien f\u00fcr die Unterstufe erstellt mit LaTeX <a href=\"https:\/\/www.rwg-bayreuth.de\/home\/?page_id=1477#SeminarLaTeX\">[mehr&#8230;]<\/a><\/li>\n<\/ul>\n<h5>Jahrgang 2017\/2019<\/h5>\n<p>W-Seminar Mathematik: Mathematik und Spiele<\/p>\n<h5>Jahrgang 2016\/2018<\/h5>\n<ul>\n<li>P-Seminar Mathematik: Planung, Durchf\u00fchrung und Betreuung eines \u201eMathematikcaf\u00e9s\u201c <a href=\"https:\/\/www.rwg-bayreuth.de\/home\/?page_id=1477#CafePi\">[mehr&#8230;]<\/a><\/li>\n<li>P-Seminar Physik\/Geographie: Geocaching aus geographischer und physikalischer Sicht<\/li>\n<li>W-Seminar Mathematik: Die Welt der Zahlen<\/li>\n<li>W-Seminar Biologie: Untersuchung von Wiesen\u00f6kosystemen<\/li>\n<\/ul>\n<h5>Jahrgang 2015\/2017<\/h5>\n<ul>\n<li>P-Seminar Mathematik: Mathematik zum Anfassen <a href=\"https:\/\/www.rwg-bayreuth.de\/home\/?page_id=6899\">[mehr&#8230;]<\/a><\/li>\n<li>P-Seminar Biologie: Die RWG &#8211; Richtig Wilde Gartenschau! Die Minilandesgartenschau am RWG geht weiter (Teil  2) \u2013 bzw. f\u00e4ngt in Bayreuth erst so richtig an! <\/li>\n<li>W-Seminar Mathematik: S(ch)\u00e4tze der Geometrie <a href=\"https:\/\/www.rwg-bayreuth.de\/home\/?page_id=1477#SchaetzeDerGeometrie\">[mehr&#8230;]<\/a><\/li>\n<\/ul>\n<h5>Jahrgang 2014\/2016<\/h5>\n<ul>\n<li>P-Seminar Chemie: Sch\u00f6n durch Chemie <a href=\"https:\/\/www.rwg-bayreuth.de\/home\/?page_id=6895\">[mehr&#8230;]<\/a><\/li>\n<li>P-Seminar Biologie: Richtig wilde Gartenschau \u2013 Erstellen und Umsetzung eines Konzeptes einer Gartenerlebniswelt im Schulgartenareal im Hinblick auf die Landesgartenschau 2016 <a href=\"https:\/\/www.rwg-bayreuth.de\/home\/?page_id=6897\">[mehr&#8230;]<\/a><\/li>\n<li>P-Seminar Physik: \u201eEnergiesparkonzept 2020\u201c <a href=\"https:\/\/www.rwg-bayreuth.de\/home\/?page_id=6902\">[mehr&#8230;]<\/a><\/li>\n<\/ul>\n<h5>Jahrgang 2013\/2015<\/h5>\n<p>P-Seminar Chemie: Sch\u00f6n durch Chemie <a href=\"https:\/\/www.rwg-bayreuth.de\/home\/?page_id=6895\">[mehr&#8230;]<\/a><\/p>\n","protected":false},"excerpt":{"rendered":"<p>Ausblick auf m\u00f6gliche MINT-Studieng\u00e4nge und MINT-Berufe bieten die W&#x2010; und P-Seminare mit biologischen, chemischen, mathematischen, physikalischen aber auch technischen Schwerpunkten den Sch\u00fclerinnen und Sch\u00fclern ab der Q11 und geben den Lernenden einen Einblick in das wissenschaftliche Arbeiten. Hier ist ein \u00dcberblick \u00fcber die Jahrg\u00e4nge: Jahrgang 2020\/2022 P-Seminar Mathematik: Caf\u00e9 \u03c0: Von Sch\u00fclern f\u00fcr Sch\u00fcler erkl\u00e4rt:&hellip;<\/p>\n","protected":false},"author":2,"featured_media":0,"parent":6833,"menu_order":8,"comment_status":"closed","ping_status":"closed","template":"page-templates\/no-sidebar.php","meta":{"footnotes":""},"tags":[],"_links":{"self":[{"href":"https:\/\/www.rwg-bayreuth.de\/home\/index.php?rest_route=\/wp\/v2\/pages\/6687"}],"collection":[{"href":"https:\/\/www.rwg-bayreuth.de\/home\/index.php?rest_route=\/wp\/v2\/pages"}],"about":[{"href":"https:\/\/www.rwg-bayreuth.de\/home\/index.php?rest_route=\/wp\/v2\/types\/page"}],"author":[{"embeddable":true,"href":"https:\/\/www.rwg-bayreuth.de\/home\/index.php?rest_route=\/wp\/v2\/users\/2"}],"replies":[{"embeddable":true,"href":"https:\/\/www.rwg-bayreuth.de\/home\/index.php?rest_route=%2Fwp%2Fv2%2Fcomments&post=6687"}],"version-history":[{"count":21,"href":"https:\/\/www.rwg-bayreuth.de\/home\/index.php?rest_route=\/wp\/v2\/pages\/6687\/revisions"}],"predecessor-version":[{"id":30356,"href":"https:\/\/www.rwg-bayreuth.de\/home\/index.php?rest_route=\/wp\/v2\/pages\/6687\/revisions\/30356"}],"up":[{"embeddable":true,"href":"https:\/\/www.rwg-bayreuth.de\/home\/index.php?rest_route=\/wp\/v2\/pages\/6833"}],"wp:attachment":[{"href":"https:\/\/www.rwg-bayreuth.de\/home\/index.php?rest_route=%2Fwp%2Fv2%2Fmedia&parent=6687"}],"wp:term":[{"taxonomy":"post_tag","embeddable":true,"href":"https:\/\/www.rwg-bayreuth.de\/home\/index.php?rest_route=%2Fwp%2Fv2%2Ftags&post=6687"}],"curies":[{"name":"wp","href":"https:\/\/api.w.org\/{rel}","templated":true}]}}