{"id":6685,"date":"2015-05-06T11:45:31","date_gmt":"2015-05-06T09:45:31","guid":{"rendered":"http:\/\/www.rwg-bayreuth.de\/home\/?page_id=6685"},"modified":"2025-07-25T15:56:47","modified_gmt":"2025-07-25T13:56:47","slug":"mint-kooperationen","status":"publish","type":"page","link":"https:\/\/www.rwg-bayreuth.de\/home\/?page_id=6685","title":{"rendered":"MINT-Kooperationen"},"content":{"rendered":"<p>In den MINT Fachbereichen kooperiert das RWG eng mit der Universit\u00e4t Bayreuth.<\/p>\n<h5>Praktikumsschule<\/h5>\n<p>Das RWG ist in der besonderen Situation Praktikumsschule in den MINT-F\u00e4chern Biologie, Chemie, Mathematik und Physik zu sein. Im studienbegleitenden fachdidaktischem Praktikum f\u00fcr das Lehramt an Gymnasien nehmen Studierende einmal in der Woche f\u00fcr drei Stunden am Fachunterricht teil, konzipieren und halten eigene Unterrichtsstunden.  Die Praktikumslehrkr\u00e4fte stehen im Anschluss an den Unterricht f\u00fcr Besprechungen zur Verf\u00fcgung und f\u00fchren mit den Studierenden nach Abschluss des Praktikums ein Beratungsgespr\u00e4ch \u00fcber die voraussichtliche Eignung f\u00fcr den Lehrberuf.<\/p>\n<h5>Lernort Universit\u00e4t<\/h5>\n<p><a href=\"https:\/\/www.rwg-bayreuth.de\/home\/wp-content\/uploads\/2014\/07\/Logo-Uni-Bayreuth.png\"><img loading=\"lazy\" decoding=\"async\" src=\"https:\/\/www.rwg-bayreuth.de\/home\/wp-content\/uploads\/2014\/07\/Logo-Uni-Bayreuth.png\" alt=\"\" width=\"640\" height=\"198\" class=\"alignright size-full wp-image-3807\" style=\"max-width: 33%; margin-top: 0pt; margin-bottom: 5pt;\" srcset=\"https:\/\/www.rwg-bayreuth.de\/home\/wp-content\/uploads\/2014\/07\/Logo-Uni-Bayreuth.png 640w, https:\/\/www.rwg-bayreuth.de\/home\/wp-content\/uploads\/2014\/07\/Logo-Uni-Bayreuth-450x139.png 450w, https:\/\/www.rwg-bayreuth.de\/home\/wp-content\/uploads\/2014\/07\/Logo-Uni-Bayreuth-250x77.png 250w, https:\/\/www.rwg-bayreuth.de\/home\/wp-content\/uploads\/2014\/07\/Logo-Uni-Bayreuth-600x186.png 600w\" sizes=\"(max-width: 640px) 100vw, 640px\" \/><\/a>Sch\u00fclergruppen und Klassen nutzen die Uni Bayreuth als au\u00dferschulischen Lernort, indem Veranstaltungen besucht und Praktika durchgef\u00fchrt werden. So wird z.B. das Demonstrationslabor f\u00fcr Gentechnik und Biotechnologie der Didaktik der Biologie f\u00fcr gemeinsame Forschungspraktika in der Q11 oder f\u00fcr die praktische Vorbereitung von Wettbewerbsarbeiten genutzt. <a href=\"https:\/\/www.bayceer.uni-bayreuth.de\/didaktik-bio\/de\/top\/gru\/html.php?id_obj=68242\">[mehr&#8230;]<\/a><\/p>\n<p>Des Weiteren existiert  eine Zusammenarbeit der Fachschaften Chemie am RWG und an der Universit\u00e4t im Rahmen von c#nat: Eine Lehrkraft arbeitet von Beginn an mit in dem c#nat Team. Gemeinsam mit Professoren und Mitarbeitern verschiedener Lehrst\u00fchle der Chemie werden Unterrichtseinheiten erstellt. Schulklassen k\u00f6nnen sich f\u00fcr Besuche an der Universit\u00e4t bewerben und dort im Labor arbeiten.<\/p>\n<p>Seit dem Jahr 2014 findet seitens der Didaktik der Chemie ein neues Gemeinschaftsprojekt oberfr\u00e4nkischer Chemielehrer statt. Es werden Materialkisten f\u00fcr Sch\u00fcler zum selbstorganisiertem Lernen erstellt.<br \/>\nRegelm\u00e4\u00dfig werden Sch\u00fclerinnen und Sch\u00fcler zu universit\u00e4ren Angeboten informiert, z.B. Schnupperstudium Chemie, GIRLS und BOYS-Day, Hochschultag, MuT, Kinderuni<\/p>\n<h5>FabLab-Bayreuth<\/h5>\n<p><a href=\"http:\/\/www.fablab-bayreuth.de\/\"><img loading=\"lazy\" decoding=\"async\" src=\"https:\/\/www.rwg-bayreuth.de\/home\/wp-content\/uploads\/2025\/07\/Logo_FabLab-Bth-e1753429180285.jpg\" alt=\"\" width=\"1107\" height=\"365\" class=\"alignright size-full wp-image-39265\" style=\"max-width: 33%; margin-top: 0pt; margin-bottom: 0pt;\" srcset=\"https:\/\/www.rwg-bayreuth.de\/home\/wp-content\/uploads\/2025\/07\/Logo_FabLab-Bth-e1753429180285.jpg 1107w, https:\/\/www.rwg-bayreuth.de\/home\/wp-content\/uploads\/2025\/07\/Logo_FabLab-Bth-e1753429180285-150x49.jpg 150w, https:\/\/www.rwg-bayreuth.de\/home\/wp-content\/uploads\/2025\/07\/Logo_FabLab-Bth-e1753429180285-450x148.jpg 450w, https:\/\/www.rwg-bayreuth.de\/home\/wp-content\/uploads\/2025\/07\/Logo_FabLab-Bth-e1753429180285-768x253.jpg 768w, https:\/\/www.rwg-bayreuth.de\/home\/wp-content\/uploads\/2025\/07\/Logo_FabLab-Bth-e1753429180285-1024x338.jpg 1024w, https:\/\/www.rwg-bayreuth.de\/home\/wp-content\/uploads\/2025\/07\/Logo_FabLab-Bth-e1753429180285-250x82.jpg 250w, https:\/\/www.rwg-bayreuth.de\/home\/wp-content\/uploads\/2025\/07\/Logo_FabLab-Bth-e1753429180285-600x198.jpg 600w\" sizes=\"(max-width: 1107px) 100vw, 1107px\" \/><\/a>Das RWG ist eine FabLab-Bayreuth-MINT-Partnerschule und arbeitet im Bereich der Nachwuchsf\u00f6rderung eng mit der offenen Hightechwerkstatt zusammen. <\/p>\n<ul class=\"linkliste clear\">\n<li><a href=\"http:\/\/www.fablab-bayreuth.de\/\" rel=\"noopener\" target=\"_blank\">Website FabLab-Bayreuth<\/a><\/li>\n<li><a href=\"https:\/\/www.fablab-bayreuth.de\/pdfs\/Flyer_03-2020.pdf\" rel=\"noopener\" target=\"_blank\">Flyer FabLab-Bayreuth<\/a><\/li>\n<\/ul>\n<h5 class=\"clear\">Zusammenarbeit mit anderen Schulen<\/h5>\n<p>Durch die Aufnahme in das NaWigator Netzwerk ergab sich ein Austausch mit den anderen bundesweiten NaWigator-Schulen und dem IPN in Kiel. Zudem konnte die Luitpoldschule als Tandemschule gewonnen werden. <\/p>\n<p>Eine andere Kooperationsform ist das Projekt DELTAPlus. Mit diesem Projekt wird naturwissenschaftliches Unterrichten und der Austausch zwischen den Lehrern verschiedener Schulen gef\u00f6rdert. <a href=\"https:\/\/www.rwg-bayreuth.de\/home\/?page_id=6890\">[mehr&#8230;]<\/a><\/p>\n<h5>Berufsorientierung<\/h5>\n<p>Bei den Berufsmessen des RWG erhalten die Sch\u00fcler der Oberstufe eine Berufsorientierung. Zu den Firmen und Einrichtungen, die sich an der Messe beteiligen, geh\u00f6ren regelm\u00e4\u00dfig auch solche aus dem MINT-Bereich. Dadurch erhalten die Sch\u00fcler konkrete Informationen \u00fcber naturwissenschaftliche Berufsfelder. <a href=\"https:\/\/www.rwg-bayreuth.de\/home\/?page_id=3098\">[mehr zur Berufsorientierung am RWG&#8230;]<\/a><\/p>\n<h5>Eltern-Expertenpool<\/h5>\n<p style=\"margin-bottom: 0px\">Im Schuljahr 2011\/12 wurde am RWG der Elternexpertenpool angelegt. Eltern wurden dazu aufgerufen, sich mehr als bisher in die Arbeit der Schulfamilie einzubringen. So wurden Eltern gesucht, die<\/p>\n<ul>\n<li>einen interessanten Beruf aus\u00fcben und Sch\u00fclerinnen und Sch\u00fclern der Oberstufe an einem Infoabend oder einer schuleigenen Berufsmesse dar\u00fcber berichten<\/li>\n<li>besondere F\u00e4higkeiten oder Hobbys besitzen, die sie gerne an Sch\u00fclerinnen und Sch\u00fcler weitervermitteln wollen<\/li>\n<li>\u00fcber Kontakte zu Beh\u00f6rden, Firmen, Betrieben etc. verf\u00fcgen, die f\u00fcr einen Unterrichtsbesuch oder ein Schulprojekt von Interesse w\u00e4ren<\/li>\n<li>handwerklich begabt sind und sich gerne bei kleinen Renovierungsarbeiten im Schulhaus, bei Schulfesten, Theaterauff\u00fchrungen, im Schulgarten, oder engagieren w\u00fcrden<\/li>\n<\/ul>\n<p>Im Rahmen diese Expertenpools, der in diesem Schuljahr in \u201eElternfundus\u201c umbenannt wurde, befinden sich auch  M\u00fctter mit naturwissenschaftlichen und technischen Berufen. Diese referieren an Berufsinformationsveranstaltungen der Schule f\u00fcr die Oberstufe und fungieren als MINT-Botschafterinnen.  So wurden z. B. die Berufszweige Wirtschaftsingenieurwesen, Biotechnologie, Architektur, Energiewesen, Medizin und Psychologie von Frauen vorgestellt und dadurch gerade den Sch\u00fclerinnen demonstriert, dass sich auch Frauen in solchen Disziplinen behaupten. Weitere naturwissenschaftliche und technische Berufe wurden von V\u00e4tern vorgestellt. \u00dcber diesen Expertenpool k\u00f6nnen auch Betriebsbesichtigungen oder \u201eSchnupperpraktika\u201c arrangiert werden. Auch dies wird von einzelnen Sch\u00fclerinnen und Sch\u00fclern gerne angenommen. Weiterhin werden Studieng\u00e4nge in MINT-F\u00e4chern im Rahmen der Berufs- und Studienorientierung von der Referentin Frau Bernard von der Universit\u00e4t Bayreuth nochmals detailliert vorgestellt.<\/p>\n","protected":false},"excerpt":{"rendered":"<p>In den MINT Fachbereichen kooperiert das RWG eng mit der Universit\u00e4t Bayreuth. Praktikumsschule Das RWG ist in der besonderen Situation Praktikumsschule in den MINT-F\u00e4chern Biologie, Chemie, Mathematik und Physik zu sein. Im studienbegleitenden fachdidaktischem Praktikum f\u00fcr das Lehramt an Gymnasien nehmen Studierende einmal in der Woche f\u00fcr drei Stunden am Fachunterricht teil, konzipieren und halten&hellip;<\/p>\n","protected":false},"author":2,"featured_media":0,"parent":6833,"menu_order":7,"comment_status":"closed","ping_status":"closed","template":"page-templates\/no-sidebar.php","meta":{"footnotes":""},"tags":[],"_links":{"self":[{"href":"https:\/\/www.rwg-bayreuth.de\/home\/index.php?rest_route=\/wp\/v2\/pages\/6685"}],"collection":[{"href":"https:\/\/www.rwg-bayreuth.de\/home\/index.php?rest_route=\/wp\/v2\/pages"}],"about":[{"href":"https:\/\/www.rwg-bayreuth.de\/home\/index.php?rest_route=\/wp\/v2\/types\/page"}],"author":[{"embeddable":true,"href":"https:\/\/www.rwg-bayreuth.de\/home\/index.php?rest_route=\/wp\/v2\/users\/2"}],"replies":[{"embeddable":true,"href":"https:\/\/www.rwg-bayreuth.de\/home\/index.php?rest_route=%2Fwp%2Fv2%2Fcomments&post=6685"}],"version-history":[{"count":26,"href":"https:\/\/www.rwg-bayreuth.de\/home\/index.php?rest_route=\/wp\/v2\/pages\/6685\/revisions"}],"predecessor-version":[{"id":39287,"href":"https:\/\/www.rwg-bayreuth.de\/home\/index.php?rest_route=\/wp\/v2\/pages\/6685\/revisions\/39287"}],"up":[{"embeddable":true,"href":"https:\/\/www.rwg-bayreuth.de\/home\/index.php?rest_route=\/wp\/v2\/pages\/6833"}],"wp:attachment":[{"href":"https:\/\/www.rwg-bayreuth.de\/home\/index.php?rest_route=%2Fwp%2Fv2%2Fmedia&parent=6685"}],"wp:term":[{"taxonomy":"post_tag","embeddable":true,"href":"https:\/\/www.rwg-bayreuth.de\/home\/index.php?rest_route=%2Fwp%2Fv2%2Ftags&post=6685"}],"curies":[{"name":"wp","href":"https:\/\/api.w.org\/{rel}","templated":true}]}}