{"id":6681,"date":"2015-05-06T11:41:59","date_gmt":"2015-05-06T09:41:59","guid":{"rendered":"http:\/\/www.rwg-bayreuth.de\/home\/?page_id=6681"},"modified":"2019-05-20T13:35:09","modified_gmt":"2019-05-20T11:35:09","slug":"mint-foerderung","status":"publish","type":"page","link":"https:\/\/www.rwg-bayreuth.de\/home\/?page_id=6681","title":{"rendered":"MINT-F\u00f6rderung"},"content":{"rendered":"<p>Das Richard-Wagner-Gymnasium bietet im MINT-Bereich den Sch\u00fclerinnen und Sch\u00fclern vielf\u00e4ltige F\u00f6rderm\u00f6glichkeiten an:<\/p>\n<ul class=\"linkliste\">\n<li class=\"top\"><a href=\"https:\/\/www.rwg-bayreuth.de\/home\/?page_id=6843\">Begabtenkurs &#8222;Chemieexperten&#8220;<\/a><\/li>\n<li><a href=\"https:\/\/www.rwg-bayreuth.de\/home\/?page_id=2507\">NaWigator<\/a><\/li>\n<li><a href=\"https:\/\/www.rwg-bayreuth.de\/home\/?page_id=6846\">Wettbewerbstag<\/a><\/li>\n<li><a href=\"https:\/\/www.rwg-bayreuth.de\/home\/?page_id=6839\">Individuelle F\u00f6rderung<\/a><\/li>\n<\/ul>\n","protected":false},"excerpt":{"rendered":"<p>Das Richard-Wagner-Gymnasium bietet im MINT-Bereich den Sch\u00fclerinnen und Sch\u00fclern vielf\u00e4ltige F\u00f6rderm\u00f6glichkeiten an: Begabtenkurs &#8222;Chemieexperten&#8220; NaWigator Wettbewerbstag Individuelle F\u00f6rderung<\/p>\n","protected":false},"author":2,"featured_media":0,"parent":6833,"menu_order":6,"comment_status":"closed","ping_status":"closed","template":"page-templates\/no-sidebar.php","meta":{"footnotes":""},"tags":[],"_links":{"self":[{"href":"https:\/\/www.rwg-bayreuth.de\/home\/index.php?rest_route=\/wp\/v2\/pages\/6681"}],"collection":[{"href":"https:\/\/www.rwg-bayreuth.de\/home\/index.php?rest_route=\/wp\/v2\/pages"}],"about":[{"href":"https:\/\/www.rwg-bayreuth.de\/home\/index.php?rest_route=\/wp\/v2\/types\/page"}],"author":[{"embeddable":true,"href":"https:\/\/www.rwg-bayreuth.de\/home\/index.php?rest_route=\/wp\/v2\/users\/2"}],"replies":[{"embeddable":true,"href":"https:\/\/www.rwg-bayreuth.de\/home\/index.php?rest_route=%2Fwp%2Fv2%2Fcomments&post=6681"}],"version-history":[{"count":7,"href":"https:\/\/www.rwg-bayreuth.de\/home\/index.php?rest_route=\/wp\/v2\/pages\/6681\/revisions"}],"predecessor-version":[{"id":21834,"href":"https:\/\/www.rwg-bayreuth.de\/home\/index.php?rest_route=\/wp\/v2\/pages\/6681\/revisions\/21834"}],"up":[{"embeddable":true,"href":"https:\/\/www.rwg-bayreuth.de\/home\/index.php?rest_route=\/wp\/v2\/pages\/6833"}],"wp:attachment":[{"href":"https:\/\/www.rwg-bayreuth.de\/home\/index.php?rest_route=%2Fwp%2Fv2%2Fmedia&parent=6681"}],"wp:term":[{"taxonomy":"post_tag","embeddable":true,"href":"https:\/\/www.rwg-bayreuth.de\/home\/index.php?rest_route=%2Fwp%2Fv2%2Ftags&post=6681"}],"curies":[{"name":"wp","href":"https:\/\/api.w.org\/{rel}","templated":true}]}}