{"id":6679,"date":"2015-05-06T11:41:41","date_gmt":"2015-05-06T09:41:41","guid":{"rendered":"http:\/\/www.rwg-bayreuth.de\/home\/?page_id=6679"},"modified":"2025-05-22T17:31:30","modified_gmt":"2025-05-22T15:31:30","slug":"mint-wettbewerbe","status":"publish","type":"page","link":"https:\/\/www.rwg-bayreuth.de\/home\/?page_id=6679","title":{"rendered":"MINT-Wettbewerbe"},"content":{"rendered":"<p>Wettbewerbe sind motivierend, weil sie dazu anregen, sich mit anderen vergleichen zu wollen. Und wer m\u00f6chte nicht gerne Sieger sein? Dies ist eine nicht zu untersch\u00e4tzende Motivation, und gelernt wird obendrein. Deshalb finden im MINT-Bereich am RWG regelm\u00e4\u00dfig Wettbewerbe statt.<\/p>\n<ul class=\"linkliste\">\n<li class=\"top\"><a href=\"https:\/\/www.rwg-bayreuth.de\/home\/?page_id=6849\">Experimente antworten<\/a><\/li>\n<li><a href=\"https:\/\/www.rwg-bayreuth.de\/home\/?page_id=6853\">Wettbewerb &#8222;Jugend forscht&#8220;<\/a><\/li>\n<li><a href=\"https:\/\/www.rwg-bayreuth.de\/home\/?page_id=6856\">Internationale Junior Science Olympiade<\/a><\/li>\n<li><a href=\"https:\/\/www.rwg-bayreuth.de\/home\/?p=12254\">K\u00e4nguru der Mathematik<\/a><\/li>\n<li><a href=\"https:\/\/www.rwg-bayreuth.de\/home\/?page_id=38934\">Informatik-Biber<\/a><\/li>\n<li><a href=\"https:\/\/www.rwg-bayreuth.de\/home\/?page_id=38965\">Mathe im Advent<\/a><\/li>\n<li><a href=\"https:\/\/www.rwg-bayreuth.de\/home\/?page_id=6871\">Adam-Ries-Wettbewerb f\u00fcr Mathematik<\/a><\/li>\n<li><a href=\"https:\/\/www.rwg-bayreuth.de\/home\/?p=19845\">F\u00dcMO<\/a><\/li>\n<li>\n<p class=\"ohne\">Tag der Mathematik<\/p>\n<\/li>\n<\/ul>\n","protected":false},"excerpt":{"rendered":"<p>Wettbewerbe sind motivierend, weil sie dazu anregen, sich mit anderen vergleichen zu wollen. Und wer m\u00f6chte nicht gerne Sieger sein? Dies ist eine nicht zu untersch\u00e4tzende Motivation, und gelernt wird obendrein. Deshalb finden im MINT-Bereich am RWG regelm\u00e4\u00dfig Wettbewerbe statt. Experimente antworten Wettbewerb &#8222;Jugend forscht&#8220; Internationale Junior Science Olympiade K\u00e4nguru der Mathematik Informatik-Biber Mathe im&hellip;<\/p>\n","protected":false},"author":2,"featured_media":0,"parent":6833,"menu_order":4,"comment_status":"closed","ping_status":"closed","template":"page-templates\/no-sidebar.php","meta":{"footnotes":""},"tags":[],"_links":{"self":[{"href":"https:\/\/www.rwg-bayreuth.de\/home\/index.php?rest_route=\/wp\/v2\/pages\/6679"}],"collection":[{"href":"https:\/\/www.rwg-bayreuth.de\/home\/index.php?rest_route=\/wp\/v2\/pages"}],"about":[{"href":"https:\/\/www.rwg-bayreuth.de\/home\/index.php?rest_route=\/wp\/v2\/types\/page"}],"author":[{"embeddable":true,"href":"https:\/\/www.rwg-bayreuth.de\/home\/index.php?rest_route=\/wp\/v2\/users\/2"}],"replies":[{"embeddable":true,"href":"https:\/\/www.rwg-bayreuth.de\/home\/index.php?rest_route=%2Fwp%2Fv2%2Fcomments&post=6679"}],"version-history":[{"count":18,"href":"https:\/\/www.rwg-bayreuth.de\/home\/index.php?rest_route=\/wp\/v2\/pages\/6679\/revisions"}],"predecessor-version":[{"id":39027,"href":"https:\/\/www.rwg-bayreuth.de\/home\/index.php?rest_route=\/wp\/v2\/pages\/6679\/revisions\/39027"}],"up":[{"embeddable":true,"href":"https:\/\/www.rwg-bayreuth.de\/home\/index.php?rest_route=\/wp\/v2\/pages\/6833"}],"wp:attachment":[{"href":"https:\/\/www.rwg-bayreuth.de\/home\/index.php?rest_route=%2Fwp%2Fv2%2Fmedia&parent=6679"}],"wp:term":[{"taxonomy":"post_tag","embeddable":true,"href":"https:\/\/www.rwg-bayreuth.de\/home\/index.php?rest_route=%2Fwp%2Fv2%2Ftags&post=6679"}],"curies":[{"name":"wp","href":"https:\/\/api.w.org\/{rel}","templated":true}]}}