{"id":6677,"date":"2015-05-06T11:41:17","date_gmt":"2015-05-06T09:41:17","guid":{"rendered":"http:\/\/www.rwg-bayreuth.de\/home\/?page_id=6677"},"modified":"2020-02-20T09:57:57","modified_gmt":"2020-02-20T08:57:57","slug":"mint-wahlfaecher-und-ags","status":"publish","type":"page","link":"https:\/\/www.rwg-bayreuth.de\/home\/?page_id=6677","title":{"rendered":"MINT-Wahlf\u00e4cher und AGs"},"content":{"rendered":"<p>Im Bereich der MINT-F\u00e4cher gibt es am Richard-Wagner-Gymnasium eine ganze Reihe attraktiver Wahlf\u00e4cher, welche den Sch\u00fclern, egal ob Junge oder M\u00e4dchen, offenstehen:<\/p>\n<ul class=\"linkliste\">\n<li class=\"top\"><a href=\"https:\/\/www.rwg-bayreuth.de\/home\/?page_id=6967\">ChemKids<\/a><\/li>\n<li>\n<p class=\"ohne\"  >Robotik<\/p>\n<\/li>\n<li><a href=\"https:\/\/www.rwg-bayreuth.de\/home\/?page_id=6974\">Schulgarten<\/a><\/li>\n<\/ul>\n<p><!--\n\n\n<p style=\"padding-left: 30px;\"><a href=\"https:\/\/www.rwg-bayreuth.de\/home\/?page_id=6967\">Chemkids<\/a><\/p>\n\n\n\n\n<p style=\"padding-left: 30px;\">Robotik<\/p>\n\n\n\n\n<p style=\"padding-left: 30px;\"><a href=\"https:\/\/www.rwg-bayreuth.de\/home\/?page_id=6972\">Leonardo<\/a><\/p>\n\n\n\n\n<p style=\"padding-left: 30px;\"><a href=\"https:\/\/www.rwg-bayreuth.de\/home\/?page_id=6974\">Schulgarten<\/a><\/p>\n\n--><\/p>\n","protected":false},"excerpt":{"rendered":"<p>Im Bereich der MINT-F\u00e4cher gibt es am Richard-Wagner-Gymnasium eine ganze Reihe attraktiver Wahlf\u00e4cher, welche den Sch\u00fclern, egal ob Junge oder M\u00e4dchen, offenstehen: ChemKids Robotik Schulgarten<\/p>\n","protected":false},"author":2,"featured_media":0,"parent":6833,"menu_order":3,"comment_status":"closed","ping_status":"closed","template":"page-templates\/no-sidebar.php","meta":{"footnotes":""},"tags":[],"_links":{"self":[{"href":"https:\/\/www.rwg-bayreuth.de\/home\/index.php?rest_route=\/wp\/v2\/pages\/6677"}],"collection":[{"href":"https:\/\/www.rwg-bayreuth.de\/home\/index.php?rest_route=\/wp\/v2\/pages"}],"about":[{"href":"https:\/\/www.rwg-bayreuth.de\/home\/index.php?rest_route=\/wp\/v2\/types\/page"}],"author":[{"embeddable":true,"href":"https:\/\/www.rwg-bayreuth.de\/home\/index.php?rest_route=\/wp\/v2\/users\/2"}],"replies":[{"embeddable":true,"href":"https:\/\/www.rwg-bayreuth.de\/home\/index.php?rest_route=%2Fwp%2Fv2%2Fcomments&post=6677"}],"version-history":[{"count":23,"href":"https:\/\/www.rwg-bayreuth.de\/home\/index.php?rest_route=\/wp\/v2\/pages\/6677\/revisions"}],"predecessor-version":[{"id":24304,"href":"https:\/\/www.rwg-bayreuth.de\/home\/index.php?rest_route=\/wp\/v2\/pages\/6677\/revisions\/24304"}],"up":[{"embeddable":true,"href":"https:\/\/www.rwg-bayreuth.de\/home\/index.php?rest_route=\/wp\/v2\/pages\/6833"}],"wp:attachment":[{"href":"https:\/\/www.rwg-bayreuth.de\/home\/index.php?rest_route=%2Fwp%2Fv2%2Fmedia&parent=6677"}],"wp:term":[{"taxonomy":"post_tag","embeddable":true,"href":"https:\/\/www.rwg-bayreuth.de\/home\/index.php?rest_route=%2Fwp%2Fv2%2Ftags&post=6677"}],"curies":[{"name":"wp","href":"https:\/\/api.w.org\/{rel}","templated":true}]}}