{"id":6669,"date":"2015-05-06T11:40:15","date_gmt":"2015-05-06T09:40:15","guid":{"rendered":"http:\/\/www.rwg-bayreuth.de\/home\/?page_id=6669"},"modified":"2019-05-22T19:00:11","modified_gmt":"2019-05-22T17:00:11","slug":"mint-fachbereiche","status":"publish","type":"page","link":"https:\/\/www.rwg-bayreuth.de\/home\/?page_id=6669","title":{"rendered":"MINT-Fachbereiche"},"content":{"rendered":"<p><a href=\"https:\/\/www.rwg-bayreuth.de\/home\/wp-content\/uploads\/2015\/05\/Fachbereiche_web.jpg\"><img loading=\"lazy\" decoding=\"async\" src=\"https:\/\/www.rwg-bayreuth.de\/home\/wp-content\/uploads\/2015\/05\/Fachbereiche_web.jpg\" alt=\"Fachbereiche_web\" width=\"599\" height=\"191\" class=\"aligncenter size-full wp-image-6965\" srcset=\"https:\/\/www.rwg-bayreuth.de\/home\/wp-content\/uploads\/2015\/05\/Fachbereiche_web.jpg 599w, https:\/\/www.rwg-bayreuth.de\/home\/wp-content\/uploads\/2015\/05\/Fachbereiche_web-150x48.jpg 150w, https:\/\/www.rwg-bayreuth.de\/home\/wp-content\/uploads\/2015\/05\/Fachbereiche_web-450x143.jpg 450w, https:\/\/www.rwg-bayreuth.de\/home\/wp-content\/uploads\/2015\/05\/Fachbereiche_web-250x80.jpg 250w\" sizes=\"(max-width: 599px) 100vw, 599px\" \/><\/a><\/p>\n<p>Grundlage f\u00fcr Ausbildung in den MINT-F\u00e4chern bildet ein sch\u00fcleraktivierender Fachunterricht, der besonders in Chemie und Physik in hochmodern ausgestatteten Fachr\u00e4umen stattfindet. In den MINT-F\u00e4chern werden nicht nur fachliche Kompetenzen, sondern auch Sozial&#x2010;, Methoden&#x2010; und Medienkompetenz vermittelt. Dabei sollen die Sch\u00fclerinnen und Sch\u00fcler nach ihren F\u00e4higkeiten und Bed\u00fcrfnissen gef\u00f6rdert und gefordert werden.<\/p>\n<h6>Die MINT-F\u00e4cher sind<\/h6>\n<ul class=\"linkliste\">\n<li class=\"top\"><a href=\"https:\/\/www.rwg-bayreuth.de\/home\/?page_id=2670\">Biologie<\/a><\/li>\n<li><a href=\"https:\/\/www.rwg-bayreuth.de\/home\/?page_id=2656\">Chemie<\/a><\/li>\n<li><a href=\"https:\/\/www.rwg-bayreuth.de\/home\/?page_id=2538\">Geografie<\/a><\/li>\n<li><a href=\"https:\/\/www.rwg-bayreuth.de\/home\/?page_id=6909\">Informatik<\/a><\/li>\n<li><a href=\"https:\/\/www.rwg-bayreuth.de\/home\/?page_id=1477\">Mathematik<\/a><\/li>\n<li><a href=\"https:\/\/www.rwg-bayreuth.de\/home\/?page_id=2677\">Natur und Technik (NuT)<\/a><\/li>\n<li><a href=\"https:\/\/www.rwg-bayreuth.de\/home\/?page_id=2773\">Physik<\/a><\/li>\n<li><a href=\"https:\/\/www.rwg-bayreuth.de\/home\/?page_id=21958\">Profilfach &#8222;Forschen und Entdecken&#8220;<\/a><\/li>\n<\/ul>\n","protected":false},"excerpt":{"rendered":"<p>Grundlage f\u00fcr Ausbildung in den MINT-F\u00e4chern bildet ein sch\u00fcleraktivierender Fachunterricht, der besonders in Chemie und Physik in hochmodern ausgestatteten Fachr\u00e4umen stattfindet. In den MINT-F\u00e4chern werden nicht nur fachliche Kompetenzen, sondern auch Sozial&#x2010;, Methoden&#x2010; und Medienkompetenz vermittelt. Dabei sollen die Sch\u00fclerinnen und Sch\u00fcler nach ihren F\u00e4higkeiten und Bed\u00fcrfnissen gef\u00f6rdert und gefordert werden. Die MINT-F\u00e4cher sind Biologie&hellip;<\/p>\n","protected":false},"author":2,"featured_media":0,"parent":6833,"menu_order":1,"comment_status":"closed","ping_status":"closed","template":"page-templates\/no-sidebar.php","meta":{"footnotes":""},"tags":[],"_links":{"self":[{"href":"https:\/\/www.rwg-bayreuth.de\/home\/index.php?rest_route=\/wp\/v2\/pages\/6669"}],"collection":[{"href":"https:\/\/www.rwg-bayreuth.de\/home\/index.php?rest_route=\/wp\/v2\/pages"}],"about":[{"href":"https:\/\/www.rwg-bayreuth.de\/home\/index.php?rest_route=\/wp\/v2\/types\/page"}],"author":[{"embeddable":true,"href":"https:\/\/www.rwg-bayreuth.de\/home\/index.php?rest_route=\/wp\/v2\/users\/2"}],"replies":[{"embeddable":true,"href":"https:\/\/www.rwg-bayreuth.de\/home\/index.php?rest_route=%2Fwp%2Fv2%2Fcomments&post=6669"}],"version-history":[{"count":12,"href":"https:\/\/www.rwg-bayreuth.de\/home\/index.php?rest_route=\/wp\/v2\/pages\/6669\/revisions"}],"predecessor-version":[{"id":21967,"href":"https:\/\/www.rwg-bayreuth.de\/home\/index.php?rest_route=\/wp\/v2\/pages\/6669\/revisions\/21967"}],"up":[{"embeddable":true,"href":"https:\/\/www.rwg-bayreuth.de\/home\/index.php?rest_route=\/wp\/v2\/pages\/6833"}],"wp:attachment":[{"href":"https:\/\/www.rwg-bayreuth.de\/home\/index.php?rest_route=%2Fwp%2Fv2%2Fmedia&parent=6669"}],"wp:term":[{"taxonomy":"post_tag","embeddable":true,"href":"https:\/\/www.rwg-bayreuth.de\/home\/index.php?rest_route=%2Fwp%2Fv2%2Ftags&post=6669"}],"curies":[{"name":"wp","href":"https:\/\/api.w.org\/{rel}","templated":true}]}}