{"id":434,"date":"2012-04-21T13:16:28","date_gmt":"2012-04-21T11:16:28","guid":{"rendered":"http:\/\/www.rwg-bayreuth.de\/home\/?page_id=434"},"modified":"2025-09-23T16:04:57","modified_gmt":"2025-09-23T14:04:57","slug":"das-rwg-in-kurze","status":"publish","type":"page","link":"https:\/\/www.rwg-bayreuth.de\/home\/?page_id=434","title":{"rendered":"Das RWG in K\u00fcrze"},"content":{"rendered":"<p><!--<img loading=\"lazy\" decoding=\"async\" src=\"https:\/\/www.rwg-bayreuth.de\/home\/wp-content\/uploads\/2017\/03\/RWG-Button.jpg\" alt=\"\" width=\"2200\" height=\"688\" class=\"alignnone size-full wp-image-14531\" srcset=\"https:\/\/www.rwg-bayreuth.de\/home\/wp-content\/uploads\/2017\/03\/RWG-Button.jpg 2200w, https:\/\/www.rwg-bayreuth.de\/home\/wp-content\/uploads\/2017\/03\/RWG-Button-150x47.jpg 150w, https:\/\/www.rwg-bayreuth.de\/home\/wp-content\/uploads\/2017\/03\/RWG-Button-450x141.jpg 450w, https:\/\/www.rwg-bayreuth.de\/home\/wp-content\/uploads\/2017\/03\/RWG-Button-768x240.jpg 768w, https:\/\/www.rwg-bayreuth.de\/home\/wp-content\/uploads\/2017\/03\/RWG-Button-1024x320.jpg 1024w, https:\/\/www.rwg-bayreuth.de\/home\/wp-content\/uploads\/2017\/03\/RWG-Button-250x78.jpg 250w, https:\/\/www.rwg-bayreuth.de\/home\/wp-content\/uploads\/2017\/03\/RWG-Button-600x188.jpg 600w\" sizes=\"(max-width: 2200px) 100vw, 2200px\" \/>\n\n--><\/p>\n<h6>Das RWG hat drei Schulzweige:<\/h6>\n<ul>\n<li><a href=\"https:\/\/www.rwg-bayreuth.de\/home\/wp-content\/uploads\/2020\/02\/RWG-Wahlm\u00f6glichkeiten.png\"><img decoding=\"async\" src=\"https:\/\/www.rwg-bayreuth.de\/home\/wp-content\/uploads\/2020\/02\/RWG-Wahlm\u00f6glichkeiten.png\" alt=\"\" width=\"450\"  class=\"alignright size-full wp-image-24105\" style=\"max-width: 40%\" srcset=\"https:\/\/www.rwg-bayreuth.de\/home\/wp-content\/uploads\/2020\/02\/RWG-Wahlm\u00f6glichkeiten.png 3786w, https:\/\/www.rwg-bayreuth.de\/home\/wp-content\/uploads\/2020\/02\/RWG-Wahlm\u00f6glichkeiten-450x253.png 450w, https:\/\/www.rwg-bayreuth.de\/home\/wp-content\/uploads\/2020\/02\/RWG-Wahlm\u00f6glichkeiten-1024x576.png 1024w, https:\/\/www.rwg-bayreuth.de\/home\/wp-content\/uploads\/2020\/02\/RWG-Wahlm\u00f6glichkeiten-768x432.png 768w, https:\/\/www.rwg-bayreuth.de\/home\/wp-content\/uploads\/2020\/02\/RWG-Wahlm\u00f6glichkeiten-1536x865.png 1536w, https:\/\/www.rwg-bayreuth.de\/home\/wp-content\/uploads\/2020\/02\/RWG-Wahlm\u00f6glichkeiten-2048x1153.png 2048w, https:\/\/www.rwg-bayreuth.de\/home\/wp-content\/uploads\/2020\/02\/RWG-Wahlm\u00f6glichkeiten-250x141.png 250w, https:\/\/www.rwg-bayreuth.de\/home\/wp-content\/uploads\/2020\/02\/RWG-Wahlm\u00f6glichkeiten-1260x709.png 1260w, https:\/\/www.rwg-bayreuth.de\/home\/wp-content\/uploads\/2020\/02\/RWG-Wahlm\u00f6glichkeiten-800x450.png 800w, https:\/\/www.rwg-bayreuth.de\/home\/wp-content\/uploads\/2020\/02\/RWG-Wahlm\u00f6glichkeiten-600x338.png 600w\" sizes=\"(max-width: 3786px) 100vw, 3786px\" \/><\/a>sprachlich (E \u2013 L\/F \u2013 It\/Sp; drei moderne Fremdsprachen sind m\u00f6glich)<\/li>\n<li>wirtschaftswissenschaftlich<\/li>\n<li>sozialwissenschaftlich<\/li>\n<p><a href=\"https:\/\/www.rwg-bayreuth.de\/home\/?page_id=79\">Weitere Informationen \u00fcber Zweige und Schulprofil<\/a><\/ul>\n<h6>Zu Beginn des Schuljahrs hatte das RWG:<\/h6>\n<ul>\n<li>ca. 830 Sch\u00fclerinnen und Sch\u00fcler<\/li>\n<li>ca. 85 Lehrkr\u00e4fte<\/li>\n<li>30 Klassen (5 &#8211; 11)<\/li>\n<li>96 Sch\u00fclerinnen und Sch\u00fcler in der Q12, 46 in der Q13<\/li>\n<li>durchschnittliche Klassengr\u00f6\u00dfe: 22,9 Sch\u00fclerinnen und Sch\u00fcler<\/li>\n<\/ul>\n<h6>Das RWG liegt verkehrsg\u00fcnstig mitten in der Stadt.<\/h6>\n<p><a href=\"https:\/\/www.rwg-bayreuth.de\/home\/?page_id=14021\">Weitere Informationen zur Lage und unsere Kontaktdaten<\/a><\/p>\n<h6>Die Schule wurde 1867 gegr\u00fcndet.<\/h6>\n<p><a href=\"https:\/\/www.rwg-bayreuth.de\/home\/?page_id=10746\">Weitere Informationen zur Schulgeschichte<\/a><\/p>\n<h6>Die Schule ist Seminarschule f\u00fcr Deutsch, Englisch, Geographie, Geschichte und Italienisch.<\/h6>\n<p><a href=\"https:\/\/www.rwg-bayreuth.de\/home\/?page_id=97\">Weitere Informationen zum Seminar<\/a><br \/>\n<strong><br \/>\nMehr Informationen finden Sie auf unserem Schulflyer<\/strong><br \/>\n<a href=\"https:\/\/www.rwg-bayreuth.de\/home\/wp-content\/uploads\/2019\/02\/RWG-Flyer-aktuell.pdf\">zum RWG-Flyer<\/a><\/p>\n<p>Viele bunte, interessante und kurzweilige Informationen zum aktuellen Schulleben am RWG finden Sie in unseren <a href=\"https:\/\/www.rwg-bayreuth.de\/home\/?page_id=3915\">Beitr\u00e4gen zum Schulleben<\/a>. Die neusten Beitr\u00e4ge finden Sie zus\u00e4tzlich direkt auf der <a href=\"https:\/\/www.rwg-bayreuth.de\/home\/\">Startseite unserer Website<\/a>.<\/p>\n<p><!--\n\n\n<h6>Kontakt:<\/h6>\n\n\nRichard-Wagner-Gymnasium Bayreuth\nWittelsbacherring 9\n95444 Bayreuth\n\nSchulnummer: 0042\n\nTel.: <a href=\"tel:+49921759850\">0921&nbsp;75985-0<\/a>\nFax: 0921 75985-30\nMail: verwaltung(at)rwg-bayreuth.de\nWeb: www.rwg-bayreuth.de\n--><\/p>\n","protected":false},"excerpt":{"rendered":"<p>Das RWG hat drei Schulzweige: sprachlich (E \u2013 L\/F \u2013 It\/Sp; drei moderne Fremdsprachen sind m\u00f6glich) wirtschaftswissenschaftlich sozialwissenschaftlich Weitere Informationen \u00fcber Zweige und Schulprofil Zu Beginn des Schuljahrs hatte das RWG: ca. 830 Sch\u00fclerinnen und Sch\u00fcler ca. 85 Lehrkr\u00e4fte 30 Klassen (5 &#8211; 11) 96 Sch\u00fclerinnen und Sch\u00fcler in der Q12, 46 in der Q13&hellip;<\/p>\n","protected":false},"author":2,"featured_media":0,"parent":7,"menu_order":40,"comment_status":"closed","ping_status":"closed","template":"page-templates\/no-sidebar.php","meta":{"footnotes":""},"tags":[],"_links":{"self":[{"href":"https:\/\/www.rwg-bayreuth.de\/home\/index.php?rest_route=\/wp\/v2\/pages\/434"}],"collection":[{"href":"https:\/\/www.rwg-bayreuth.de\/home\/index.php?rest_route=\/wp\/v2\/pages"}],"about":[{"href":"https:\/\/www.rwg-bayreuth.de\/home\/index.php?rest_route=\/wp\/v2\/types\/page"}],"author":[{"embeddable":true,"href":"https:\/\/www.rwg-bayreuth.de\/home\/index.php?rest_route=\/wp\/v2\/users\/2"}],"replies":[{"embeddable":true,"href":"https:\/\/www.rwg-bayreuth.de\/home\/index.php?rest_route=%2Fwp%2Fv2%2Fcomments&post=434"}],"version-history":[{"count":118,"href":"https:\/\/www.rwg-bayreuth.de\/home\/index.php?rest_route=\/wp\/v2\/pages\/434\/revisions"}],"predecessor-version":[{"id":39840,"href":"https:\/\/www.rwg-bayreuth.de\/home\/index.php?rest_route=\/wp\/v2\/pages\/434\/revisions\/39840"}],"up":[{"embeddable":true,"href":"https:\/\/www.rwg-bayreuth.de\/home\/index.php?rest_route=\/wp\/v2\/pages\/7"}],"wp:attachment":[{"href":"https:\/\/www.rwg-bayreuth.de\/home\/index.php?rest_route=%2Fwp%2Fv2%2Fmedia&parent=434"}],"wp:term":[{"taxonomy":"post_tag","embeddable":true,"href":"https:\/\/www.rwg-bayreuth.de\/home\/index.php?rest_route=%2Fwp%2Fv2%2Ftags&post=434"}],"curies":[{"name":"wp","href":"https:\/\/api.w.org\/{rel}","templated":true}]}}