{"id":40580,"date":"2026-01-16T16:09:58","date_gmt":"2026-01-16T15:09:58","guid":{"rendered":"https:\/\/www.rwg-bayreuth.de\/home\/?page_id=40580"},"modified":"2026-01-17T13:08:05","modified_gmt":"2026-01-17T12:08:05","slug":"digitale-infos-fuer-viertklaessler","status":"publish","type":"page","link":"https:\/\/www.rwg-bayreuth.de\/home\/?page_id=40580","title":{"rendered":"Digitale Infos f\u00fcr Viertkl\u00e4sslerinnen und Viertkl\u00e4ssler"},"content":{"rendered":"<p><!--Die Videos werden nur angezeigt, wenn in den [rcb-consent type=\"change\" tag=\"a\" x text=\"Privatsph\u00e4re-Einstellungen\"] die Erlaubnis f\u00fcr funktionale Services (=Funktional) erteilt wurde. Bitte gegebenenfalls die [rcb-consent type=\"change\" tag=\"a\" text=\"Privatsph\u00e4re-Einstellungen anpassen\"].\n\n\n\n\n\n--><div class=\"sue-panel\" data-url=\"\" data-target=\"blank\" style=\"background-color:#0FA9E4;color:#fff;border-radius:0px;box-shadow:-3px 5px 10px gray;border:0px solid #ddd\"><div class=\"sue-panel-content su-u-trim\" style=\"padding:25px;text-align:left\">\n<p  style=\"font-weight:bold; \" >\nDie Videos werden nur angezeigt, wenn in den <a href=\"#consent-change\" style=\"color: white;\">Privatsph\u00e4re-Einstellungen<\/a> die Erlaubnis f\u00fcr funktionale Services (=Funktional) erteilt wurde. Bitte gegebenenfalls die <a href=\"#consent-change\" style=\"color: white;\">Privatsph\u00e4re-Einstellungen anpassen<\/a>.\n<\/p>\n<\/div><\/div>\n<div style=\"max-width:750px; margin-left: auto; margin-right:auto\">\n<div style=\"width: 32%; margin: 0px; padding: 0px; display: inline-block\">\n<span class=\"su-lightbox\" data-mfp-src=\"#videoSport\" data-mfp-type=\"inline\" data-mobile=\"yes\">\n<img loading=\"lazy\" decoding=\"async\" width=\"450\" height=\"450\" src=\"https:\/\/www.rwg-bayreuth.de\/home\/wp-content\/uploads\/2020\/03\/19-20-Puzzle-Sport.png\" \nalt=\"Video Sportvorf\u00fchrungen\" \nwidth=\"450\" \nheight=\"450\" class=\"alignnone size-full wp-image-24929\" srcset=\"https:\/\/www.rwg-bayreuth.de\/home\/wp-content\/uploads\/2020\/03\/19-20-Puzzle-Sport.png 450w, https:\/\/www.rwg-bayreuth.de\/home\/wp-content\/uploads\/2020\/03\/19-20-Puzzle-Sport-150x150.png 150w, https:\/\/www.rwg-bayreuth.de\/home\/wp-content\/uploads\/2020\/03\/19-20-Puzzle-Sport-250x250.png 250w\" sizes=\"(max-width: 450px) 100vw, 450px\" \/><br \/>\n<\/span>\n<div class=\"su-lightbox-content su-u-trim \" id=\"videoSport\" style=\"display:none;width:95%;min-width:none;max-width:600px;margin-top:10px;margin-bottom:10px;padding:30px;background:#FFFFFF;color:#2a2a2a;box-shadow:0px 0px 15px #333333;text-align:left\">\n<div style=\"max-width:110vh; margin-left:auto; margin-right:auto; \">\n<div class=\"su-youtube su-u-responsive-media-yes\"><iframe loading=\"lazy\" width=\"500\" height=\"500\" src=\"https:\/\/www.youtube-nocookie.com\/embed\/E7gnMdu9XBI?autohide=1&amp;autoplay=0&amp;mute=0&amp;controls=1&amp;fs=1&amp;loop=0&amp;modestbranding=1&amp;rel=0&amp;showinfo=1&amp;theme=light&amp;wmode=&amp;playsinline=1\" frameborder=\"0\" allowfullscreen allow=\"autoplay; encrypted-media; picture-in-picture\" title=\"Video Sport\"><\/iframe><\/div><\/div>\n<\/div>\n<\/p><\/div>\n<div style=\"width: 32%; margin: 0px; padding: 0px; display: inline-block\">\n<span class=\"su-lightbox\" data-mfp-src=\"#videoMusik\" data-mfp-type=\"inline\" data-mobile=\"yes\"><!-- alter Link: https:\/\/youtu.be\/kjCDvgsypIg?rel=0 --><br \/>\n<img loading=\"lazy\" decoding=\"async\" width=\"450\" height=\"450\" src=\"https:\/\/www.rwg-bayreuth.de\/home\/wp-content\/uploads\/2020\/03\/19-20-Puzzle-RWG-Song.png\" \nalt=\"Video Musik\" \nwidth=\"450\" \nheight=\"450\" class=\"alignnone size-full wp-image-24939\" srcset=\"https:\/\/www.rwg-bayreuth.de\/home\/wp-content\/uploads\/2020\/03\/19-20-Puzzle-RWG-Song.png 450w, https:\/\/www.rwg-bayreuth.de\/home\/wp-content\/uploads\/2020\/03\/19-20-Puzzle-RWG-Song-150x150.png 150w, https:\/\/www.rwg-bayreuth.de\/home\/wp-content\/uploads\/2020\/03\/19-20-Puzzle-RWG-Song-250x250.png 250w\" sizes=\"(max-width: 450px) 100vw, 450px\" \/><br \/>\n<\/span>\n<div class=\"su-lightbox-content su-u-trim \" id=\"videoMusik\" style=\"display:none;width:95%;min-width:none;max-width:600px;margin-top:10px;margin-bottom:10px;padding:30px;background:#FFFFFF;color:#2a2a2a;box-shadow:0px 0px 15px #333333;text-align:left\">\n<div style=\"max-width:110vh; margin-left:auto; margin-right:auto; \">\n<div class=\"su-youtube su-u-responsive-media-yes\"><iframe loading=\"lazy\" width=\"500\" height=\"500\" src=\"https:\/\/www.youtube-nocookie.com\/embed\/scBK1x2XCOg?autohide=1&amp;autoplay=0&amp;mute=0&amp;controls=1&amp;fs=1&amp;loop=0&amp;modestbranding=1&amp;rel=0&amp;showinfo=1&amp;theme=light&amp;wmode=&amp;playsinline=1\" frameborder=\"0\" allowfullscreen allow=\"autoplay; encrypted-media; picture-in-picture\" title=\"Video Musik\"><\/iframe><\/div><\/div>\n<\/div>\n<\/p><\/div>\n<div style=\"width: 32%; margin: 0px; padding: 0px; display: inline-block\">\n<span class=\"su-lightbox\" data-mfp-src=\"#videoProfile\" data-mfp-type=\"inline\" data-mobile=\"yes\">\n<img loading=\"lazy\" decoding=\"async\" width=\"450\" height=\"450\" src=\"https:\/\/www.rwg-bayreuth.de\/home\/wp-content\/uploads\/2020\/03\/19-20-Puzzle-Profile.png\" \nalt=\"Video RWG-Profilf\u00e4cher\" \nwidth=\"450\" \nheight=\"450\" class=\"alignnone size-full wp-image-24927\" srcset=\"https:\/\/www.rwg-bayreuth.de\/home\/wp-content\/uploads\/2020\/03\/19-20-Puzzle-Profile.png 450w, https:\/\/www.rwg-bayreuth.de\/home\/wp-content\/uploads\/2020\/03\/19-20-Puzzle-Profile-150x150.png 150w, https:\/\/www.rwg-bayreuth.de\/home\/wp-content\/uploads\/2020\/03\/19-20-Puzzle-Profile-250x250.png 250w\" sizes=\"(max-width: 450px) 100vw, 450px\" \/><br \/>\n<\/span>\n<div class=\"su-lightbox-content su-u-trim \" id=\"videoProfile\" style=\"display:none;width:95%;min-width:none;max-width:600px;margin-top:10px;margin-bottom:10px;padding:30px;background:#FFFFFF;color:#2a2a2a;box-shadow:0px 0px 15px #333333;text-align:left\">\n<div style=\"max-width:110vh; margin-left:auto; margin-right:auto; \">\n<div class=\"su-youtube su-u-responsive-media-yes\"><iframe loading=\"lazy\" width=\"500\" height=\"500\" src=\"https:\/\/www.youtube-nocookie.com\/embed\/JhCBJv2eLGs?autohide=1&amp;autoplay=0&amp;mute=0&amp;controls=1&amp;fs=1&amp;loop=0&amp;modestbranding=1&amp;rel=0&amp;showinfo=1&amp;theme=light&amp;wmode=&amp;playsinline=1\" frameborder=\"0\" allowfullscreen allow=\"autoplay; encrypted-media; picture-in-picture\" title=\"Video RWG-Schulprofile\"><\/iframe><\/div><\/div>\n<\/div>\n<\/p><\/div>\n<div style=\"width: 32%; margin: 0px; padding: 0px; display: inline-block\">\n<span class=\"su-lightbox\" data-mfp-src=\"#videoKOMPASS\" data-mfp-type=\"inline\" data-mobile=\"yes\">\n<img loading=\"lazy\" decoding=\"async\" width=\"450\" height=\"450\" src=\"https:\/\/www.rwg-bayreuth.de\/home\/wp-content\/uploads\/2020\/03\/19-20-Puzzle-KOMPASS.png\" \nalt=\"Video zu KOMPASS\" \nwidth=\"450\" \nheight=\"450\" class=\"alignnone size-full wp-image-24937\" srcset=\"https:\/\/www.rwg-bayreuth.de\/home\/wp-content\/uploads\/2020\/03\/19-20-Puzzle-KOMPASS.png 450w, https:\/\/www.rwg-bayreuth.de\/home\/wp-content\/uploads\/2020\/03\/19-20-Puzzle-KOMPASS-150x150.png 150w, https:\/\/www.rwg-bayreuth.de\/home\/wp-content\/uploads\/2020\/03\/19-20-Puzzle-KOMPASS-250x250.png 250w\" sizes=\"(max-width: 450px) 100vw, 450px\" \/><br \/>\n<\/span>\n<div class=\"su-lightbox-content su-u-trim \" id=\"videoKOMPASS\" style=\"display:none;width:95%;min-width:none;max-width:600px;margin-top:10px;margin-bottom:10px;padding:30px;background:#FFFFFF;color:#2a2a2a;box-shadow:0px 0px 15px #333333;text-align:left\">\n<div style=\"max-width:110vh; margin-left:auto; margin-right:auto; \">\n<div class=\"su-youtube su-u-responsive-media-yes\"><iframe loading=\"lazy\" width=\"500\" height=\"500\" src=\"https:\/\/www.youtube-nocookie.com\/embed\/vfQh0eW_xpI?autohide=1&amp;autoplay=0&amp;mute=0&amp;controls=1&amp;fs=1&amp;loop=0&amp;modestbranding=1&amp;rel=0&amp;showinfo=1&amp;theme=light&amp;wmode=&amp;playsinline=1\" frameborder=\"0\" allowfullscreen allow=\"autoplay; encrypted-media; picture-in-picture\" title=\"Video KOMPASS\"><\/iframe><\/div><\/div>\n<\/div>\n<\/p><\/div>\n<div style=\"width: 32%; margin: 0px; padding: 0px; display: inline-block\">\n<span class=\"su-lightbox\" data-mfp-src=\"#videoEltern\" data-mfp-type=\"inline\" data-mobile=\"yes\">\n<img loading=\"lazy\" decoding=\"async\" width=\"450\" height=\"450\" src=\"https:\/\/www.rwg-bayreuth.de\/home\/wp-content\/uploads\/2020\/03\/19-20-Puzzle-Eltern.png\" \nalt=\"Video Eltern am RWG\" \nwidth=\"450\" \nheight=\"450\" class=\"alignnone size-full wp-image-24936\" srcset=\"https:\/\/www.rwg-bayreuth.de\/home\/wp-content\/uploads\/2020\/03\/19-20-Puzzle-Eltern.png 450w, https:\/\/www.rwg-bayreuth.de\/home\/wp-content\/uploads\/2020\/03\/19-20-Puzzle-Eltern-150x150.png 150w, https:\/\/www.rwg-bayreuth.de\/home\/wp-content\/uploads\/2020\/03\/19-20-Puzzle-Eltern-250x250.png 250w\" sizes=\"(max-width: 450px) 100vw, 450px\" \/><br \/>\n<\/span>\n<div class=\"su-lightbox-content su-u-trim \" id=\"videoEltern\" style=\"display:none;width:95%;min-width:none;max-width:600px;margin-top:10px;margin-bottom:10px;padding:30px;background:#FFFFFF;color:#2a2a2a;box-shadow:0px 0px 15px #333333;text-align:left\">\n<div style=\"max-width:110vh; margin-left:auto; margin-right:auto; \">\n<div class=\"su-youtube su-u-responsive-media-yes\"><iframe loading=\"lazy\" width=\"500\" height=\"500\" src=\"https:\/\/www.youtube-nocookie.com\/embed\/9dtijr_kBTY?autohide=1&amp;autoplay=0&amp;mute=0&amp;controls=1&amp;fs=1&amp;loop=0&amp;modestbranding=1&amp;rel=0&amp;showinfo=1&amp;theme=light&amp;wmode=&amp;playsinline=1\" frameborder=\"0\" allowfullscreen allow=\"autoplay; encrypted-media; picture-in-picture\" title=\"Video Eltern\"><\/iframe><\/div><\/div>\n<\/div>\n<\/p><\/div>\n<div style=\"width: 32%; margin: 0px; padding: 0px; display: inline-block\">\n<span class=\"su-lightbox\" data-mfp-src=\"#videoMINT\" data-mfp-type=\"inline\" data-mobile=\"yes\">\n<img loading=\"lazy\" decoding=\"async\" width=\"450\" height=\"450\" src=\"https:\/\/www.rwg-bayreuth.de\/home\/wp-content\/uploads\/2020\/03\/19-20-Puzzle-MINT.png\" \nalt=\"Video zu den MINT-F\u00e4chern\" \nwidth=\"450\" \nheight=\"450\" class=\"alignnone size-full wp-image-24938\" srcset=\"https:\/\/www.rwg-bayreuth.de\/home\/wp-content\/uploads\/2020\/03\/19-20-Puzzle-MINT.png 450w, https:\/\/www.rwg-bayreuth.de\/home\/wp-content\/uploads\/2020\/03\/19-20-Puzzle-MINT-150x150.png 150w, https:\/\/www.rwg-bayreuth.de\/home\/wp-content\/uploads\/2020\/03\/19-20-Puzzle-MINT-250x250.png 250w\" sizes=\"(max-width: 450px) 100vw, 450px\" \/><br \/>\n<\/span>\n<div class=\"su-lightbox-content su-u-trim \" id=\"videoMINT\" style=\"display:none;width:95%;min-width:none;max-width:600px;margin-top:10px;margin-bottom:10px;padding:30px;background:#FFFFFF;color:#2a2a2a;box-shadow:0px 0px 15px #333333;text-align:left\">\n<div style=\"max-width:110vh; margin-left:auto; margin-right:auto; \">\n<div class=\"su-youtube su-u-responsive-media-yes\"><iframe loading=\"lazy\" width=\"500\" height=\"500\" src=\"https:\/\/www.youtube-nocookie.com\/embed\/B8SJqMcZ8Kc?autohide=1&amp;autoplay=0&amp;mute=0&amp;controls=1&amp;fs=1&amp;loop=0&amp;modestbranding=1&amp;rel=0&amp;showinfo=1&amp;theme=light&amp;wmode=&amp;playsinline=1\" frameborder=\"0\" allowfullscreen allow=\"autoplay; encrypted-media; picture-in-picture\" title=\"Video MINT\"><\/iframe><\/div><\/div>\n<\/div>\n<\/p><\/div>\n<div style=\"width: 32%; margin: 0px; padding: 0px; display: inline-block\">\n<a href=\"https:\/\/www.rwg-bayreuth.de\/home\/?page_id=28398\"><img loading=\"lazy\" decoding=\"async\" width=\"450\" height=\"450\" src=\"https:\/\/www.rwg-bayreuth.de\/home\/wp-content\/uploads\/2021\/03\/19-20-Puzzle-DigitalesLernen.png\" \nalt=\"Digitales Lernen\" \nwidth=\"450\" \nheight=\"450\" class=\"alignnone size-full wp-image-28448\" srcset=\"https:\/\/www.rwg-bayreuth.de\/home\/wp-content\/uploads\/2021\/03\/19-20-Puzzle-DigitalesLernen.png 450w, https:\/\/www.rwg-bayreuth.de\/home\/wp-content\/uploads\/2021\/03\/19-20-Puzzle-DigitalesLernen-150x150.png 150w, https:\/\/www.rwg-bayreuth.de\/home\/wp-content\/uploads\/2021\/03\/19-20-Puzzle-DigitalesLernen-250x250.png 250w\" sizes=\"(max-width: 450px) 100vw, 450px\" \/><\/a>\n<\/div>\n<div style=\"width: 32%; margin: 0px; padding: 0px; display: inline-block\">\n<a href=\"https:\/\/www.rwg-bayreuth.de\/home\/?page_id=24075\"><img loading=\"lazy\" decoding=\"async\" width=\"450\" height=\"450\" src=\"https:\/\/www.rwg-bayreuth.de\/home\/wp-content\/uploads\/2020\/03\/19-20-Puzzle-10Gr\u00fcnde.png\" \nalt=\"10 Gr\u00fcnde f\u00fcr das RWG\" \nwidth=\"450\" \nheight=\"450\" class=\"alignnone size-full wp-image-24933\" srcset=\"https:\/\/www.rwg-bayreuth.de\/home\/wp-content\/uploads\/2020\/03\/19-20-Puzzle-10Gr\u00fcnde.png 450w, https:\/\/www.rwg-bayreuth.de\/home\/wp-content\/uploads\/2020\/03\/19-20-Puzzle-10Gr\u00fcnde-150x150.png 150w, https:\/\/www.rwg-bayreuth.de\/home\/wp-content\/uploads\/2020\/03\/19-20-Puzzle-10Gr\u00fcnde-250x250.png 250w\" sizes=\"(max-width: 450px) 100vw, 450px\" \/><\/a>\n<\/div>\n<div style=\"width:32%; margin: 0px; padding: 0px; display: inline-block\">\n<a href=\"https:\/\/www.rwg-bayreuth.de\/home\/?page_id=30612\"><img loading=\"lazy\" decoding=\"async\" width=\"450\" height=\"450\" src=\"https:\/\/www.rwg-bayreuth.de\/home\/wp-content\/uploads\/2020\/03\/19-20-Puzzle-ZahlenFakten.png\" \nalt=\"RWG - Zahlen &amp; Fakten\" \nwidth=\"450\" \nheight=\"450\" class=\"alignnone size-full wp-image-24932\" srcset=\"https:\/\/www.rwg-bayreuth.de\/home\/wp-content\/uploads\/2020\/03\/19-20-Puzzle-ZahlenFakten.png 450w, https:\/\/www.rwg-bayreuth.de\/home\/wp-content\/uploads\/2020\/03\/19-20-Puzzle-ZahlenFakten-150x150.png 150w, https:\/\/www.rwg-bayreuth.de\/home\/wp-content\/uploads\/2020\/03\/19-20-Puzzle-ZahlenFakten-250x250.png 250w\" sizes=\"(max-width: 450px) 100vw, 450px\" \/><\/a>\n<\/div>\n<div style=\"width: 32%; margin: 0px; padding: 0px; display: inline-block\">\n<span class=\"su-lightbox\" data-mfp-src=\"#videoOGS\" data-mfp-type=\"inline\" data-mobile=\"yes\">\n<img loading=\"lazy\" decoding=\"async\" width=\"450\" height=\"450\" src=\"https:\/\/www.rwg-bayreuth.de\/home\/wp-content\/uploads\/2020\/04\/19-20-Puzzle-OGS-Video.png\"  \nalt=\"OGS-Video\" \nwidth=\"450\" \nheight=\"450\" class=\"alignnone size-full wp-image-25824\" srcset=\"https:\/\/www.rwg-bayreuth.de\/home\/wp-content\/uploads\/2020\/04\/19-20-Puzzle-OGS-Video.png 450w, https:\/\/www.rwg-bayreuth.de\/home\/wp-content\/uploads\/2020\/04\/19-20-Puzzle-OGS-Video-150x150.png 150w, https:\/\/www.rwg-bayreuth.de\/home\/wp-content\/uploads\/2020\/04\/19-20-Puzzle-OGS-Video-250x250.png 250w\" sizes=\"(max-width: 450px) 100vw, 450px\" \/><br \/>\n<\/span>\n<div class=\"su-lightbox-content su-u-trim \" id=\"videoOGS\" style=\"display:none;width:95%;min-width:none;max-width:600px;margin-top:10px;margin-bottom:10px;padding:30px;background:#FFFFFF;color:#2a2a2a;box-shadow:0px 0px 15px #333333;text-align:left\">\n<div style=\"max-width:110vh; margin-left:auto; margin-right:auto; \">\n<div class=\"su-youtube su-u-responsive-media-yes\"><iframe loading=\"lazy\" width=\"500\" height=\"500\" src=\"https:\/\/www.youtube-nocookie.com\/embed\/55aZ9ItcKEw?autohide=1&amp;autoplay=0&amp;mute=0&amp;controls=1&amp;fs=1&amp;loop=0&amp;modestbranding=1&amp;rel=0&amp;showinfo=1&amp;theme=light&amp;wmode=&amp;playsinline=1\" frameborder=\"0\" allowfullscreen allow=\"autoplay; encrypted-media; picture-in-picture\" title=\"Video OGS\"><\/iframe><\/div><\/div>\n<\/div>\n<\/p><\/div>\n<div style=\"width: 32%; margin: 0px; padding: 0px; display: inline-block\">\n<a href=\"https:\/\/www.rwg-bayreuth.de\/home\/wp-content\/uploads\/2020\/03\/Flyer-OGS-FBS-2023.pdf\"><img loading=\"lazy\" decoding=\"async\" width=\"450\" height=\"450\" src=\"https:\/\/www.rwg-bayreuth.de\/home\/wp-content\/uploads\/2020\/03\/19-20-Puzzle-OGS.png\" \nalt=\"Flyer der Offenen Ganztagsschule\" \nwidth=\"450\" \nheight=\"450\" class=\"alignnone size-full wp-image-24940\" srcset=\"https:\/\/www.rwg-bayreuth.de\/home\/wp-content\/uploads\/2020\/03\/19-20-Puzzle-OGS.png 450w, https:\/\/www.rwg-bayreuth.de\/home\/wp-content\/uploads\/2020\/03\/19-20-Puzzle-OGS-150x150.png 150w, https:\/\/www.rwg-bayreuth.de\/home\/wp-content\/uploads\/2020\/03\/19-20-Puzzle-OGS-250x250.png 250w\" sizes=\"(max-width: 450px) 100vw, 450px\" \/><\/a>\n<\/div>\n<div style=\"width: 32%; margin: 0px; padding: 0px; display: inline-block\">\n<a href=\"https:\/\/www.rwg-bayreuth.de\/home\/wp-content\/uploads\/2019\/02\/RWG-Flyer-aktuell.pdf\"><img decoding=\"async\" src=\"https:\/\/www.rwg-bayreuth.de\/home\/wp-content\/uploads\/2020\/03\/19-20-Puzzle-RWG-Flyer.png\" \nalt=\"RWG-Flyer\" \nwidth=\"450\" height=\"450\" class=\"alignnone size-full wp-image-24928\" srcset=\"https:\/\/www.rwg-bayreuth.de\/home\/wp-content\/uploads\/2020\/03\/19-20-Puzzle-RWG-Flyer.png 450w, https:\/\/www.rwg-bayreuth.de\/home\/wp-content\/uploads\/2020\/03\/19-20-Puzzle-RWG-Flyer-150x150.png 150w, https:\/\/www.rwg-bayreuth.de\/home\/wp-content\/uploads\/2020\/03\/19-20-Puzzle-RWG-Flyer-250x250.png 250w\" sizes=\"(max-width: 450px) 100vw, 450px\" \/><\/a>\n<\/div>\n<div style=\"width: 32%; margin: 0px; padding: 0px; display: inline-block\">\n<a href=\"https:\/\/www.rwg-bayreuth.de\/home\/?page_id=18424\"><img loading=\"lazy\" decoding=\"async\" src=\"https:\/\/www.rwg-bayreuth.de\/home\/wp-content\/uploads\/2020\/03\/19-20-Puzzle-Anmeldung.png\" alt=\"Informationen zur Anmeldung\" width=\"450\" height=\"450\" class=\"alignnone size-full wp-image-24934\" srcset=\"https:\/\/www.rwg-bayreuth.de\/home\/wp-content\/uploads\/2020\/03\/19-20-Puzzle-Anmeldung.png 450w, https:\/\/www.rwg-bayreuth.de\/home\/wp-content\/uploads\/2020\/03\/19-20-Puzzle-Anmeldung-150x150.png 150w, https:\/\/www.rwg-bayreuth.de\/home\/wp-content\/uploads\/2020\/03\/19-20-Puzzle-Anmeldung-250x250.png 250w\" sizes=\"(max-width: 450px) 100vw, 450px\" \/><\/a>\n<\/div>\n<\/div>\n<p>&nbsp;<\/p>\n<div style=\"text-align: center; margin: 0px 0px 24px 0px; box-shadow: none \">\r\n<a class=\"RWGbutton-blau\" href=\"https:\/\/www.rwg-bayreuth.de\/home\/?page_id=24848\" target=\"_self\" rel=\u201dnoopener noreferrer\u201d style=\"display:block; width: auto; max-width: 100%; padding:5px 20px; text-align: center; \">\n<h3>Neu ans RWG &#8211; \u00dcbersicht<\/h3>\n<\/a><\/div>\n<p>&nbsp;<\/p>\n<p>&nbsp;<br \/>\n<!--\n\n\n<h1>Lerne das RWG kennen \u2013 unsere Angebote auf einen Blick<\/h1>\n\n\n[text-blocks id=\"button-anmeldung-trailer-infotag-schulhausrundgang\"]\n--><\/p>\n","protected":false},"excerpt":{"rendered":"<p>&nbsp; &nbsp; &nbsp;<\/p>\n","protected":false},"author":11,"featured_media":0,"parent":24848,"menu_order":20,"comment_status":"closed","ping_status":"closed","template":"page-templates\/no-sidebar.php","meta":{"footnotes":""},"tags":[],"_links":{"self":[{"href":"https:\/\/www.rwg-bayreuth.de\/home\/index.php?rest_route=\/wp\/v2\/pages\/40580"}],"collection":[{"href":"https:\/\/www.rwg-bayreuth.de\/home\/index.php?rest_route=\/wp\/v2\/pages"}],"about":[{"href":"https:\/\/www.rwg-bayreuth.de\/home\/index.php?rest_route=\/wp\/v2\/types\/page"}],"author":[{"embeddable":true,"href":"https:\/\/www.rwg-bayreuth.de\/home\/index.php?rest_route=\/wp\/v2\/users\/11"}],"replies":[{"embeddable":true,"href":"https:\/\/www.rwg-bayreuth.de\/home\/index.php?rest_route=%2Fwp%2Fv2%2Fcomments&post=40580"}],"version-history":[{"count":32,"href":"https:\/\/www.rwg-bayreuth.de\/home\/index.php?rest_route=\/wp\/v2\/pages\/40580\/revisions"}],"predecessor-version":[{"id":40638,"href":"https:\/\/www.rwg-bayreuth.de\/home\/index.php?rest_route=\/wp\/v2\/pages\/40580\/revisions\/40638"}],"up":[{"embeddable":true,"href":"https:\/\/www.rwg-bayreuth.de\/home\/index.php?rest_route=\/wp\/v2\/pages\/24848"}],"wp:attachment":[{"href":"https:\/\/www.rwg-bayreuth.de\/home\/index.php?rest_route=%2Fwp%2Fv2%2Fmedia&parent=40580"}],"wp:term":[{"taxonomy":"post_tag","embeddable":true,"href":"https:\/\/www.rwg-bayreuth.de\/home\/index.php?rest_route=%2Fwp%2Fv2%2Ftags&post=40580"}],"curies":[{"name":"wp","href":"https:\/\/api.w.org\/{rel}","templated":true}]}}