{"id":38071,"date":"2025-01-29T20:20:21","date_gmt":"2025-01-29T19:20:21","guid":{"rendered":"https:\/\/www.rwg-bayreuth.de\/home\/?page_id=38071"},"modified":"2026-03-11T07:10:56","modified_gmt":"2026-03-11T06:10:56","slug":"ki-rwg","status":"publish","type":"page","link":"https:\/\/www.rwg-bayreuth.de\/home\/?page_id=38071","title":{"rendered":"KI@RWG"},"content":{"rendered":"<p><a href=\"https:\/\/www.rwg-bayreuth.de\/home\/wp-content\/uploads\/2025\/01\/Fobizz-Siegel.jpg\"><img decoding=\"async\" class=\"alignright size-full wp-image-38072\" style=\"max-width: 36%;\" src=\"https:\/\/www.rwg-bayreuth.de\/home\/wp-content\/uploads\/2025\/01\/Fobizz-Siegel.jpg\" alt=\"\" width=\"auto\" height=\"1024\" srcset=\"https:\/\/www.rwg-bayreuth.de\/home\/wp-content\/uploads\/2025\/01\/Fobizz-Siegel.jpg 865w, https:\/\/www.rwg-bayreuth.de\/home\/wp-content\/uploads\/2025\/01\/Fobizz-Siegel-127x150.jpg 127w, https:\/\/www.rwg-bayreuth.de\/home\/wp-content\/uploads\/2025\/01\/Fobizz-Siegel-380x450.jpg 380w, https:\/\/www.rwg-bayreuth.de\/home\/wp-content\/uploads\/2025\/01\/Fobizz-Siegel-768x909.jpg 768w, https:\/\/www.rwg-bayreuth.de\/home\/wp-content\/uploads\/2025\/01\/Fobizz-Siegel-250x296.jpg 250w, https:\/\/www.rwg-bayreuth.de\/home\/wp-content\/uploads\/2025\/01\/Fobizz-Siegel-507x600.jpg 507w\" sizes=\"(max-width: 865px) 100vw, 865px\" \/><\/a>Wir setzen uns als <strong>\u201eDigitale Schule der Zukunft\u201c<\/strong> intensiv mit digitalen Technologien auseinander und bereit unsere Sch\u00fclerinnen und Sch\u00fcler auf die Anforderungen der digitalen Welt vor.<\/p>\n<p>Ein besonderer Schwerpunkt liegt dabei auf dem <strong>verantwortungsvollen Umgang mit K\u00fcnstlicher Intelligenz (KI)<\/strong>. KI-Anwendungen sind aus vielen Bereichen des t\u00e4glichen Lebens nicht mehr wegzudenken \u2013 umso wichtiger ist es, dass junge Menschen lernen, sie reflektiert und kritisch zu nutzen.<\/p>\n<p>Um unseren Sch\u00fclerinnen und Sch\u00fclern den sicheren und <strong>datenschutzkonformen Einsatz von KI<\/strong> zu erm\u00f6glichen, nutzen wir die Plattform <strong>fobizz<\/strong> an unserer Schule. Damit bieten wir ihnen eine gesch\u00fctzte Umgebung, um KI-gest\u00fctzte Anwendungen auszuprobieren und deren Potenziale sowie Grenzen kennenzulernen.<\/p>\n<p>F\u00fcr unser Engagement in der digitalen Bildung sind wir bereits <strong>wiederholt von fobizz ausgezeichnet worden<\/strong>. Diese Anerkennung best\u00e4rkt uns in unserem Ziel, die digitale Kompetenz unserer Schulgemeinschaft weiter zu f\u00f6rdern und moderne Technologien nachhaltig in den Unterricht zu integrieren.<\/p>\n<p>Mit diesen Ma\u00dfnahmen leisten wir einen aktiven Beitrag zur <strong>digitalen Bildung<\/strong> und st\u00e4rken die Medienkompetenz unserer Sch\u00fclerinnen und Sch\u00fcler.<\/p>\n","protected":false},"excerpt":{"rendered":"<p>Wir setzen uns als \u201eDigitale Schule der Zukunft\u201c intensiv mit digitalen Technologien auseinander und bereit unsere Sch\u00fclerinnen und Sch\u00fcler auf die Anforderungen der digitalen Welt vor. Ein besonderer Schwerpunkt liegt dabei auf dem verantwortungsvollen Umgang mit K\u00fcnstlicher Intelligenz (KI). KI-Anwendungen sind aus vielen Bereichen des t\u00e4glichen Lebens nicht mehr wegzudenken \u2013 umso wichtiger ist es,&hellip;<\/p>\n","protected":false},"author":11,"featured_media":0,"parent":35156,"menu_order":25,"comment_status":"closed","ping_status":"closed","template":"page-templates\/no-sidebar.php","meta":{"footnotes":""},"tags":[54],"_links":{"self":[{"href":"https:\/\/www.rwg-bayreuth.de\/home\/index.php?rest_route=\/wp\/v2\/pages\/38071"}],"collection":[{"href":"https:\/\/www.rwg-bayreuth.de\/home\/index.php?rest_route=\/wp\/v2\/pages"}],"about":[{"href":"https:\/\/www.rwg-bayreuth.de\/home\/index.php?rest_route=\/wp\/v2\/types\/page"}],"author":[{"embeddable":true,"href":"https:\/\/www.rwg-bayreuth.de\/home\/index.php?rest_route=\/wp\/v2\/users\/11"}],"replies":[{"embeddable":true,"href":"https:\/\/www.rwg-bayreuth.de\/home\/index.php?rest_route=%2Fwp%2Fv2%2Fcomments&post=38071"}],"version-history":[{"count":4,"href":"https:\/\/www.rwg-bayreuth.de\/home\/index.php?rest_route=\/wp\/v2\/pages\/38071\/revisions"}],"predecessor-version":[{"id":41043,"href":"https:\/\/www.rwg-bayreuth.de\/home\/index.php?rest_route=\/wp\/v2\/pages\/38071\/revisions\/41043"}],"up":[{"embeddable":true,"href":"https:\/\/www.rwg-bayreuth.de\/home\/index.php?rest_route=\/wp\/v2\/pages\/35156"}],"wp:attachment":[{"href":"https:\/\/www.rwg-bayreuth.de\/home\/index.php?rest_route=%2Fwp%2Fv2%2Fmedia&parent=38071"}],"wp:term":[{"taxonomy":"post_tag","embeddable":true,"href":"https:\/\/www.rwg-bayreuth.de\/home\/index.php?rest_route=%2Fwp%2Fv2%2Ftags&post=38071"}],"curies":[{"name":"wp","href":"https:\/\/api.w.org\/{rel}","templated":true}]}}