{"id":36782,"date":"2024-07-04T05:55:40","date_gmt":"2024-07-04T03:55:40","guid":{"rendered":"https:\/\/www.rwg-bayreuth.de\/home\/?p=36782"},"modified":"2026-01-20T18:55:39","modified_gmt":"2026-01-20T17:55:39","slug":"das-starterpaket-fuer-unsere-neuen-5-klaessler-die-rwg-backpack-basics","status":"publish","type":"page","link":"https:\/\/www.rwg-bayreuth.de\/home\/?page_id=36782","title":{"rendered":"Das Starterpaket f\u00fcr unsere neuen 5.Kl\u00e4ssler: die RWG-Backpack-Basics"},"content":{"rendered":"<p><img decoding=\"async\" src=\"https:\/\/www.rwg-bayreuth.de\/home\/wp-content\/uploads\/2024\/07\/BPB-Seite.jpg\" alt=\"\" width=\"100%\" height=\"auto\" class=\"aligncenter size-full wp-image-38766\" srcset=\"https:\/\/www.rwg-bayreuth.de\/home\/wp-content\/uploads\/2024\/07\/BPB-Seite.jpg 1024w, https:\/\/www.rwg-bayreuth.de\/home\/wp-content\/uploads\/2024\/07\/BPB-Seite-150x64.jpg 150w, https:\/\/www.rwg-bayreuth.de\/home\/wp-content\/uploads\/2024\/07\/BPB-Seite-450x193.jpg 450w, https:\/\/www.rwg-bayreuth.de\/home\/wp-content\/uploads\/2024\/07\/BPB-Seite-768x330.jpg 768w, https:\/\/www.rwg-bayreuth.de\/home\/wp-content\/uploads\/2024\/07\/BPB-Seite-250x107.jpg 250w\" sizes=\"(max-width: 1024px) 100vw, 1024px\" \/><\/p>\n<p>Als ausgezeichnete Umweltschule wollen wir das RWG beim Thema Nachhaltigkeit stetig voranbringen.<br \/>\nEinen Beitrag dazu leisten unsere RWG-Backpack-Basics mit allen Materialien, die am Anfang des Schuljahres von den neuen Sch\u00fclerinnen und Sch\u00fclern unserer 5. Klassen ben\u00f6tigt werden. Als nachhaltige Verpackung dient ein Baumwoll-Turnbeutel mit unserem RWG-Schullogo, der dann z.B. auch gleich f\u00fcr den Sportunterricht genutzt werden kann.<br \/>\nDie enthaltenen Produkte sind umweltfreundlich und durch Mengenrabatte g\u00fcnstiger als im Einzelhandel. Ein nicht zu verachtender positiver Nebeneffekt f\u00fcr die Eltern ist nat\u00fcrlich, dass man sich dadurch das stressige Einkaufen der Materialien erspart. Die Bestellung kann ganz bequem mithilfe eines Onlineformulars durchgef\u00fchrt und der Kaufpreis \u00fcberwiesen werden.<br \/>\nDie bestellten Pakete werden dann durch unser Team von neun Sch\u00fclerinnen und Sch\u00fclern aus den 10. Klassen in der ersten Woche nach den Sommerferien ausgeteilt.<br \/>\nDie steigenden Bestellzahlen zeigen, dass das Angebot von vielen Familien gerne angenommen wird.<br \/>\nNat\u00fcrlich bieten wir auch w\u00e4hrend des laufenden Schuljahres z.B. an unserem Marktplatz der Nachhaltigkeit an einem eigenen Stand und sp\u00e4ter regelm\u00e4\u00dfig in der Pause die M\u00f6glichkeit, die einzelnen Hefte, Schnellhefter und Bl\u00f6cke  nachzukaufen.<br \/>\nVielen Dank an das engagierte Team, das das Projekt jetzt schon seit 2023 durchf\u00fchrt!<\/p>\n<p><em>Team RWG-BPB betreut von U. Ossendorf<\/em><\/p>\n","protected":false},"excerpt":{"rendered":"<p>Als ausgezeichnete Umweltschule wollen wir das RWG beim Thema Nachhaltigkeit stetig voranbringen. Einen Beitrag dazu leisten unsere RWG-Backpack-Basics mit allen Materialien, die am Anfang des Schuljahres von den neuen Sch\u00fclerinnen und Sch\u00fclern unserer 5. Klassen ben\u00f6tigt werden. Als nachhaltige Verpackung dient ein Baumwoll-Turnbeutel mit unserem RWG-Schullogo, der dann z.B. auch gleich f\u00fcr den Sportunterricht genutzt&hellip;<\/p>\n","protected":false},"author":11,"featured_media":0,"parent":14662,"menu_order":0,"comment_status":"closed","ping_status":"closed","template":"page-templates\/no-sidebar.php","meta":{"footnotes":""},"tags":[],"_links":{"self":[{"href":"https:\/\/www.rwg-bayreuth.de\/home\/index.php?rest_route=\/wp\/v2\/pages\/36782"}],"collection":[{"href":"https:\/\/www.rwg-bayreuth.de\/home\/index.php?rest_route=\/wp\/v2\/pages"}],"about":[{"href":"https:\/\/www.rwg-bayreuth.de\/home\/index.php?rest_route=\/wp\/v2\/types\/page"}],"author":[{"embeddable":true,"href":"https:\/\/www.rwg-bayreuth.de\/home\/index.php?rest_route=\/wp\/v2\/users\/11"}],"replies":[{"embeddable":true,"href":"https:\/\/www.rwg-bayreuth.de\/home\/index.php?rest_route=%2Fwp%2Fv2%2Fcomments&post=36782"}],"version-history":[{"count":5,"href":"https:\/\/www.rwg-bayreuth.de\/home\/index.php?rest_route=\/wp\/v2\/pages\/36782\/revisions"}],"predecessor-version":[{"id":40692,"href":"https:\/\/www.rwg-bayreuth.de\/home\/index.php?rest_route=\/wp\/v2\/pages\/36782\/revisions\/40692"}],"up":[{"embeddable":true,"href":"https:\/\/www.rwg-bayreuth.de\/home\/index.php?rest_route=\/wp\/v2\/pages\/14662"}],"wp:attachment":[{"href":"https:\/\/www.rwg-bayreuth.de\/home\/index.php?rest_route=%2Fwp%2Fv2%2Fmedia&parent=36782"}],"wp:term":[{"taxonomy":"post_tag","embeddable":true,"href":"https:\/\/www.rwg-bayreuth.de\/home\/index.php?rest_route=%2Fwp%2Fv2%2Ftags&post=36782"}],"curies":[{"name":"wp","href":"https:\/\/api.w.org\/{rel}","templated":true}]}}