{"id":34916,"date":"2023-10-29T14:53:28","date_gmt":"2023-10-29T13:53:28","guid":{"rendered":"https:\/\/www.rwg-bayreuth.de\/home\/?page_id=34916"},"modified":"2026-03-08T07:24:36","modified_gmt":"2026-03-08T06:24:36","slug":"fit4future","status":"publish","type":"page","link":"https:\/\/www.rwg-bayreuth.de\/home\/?page_id=34916","title":{"rendered":"fit<span style=\"font-size: 1.2em; position: relative; line-height: 0; vertical-align: baseline; bottom: -0.25em;\">4<\/span>future"},"content":{"rendered":"<p><!--<a href=\"https:\/\/fit-4-future.de\/\" rel=\"noopener\" target=\"_blank\"><img decoding=\"async\" src=\"https:\/\/www.rwg-bayreuth.de\/home\/wp-content\/uploads\/2023\/10\/23-24-fit4future-Logo.jpg\" alt=\"\" width=\"100%\" height=\"auto\" class=\"aligncenter size-full wp-image-34935\" srcset=\"https:\/\/www.rwg-bayreuth.de\/home\/wp-content\/uploads\/2023\/10\/23-24-fit4future-Logo.jpg 1024w, https:\/\/www.rwg-bayreuth.de\/home\/wp-content\/uploads\/2023\/10\/23-24-fit4future-Logo-450x150.jpg 450w, https:\/\/www.rwg-bayreuth.de\/home\/wp-content\/uploads\/2023\/10\/23-24-fit4future-Logo-150x50.jpg 150w, https:\/\/www.rwg-bayreuth.de\/home\/wp-content\/uploads\/2023\/10\/23-24-fit4future-Logo-768x256.jpg 768w, https:\/\/www.rwg-bayreuth.de\/home\/wp-content\/uploads\/2023\/10\/23-24-fit4future-Logo-250x83.jpg 250w\" sizes=\"(max-width: 1024px) 100vw, 1024px\" \/><\/a>\n\n--><a href=\"https:\/\/fit-4-future.de\/\" rel=\"noopener\" target=\"_blank\"><img loading=\"lazy\" decoding=\"async\" src=\"https:\/\/www.rwg-bayreuth.de\/home\/wp-content\/uploads\/2023\/10\/Logo_fit4future.jpg\" alt=\"\" width=\"387\" height=\"300\" class=\"alignright size-full wp-image-34930\" style=\"max-width: 33%\" srcset=\"https:\/\/www.rwg-bayreuth.de\/home\/wp-content\/uploads\/2023\/10\/Logo_fit4future.jpg 387w, https:\/\/www.rwg-bayreuth.de\/home\/wp-content\/uploads\/2023\/10\/Logo_fit4future-150x116.jpg 150w, https:\/\/www.rwg-bayreuth.de\/home\/wp-content\/uploads\/2023\/10\/Logo_fit4future-250x194.jpg 250w\" sizes=\"(max-width: 387px) 100vw, 387px\" \/><\/a>Seit dem Schuljahr 2023\/24 ist das RWG Teil einer bundesweit einmaligen Initiative. Gemeinsam mit der Krankenkasse DAK-Gesundheit und der fit4future foundation wollen wir die Gesundheit unserer Schulfamilie verbessern. In dem dreij\u00e4hrigen Programm wollen wir vorhandene Strukturen ausbauen und am RWG eine gesundheitsf\u00f6rderliche Umwelt f\u00fcr Sch\u00fcler*innen, Lehrkr\u00e4fte und Eltern schaffen. Dazu werden die Handlungsfelder Bewegung, ausgewogene Ern\u00e4hrung, psychische Gesundheit und geistige Fitness sowie Suchtpr\u00e4vention in den Blick genommen.  <\/p>\n<h1>Aktuelles<\/h1>\n<div style=\"max-width: 1000px\">\n<div class=\"rwg_post_list\"><article id=\"post-34941\"class=\"cf post-34941 post type-post status-publish format-standard has-post-thumbnail hentry category-allgemein tag-fit4future tag-home\">\n \t\t<div class=\"entry-thumbnail fadein\"> \t\t\t<a href=\"https:\/\/www.rwg-bayreuth.de\/home\/?p=34941\"><img loading=\"lazy\" decoding=\"async\" width=\"1024\" height=\"683\" src=\"https:\/\/www.rwg-bayreuth.de\/home\/wp-content\/uploads\/2023\/10\/23-24-fit4future-Gruppe-OGS-32.jpg\" class=\"attachment-post-thumbnail size-post-thumbnail wp-post-image\" alt=\"\" srcset=\"https:\/\/www.rwg-bayreuth.de\/home\/wp-content\/uploads\/2023\/10\/23-24-fit4future-Gruppe-OGS-32.jpg 1024w, https:\/\/www.rwg-bayreuth.de\/home\/wp-content\/uploads\/2023\/10\/23-24-fit4future-Gruppe-OGS-32-450x300.jpg 450w, https:\/\/www.rwg-bayreuth.de\/home\/wp-content\/uploads\/2023\/10\/23-24-fit4future-Gruppe-OGS-32-150x100.jpg 150w, https:\/\/www.rwg-bayreuth.de\/home\/wp-content\/uploads\/2023\/10\/23-24-fit4future-Gruppe-OGS-32-768x512.jpg 768w, https:\/\/www.rwg-bayreuth.de\/home\/wp-content\/uploads\/2023\/10\/23-24-fit4future-Gruppe-OGS-32-250x167.jpg 250w, https:\/\/www.rwg-bayreuth.de\/home\/wp-content\/uploads\/2023\/10\/23-24-fit4future-Gruppe-OGS-32-900x600.jpg 900w, https:\/\/www.rwg-bayreuth.de\/home\/wp-content\/uploads\/2023\/10\/23-24-fit4future-Gruppe-OGS-32-600x400.jpg 600w\" sizes=\"(max-width: 1024px) 100vw, 1024px\" \/><\/a> \t\t<\/div><!-- end .entry-thumbnail -->\n<div class=\"meta-main-wrap\">\n  <div class=\"\">\n    <header class=\"entry-header\">\n      <div class=\"entry-cats\">\n        <div class=\"kategorie\"><a href=\"https:\/\/www.rwg-bayreuth.de\/home\/?cat=1\" rel=\"category\">Schulleben<\/a><\/div>\n<div class=\"entry-edit\" >      <div class=\"entry-date\" >\n        <a href=\"https:\/\/www.rwg-bayreuth.de\/home\/?p=34941\">2. November 2023<\/a>\n      <\/div><\/div><!-- end .entry-date -->\n      <\/div><!-- end .entry-cats -->\n<h2 class=\"entry-title\"><a href=\"https:\/\/www.rwg-bayreuth.de\/home\/?p=34941\" rel=\"bookmark\">fit4future \u2013 Neue Bewegungsangebote in der OGS<\/a><\/h2>\n    <\/header><!-- end .entry-header -->\n    <div class=\"entry-summary\">\n\u201eLust auf ne Runde Cross-Boccia? Oder wollen wir uns doch lieber beim Round-Net auspowern?\u201c So klingt es ab sofort durch die R\u00e4ume der OGS. Seit diesem Schuljahr nimmt das RWG am fit4future-Programm teil. Unser Ziel ist es, die Schule hin zu einer gesundheitsf\u00f6rderlichen Lebenswelt zu ver\u00e4ndern. Die Sport- und Aktiv-Box ist ein Teil der Aktion,&hellip;\n  <\/div><!-- .entry-summary -->\n  <\/div><!-- .entry-main -->\n<\/div><!-- .meta-main-wrap -->\n<\/article><!-- end post -34941 -->\n<article id=\"post-34925\"class=\"cf post-34925 post type-post status-publish format-standard has-post-thumbnail hentry category-allgemein tag-fit4future tag-home\">\n \t\t<div class=\"entry-thumbnail fadein\"> \t\t\t<a href=\"https:\/\/www.rwg-bayreuth.de\/home\/?p=34925\"><img loading=\"lazy\" decoding=\"async\" width=\"1024\" height=\"683\" src=\"https:\/\/www.rwg-bayreuth.de\/home\/wp-content\/uploads\/2023\/10\/23-24-Team-fit4future-B-1.jpg\" class=\"attachment-post-thumbnail size-post-thumbnail wp-post-image\" alt=\"\" srcset=\"https:\/\/www.rwg-bayreuth.de\/home\/wp-content\/uploads\/2023\/10\/23-24-Team-fit4future-B-1.jpg 1024w, https:\/\/www.rwg-bayreuth.de\/home\/wp-content\/uploads\/2023\/10\/23-24-Team-fit4future-B-1-450x300.jpg 450w, https:\/\/www.rwg-bayreuth.de\/home\/wp-content\/uploads\/2023\/10\/23-24-Team-fit4future-B-1-150x100.jpg 150w, https:\/\/www.rwg-bayreuth.de\/home\/wp-content\/uploads\/2023\/10\/23-24-Team-fit4future-B-1-768x512.jpg 768w, https:\/\/www.rwg-bayreuth.de\/home\/wp-content\/uploads\/2023\/10\/23-24-Team-fit4future-B-1-250x167.jpg 250w, https:\/\/www.rwg-bayreuth.de\/home\/wp-content\/uploads\/2023\/10\/23-24-Team-fit4future-B-1-900x600.jpg 900w\" sizes=\"(max-width: 1024px) 100vw, 1024px\" \/><\/a> \t\t<\/div><!-- end .entry-thumbnail -->\n<div class=\"meta-main-wrap\">\n  <div class=\"\">\n    <header class=\"entry-header\">\n      <div class=\"entry-cats\">\n        <div class=\"kategorie\"><a href=\"https:\/\/www.rwg-bayreuth.de\/home\/?cat=1\" rel=\"category\">Schulleben<\/a><\/div>\n<div class=\"entry-edit\" >      <div class=\"entry-date\" >\n        <a href=\"https:\/\/www.rwg-bayreuth.de\/home\/?p=34925\">29. Oktober 2023<\/a>\n      <\/div><\/div><!-- end .entry-date -->\n      <\/div><!-- end .entry-cats -->\n<h2 class=\"entry-title\"><a href=\"https:\/\/www.rwg-bayreuth.de\/home\/?p=34925\" rel=\"bookmark\">Das RWG ist fit4future<\/a><\/h2>\n    <\/header><!-- end .entry-header -->\n    <div class=\"entry-summary\">\nDas RWG ist seit diesem Schuljahr Teil einer bundesweit einmaligen Initiative. Gemeinsam mit der Krankenkasse DAK-Gesundheit und der fit4future foundation wollen wir die Gesundheit unserer Schulfamilie verbessern. In dem dreij\u00e4hrigen Programm wollen wir vorhandene Strukturen ausbauen und am RWG eine gesundheitsf\u00f6rderliche Umwelt f\u00fcr Sch\u00fcler*innen, Lehrkr\u00e4fte und Eltern schaffen. Dazu werden die Handlungsfelder Bewegung, ausgewogene Ern\u00e4hrung,&hellip;\n  <\/div><!-- .entry-summary -->\n  <\/div><!-- .entry-main -->\n<\/div><!-- .meta-main-wrap -->\n<\/article><!-- end post -34925 -->\n<\/div><!-- end .rwg_post_list -->\n<\/div>\n","protected":false},"excerpt":{"rendered":"<p>Seit dem Schuljahr 2023\/24 ist das RWG Teil einer bundesweit einmaligen Initiative. Gemeinsam mit der Krankenkasse DAK-Gesundheit und der fit4future foundation wollen wir die Gesundheit unserer Schulfamilie verbessern. In dem dreij\u00e4hrigen Programm wollen wir vorhandene Strukturen ausbauen und am RWG eine gesundheitsf\u00f6rderliche Umwelt f\u00fcr Sch\u00fcler*innen, Lehrkr\u00e4fte und Eltern schaffen. Dazu werden die Handlungsfelder Bewegung, ausgewogene&hellip;<\/p>\n","protected":false},"author":11,"featured_media":0,"parent":11132,"menu_order":85,"comment_status":"closed","ping_status":"closed","template":"page-templates\/no-sidebar.php","meta":{"footnotes":""},"tags":[54],"_links":{"self":[{"href":"https:\/\/www.rwg-bayreuth.de\/home\/index.php?rest_route=\/wp\/v2\/pages\/34916"}],"collection":[{"href":"https:\/\/www.rwg-bayreuth.de\/home\/index.php?rest_route=\/wp\/v2\/pages"}],"about":[{"href":"https:\/\/www.rwg-bayreuth.de\/home\/index.php?rest_route=\/wp\/v2\/types\/page"}],"author":[{"embeddable":true,"href":"https:\/\/www.rwg-bayreuth.de\/home\/index.php?rest_route=\/wp\/v2\/users\/11"}],"replies":[{"embeddable":true,"href":"https:\/\/www.rwg-bayreuth.de\/home\/index.php?rest_route=%2Fwp%2Fv2%2Fcomments&post=34916"}],"version-history":[{"count":18,"href":"https:\/\/www.rwg-bayreuth.de\/home\/index.php?rest_route=\/wp\/v2\/pages\/34916\/revisions"}],"predecessor-version":[{"id":41037,"href":"https:\/\/www.rwg-bayreuth.de\/home\/index.php?rest_route=\/wp\/v2\/pages\/34916\/revisions\/41037"}],"up":[{"embeddable":true,"href":"https:\/\/www.rwg-bayreuth.de\/home\/index.php?rest_route=\/wp\/v2\/pages\/11132"}],"wp:attachment":[{"href":"https:\/\/www.rwg-bayreuth.de\/home\/index.php?rest_route=%2Fwp%2Fv2%2Fmedia&parent=34916"}],"wp:term":[{"taxonomy":"post_tag","embeddable":true,"href":"https:\/\/www.rwg-bayreuth.de\/home\/index.php?rest_route=%2Fwp%2Fv2%2Ftags&post=34916"}],"curies":[{"name":"wp","href":"https:\/\/api.w.org\/{rel}","templated":true}]}}