{"id":33592,"date":"2023-03-20T19:45:39","date_gmt":"2023-03-20T18:45:39","guid":{"rendered":"http:\/\/www.rwg-bayreuth.de\/home\/?page_id=33592"},"modified":"2024-03-20T13:49:39","modified_gmt":"2024-03-20T12:49:39","slug":"individuelle-lernzeitverkuerzung-ilv","status":"publish","type":"page","link":"https:\/\/www.rwg-bayreuth.de\/home\/?page_id=33592","title":{"rendered":"Individuelle Lernzeitverk\u00fcrzung (ILV)"},"content":{"rendered":"<p><img decoding=\"async\" src=\"https:\/\/www.rwg-bayreuth.de\/home\/wp-content\/uploads\/2023\/03\/ILV-Seite.jpg\" alt=\"\" width=\"100%\" height=\"auto\" class=\"alignnone size-full wp-image-33620\" srcset=\"https:\/\/www.rwg-bayreuth.de\/home\/wp-content\/uploads\/2023\/03\/ILV-Seite.jpg 1920w, https:\/\/www.rwg-bayreuth.de\/home\/wp-content\/uploads\/2023\/03\/ILV-Seite-450x150.jpg 450w, https:\/\/www.rwg-bayreuth.de\/home\/wp-content\/uploads\/2023\/03\/ILV-Seite-1024x341.jpg 1024w, https:\/\/www.rwg-bayreuth.de\/home\/wp-content\/uploads\/2023\/03\/ILV-Seite-150x50.jpg 150w, https:\/\/www.rwg-bayreuth.de\/home\/wp-content\/uploads\/2023\/03\/ILV-Seite-768x256.jpg 768w, https:\/\/www.rwg-bayreuth.de\/home\/wp-content\/uploads\/2023\/03\/ILV-Seite-1536x512.jpg 1536w, https:\/\/www.rwg-bayreuth.de\/home\/wp-content\/uploads\/2023\/03\/ILV-Seite-250x83.jpg 250w\" sizes=\"(max-width: 1920px) 100vw, 1920px\" \/><\/p>\n<p>Mit der \u201eIndividuellen Lernzeitverk\u00fcrzung\u201c, kurz ILV, erhalten leistungsbereite, begabte und interessierte Sch\u00fclerinnen und Sch\u00fcler am neunj\u00e4hrigen Gymnasium die M\u00f6glichkeit, die Lernzeit bis zum Abitur p\u00e4dagogisch begleitet auf acht Jahre zu verk\u00fcrzen. Anders als beim klassischen \u00dcberspringen nach \u00a7 34 GSO werden sie bei der ILV in speziellen Zusatzmodulen auf das Auslassen der Jahrgangsstufe 11 vorbereitet. Eigens daf\u00fcr eingesetzte Lehrkr\u00e4fte sorgen \u2013 zum Beispiel als \u201eMentoren\u201c \u2013 f\u00fcr die notwendige p\u00e4dagogische Unterst\u00fctzung. Mit durchschnittlich zwei Schulstunden pro Woche bewegen sich die zus\u00e4tzlichen Pr\u00e4senzzeiten f\u00fcr die Sch\u00fcler in einem vertretbaren Rahmen, der zudem eine einfache schulorganisatorische Umsetzbarkeit gew\u00e4hrleistet. Sch\u00fcler, die die Jahrgangsstufe 11 (ganz oder in gro\u00dfen Teilen) im Ausland verbringen m\u00f6chten, k\u00f6nnen die Begleitangebote der ILV dar\u00fcber hinaus dazu nutzen, um sich fr\u00fchzeitig auf den Wiedereinstieg in das bayerische Gymnasium vorzubereiten.<\/p>\n<p>Interesse? Die Pr\u00e4sentation erl\u00e4utert Ihnen das Angebaut genauer. F\u00fcr dar\u00fcberhinausgehende Fragen steht Ihnen Frau Wagner als Koordinatorin gern zur Verf\u00fcgung.<\/p>\n<div class=\"RWGrahmen\" style=\"max-height: 100%; padding: 3px; margin-bottom: 20px;\"><div class=\"su-image-carousel  su-image-carousel-has-spacing su-image-carousel-has-lightbox su-image-carousel-has-outline su-image-carousel-adaptive su-image-carousel-slides-style-minimal su-image-carousel-controls-style-light su-image-carousel-align-center\" style=\"max-width:960px\" data-flickity-options='{\"groupCells\":true,\"cellSelector\":\".su-image-carousel-item\",\"adaptiveHeight\":true,\"cellAlign\":\"left\",\"prevNextButtons\":true,\"pageDots\":false,\"autoPlay\":false,\"imagesLoaded\":true,\"contain\":false,\"selectedAttraction\":0.025000000000000001,\"friction\":0.28000000000000003}' id=\"su_image_carousel_69f4f62ceffc1\"><div class=\"su-image-carousel-item\"><div class=\"su-image-carousel-item-content\"><a href=\"https:\/\/www.rwg-bayreuth.de\/home\/wp-content\/uploads\/2023\/03\/ILV-Info-Folie1.jpg\" data-caption=\"\"><img loading=\"lazy\" decoding=\"async\" width=\"960\" height=\"720\" src=\"https:\/\/www.rwg-bayreuth.de\/home\/wp-content\/uploads\/2023\/03\/ILV-Info-Folie1.jpg\" class=\"\" alt=\"\" srcset=\"https:\/\/www.rwg-bayreuth.de\/home\/wp-content\/uploads\/2023\/03\/ILV-Info-Folie1.jpg 960w, https:\/\/www.rwg-bayreuth.de\/home\/wp-content\/uploads\/2023\/03\/ILV-Info-Folie1-450x338.jpg 450w, https:\/\/www.rwg-bayreuth.de\/home\/wp-content\/uploads\/2023\/03\/ILV-Info-Folie1-150x113.jpg 150w, https:\/\/www.rwg-bayreuth.de\/home\/wp-content\/uploads\/2023\/03\/ILV-Info-Folie1-768x576.jpg 768w, https:\/\/www.rwg-bayreuth.de\/home\/wp-content\/uploads\/2023\/03\/ILV-Info-Folie1-250x188.jpg 250w\" sizes=\"(max-width: 960px) 100vw, 960px\" \/><\/a><\/div><\/div><div class=\"su-image-carousel-item\"><div class=\"su-image-carousel-item-content\"><a href=\"https:\/\/www.rwg-bayreuth.de\/home\/wp-content\/uploads\/2023\/03\/ILV-Info-Folie2.jpg\" data-caption=\"\"><img loading=\"lazy\" decoding=\"async\" width=\"960\" height=\"720\" src=\"https:\/\/www.rwg-bayreuth.de\/home\/wp-content\/uploads\/2023\/03\/ILV-Info-Folie2.jpg\" class=\"\" alt=\"\" srcset=\"https:\/\/www.rwg-bayreuth.de\/home\/wp-content\/uploads\/2023\/03\/ILV-Info-Folie2.jpg 960w, https:\/\/www.rwg-bayreuth.de\/home\/wp-content\/uploads\/2023\/03\/ILV-Info-Folie2-450x338.jpg 450w, https:\/\/www.rwg-bayreuth.de\/home\/wp-content\/uploads\/2023\/03\/ILV-Info-Folie2-150x113.jpg 150w, https:\/\/www.rwg-bayreuth.de\/home\/wp-content\/uploads\/2023\/03\/ILV-Info-Folie2-768x576.jpg 768w, https:\/\/www.rwg-bayreuth.de\/home\/wp-content\/uploads\/2023\/03\/ILV-Info-Folie2-250x188.jpg 250w\" sizes=\"(max-width: 960px) 100vw, 960px\" \/><\/a><\/div><\/div><div class=\"su-image-carousel-item\"><div class=\"su-image-carousel-item-content\"><a href=\"https:\/\/www.rwg-bayreuth.de\/home\/wp-content\/uploads\/2023\/03\/ILV-Info-Folie3.jpg\" data-caption=\"\"><img loading=\"lazy\" decoding=\"async\" width=\"960\" height=\"720\" src=\"https:\/\/www.rwg-bayreuth.de\/home\/wp-content\/uploads\/2023\/03\/ILV-Info-Folie3.jpg\" class=\"\" alt=\"\" srcset=\"https:\/\/www.rwg-bayreuth.de\/home\/wp-content\/uploads\/2023\/03\/ILV-Info-Folie3.jpg 960w, https:\/\/www.rwg-bayreuth.de\/home\/wp-content\/uploads\/2023\/03\/ILV-Info-Folie3-450x338.jpg 450w, https:\/\/www.rwg-bayreuth.de\/home\/wp-content\/uploads\/2023\/03\/ILV-Info-Folie3-150x113.jpg 150w, https:\/\/www.rwg-bayreuth.de\/home\/wp-content\/uploads\/2023\/03\/ILV-Info-Folie3-768x576.jpg 768w, https:\/\/www.rwg-bayreuth.de\/home\/wp-content\/uploads\/2023\/03\/ILV-Info-Folie3-250x188.jpg 250w, https:\/\/www.rwg-bayreuth.de\/home\/wp-content\/uploads\/2023\/03\/ILV-Info-Folie3-600x450.jpg 600w\" sizes=\"(max-width: 960px) 100vw, 960px\" \/><\/a><\/div><\/div><div class=\"su-image-carousel-item\"><div class=\"su-image-carousel-item-content\"><a href=\"https:\/\/www.rwg-bayreuth.de\/home\/wp-content\/uploads\/2023\/03\/ILV-Info-Folie4.jpg\" data-caption=\"\"><img loading=\"lazy\" decoding=\"async\" width=\"960\" height=\"720\" src=\"https:\/\/www.rwg-bayreuth.de\/home\/wp-content\/uploads\/2023\/03\/ILV-Info-Folie4.jpg\" class=\"\" alt=\"\" srcset=\"https:\/\/www.rwg-bayreuth.de\/home\/wp-content\/uploads\/2023\/03\/ILV-Info-Folie4.jpg 960w, https:\/\/www.rwg-bayreuth.de\/home\/wp-content\/uploads\/2023\/03\/ILV-Info-Folie4-450x338.jpg 450w, https:\/\/www.rwg-bayreuth.de\/home\/wp-content\/uploads\/2023\/03\/ILV-Info-Folie4-150x113.jpg 150w, https:\/\/www.rwg-bayreuth.de\/home\/wp-content\/uploads\/2023\/03\/ILV-Info-Folie4-768x576.jpg 768w, https:\/\/www.rwg-bayreuth.de\/home\/wp-content\/uploads\/2023\/03\/ILV-Info-Folie4-250x188.jpg 250w\" sizes=\"(max-width: 960px) 100vw, 960px\" \/><\/a><\/div><\/div><div class=\"su-image-carousel-item\"><div class=\"su-image-carousel-item-content\"><a href=\"https:\/\/www.rwg-bayreuth.de\/home\/wp-content\/uploads\/2023\/03\/ILV-Info-Folie5.jpg\" data-caption=\"\"><img loading=\"lazy\" decoding=\"async\" width=\"960\" height=\"720\" src=\"https:\/\/www.rwg-bayreuth.de\/home\/wp-content\/uploads\/2023\/03\/ILV-Info-Folie5.jpg\" class=\"\" alt=\"\" srcset=\"https:\/\/www.rwg-bayreuth.de\/home\/wp-content\/uploads\/2023\/03\/ILV-Info-Folie5.jpg 960w, https:\/\/www.rwg-bayreuth.de\/home\/wp-content\/uploads\/2023\/03\/ILV-Info-Folie5-450x338.jpg 450w, https:\/\/www.rwg-bayreuth.de\/home\/wp-content\/uploads\/2023\/03\/ILV-Info-Folie5-150x113.jpg 150w, https:\/\/www.rwg-bayreuth.de\/home\/wp-content\/uploads\/2023\/03\/ILV-Info-Folie5-768x576.jpg 768w, https:\/\/www.rwg-bayreuth.de\/home\/wp-content\/uploads\/2023\/03\/ILV-Info-Folie5-250x188.jpg 250w\" sizes=\"(max-width: 960px) 100vw, 960px\" \/><\/a><\/div><\/div><div class=\"su-image-carousel-item\"><div class=\"su-image-carousel-item-content\"><a href=\"https:\/\/www.rwg-bayreuth.de\/home\/wp-content\/uploads\/2023\/03\/ILV-Info-Folie6.jpg\" data-caption=\"\"><img loading=\"lazy\" decoding=\"async\" width=\"960\" height=\"720\" src=\"https:\/\/www.rwg-bayreuth.de\/home\/wp-content\/uploads\/2023\/03\/ILV-Info-Folie6.jpg\" class=\"\" alt=\"\" srcset=\"https:\/\/www.rwg-bayreuth.de\/home\/wp-content\/uploads\/2023\/03\/ILV-Info-Folie6.jpg 960w, https:\/\/www.rwg-bayreuth.de\/home\/wp-content\/uploads\/2023\/03\/ILV-Info-Folie6-450x338.jpg 450w, https:\/\/www.rwg-bayreuth.de\/home\/wp-content\/uploads\/2023\/03\/ILV-Info-Folie6-150x113.jpg 150w, https:\/\/www.rwg-bayreuth.de\/home\/wp-content\/uploads\/2023\/03\/ILV-Info-Folie6-768x576.jpg 768w, https:\/\/www.rwg-bayreuth.de\/home\/wp-content\/uploads\/2023\/03\/ILV-Info-Folie6-250x188.jpg 250w\" sizes=\"(max-width: 960px) 100vw, 960px\" \/><\/a><\/div><\/div><div class=\"su-image-carousel-item\"><div class=\"su-image-carousel-item-content\"><a href=\"https:\/\/www.rwg-bayreuth.de\/home\/wp-content\/uploads\/2023\/03\/ILV-Info-Folie7.jpg\" data-caption=\"\"><img loading=\"lazy\" decoding=\"async\" width=\"960\" height=\"720\" src=\"https:\/\/www.rwg-bayreuth.de\/home\/wp-content\/uploads\/2023\/03\/ILV-Info-Folie7.jpg\" class=\"\" alt=\"\" srcset=\"https:\/\/www.rwg-bayreuth.de\/home\/wp-content\/uploads\/2023\/03\/ILV-Info-Folie7.jpg 960w, https:\/\/www.rwg-bayreuth.de\/home\/wp-content\/uploads\/2023\/03\/ILV-Info-Folie7-450x338.jpg 450w, https:\/\/www.rwg-bayreuth.de\/home\/wp-content\/uploads\/2023\/03\/ILV-Info-Folie7-150x113.jpg 150w, https:\/\/www.rwg-bayreuth.de\/home\/wp-content\/uploads\/2023\/03\/ILV-Info-Folie7-768x576.jpg 768w, https:\/\/www.rwg-bayreuth.de\/home\/wp-content\/uploads\/2023\/03\/ILV-Info-Folie7-250x188.jpg 250w\" sizes=\"(max-width: 960px) 100vw, 960px\" \/><\/a><\/div><\/div><div class=\"su-image-carousel-item\"><div class=\"su-image-carousel-item-content\"><a href=\"https:\/\/www.rwg-bayreuth.de\/home\/wp-content\/uploads\/2023\/03\/ILV-Info-Folie8.jpg\" data-caption=\"\"><img loading=\"lazy\" decoding=\"async\" width=\"960\" height=\"720\" src=\"https:\/\/www.rwg-bayreuth.de\/home\/wp-content\/uploads\/2023\/03\/ILV-Info-Folie8.jpg\" class=\"\" alt=\"\" srcset=\"https:\/\/www.rwg-bayreuth.de\/home\/wp-content\/uploads\/2023\/03\/ILV-Info-Folie8.jpg 960w, https:\/\/www.rwg-bayreuth.de\/home\/wp-content\/uploads\/2023\/03\/ILV-Info-Folie8-450x338.jpg 450w, https:\/\/www.rwg-bayreuth.de\/home\/wp-content\/uploads\/2023\/03\/ILV-Info-Folie8-150x113.jpg 150w, https:\/\/www.rwg-bayreuth.de\/home\/wp-content\/uploads\/2023\/03\/ILV-Info-Folie8-768x576.jpg 768w, https:\/\/www.rwg-bayreuth.de\/home\/wp-content\/uploads\/2023\/03\/ILV-Info-Folie8-250x188.jpg 250w\" sizes=\"(max-width: 960px) 100vw, 960px\" \/><\/a><\/div><\/div><div class=\"su-image-carousel-item\"><div class=\"su-image-carousel-item-content\"><a href=\"https:\/\/www.rwg-bayreuth.de\/home\/wp-content\/uploads\/2023\/03\/ILV-Info-Folie9.jpg\" data-caption=\"\"><img loading=\"lazy\" decoding=\"async\" width=\"960\" height=\"720\" src=\"https:\/\/www.rwg-bayreuth.de\/home\/wp-content\/uploads\/2023\/03\/ILV-Info-Folie9.jpg\" class=\"\" alt=\"\" srcset=\"https:\/\/www.rwg-bayreuth.de\/home\/wp-content\/uploads\/2023\/03\/ILV-Info-Folie9.jpg 960w, https:\/\/www.rwg-bayreuth.de\/home\/wp-content\/uploads\/2023\/03\/ILV-Info-Folie9-450x338.jpg 450w, https:\/\/www.rwg-bayreuth.de\/home\/wp-content\/uploads\/2023\/03\/ILV-Info-Folie9-150x113.jpg 150w, https:\/\/www.rwg-bayreuth.de\/home\/wp-content\/uploads\/2023\/03\/ILV-Info-Folie9-768x576.jpg 768w, https:\/\/www.rwg-bayreuth.de\/home\/wp-content\/uploads\/2023\/03\/ILV-Info-Folie9-250x188.jpg 250w\" sizes=\"(max-width: 960px) 100vw, 960px\" \/><\/a><\/div><\/div><div class=\"su-image-carousel-item\"><div class=\"su-image-carousel-item-content\"><a href=\"https:\/\/www.rwg-bayreuth.de\/home\/wp-content\/uploads\/2023\/03\/ILV-Info-Folie10.jpg\" data-caption=\"\"><img loading=\"lazy\" decoding=\"async\" width=\"960\" height=\"720\" src=\"https:\/\/www.rwg-bayreuth.de\/home\/wp-content\/uploads\/2023\/03\/ILV-Info-Folie10.jpg\" class=\"\" alt=\"\" srcset=\"https:\/\/www.rwg-bayreuth.de\/home\/wp-content\/uploads\/2023\/03\/ILV-Info-Folie10.jpg 960w, https:\/\/www.rwg-bayreuth.de\/home\/wp-content\/uploads\/2023\/03\/ILV-Info-Folie10-450x338.jpg 450w, https:\/\/www.rwg-bayreuth.de\/home\/wp-content\/uploads\/2023\/03\/ILV-Info-Folie10-150x113.jpg 150w, https:\/\/www.rwg-bayreuth.de\/home\/wp-content\/uploads\/2023\/03\/ILV-Info-Folie10-768x576.jpg 768w, https:\/\/www.rwg-bayreuth.de\/home\/wp-content\/uploads\/2023\/03\/ILV-Info-Folie10-250x188.jpg 250w\" sizes=\"(max-width: 960px) 100vw, 960px\" \/><\/a><\/div><\/div><div class=\"su-image-carousel-item\"><div class=\"su-image-carousel-item-content\"><a href=\"https:\/\/www.rwg-bayreuth.de\/home\/wp-content\/uploads\/2023\/03\/ILV-Info-Folie11.jpg\" data-caption=\"\"><img loading=\"lazy\" decoding=\"async\" width=\"960\" height=\"720\" src=\"https:\/\/www.rwg-bayreuth.de\/home\/wp-content\/uploads\/2023\/03\/ILV-Info-Folie11.jpg\" class=\"\" alt=\"\" srcset=\"https:\/\/www.rwg-bayreuth.de\/home\/wp-content\/uploads\/2023\/03\/ILV-Info-Folie11.jpg 960w, https:\/\/www.rwg-bayreuth.de\/home\/wp-content\/uploads\/2023\/03\/ILV-Info-Folie11-450x338.jpg 450w, https:\/\/www.rwg-bayreuth.de\/home\/wp-content\/uploads\/2023\/03\/ILV-Info-Folie11-150x113.jpg 150w, https:\/\/www.rwg-bayreuth.de\/home\/wp-content\/uploads\/2023\/03\/ILV-Info-Folie11-768x576.jpg 768w, https:\/\/www.rwg-bayreuth.de\/home\/wp-content\/uploads\/2023\/03\/ILV-Info-Folie11-250x188.jpg 250w\" sizes=\"(max-width: 960px) 100vw, 960px\" \/><\/a><\/div><\/div><div class=\"su-image-carousel-item\"><div class=\"su-image-carousel-item-content\"><a href=\"https:\/\/www.rwg-bayreuth.de\/home\/wp-content\/uploads\/2023\/03\/ILV-Info-Folie12.jpg\" data-caption=\"\"><img loading=\"lazy\" decoding=\"async\" width=\"960\" height=\"720\" src=\"https:\/\/www.rwg-bayreuth.de\/home\/wp-content\/uploads\/2023\/03\/ILV-Info-Folie12.jpg\" class=\"\" alt=\"\" srcset=\"https:\/\/www.rwg-bayreuth.de\/home\/wp-content\/uploads\/2023\/03\/ILV-Info-Folie12.jpg 960w, https:\/\/www.rwg-bayreuth.de\/home\/wp-content\/uploads\/2023\/03\/ILV-Info-Folie12-450x338.jpg 450w, https:\/\/www.rwg-bayreuth.de\/home\/wp-content\/uploads\/2023\/03\/ILV-Info-Folie12-150x113.jpg 150w, https:\/\/www.rwg-bayreuth.de\/home\/wp-content\/uploads\/2023\/03\/ILV-Info-Folie12-768x576.jpg 768w, https:\/\/www.rwg-bayreuth.de\/home\/wp-content\/uploads\/2023\/03\/ILV-Info-Folie12-250x188.jpg 250w\" sizes=\"(max-width: 960px) 100vw, 960px\" \/><\/a><\/div><\/div><div class=\"su-image-carousel-item\"><div class=\"su-image-carousel-item-content\"><a href=\"https:\/\/www.rwg-bayreuth.de\/home\/wp-content\/uploads\/2023\/03\/ILV-Info-Folie13.jpg\" data-caption=\"\"><img loading=\"lazy\" decoding=\"async\" width=\"960\" height=\"720\" src=\"https:\/\/www.rwg-bayreuth.de\/home\/wp-content\/uploads\/2023\/03\/ILV-Info-Folie13.jpg\" class=\"\" alt=\"\" srcset=\"https:\/\/www.rwg-bayreuth.de\/home\/wp-content\/uploads\/2023\/03\/ILV-Info-Folie13.jpg 960w, https:\/\/www.rwg-bayreuth.de\/home\/wp-content\/uploads\/2023\/03\/ILV-Info-Folie13-450x338.jpg 450w, https:\/\/www.rwg-bayreuth.de\/home\/wp-content\/uploads\/2023\/03\/ILV-Info-Folie13-150x113.jpg 150w, https:\/\/www.rwg-bayreuth.de\/home\/wp-content\/uploads\/2023\/03\/ILV-Info-Folie13-768x576.jpg 768w, https:\/\/www.rwg-bayreuth.de\/home\/wp-content\/uploads\/2023\/03\/ILV-Info-Folie13-250x188.jpg 250w\" sizes=\"(max-width: 960px) 100vw, 960px\" \/><\/a><\/div><\/div><div class=\"su-image-carousel-item\"><div class=\"su-image-carousel-item-content\"><a href=\"https:\/\/www.rwg-bayreuth.de\/home\/wp-content\/uploads\/2023\/03\/ILV-Info-Folie14.jpg\" data-caption=\"\"><img loading=\"lazy\" decoding=\"async\" width=\"960\" height=\"720\" src=\"https:\/\/www.rwg-bayreuth.de\/home\/wp-content\/uploads\/2023\/03\/ILV-Info-Folie14.jpg\" class=\"\" alt=\"\" srcset=\"https:\/\/www.rwg-bayreuth.de\/home\/wp-content\/uploads\/2023\/03\/ILV-Info-Folie14.jpg 960w, https:\/\/www.rwg-bayreuth.de\/home\/wp-content\/uploads\/2023\/03\/ILV-Info-Folie14-450x338.jpg 450w, https:\/\/www.rwg-bayreuth.de\/home\/wp-content\/uploads\/2023\/03\/ILV-Info-Folie14-150x113.jpg 150w, https:\/\/www.rwg-bayreuth.de\/home\/wp-content\/uploads\/2023\/03\/ILV-Info-Folie14-768x576.jpg 768w, https:\/\/www.rwg-bayreuth.de\/home\/wp-content\/uploads\/2023\/03\/ILV-Info-Folie14-250x188.jpg 250w\" sizes=\"(max-width: 960px) 100vw, 960px\" \/><\/a><\/div><\/div><div class=\"su-image-carousel-item\"><div class=\"su-image-carousel-item-content\"><a href=\"https:\/\/www.rwg-bayreuth.de\/home\/wp-content\/uploads\/2023\/03\/ILV-Info-Folie15.jpg\" data-caption=\"\"><img loading=\"lazy\" decoding=\"async\" width=\"960\" height=\"720\" src=\"https:\/\/www.rwg-bayreuth.de\/home\/wp-content\/uploads\/2023\/03\/ILV-Info-Folie15.jpg\" class=\"\" alt=\"\" srcset=\"https:\/\/www.rwg-bayreuth.de\/home\/wp-content\/uploads\/2023\/03\/ILV-Info-Folie15.jpg 960w, https:\/\/www.rwg-bayreuth.de\/home\/wp-content\/uploads\/2023\/03\/ILV-Info-Folie15-450x338.jpg 450w, https:\/\/www.rwg-bayreuth.de\/home\/wp-content\/uploads\/2023\/03\/ILV-Info-Folie15-150x113.jpg 150w, https:\/\/www.rwg-bayreuth.de\/home\/wp-content\/uploads\/2023\/03\/ILV-Info-Folie15-768x576.jpg 768w, https:\/\/www.rwg-bayreuth.de\/home\/wp-content\/uploads\/2023\/03\/ILV-Info-Folie15-250x188.jpg 250w\" sizes=\"(max-width: 960px) 100vw, 960px\" \/><\/a><\/div><\/div><div class=\"su-image-carousel-item\"><div class=\"su-image-carousel-item-content\"><a href=\"https:\/\/www.rwg-bayreuth.de\/home\/wp-content\/uploads\/2023\/03\/ILV-Info-Folie16.jpg\" data-caption=\"\"><img loading=\"lazy\" decoding=\"async\" width=\"960\" height=\"720\" src=\"https:\/\/www.rwg-bayreuth.de\/home\/wp-content\/uploads\/2023\/03\/ILV-Info-Folie16.jpg\" class=\"\" alt=\"\" srcset=\"https:\/\/www.rwg-bayreuth.de\/home\/wp-content\/uploads\/2023\/03\/ILV-Info-Folie16.jpg 960w, https:\/\/www.rwg-bayreuth.de\/home\/wp-content\/uploads\/2023\/03\/ILV-Info-Folie16-450x338.jpg 450w, https:\/\/www.rwg-bayreuth.de\/home\/wp-content\/uploads\/2023\/03\/ILV-Info-Folie16-150x113.jpg 150w, https:\/\/www.rwg-bayreuth.de\/home\/wp-content\/uploads\/2023\/03\/ILV-Info-Folie16-768x576.jpg 768w, https:\/\/www.rwg-bayreuth.de\/home\/wp-content\/uploads\/2023\/03\/ILV-Info-Folie16-250x188.jpg 250w\" sizes=\"(max-width: 960px) 100vw, 960px\" \/><\/a><\/div><\/div><div class=\"su-image-carousel-item\"><div class=\"su-image-carousel-item-content\"><a href=\"https:\/\/www.rwg-bayreuth.de\/home\/wp-content\/uploads\/2023\/03\/ILV-Info-Folie17.jpg\" data-caption=\"\"><img loading=\"lazy\" decoding=\"async\" width=\"960\" height=\"720\" src=\"https:\/\/www.rwg-bayreuth.de\/home\/wp-content\/uploads\/2023\/03\/ILV-Info-Folie17.jpg\" class=\"\" alt=\"\" srcset=\"https:\/\/www.rwg-bayreuth.de\/home\/wp-content\/uploads\/2023\/03\/ILV-Info-Folie17.jpg 960w, https:\/\/www.rwg-bayreuth.de\/home\/wp-content\/uploads\/2023\/03\/ILV-Info-Folie17-450x338.jpg 450w, https:\/\/www.rwg-bayreuth.de\/home\/wp-content\/uploads\/2023\/03\/ILV-Info-Folie17-150x113.jpg 150w, https:\/\/www.rwg-bayreuth.de\/home\/wp-content\/uploads\/2023\/03\/ILV-Info-Folie17-768x576.jpg 768w, https:\/\/www.rwg-bayreuth.de\/home\/wp-content\/uploads\/2023\/03\/ILV-Info-Folie17-250x188.jpg 250w\" sizes=\"(max-width: 960px) 100vw, 960px\" \/><\/a><\/div><\/div><div class=\"su-image-carousel-item\"><div class=\"su-image-carousel-item-content\"><a href=\"https:\/\/www.rwg-bayreuth.de\/home\/wp-content\/uploads\/2023\/03\/ILV-Info-Folie18.jpg\" data-caption=\"\"><img loading=\"lazy\" decoding=\"async\" width=\"960\" height=\"720\" src=\"https:\/\/www.rwg-bayreuth.de\/home\/wp-content\/uploads\/2023\/03\/ILV-Info-Folie18.jpg\" class=\"\" alt=\"\" srcset=\"https:\/\/www.rwg-bayreuth.de\/home\/wp-content\/uploads\/2023\/03\/ILV-Info-Folie18.jpg 960w, https:\/\/www.rwg-bayreuth.de\/home\/wp-content\/uploads\/2023\/03\/ILV-Info-Folie18-450x338.jpg 450w, https:\/\/www.rwg-bayreuth.de\/home\/wp-content\/uploads\/2023\/03\/ILV-Info-Folie18-150x113.jpg 150w, https:\/\/www.rwg-bayreuth.de\/home\/wp-content\/uploads\/2023\/03\/ILV-Info-Folie18-768x576.jpg 768w, https:\/\/www.rwg-bayreuth.de\/home\/wp-content\/uploads\/2023\/03\/ILV-Info-Folie18-250x188.jpg 250w\" sizes=\"(max-width: 960px) 100vw, 960px\" \/><\/a><\/div><\/div><div class=\"su-image-carousel-item\"><div class=\"su-image-carousel-item-content\"><a href=\"https:\/\/www.rwg-bayreuth.de\/home\/wp-content\/uploads\/2023\/03\/ILV-Info-Folie19.jpg\" data-caption=\"\"><img loading=\"lazy\" decoding=\"async\" width=\"960\" height=\"720\" src=\"https:\/\/www.rwg-bayreuth.de\/home\/wp-content\/uploads\/2023\/03\/ILV-Info-Folie19.jpg\" class=\"\" alt=\"\" srcset=\"https:\/\/www.rwg-bayreuth.de\/home\/wp-content\/uploads\/2023\/03\/ILV-Info-Folie19.jpg 960w, https:\/\/www.rwg-bayreuth.de\/home\/wp-content\/uploads\/2023\/03\/ILV-Info-Folie19-450x338.jpg 450w, https:\/\/www.rwg-bayreuth.de\/home\/wp-content\/uploads\/2023\/03\/ILV-Info-Folie19-150x113.jpg 150w, https:\/\/www.rwg-bayreuth.de\/home\/wp-content\/uploads\/2023\/03\/ILV-Info-Folie19-768x576.jpg 768w, https:\/\/www.rwg-bayreuth.de\/home\/wp-content\/uploads\/2023\/03\/ILV-Info-Folie19-250x188.jpg 250w\" sizes=\"(max-width: 960px) 100vw, 960px\" \/><\/a><\/div><\/div><\/div><script id=\"su_image_carousel_69f4f62ceffc1_script\">if(window.SUImageCarousel){setTimeout(function() {window.SUImageCarousel.initGallery(document.getElementById(\"su_image_carousel_69f4f62ceffc1\"))}, 0);}var su_image_carousel_69f4f62ceffc1_script=document.getElementById(\"su_image_carousel_69f4f62ceffc1_script\");if(su_image_carousel_69f4f62ceffc1_script){su_image_carousel_69f4f62ceffc1_script.parentNode.removeChild(su_image_carousel_69f4f62ceffc1_script);}<\/script><\/div>\n<ul class=\"linkliste\">\n<li><a href=\"https:\/\/www.rwg-bayreuth.de\/home\/wp-content\/uploads\/2023\/03\/Individuelle-LZV_22_24_Homepage.pdf\">Individuelle LZV &#8211; Information.pdf<\/a><\/li>\n<\/ul>\n","protected":false},"excerpt":{"rendered":"<p>Mit der \u201eIndividuellen Lernzeitverk\u00fcrzung\u201c, kurz ILV, erhalten leistungsbereite, begabte und interessierte Sch\u00fclerinnen und Sch\u00fcler am neunj\u00e4hrigen Gymnasium die M\u00f6glichkeit, die Lernzeit bis zum Abitur p\u00e4dagogisch begleitet auf acht Jahre zu verk\u00fcrzen. Anders als beim klassischen \u00dcberspringen nach \u00a7 34 GSO werden sie bei der ILV in speziellen Zusatzmodulen auf das Auslassen der Jahrgangsstufe 11 vorbereitet.&hellip;<\/p>\n","protected":false},"author":11,"featured_media":0,"parent":11132,"menu_order":40,"comment_status":"closed","ping_status":"closed","template":"page-templates\/no-sidebar.php","meta":{"footnotes":""},"tags":[],"_links":{"self":[{"href":"https:\/\/www.rwg-bayreuth.de\/home\/index.php?rest_route=\/wp\/v2\/pages\/33592"}],"collection":[{"href":"https:\/\/www.rwg-bayreuth.de\/home\/index.php?rest_route=\/wp\/v2\/pages"}],"about":[{"href":"https:\/\/www.rwg-bayreuth.de\/home\/index.php?rest_route=\/wp\/v2\/types\/page"}],"author":[{"embeddable":true,"href":"https:\/\/www.rwg-bayreuth.de\/home\/index.php?rest_route=\/wp\/v2\/users\/11"}],"replies":[{"embeddable":true,"href":"https:\/\/www.rwg-bayreuth.de\/home\/index.php?rest_route=%2Fwp%2Fv2%2Fcomments&post=33592"}],"version-history":[{"count":12,"href":"https:\/\/www.rwg-bayreuth.de\/home\/index.php?rest_route=\/wp\/v2\/pages\/33592\/revisions"}],"predecessor-version":[{"id":36161,"href":"https:\/\/www.rwg-bayreuth.de\/home\/index.php?rest_route=\/wp\/v2\/pages\/33592\/revisions\/36161"}],"up":[{"embeddable":true,"href":"https:\/\/www.rwg-bayreuth.de\/home\/index.php?rest_route=\/wp\/v2\/pages\/11132"}],"wp:attachment":[{"href":"https:\/\/www.rwg-bayreuth.de\/home\/index.php?rest_route=%2Fwp%2Fv2%2Fmedia&parent=33592"}],"wp:term":[{"taxonomy":"post_tag","embeddable":true,"href":"https:\/\/www.rwg-bayreuth.de\/home\/index.php?rest_route=%2Fwp%2Fv2%2Ftags&post=33592"}],"curies":[{"name":"wp","href":"https:\/\/api.w.org\/{rel}","templated":true}]}}