{"id":3098,"date":"2014-02-23T22:54:57","date_gmt":"2014-02-23T21:54:57","guid":{"rendered":"http:\/\/www.rwg-bayreuth.de\/home\/?page_id=3098"},"modified":"2025-08-04T14:52:10","modified_gmt":"2025-08-04T12:52:10","slug":"informationen-zum-thema-beruf-aus-erster-hand","status":"publish","type":"page","link":"https:\/\/www.rwg-bayreuth.de\/home\/?page_id=3098","title":{"rendered":"Berufsorientierung"},"content":{"rendered":"<p><a href=\"https:\/\/www.rwg-bayreuth.de\/home\/wp-content\/uploads\/2014\/02\/Berufsorientierung.jpg\"><img loading=\"lazy\" decoding=\"async\" src=\"https:\/\/www.rwg-bayreuth.de\/home\/wp-content\/uploads\/2014\/02\/Berufsorientierung.jpg\" alt=\"Berufsorientierung\" width=\"150\" height=\"190\" class=\"alignleft size-full wp-image-3816\" srcset=\"https:\/\/www.rwg-bayreuth.de\/home\/wp-content\/uploads\/2014\/02\/Berufsorientierung.jpg 150w, https:\/\/www.rwg-bayreuth.de\/home\/wp-content\/uploads\/2014\/02\/Berufsorientierung-118x150.jpg 118w\" sizes=\"(max-width: 150px) 100vw, 150px\" \/><\/a>Am Richard-Wagner-Gymnasium wird gro\u00dfer Wert auf eine rechtzeitige und umfassende Berufsorientierung gelegt. Das erste Mal wird das Thema &#8222;Beruf&#8220; schon in der 9. Jahrgangsstufe auf die Tagesordnung gesetzt, oft in fach\u00fcbergreifender Kooperation zwischen den F\u00e4chern Deutsch und Wirtschaft\/Recht.<\/p>\n<p>Einen wichtigen Beitrag zur Berufsorientierung leisten die P-Seminare in der Oberstufe. Neben der allgemeinen Berufsorientierung finden auch Erkundungen spezieller Berufsfelder statt. Dabei kooperiert die Schule eng mit externen Partnern, um den n\u00f6tigen Praxisbezug sicherzustellen.<\/p>\n<p>Dar\u00fcber hinaus werden regelm\u00e4\u00dfig Berufsberatungen in Zusammenarbeit mit der Agentur f\u00fcr Arbeit durchgef\u00fchrt und es gibt regelm\u00e4\u00dfige Veranstaltungen, die konkrete Praxistipps geben und das Gespr\u00e4ch mit Arbeitgebern aus der Region erm\u00f6glichen.<\/p>\n<h2>Hier sind einige Beispiele<\/h2>\n<div class=\"rwg_post_list\"><article id=\"post-41170\"class=\"cf post-41170 post type-post status-publish format-standard has-post-thumbnail hentry category-allgemein tag-home tag-mbo\">\n \t\t<div class=\"entry-thumbnail fadein\"> \t\t\t<a href=\"https:\/\/www.rwg-bayreuth.de\/home\/?p=41170\"><img loading=\"lazy\" decoding=\"async\" width=\"1024\" height=\"683\" src=\"https:\/\/www.rwg-bayreuth.de\/home\/wp-content\/uploads\/2026\/04\/25-26-TagDesHandwerks-B.jpg\" class=\"attachment-post-thumbnail size-post-thumbnail wp-post-image\" alt=\"\" srcset=\"https:\/\/www.rwg-bayreuth.de\/home\/wp-content\/uploads\/2026\/04\/25-26-TagDesHandwerks-B.jpg 1024w, https:\/\/www.rwg-bayreuth.de\/home\/wp-content\/uploads\/2026\/04\/25-26-TagDesHandwerks-B-150x100.jpg 150w, https:\/\/www.rwg-bayreuth.de\/home\/wp-content\/uploads\/2026\/04\/25-26-TagDesHandwerks-B-450x300.jpg 450w, https:\/\/www.rwg-bayreuth.de\/home\/wp-content\/uploads\/2026\/04\/25-26-TagDesHandwerks-B-768x512.jpg 768w, https:\/\/www.rwg-bayreuth.de\/home\/wp-content\/uploads\/2026\/04\/25-26-TagDesHandwerks-B-250x167.jpg 250w, https:\/\/www.rwg-bayreuth.de\/home\/wp-content\/uploads\/2026\/04\/25-26-TagDesHandwerks-B-900x600.jpg 900w\" sizes=\"(max-width: 1024px) 100vw, 1024px\" \/><\/a> \t\t<\/div><!-- end .entry-thumbnail -->\n<div class=\"meta-main-wrap\">\n  <div class=\"\">\n    <header class=\"entry-header\">\n      <div class=\"entry-cats\">\n        <div class=\"kategorie\"><a href=\"https:\/\/www.rwg-bayreuth.de\/home\/?cat=1\" rel=\"category\">Schulleben<\/a><\/div>\n<div class=\"entry-edit\" >      <div class=\"entry-date\" >\n        <a href=\"https:\/\/www.rwg-bayreuth.de\/home\/?p=41170\">28. M\u00e4rz 2026<\/a>\n      <\/div><\/div><!-- end .entry-date -->\n      <\/div><!-- end .entry-cats -->\n<h2 class=\"entry-title\"><a href=\"https:\/\/www.rwg-bayreuth.de\/home\/?p=41170\" rel=\"bookmark\">Handwerk hautnah: Neue Perspektiven jenseits des H\u00f6rsaals<\/a><\/h2>\n    <\/header><!-- end .entry-header -->\n    <div class=\"entry-summary\">\nGrundschule, Gymnasium, dort Abi machen und ab ins Studium. Das ist der \u00fcbliche Weg zum sp\u00e4teren Berufsleben, der den Sch\u00fclerinnen und Sch\u00fclern, nicht nur des Richard-Wagner-Gymnasiums, vorgelebt wird. Doch es geht auch anders. Die Handwerkskammer Bayreuth hat es sich deshalb zum Ziel gesetzt, den Jugendlichen zu zeigen, dass ein Studium nicht das Einzige sein muss,&hellip;\n  <\/div><!-- .entry-summary -->\n  <\/div><!-- .entry-main -->\n<\/div><!-- .meta-main-wrap -->\n<\/article><!-- end post -41170 -->\n<article id=\"post-38168\"class=\"cf post-38168 post type-post status-publish format-standard has-post-thumbnail hentry category-allgemein tag-home tag-mbo\">\n \t\t<div class=\"entry-thumbnail fadein\"> \t\t\t<a href=\"https:\/\/www.rwg-bayreuth.de\/home\/?p=38168\"><img loading=\"lazy\" decoding=\"async\" width=\"1024\" height=\"683\" src=\"https:\/\/www.rwg-bayreuth.de\/home\/wp-content\/uploads\/2025\/02\/24-25-MbO-Workshops-2.jpg\" class=\"attachment-post-thumbnail size-post-thumbnail wp-post-image\" alt=\"\" srcset=\"https:\/\/www.rwg-bayreuth.de\/home\/wp-content\/uploads\/2025\/02\/24-25-MbO-Workshops-2.jpg 1024w, https:\/\/www.rwg-bayreuth.de\/home\/wp-content\/uploads\/2025\/02\/24-25-MbO-Workshops-2-150x100.jpg 150w, https:\/\/www.rwg-bayreuth.de\/home\/wp-content\/uploads\/2025\/02\/24-25-MbO-Workshops-2-450x300.jpg 450w, https:\/\/www.rwg-bayreuth.de\/home\/wp-content\/uploads\/2025\/02\/24-25-MbO-Workshops-2-768x512.jpg 768w, https:\/\/www.rwg-bayreuth.de\/home\/wp-content\/uploads\/2025\/02\/24-25-MbO-Workshops-2-250x167.jpg 250w, https:\/\/www.rwg-bayreuth.de\/home\/wp-content\/uploads\/2025\/02\/24-25-MbO-Workshops-2-900x600.jpg 900w\" sizes=\"(max-width: 1024px) 100vw, 1024px\" \/><\/a> \t\t<\/div><!-- end .entry-thumbnail -->\n<div class=\"meta-main-wrap\">\n  <div class=\"\">\n    <header class=\"entry-header\">\n      <div class=\"entry-cats\">\n        <div class=\"kategorie\"><a href=\"https:\/\/www.rwg-bayreuth.de\/home\/?cat=1\" rel=\"category\">Schulleben<\/a><\/div>\n<div class=\"entry-edit\" >      <div class=\"entry-date\" >\n        <a href=\"https:\/\/www.rwg-bayreuth.de\/home\/?p=38168\">13. Februar 2025<\/a>\n      <\/div><\/div><!-- end .entry-date -->\n      <\/div><!-- end .entry-cats -->\n<h2 class=\"entry-title\"><a href=\"https:\/\/www.rwg-bayreuth.de\/home\/?p=38168\" rel=\"bookmark\">\u201eWas f\u00fcrs Leben gelernt!\u201c<\/a><\/h2>\n    <\/header><!-- end .entry-header -->\n    <div class=\"entry-summary\">\nIm Rahmen des P-Seminars wird das Modul zur beruflichen Orientierung, das in der 9. Jahrgangsstufe beginnt, auch in der 11. Jahrgangsstufe weitergef\u00fchrt. In diesem Kontext erfahren die Sch\u00fclerinnen und Sch\u00fcler verschiedene Berufsfelder, die im Bereich ihres Seminars m\u00f6glich sind. Dar\u00fcber hinaus finden f\u00fcr alle P-Seminare verschiedene Workshops im Bereich der beruflichen Orientierung statt, so auch&hellip;\n  <\/div><!-- .entry-summary -->\n  <\/div><!-- .entry-main -->\n<\/div><!-- .meta-main-wrap -->\n<\/article><!-- end post -38168 -->\n<article id=\"post-37429\"class=\"cf post-37429 post type-post status-publish format-standard has-post-thumbnail hentry category-allgemein tag-home tag-mbo\">\n \t\t<div class=\"entry-thumbnail fadein\"> \t\t\t<a href=\"https:\/\/www.rwg-bayreuth.de\/home\/?p=37429\"><img loading=\"lazy\" decoding=\"async\" width=\"1024\" height=\"683\" src=\"https:\/\/www.rwg-bayreuth.de\/home\/wp-content\/uploads\/2024\/12\/24-25-MbO-9.-Klasse-B.jpg\" class=\"attachment-post-thumbnail size-post-thumbnail wp-post-image\" alt=\"\" srcset=\"https:\/\/www.rwg-bayreuth.de\/home\/wp-content\/uploads\/2024\/12\/24-25-MbO-9.-Klasse-B.jpg 1024w, https:\/\/www.rwg-bayreuth.de\/home\/wp-content\/uploads\/2024\/12\/24-25-MbO-9.-Klasse-B-150x100.jpg 150w, https:\/\/www.rwg-bayreuth.de\/home\/wp-content\/uploads\/2024\/12\/24-25-MbO-9.-Klasse-B-450x300.jpg 450w, https:\/\/www.rwg-bayreuth.de\/home\/wp-content\/uploads\/2024\/12\/24-25-MbO-9.-Klasse-B-768x512.jpg 768w, https:\/\/www.rwg-bayreuth.de\/home\/wp-content\/uploads\/2024\/12\/24-25-MbO-9.-Klasse-B-250x167.jpg 250w, https:\/\/www.rwg-bayreuth.de\/home\/wp-content\/uploads\/2024\/12\/24-25-MbO-9.-Klasse-B-900x600.jpg 900w\" sizes=\"(max-width: 1024px) 100vw, 1024px\" \/><\/a> \t\t<\/div><!-- end .entry-thumbnail -->\n<div class=\"meta-main-wrap\">\n  <div class=\"\">\n    <header class=\"entry-header\">\n      <div class=\"entry-cats\">\n        <div class=\"kategorie\"><a href=\"https:\/\/www.rwg-bayreuth.de\/home\/?cat=1\" rel=\"category\">Schulleben<\/a><\/div>\n<div class=\"entry-edit\" >      <div class=\"entry-date\" >\n        <a href=\"https:\/\/www.rwg-bayreuth.de\/home\/?p=37429\">10. Dezember 2024<\/a>\n      <\/div><\/div><!-- end .entry-date -->\n      <\/div><!-- end .entry-cats -->\n<h2 class=\"entry-title\"><a href=\"https:\/\/www.rwg-bayreuth.de\/home\/?p=37429\" rel=\"bookmark\">Das Modul zur beruflichen Orientierung \u2013 Aus der Praxis f\u00fcr die Praxis<\/a><\/h2>\n    <\/header><!-- end .entry-header -->\n    <div class=\"entry-summary\">\nIm Rahmen des Moduls zur beruflichen Orientierung wurden die Sch\u00fclerinnen und Sch\u00fcler der 9. Jahrgangsstufe an zwei verschiedenen Terminen durch Expertinnen der Sparkasse Bayreuth ausf\u00fchrlich zum Thema Bewerbung, Lebenslauf und Bewerbungsgespr\u00e4ch geschult. Die Expertinnen konnten hier gute und ausf\u00fchrliche Informationen aus der Praxis vermitteln und hilfreiche Tipps zum Bewerbungsprozess geben. Wir bedanken uns ausdr\u00fccklich bei&hellip;\n  <\/div><!-- .entry-summary -->\n  <\/div><!-- .entry-main -->\n<\/div><!-- .meta-main-wrap -->\n<\/article><!-- end post -37429 -->\n<\/div><!-- end .rwg_post_list -->\n","protected":false},"excerpt":{"rendered":"<p>Am Richard-Wagner-Gymnasium wird gro\u00dfer Wert auf eine rechtzeitige und umfassende Berufsorientierung gelegt. Das erste Mal wird das Thema &#8222;Beruf&#8220; schon in der 9. Jahrgangsstufe auf die Tagesordnung gesetzt, oft in fach\u00fcbergreifender Kooperation zwischen den F\u00e4chern Deutsch und Wirtschaft\/Recht. Einen wichtigen Beitrag zur Berufsorientierung leisten die P-Seminare in der Oberstufe. Neben der allgemeinen Berufsorientierung finden auch&hellip;<\/p>\n","protected":false},"author":2,"featured_media":0,"parent":11156,"menu_order":50,"comment_status":"closed","ping_status":"closed","template":"page-templates\/no-sidebar.php","meta":{"footnotes":""},"tags":[54],"_links":{"self":[{"href":"https:\/\/www.rwg-bayreuth.de\/home\/index.php?rest_route=\/wp\/v2\/pages\/3098"}],"collection":[{"href":"https:\/\/www.rwg-bayreuth.de\/home\/index.php?rest_route=\/wp\/v2\/pages"}],"about":[{"href":"https:\/\/www.rwg-bayreuth.de\/home\/index.php?rest_route=\/wp\/v2\/types\/page"}],"author":[{"embeddable":true,"href":"https:\/\/www.rwg-bayreuth.de\/home\/index.php?rest_route=\/wp\/v2\/users\/2"}],"replies":[{"embeddable":true,"href":"https:\/\/www.rwg-bayreuth.de\/home\/index.php?rest_route=%2Fwp%2Fv2%2Fcomments&post=3098"}],"version-history":[{"count":29,"href":"https:\/\/www.rwg-bayreuth.de\/home\/index.php?rest_route=\/wp\/v2\/pages\/3098\/revisions"}],"predecessor-version":[{"id":39436,"href":"https:\/\/www.rwg-bayreuth.de\/home\/index.php?rest_route=\/wp\/v2\/pages\/3098\/revisions\/39436"}],"up":[{"embeddable":true,"href":"https:\/\/www.rwg-bayreuth.de\/home\/index.php?rest_route=\/wp\/v2\/pages\/11156"}],"wp:attachment":[{"href":"https:\/\/www.rwg-bayreuth.de\/home\/index.php?rest_route=%2Fwp%2Fv2%2Fmedia&parent=3098"}],"wp:term":[{"taxonomy":"post_tag","embeddable":true,"href":"https:\/\/www.rwg-bayreuth.de\/home\/index.php?rest_route=%2Fwp%2Fv2%2Ftags&post=3098"}],"curies":[{"name":"wp","href":"https:\/\/api.w.org\/{rel}","templated":true}]}}