{"id":30612,"date":"2022-02-04T21:04:49","date_gmt":"2022-02-04T20:04:49","guid":{"rendered":"http:\/\/www.rwg-bayreuth.de\/home\/?page_id=30612"},"modified":"2025-09-23T16:09:22","modified_gmt":"2025-09-23T14:09:22","slug":"rwg-in-zahlen-2","status":"publish","type":"page","link":"https:\/\/www.rwg-bayreuth.de\/home\/?page_id=30612","title":{"rendered":"RWG in Zahlen"},"content":{"rendered":"<p><img decoding=\"async\" src=\"https:\/\/www.rwg-bayreuth.de\/home\/wp-content\/uploads\/2022\/02\/RWG_Schulfoto-3x.jpg\" alt=\"\" width=\"100%\" height=\"auto\" class=\"alignnone size-full wp-image-30618\" srcset=\"https:\/\/www.rwg-bayreuth.de\/home\/wp-content\/uploads\/2022\/02\/RWG_Schulfoto-3x.jpg 1024w, https:\/\/www.rwg-bayreuth.de\/home\/wp-content\/uploads\/2022\/02\/RWG_Schulfoto-3x-450x150.jpg 450w, https:\/\/www.rwg-bayreuth.de\/home\/wp-content\/uploads\/2022\/02\/RWG_Schulfoto-3x-768x256.jpg 768w, https:\/\/www.rwg-bayreuth.de\/home\/wp-content\/uploads\/2022\/02\/RWG_Schulfoto-3x-250x83.jpg 250w\" sizes=\"(max-width: 1024px) 100vw, 1024px\" \/><\/p>\n<div class=\"su-row\"><div class=\"su-column su-column-size-5-6 su-column-centered\"><div class=\"su-column-inner su-u-clearfix su-u-trim\">\n<div class=\"su-list\" style=\"margin-left:0px\">\n<ul>\n<li><img decoding=\"async\" src=\"https:\/\/www.rwg-bayreuth.de\/home\/wp-content\/uploads\/2020\/12\/Logo_RWG_klein.png\" alt=\"\" \/> ca. 830 Sch\u00fclerinnen und Sch\u00fcler<\/li>\n<li><img decoding=\"async\" src=\"https:\/\/www.rwg-bayreuth.de\/home\/wp-content\/uploads\/2020\/12\/Logo_RWG_klein.png\" alt=\"\" \/> 30 Klassen (5 &#8211; 11)<\/li>\n<li><img decoding=\"async\" src=\"https:\/\/www.rwg-bayreuth.de\/home\/wp-content\/uploads\/2020\/12\/Logo_RWG_klein.png\" alt=\"\" \/> durchschnittliche Klassengr\u00f6\u00dfe: 22,9 Sch\u00fclerinnen und Sch\u00fcler<\/li>\n<li><img decoding=\"async\" src=\"https:\/\/www.rwg-bayreuth.de\/home\/wp-content\/uploads\/2020\/12\/Logo_RWG_klein.png\" alt=\"\" \/> ca. 85 Lehrkr\u00e4fte<\/li>\n<li><img decoding=\"async\" src=\"https:\/\/www.rwg-bayreuth.de\/home\/wp-content\/uploads\/2020\/12\/Logo_RWG_klein.png\" alt=\"\" \/> breites Wahl- und F\u00f6rderprogramm in den Bereichen Sport, Kunst, Musik, MINT, Sprachen, Kreativwerkstatt und Kochen, Theater, \u2026<\/li>\n<li><img decoding=\"async\" src=\"https:\/\/www.rwg-bayreuth.de\/home\/wp-content\/uploads\/2020\/12\/Logo_RWG_klein.png\" alt=\"\" \/> schuleigenes Studienseminar<\/li>\n<li><img decoding=\"async\" src=\"https:\/\/www.rwg-bayreuth.de\/home\/wp-content\/uploads\/2020\/12\/Logo_RWG_klein.png\" alt=\"\" \/> 2 Bibliotheken<\/li>\n<\/ul>\n<\/div>\n<\/div><\/div><\/div>\n<p>&nbsp;<\/p>\n<div class=\"su-row\"><div class=\"su-column su-column-size-1-2\"><div class=\"su-column-inner su-u-clearfix su-u-trim\">&nbsp;<br \/>\n<\/div><\/div>\n<div class=\"su-column su-column-size-1-2\"><div class=\"su-column-inner su-u-clearfix su-u-trim\">\n<a href=\"https:\/\/www.rwg-bayreuth.de\/home\/?page_id=24848\" rel=\"\" style=\"text-decoration:none\"><\/p>\n<div style=\"border: 2px solid #dddddd\"><img decoding=\"async\" src=\"https:\/\/www.rwg-bayreuth.de\/home\/wp-content\/uploads\/2020\/03\/19-20-5Puzzle-Teile.png\" alt=\"\"  height=\"288\" class=\"aligncenter size-full wp-image-24991 bilderzoom\" style=\"padding:20px 30px 0px; margin-bottom:-24px; max-height:80px \" srcset=\"https:\/\/www.rwg-bayreuth.de\/home\/wp-content\/uploads\/2020\/03\/19-20-5Puzzle-Teile.png 1500w, https:\/\/www.rwg-bayreuth.de\/home\/wp-content\/uploads\/2020\/03\/19-20-5Puzzle-Teile-450x90.png 450w, https:\/\/www.rwg-bayreuth.de\/home\/wp-content\/uploads\/2020\/03\/19-20-5Puzzle-Teile-1024x205.png 1024w, https:\/\/www.rwg-bayreuth.de\/home\/wp-content\/uploads\/2020\/03\/19-20-5Puzzle-Teile-768x154.png 768w, https:\/\/www.rwg-bayreuth.de\/home\/wp-content\/uploads\/2020\/03\/19-20-5Puzzle-Teile-250x50.png 250w, https:\/\/www.rwg-bayreuth.de\/home\/wp-content\/uploads\/2020\/03\/19-20-5Puzzle-Teile-600x120.png 600w\" sizes=\"(max-width: 1500px) 100vw, 1500px\" \/><\/p>\n<h6 style=\"text-align:center; margin-bottom:12px; margin-left:1em; margin-right:1em\">Hier geht&#8217;s zur\u00fcck zur Puzzle-\u00dcbersicht unserer digitalen Infos<\/h6>\n<\/div>\n<p><\/a><br \/>\n<\/div><\/div><\/div>\n<p>&nbsp;<\/p>\n","protected":false},"excerpt":{"rendered":"<p>&nbsp; &nbsp;<\/p>\n","protected":false},"author":11,"featured_media":0,"parent":14662,"menu_order":0,"comment_status":"closed","ping_status":"closed","template":"page-templates\/no-sidebar.php","meta":{"footnotes":""},"tags":[],"_links":{"self":[{"href":"https:\/\/www.rwg-bayreuth.de\/home\/index.php?rest_route=\/wp\/v2\/pages\/30612"}],"collection":[{"href":"https:\/\/www.rwg-bayreuth.de\/home\/index.php?rest_route=\/wp\/v2\/pages"}],"about":[{"href":"https:\/\/www.rwg-bayreuth.de\/home\/index.php?rest_route=\/wp\/v2\/types\/page"}],"author":[{"embeddable":true,"href":"https:\/\/www.rwg-bayreuth.de\/home\/index.php?rest_route=\/wp\/v2\/users\/11"}],"replies":[{"embeddable":true,"href":"https:\/\/www.rwg-bayreuth.de\/home\/index.php?rest_route=%2Fwp%2Fv2%2Fcomments&post=30612"}],"version-history":[{"count":27,"href":"https:\/\/www.rwg-bayreuth.de\/home\/index.php?rest_route=\/wp\/v2\/pages\/30612\/revisions"}],"predecessor-version":[{"id":39841,"href":"https:\/\/www.rwg-bayreuth.de\/home\/index.php?rest_route=\/wp\/v2\/pages\/30612\/revisions\/39841"}],"up":[{"embeddable":true,"href":"https:\/\/www.rwg-bayreuth.de\/home\/index.php?rest_route=\/wp\/v2\/pages\/14662"}],"wp:attachment":[{"href":"https:\/\/www.rwg-bayreuth.de\/home\/index.php?rest_route=%2Fwp%2Fv2%2Fmedia&parent=30612"}],"wp:term":[{"taxonomy":"post_tag","embeddable":true,"href":"https:\/\/www.rwg-bayreuth.de\/home\/index.php?rest_route=%2Fwp%2Fv2%2Ftags&post=30612"}],"curies":[{"name":"wp","href":"https:\/\/api.w.org\/{rel}","templated":true}]}}