{"id":305,"date":"2012-04-15T20:05:21","date_gmt":"2012-04-15T19:05:21","guid":{"rendered":"http:\/\/www.rwg-bayreuth.de\/home\/?p=305"},"modified":"2022-06-02T08:46:11","modified_gmt":"2022-06-02T06:46:11","slug":"zeit-schulerbucherei","status":"publish","type":"page","link":"https:\/\/www.rwg-bayreuth.de\/home\/?page_id=305","title":{"rendered":"ZEIT-Sch\u00fclerb\u00fccherei"},"content":{"rendered":"<ol>\n<li>Bettina von Arnim, Die G\u00fcnderode<\/li>\n<li>Jurek Becker, Jakob der L\u00fcgner<\/li>\n<li>Heinrich B\u00f6ll, Wanderer, kommst du nach Spa&#8230;<\/li>\n<li>Wolfgang Borchert, Drau\u00dfen vor der T\u00fcr<\/li>\n<li>Hermann Bote, Ein kurtzweilig Lesen von Dil Ulenspiegel<\/li>\n<li>Bertolt Brecht, Leben des Galilei<\/li>\n<li>Br\u00fcder Grimm, Kinder- und Hausm\u00e4rchen<\/li>\n<li>Georg B\u00fcchner, Lenz, Leonce und Lena und Dantons Tod<\/li>\n<li>Wilhelm Busch, Bildergeschichten<\/li>\n<li>Friedrich D\u00fcrrenmatt, Der Besuch der alten Dame<\/li>\n<li>Marie von Ebner-Eschenbach, Das Gemeindekind<\/li>\n<li>Joseph von Eichendorff, Aus dem Leben eines Taugenichts<\/li>\n<li>Michael Ende, Jim Knopf und Lukas der Lokomotivf\u00fchrer<\/li>\n<li>Hans Fallada, Kleiner Mann \u2013 was nun?<\/li>\n<li>Theodor Fontane, Effi Briest<\/li>\n<li>Max Frisch, Biedermann und die Brandstifter \u2013 Ein Lehrst\u00fcck ohne Lehre<\/li>\n<li>Johann Wolfgang von Goethe, Faust I<\/li>\n<li>Johann Wolfgang von Goethe, Die Leiden des jungen Werthers<\/li>\n<li>Hans Jakob Christoffel von Grimmelshausen, Der abenteuerliche Simplicissimus<\/li>\n<li>Sebastian Haffner, Geschichte eines Deutschen<\/li>\n<li>Wilhelm Hauff, S\u00e4mtliche M\u00e4rchen<\/li>\n<li>Friedrich H\u00f6lderlin, Hyperion<\/li>\n<li>E.T.A. Hoffmann, Das Fr\u00e4ulein von Scuderi und Der Sandmann<\/li>\n<li>Hans Henny Jahnn, Flu\u00df ohne Ufer<\/li>\n<li>Anna Maria Jokl, Die Perlmutterfarbe. Ein Kinderroman f\u00fcr fast alle Leute<\/li>\n<li>Franz Kafka, Erz\u00e4hlungen und andere ausgew\u00e4hlte Prosa<\/li>\n<li>Franz Kafka, Der Proce\u00df<\/li>\n<li>Marie Luise Kaschnitz, Lange Schatten und Ferngespr\u00e4che<\/li>\n<li>Erich K\u00e4stner, Das fliegende Klassenzimmer<\/li>\n<li>Gottfried Keller, Die Leute von Seldwyla<\/li>\n<li>Heinrich v. Kleist, Penthesilea<\/li>\n<li>Heinrich von Kleist, S\u00e4mtliche Werke und Briefe<\/li>\n<li>Gotthold Ephraim Lessing, Nathan der Weise<\/li>\n<li>Georg Christoph Lichtenberg, Aphorismen<\/li>\n<li>Das Evangelium nach Matth\u00e4us Aus der Heiligen Schrift nach der \u00dcbersetzung Martin Luthers<\/li>\n<li>Lyrik, (Ulla Hahn); eine Zusammenstellung von 234 Gedichten; Hahn ver\u00f6ffentlichte die Auswahl 2003 als Anthologie unter dem Titel<\/li>\n<li>Heinrich Mann, Der Untertan<\/li>\n<li>Thomas Mann, Der Tod in Venedig. Und andere Erz\u00e4hlungen<\/li>\n<li>Robert Musil, Die Verwirrungen des Z\u00f6glings T\u00f6rle\u00df<\/li>\n<li>Joseph Roth, Hiob<\/li>\n<li>Friedrich von Schiller, Kabale und Liebe<\/li>\n<li>Arno Schmidt, Brand&#8217;s Haide<\/li>\n<li>Erz\u00e4hlungen von Arthur Schnitzler<\/li>\n<li>Anna Seghers, Das siebte Kreuz<\/li>\n<li>Theodor Storm, Der Schimmelreiter<\/li>\n<li>Frank Wedekind, Fr\u00fchlings Erwachen<\/li>\n<\/ol>\n","protected":false},"excerpt":{"rendered":"<p>Bettina von Arnim, Die G\u00fcnderode Jurek Becker, Jakob der L\u00fcgner Heinrich B\u00f6ll, Wanderer, kommst du nach Spa&#8230; Wolfgang Borchert, Drau\u00dfen vor der T\u00fcr Hermann Bote, Ein kurtzweilig Lesen von Dil Ulenspiegel Bertolt Brecht, Leben des Galilei Br\u00fcder Grimm, Kinder- und Hausm\u00e4rchen Georg B\u00fcchner, Lenz, Leonce und Lena und Dantons Tod Wilhelm Busch, Bildergeschichten Friedrich D\u00fcrrenmatt,&hellip;<\/p>\n","protected":false},"author":1,"featured_media":0,"parent":89,"menu_order":120,"comment_status":"closed","ping_status":"open","template":"page-templates\/no-sidebar.php","meta":{"footnotes":""},"tags":[],"_links":{"self":[{"href":"https:\/\/www.rwg-bayreuth.de\/home\/index.php?rest_route=\/wp\/v2\/pages\/305"}],"collection":[{"href":"https:\/\/www.rwg-bayreuth.de\/home\/index.php?rest_route=\/wp\/v2\/pages"}],"about":[{"href":"https:\/\/www.rwg-bayreuth.de\/home\/index.php?rest_route=\/wp\/v2\/types\/page"}],"author":[{"embeddable":true,"href":"https:\/\/www.rwg-bayreuth.de\/home\/index.php?rest_route=\/wp\/v2\/users\/1"}],"replies":[{"embeddable":true,"href":"https:\/\/www.rwg-bayreuth.de\/home\/index.php?rest_route=%2Fwp%2Fv2%2Fcomments&post=305"}],"version-history":[{"count":5,"href":"https:\/\/www.rwg-bayreuth.de\/home\/index.php?rest_route=\/wp\/v2\/pages\/305\/revisions"}],"predecessor-version":[{"id":31368,"href":"https:\/\/www.rwg-bayreuth.de\/home\/index.php?rest_route=\/wp\/v2\/pages\/305\/revisions\/31368"}],"up":[{"embeddable":true,"href":"https:\/\/www.rwg-bayreuth.de\/home\/index.php?rest_route=\/wp\/v2\/pages\/89"}],"wp:attachment":[{"href":"https:\/\/www.rwg-bayreuth.de\/home\/index.php?rest_route=%2Fwp%2Fv2%2Fmedia&parent=305"}],"wp:term":[{"taxonomy":"post_tag","embeddable":true,"href":"https:\/\/www.rwg-bayreuth.de\/home\/index.php?rest_route=%2Fwp%2Fv2%2Ftags&post=305"}],"curies":[{"name":"wp","href":"https:\/\/api.w.org\/{rel}","templated":true}]}}