{"id":30359,"date":"2022-01-20T17:05:32","date_gmt":"2022-01-20T16:05:32","guid":{"rendered":"http:\/\/www.rwg-bayreuth.de\/home\/?page_id=30359"},"modified":"2022-02-09T16:46:02","modified_gmt":"2022-02-09T15:46:02","slug":"aktionskalender-des-p-seminars","status":"publish","type":"page","link":"https:\/\/www.rwg-bayreuth.de\/home\/?page_id=30359","title":{"rendered":"Aktionskalender des P-Seminars"},"content":{"rendered":"<p><a href=\"https:\/\/www.rwg-bayreuth.de\/home\/wp-content\/uploads\/2022\/01\/21-22-P-Seminar-Bib-RRR-Aktionskalender-S-scaled.jpg\"><img decoding=\"async\" src=\"https:\/\/www.rwg-bayreuth.de\/home\/wp-content\/uploads\/2022\/01\/21-22-P-Seminar-Bib-RRR-Aktionskalender-S-scaled.jpg\" alt=\"\" width=\"100%\" height=\"auto\" class=\"alignnone size-full wp-image-30361\" srcset=\"https:\/\/www.rwg-bayreuth.de\/home\/wp-content\/uploads\/2022\/01\/21-22-P-Seminar-Bib-RRR-Aktionskalender-S-scaled.jpg 2560w, https:\/\/www.rwg-bayreuth.de\/home\/wp-content\/uploads\/2022\/01\/21-22-P-Seminar-Bib-RRR-Aktionskalender-S-450x143.jpg 450w, https:\/\/www.rwg-bayreuth.de\/home\/wp-content\/uploads\/2022\/01\/21-22-P-Seminar-Bib-RRR-Aktionskalender-S-1024x325.jpg 1024w, https:\/\/www.rwg-bayreuth.de\/home\/wp-content\/uploads\/2022\/01\/21-22-P-Seminar-Bib-RRR-Aktionskalender-S-768x244.jpg 768w, https:\/\/www.rwg-bayreuth.de\/home\/wp-content\/uploads\/2022\/01\/21-22-P-Seminar-Bib-RRR-Aktionskalender-S-1536x488.jpg 1536w, https:\/\/www.rwg-bayreuth.de\/home\/wp-content\/uploads\/2022\/01\/21-22-P-Seminar-Bib-RRR-Aktionskalender-S-2048x651.jpg 2048w, https:\/\/www.rwg-bayreuth.de\/home\/wp-content\/uploads\/2022\/01\/21-22-P-Seminar-Bib-RRR-Aktionskalender-S-250x79.jpg 250w\" sizes=\"(max-width: 2560px) 100vw, 2560px\" \/><\/a><\/p>\n<h2>Stempelkartenaktion<\/h2>\n<p>Die Aktion geht <strong>vom 10.01.2022 bis zum 20.03.2022<\/strong>. In diesem Zeitraum habt ihr die M\u00f6glichkeit, euch eine Stempelkarte ausstellen zu lassen. Es geht darum, sich B\u00fccher auszuleihen und zu lesen, sie dann zur\u00fcckzugeben und daf\u00fcr Stempel zu sammeln. Bei einer vollen Stempelkarte erhaltet ihr coole Preise. [<a href=\"https:\/\/www.rwg-bayreuth.de\/home\/wp-content\/uploads\/2022\/02\/21-22-RRR-Stempelkarte.jpg\">Flyer mit Stempelkarte<\/a>]\n<div style=\"text-align: right; \"><a class=\"standard-btn small-btn\" href=\"https:\/\/www.rwg-bayreuth.de\/home\/?page_id=95#GBib\"><span>zur Bibliotheksseite<\/span><\/a><\/div>\n<p>&nbsp;<\/p>\n","protected":false},"excerpt":{"rendered":"<p>Stempelkartenaktion Die Aktion geht vom 10.01.2022 bis zum 20.03.2022. In diesem Zeitraum habt ihr die M\u00f6glichkeit, euch eine Stempelkarte ausstellen zu lassen. Es geht darum, sich B\u00fccher auszuleihen und zu lesen, sie dann zur\u00fcckzugeben und daf\u00fcr Stempel zu sammeln. Bei einer vollen Stempelkarte erhaltet ihr coole Preise. [Flyer mit Stempelkarte] &nbsp;<\/p>\n","protected":false},"author":11,"featured_media":0,"parent":30246,"menu_order":0,"comment_status":"closed","ping_status":"closed","template":"page-templates\/no-sidebar.php","meta":{"footnotes":""},"tags":[],"_links":{"self":[{"href":"https:\/\/www.rwg-bayreuth.de\/home\/index.php?rest_route=\/wp\/v2\/pages\/30359"}],"collection":[{"href":"https:\/\/www.rwg-bayreuth.de\/home\/index.php?rest_route=\/wp\/v2\/pages"}],"about":[{"href":"https:\/\/www.rwg-bayreuth.de\/home\/index.php?rest_route=\/wp\/v2\/types\/page"}],"author":[{"embeddable":true,"href":"https:\/\/www.rwg-bayreuth.de\/home\/index.php?rest_route=\/wp\/v2\/users\/11"}],"replies":[{"embeddable":true,"href":"https:\/\/www.rwg-bayreuth.de\/home\/index.php?rest_route=%2Fwp%2Fv2%2Fcomments&post=30359"}],"version-history":[{"count":6,"href":"https:\/\/www.rwg-bayreuth.de\/home\/index.php?rest_route=\/wp\/v2\/pages\/30359\/revisions"}],"predecessor-version":[{"id":30686,"href":"https:\/\/www.rwg-bayreuth.de\/home\/index.php?rest_route=\/wp\/v2\/pages\/30359\/revisions\/30686"}],"up":[{"embeddable":true,"href":"https:\/\/www.rwg-bayreuth.de\/home\/index.php?rest_route=\/wp\/v2\/pages\/30246"}],"wp:attachment":[{"href":"https:\/\/www.rwg-bayreuth.de\/home\/index.php?rest_route=%2Fwp%2Fv2%2Fmedia&parent=30359"}],"wp:term":[{"taxonomy":"post_tag","embeddable":true,"href":"https:\/\/www.rwg-bayreuth.de\/home\/index.php?rest_route=%2Fwp%2Fv2%2Ftags&post=30359"}],"curies":[{"name":"wp","href":"https:\/\/api.w.org\/{rel}","templated":true}]}}