{"id":30246,"date":"2022-01-10T15:58:12","date_gmt":"2022-01-10T14:58:12","guid":{"rendered":"http:\/\/www.rwg-bayreuth.de\/home\/?page_id=30246"},"modified":"2023-09-28T21:31:56","modified_gmt":"2023-09-28T19:31:56","slug":"aktionen-des-p-seminars-2021-2022","status":"publish","type":"page","link":"https:\/\/www.rwg-bayreuth.de\/home\/?page_id=30246","title":{"rendered":"Aktionen des P-Seminars 2021\/2022"},"content":{"rendered":"<h4>Bib Name<\/h4>\n<p><a href=\"https:\/\/www.rwg-bayreuth.de\/home\/wp-content\/uploads\/2022\/01\/Logo_OBib.png\"><img decoding=\"async\" src=\"https:\/\/www.rwg-bayreuth.de\/home\/wp-content\/uploads\/2022\/01\/Logo_OBib.png\" alt=\"\" width=\"400\" height=\"auto\" class=\"alignright size-full wp-image-30247\" style=\"max-width: 42%\" srcset=\"https:\/\/www.rwg-bayreuth.de\/home\/wp-content\/uploads\/2022\/01\/Logo_OBib.png 1784w, https:\/\/www.rwg-bayreuth.de\/home\/wp-content\/uploads\/2022\/01\/Logo_OBib-450x260.png 450w, https:\/\/www.rwg-bayreuth.de\/home\/wp-content\/uploads\/2022\/01\/Logo_OBib-1024x592.png 1024w, https:\/\/www.rwg-bayreuth.de\/home\/wp-content\/uploads\/2022\/01\/Logo_OBib-768x444.png 768w, https:\/\/www.rwg-bayreuth.de\/home\/wp-content\/uploads\/2022\/01\/Logo_OBib-1536x888.png 1536w, https:\/\/www.rwg-bayreuth.de\/home\/wp-content\/uploads\/2022\/01\/Logo_OBib-250x144.png 250w\" sizes=\"(max-width: 1784px) 100vw, 1784px\" \/><\/a>Eine gro\u00dfe Ver\u00e4nderung brachte ein neuer Name f\u00fcr die Obere Bibliothek. Aus \u201eObere Bibliothek\u201c wurde \u201eRitchie\u2019s Reading Room\u201d, auch kurz \u201eR<sup>3<\/sup>\u201c. Alle Sch\u00fcler*innen der diesj\u00e4hrigen 8. und 9. Klassen wurden am Ende des letzten Schuljahres dazu angeregt, ihre Kreativit\u00e4t auf die Probe zu stellen, und einer hat dies besonders gut gemacht: Johannes aus der Klasse 8c. Sein Vorschlag hat die Oberstufensch\u00fcler und Lehrerinnen des P-Seminars beeindruckt und somit entstand der neue Name. Johannes ging nat\u00fcrlich nicht ohne eine Belohnung f\u00fcr sein Kreatives K\u00f6pfchen nach Hause. Passend zum Namen entwarfen wir ein neues Bibliothekslogo.<\/p>\n<p><a href=\"https:\/\/www.rwg-bayreuth.de\/home\/wp-content\/uploads\/2022\/01\/21-22-OBib-Lieblingsbuecher.jpg\"><img decoding=\"async\" src=\"https:\/\/www.rwg-bayreuth.de\/home\/wp-content\/uploads\/2022\/01\/21-22-OBib-Lieblingsbuecher-312x450.jpg\" alt=\"\" width=\"208\" height=\"auto\" class=\"alignright size-medium wp-image-30228\" srcset=\"https:\/\/www.rwg-bayreuth.de\/home\/wp-content\/uploads\/2022\/01\/21-22-OBib-Lieblingsbuecher-312x450.jpg 312w, https:\/\/www.rwg-bayreuth.de\/home\/wp-content\/uploads\/2022\/01\/21-22-OBib-Lieblingsbuecher-250x361.jpg 250w, https:\/\/www.rwg-bayreuth.de\/home\/wp-content\/uploads\/2022\/01\/21-22-OBib-Lieblingsbuecher.jpg 709w\" sizes=\"(max-width: 312px) 100vw, 312px\" \/><\/a><\/p>\n<h4>Lieblingsb\u00fccher<\/h4>\n<p>Wolltet ihr schon immer wissen, wie unsere Lehrer am RWG ticken? Wenn ja, dann k\u00f6nnt ihr das jetzt durch die Aktion der \u201eLieblings-B\u00fccher der Lehrer\u201c herausfinden. In einer Umfrage vom P-Seminar \u201eLifeRARY\u201c wurden die Lehrer nach ihren Lieblingsb\u00fcchern befragt. Mit Hilfe vielschichtiger Antworten kam es zu einer Ausstellung in der Oberer Bibliothek, welche man nun besichtigen kann. Dort k\u00f6nnt ihr euch durch die gespendeten B\u00fccher w\u00fchlen, eine Leseprobe machen und somit eure Lehrer besser kennenlernen. <a href=\"https:\/\/www.rwg-bayreuth.de\/home\/wp-content\/uploads\/2022\/02\/21-22-RRR-Lieblingsbuecher.jpg\">Info Lieblingsb\u00fccher<\/a><\/p>\n<h4>Einf\u00fchrung<\/h4>\n<p>Um alles \u00fcber unsere Bibliothek erfahren zu k\u00f6nnen, gab es eine besondere Einf\u00fchrung f\u00fcr die 8. und 9. Klassen. Spielerisch wurde hier den Sch\u00fcler*innen die Bibliothek n\u00e4hergebracht, welche sie als R\u00fcckzugsort benutzen k\u00f6nnen oder um Referate fertigzustellen, zu lernen oder einfach ihre Pausen dort zu verbringen. Mit einem kleinen Wettstreit und einer anschlie\u00dfenden Pr\u00e4mie wurde die Einf\u00fchrung den Sch\u00fcler*innen attraktiver gestaltet. Mit dem neugewonnenen Wissen startete dann ein Quiz durch und \u00fcber die ganze Bibliothek. Somit k\u00f6nnen sie nun als \u201eProfis\u201c die Bibliothek nutzen.<\/p>\n<h4>Flyer, Stempelkarten, Schilder<\/h4>\n<p>Um mehr auf die Bibliothek aufmerksam zu machen, nahm sich eine Gruppe zur Aufgabe, Flyer, Stempelkarten und Schilder im Schulhaus und unter den Sch\u00fclern zu verteilen. Die auf den <a href=\"https:\/\/www.rwg-bayreuth.de\/home\/wp-content\/uploads\/2022\/02\/21-22-RRR-Stempelkarte.jpg\">Flyern abgedruckten, zeitlich begrenzten Stempelkarten<\/a>, erm\u00f6glichen es den Sch\u00fclern, f\u00fcr ihr ausgiebiges Lese-Engagement belohnt zu werden.  Haltet au\u00dferdem eure Augen offen f\u00fcr die neuen Werbeschilder, die bald \u00fcberall im Schulhaus verteilt sein werden!<\/p>\n<div style=\"text-align: right; \"><a class=\"standard-btn small-btn\" href=\"https:\/\/www.rwg-bayreuth.de\/home\/?page_id=95#GBib\"><span>zur Bibliotheksseite<\/span><\/a><\/div>\n<p>&nbsp;<\/p>\n","protected":false},"excerpt":{"rendered":"<p>Bib Name Eine gro\u00dfe Ver\u00e4nderung brachte ein neuer Name f\u00fcr die Obere Bibliothek. Aus \u201eObere Bibliothek\u201c wurde \u201eRitchie\u2019s Reading Room\u201d, auch kurz \u201eR3\u201c. Alle Sch\u00fcler*innen der diesj\u00e4hrigen 8. und 9. Klassen wurden am Ende des letzten Schuljahres dazu angeregt, ihre Kreativit\u00e4t auf die Probe zu stellen, und einer hat dies besonders gut gemacht: Johannes aus&hellip;<\/p>\n","protected":false},"author":11,"featured_media":0,"parent":14662,"menu_order":0,"comment_status":"closed","ping_status":"closed","template":"page-templates\/no-sidebar.php","meta":{"footnotes":""},"tags":[54],"_links":{"self":[{"href":"https:\/\/www.rwg-bayreuth.de\/home\/index.php?rest_route=\/wp\/v2\/pages\/30246"}],"collection":[{"href":"https:\/\/www.rwg-bayreuth.de\/home\/index.php?rest_route=\/wp\/v2\/pages"}],"about":[{"href":"https:\/\/www.rwg-bayreuth.de\/home\/index.php?rest_route=\/wp\/v2\/types\/page"}],"author":[{"embeddable":true,"href":"https:\/\/www.rwg-bayreuth.de\/home\/index.php?rest_route=\/wp\/v2\/users\/11"}],"replies":[{"embeddable":true,"href":"https:\/\/www.rwg-bayreuth.de\/home\/index.php?rest_route=%2Fwp%2Fv2%2Fcomments&post=30246"}],"version-history":[{"count":14,"href":"https:\/\/www.rwg-bayreuth.de\/home\/index.php?rest_route=\/wp\/v2\/pages\/30246\/revisions"}],"predecessor-version":[{"id":30685,"href":"https:\/\/www.rwg-bayreuth.de\/home\/index.php?rest_route=\/wp\/v2\/pages\/30246\/revisions\/30685"}],"up":[{"embeddable":true,"href":"https:\/\/www.rwg-bayreuth.de\/home\/index.php?rest_route=\/wp\/v2\/pages\/14662"}],"wp:attachment":[{"href":"https:\/\/www.rwg-bayreuth.de\/home\/index.php?rest_route=%2Fwp%2Fv2%2Fmedia&parent=30246"}],"wp:term":[{"taxonomy":"post_tag","embeddable":true,"href":"https:\/\/www.rwg-bayreuth.de\/home\/index.php?rest_route=%2Fwp%2Fv2%2Ftags&post=30246"}],"curies":[{"name":"wp","href":"https:\/\/api.w.org\/{rel}","templated":true}]}}