{"id":30203,"date":"2022-01-10T15:19:15","date_gmt":"2022-01-10T14:19:15","guid":{"rendered":"http:\/\/www.rwg-bayreuth.de\/home\/?page_id=30203"},"modified":"2025-03-28T06:42:24","modified_gmt":"2025-03-28T05:42:24","slug":"die-grosse-bibliothek-ritchies-reading-room-r3","status":"publish","type":"page","link":"https:\/\/www.rwg-bayreuth.de\/home\/?page_id=30203","title":{"rendered":"Die Gro\u00dfe Bibliothek \u2013 Ritchie&#8217;s Reading Room \u2013 R<sup>3<\/sup>"},"content":{"rendered":"<p><a href=\"https:\/\/www.rwg-bayreuth.de\/home\/wp-content\/uploads\/2025\/03\/Logo_Bib_R3.jpg\"><img decoding=\"async\" src=\"https:\/\/www.rwg-bayreuth.de\/home\/wp-content\/uploads\/2025\/03\/Logo_Bib_R3.jpg\" alt=\"\" width=\"364\" height=\"auto\" class=\"alignright size-full wp-image-38417\" style=\"max-width: 36%;\" srcset=\"https:\/\/www.rwg-bayreuth.de\/home\/wp-content\/uploads\/2025\/03\/Logo_Bib_R3.jpg 1092w, https:\/\/www.rwg-bayreuth.de\/home\/wp-content\/uploads\/2025\/03\/Logo_Bib_R3-150x88.jpg 150w, https:\/\/www.rwg-bayreuth.de\/home\/wp-content\/uploads\/2025\/03\/Logo_Bib_R3-450x263.jpg 450w, https:\/\/www.rwg-bayreuth.de\/home\/wp-content\/uploads\/2025\/03\/Logo_Bib_R3-768x448.jpg 768w, https:\/\/www.rwg-bayreuth.de\/home\/wp-content\/uploads\/2025\/03\/Logo_Bib_R3-1024x597.jpg 1024w, https:\/\/www.rwg-bayreuth.de\/home\/wp-content\/uploads\/2025\/03\/Logo_Bib_R3-250x146.jpg 250w\" sizes=\"(max-width: 1092px) 100vw, 1092px\" \/><\/a>In Raum 333 des RWG ist die gro\u00dfe Bibliothek, Ritchie&#8217;s Reading Room, zu finden. Zugang haben Sch\u00fcler*innen ab der 8ten Klasse.<\/p>\n<h6 class=\"clear\">\u00d6ffnungszeiten<\/h6>\n<table class=\"eng\" style=\"margin-bottom: 2px\">\n<tr>\n<td>Montag<\/td>\n<td>8.30 \u2013 9.35 Uhr<\/td>\n<\/tr>\n<tr>\n<td>Dienstag<\/td>\n<td>9.15 \u2013 11.05 Uhr<\/td>\n<\/tr>\n<tr>\n<td>Mittwoch<\/td>\n<td>9.15 \u2013 9.35 Uhr<\/td>\n<\/tr>\n<tr>\n<td>Donnerstag<\/td>\n<td>9.15 \u2013 10.20 Uhr<\/td>\n<\/tr>\n<\/table>\n<span class=\"su-lightbox\" data-mfp-src=\"#Oberstufe-Individuell\" data-mfp-type=\"inline\" data-mobile=\"yes\">\n<p style=\"text-decoration: underline\">Zus\u00e4tzlich f\u00fcr die Oberstufe<\/p>\n<\/span>\n<div class=\"su-lightbox-content su-u-trim  lightbox-max-width\" id=\"Oberstufe-Individuell\" style=\"display:none;width:90%;min-width:none;max-width:500px;margin-top:70px;margin-bottom:70px;padding:5%;background:#FFFFFF;color:#2a2a2a;box-shadow:0px 0px 15px #333333;text-align:left\">Du bist in der Oberstufe und m\u00f6chtest au\u00dferhalb dieser Zeiten in die Bibliothek? \u2013 Kein Problem:<br \/>\nEinfach im Sekretariat 2 den Schl\u00fcssel hierzu ausleihen und nach der Nutzung wieder zur\u00fcckbringen!<\/div>\n<p>&nbsp;<\/p>\n<div class=\"su-row\"><div class=\"su-column su-column-size-1-2\"><div class=\"su-column-inner su-u-clearfix su-u-trim\">\n<a href=\"https:\/\/www.rwg-bayreuth.de\/home\/wp-content\/uploads\/2022\/01\/21-22-OBib-Bib_1.jpg\"><img decoding=\"async\" src=\"https:\/\/www.rwg-bayreuth.de\/home\/wp-content\/uploads\/2022\/01\/21-22-OBib-Bib_1.jpg\" alt=\"\" width=\"auto\" height=\"1024\" class=\"aligncenter size-full wp-image-30206\"  style=\"max-height: 450px\" srcset=\"https:\/\/www.rwg-bayreuth.de\/home\/wp-content\/uploads\/2022\/01\/21-22-OBib-Bib_1.jpg 709w, https:\/\/www.rwg-bayreuth.de\/home\/wp-content\/uploads\/2022\/01\/21-22-OBib-Bib_1-312x450.jpg 312w, https:\/\/www.rwg-bayreuth.de\/home\/wp-content\/uploads\/2022\/01\/21-22-OBib-Bib_1-250x361.jpg 250w\" sizes=\"(max-width: 709px) 100vw, 709px\" \/><\/a><br \/>\n<\/div><\/div>\n<div class=\"su-column su-column-size-1-2\"><div class=\"su-column-inner su-u-clearfix su-u-trim\">\n<a href=\"https:\/\/www.rwg-bayreuth.de\/home\/wp-content\/uploads\/2022\/01\/21-22-OBib-Bib_2.jpg\"><img decoding=\"async\" src=\"https:\/\/www.rwg-bayreuth.de\/home\/wp-content\/uploads\/2022\/01\/21-22-OBib-Bib_2.jpg\" alt=\"\" width=\"auto\" height=\"1024\" class=\"aligncenter size-full wp-image-30205\" style=\"max-height: 450px\" srcset=\"https:\/\/www.rwg-bayreuth.de\/home\/wp-content\/uploads\/2022\/01\/21-22-OBib-Bib_2.jpg 709w, https:\/\/www.rwg-bayreuth.de\/home\/wp-content\/uploads\/2022\/01\/21-22-OBib-Bib_2-312x450.jpg 312w, https:\/\/www.rwg-bayreuth.de\/home\/wp-content\/uploads\/2022\/01\/21-22-OBib-Bib_2-250x361.jpg 250w\" sizes=\"(max-width: 709px) 100vw, 709px\" \/><\/a><br \/>\n<\/div><\/div><\/div>\n<p>Die Bibliothek ist ein ruhiger Ort f\u00fcr eigenst\u00e4ndiges Arbeiten und zum Entspannen. Neben dem vielf\u00e4ltigen B\u00fccherbestand gibt es auch eine gro\u00dfe Spiel- und Filmeauswahl zum Ausleihen.<\/p>\n<h6>Grunds\u00e4tzliche Regeln<\/h6>\n<ul>\n<li>Essen und Trinken sind nicht gestattet.<\/li>\n<li>Verhaltet euch ruhig, um andere nicht zu st\u00f6ren.<\/li>\n<li>Laptops k\u00f6nnen bei der Bibliotheksaufsicht ausgeliehen werden  -> Speichern der Daten nur auf einem mitgebrachten Stick m\u00f6glich.<\/li>\n<li>Den Anweisungen der Bibliotheksaufsicht ist Folge zu leisten.<\/li>\n<\/ul>\n<h6>Zur Ausleihe<\/h6>\n<p>Einfache Ausleihe mit dem Bibliotheksausweis der Stadtbibliothek RW21. Du hast noch keinen? Einfach bei der Bibliotheksaufsicht nachfragen und einen erstellen lassen!<\/p>\n<ul>\n<li>Grunds\u00e4tzlich ist alles auszuleihen, ausgenommen Exemplare aus dem Pr\u00e4senzbestand sowie<br \/>\nEnzyklop\u00e4dien &#038; Fachlexika (bei Bedarf nachfragen).<\/li>\n<li>Die Ausleihfrist betr\u00e4gt drei Wochen.<\/li>\n<li>Mehr als f\u00fcnf Titel gleichzeitig auszuleihen ist nicht gestattet.<\/li>\n<li>Ausleihe und R\u00fcckgabe werden unter Verwendung des Bayreuther Bibliotheksausweises von einem Mitglied des Bibliotheksteams per EDV dokumentiert.<\/li>\n<li>Ein Verlust des Ausweises ist sofort dem Bibliotheksteam zu melden.<\/li>\n<li>Bei Neuausstellung f\u00e4llt eine Geb\u00fchr von 3 Euro an.<\/li>\n<li>Alle Medien sind bei der R\u00fcckgabe einem Mitglied des Bibliotheksteams auszuh\u00e4ndigen; sie d\u00fcrfen nicht eigenh\u00e4ndig wieder eingestellt werden.<\/li>\n<li>Medien, insbesondere elektronische, sind pfleglich zu behandeln; Sch\u00e4den oder Verlust sind der Bibliotheksaufsicht unaufgefordert mitzuteilen und gegebenenfalls zu begleichen.<\/li>\n<\/ul>\n<div class=\"su-image-carousel  su-image-carousel-has-spacing su-image-carousel-has-lightbox su-image-carousel-has-outline su-image-carousel-adaptive su-image-carousel-slides-style-minimal su-image-carousel-controls-style-light su-image-carousel-align-center\" style=\"max-width:300px\" data-flickity-options='{\"groupCells\":true,\"cellSelector\":\".su-image-carousel-item\",\"adaptiveHeight\":true,\"cellAlign\":\"left\",\"prevNextButtons\":true,\"pageDots\":false,\"autoPlay\":4000,\"imagesLoaded\":true,\"contain\":false,\"selectedAttraction\":0.025000000000000001,\"friction\":0.28000000000000003}' id=\"su_image_carousel_69f56241065c6\"><div class=\"su-image-carousel-item\"><div class=\"su-image-carousel-item-content\"><a href=\"https:\/\/www.rwg-bayreuth.de\/home\/wp-content\/uploads\/2022\/01\/21-22-OBib-DS_1.jpg\" data-caption=\"\"><img loading=\"lazy\" decoding=\"async\" width=\"709\" height=\"1024\" src=\"https:\/\/www.rwg-bayreuth.de\/home\/wp-content\/uploads\/2022\/01\/21-22-OBib-DS_1.jpg\" class=\"\" alt=\"\" srcset=\"https:\/\/www.rwg-bayreuth.de\/home\/wp-content\/uploads\/2022\/01\/21-22-OBib-DS_1.jpg 709w, https:\/\/www.rwg-bayreuth.de\/home\/wp-content\/uploads\/2022\/01\/21-22-OBib-DS_1-312x450.jpg 312w, https:\/\/www.rwg-bayreuth.de\/home\/wp-content\/uploads\/2022\/01\/21-22-OBib-DS_1-250x361.jpg 250w\" sizes=\"(max-width: 709px) 100vw, 709px\" \/><\/a><\/div><\/div><div class=\"su-image-carousel-item\"><div class=\"su-image-carousel-item-content\"><a href=\"https:\/\/www.rwg-bayreuth.de\/home\/wp-content\/uploads\/2022\/01\/21-22-OBib-DS_2.jpg\" data-caption=\"\"><img loading=\"lazy\" decoding=\"async\" width=\"709\" height=\"1024\" src=\"https:\/\/www.rwg-bayreuth.de\/home\/wp-content\/uploads\/2022\/01\/21-22-OBib-DS_2.jpg\" class=\"\" alt=\"\" srcset=\"https:\/\/www.rwg-bayreuth.de\/home\/wp-content\/uploads\/2022\/01\/21-22-OBib-DS_2.jpg 709w, https:\/\/www.rwg-bayreuth.de\/home\/wp-content\/uploads\/2022\/01\/21-22-OBib-DS_2-312x450.jpg 312w, https:\/\/www.rwg-bayreuth.de\/home\/wp-content\/uploads\/2022\/01\/21-22-OBib-DS_2-250x361.jpg 250w\" sizes=\"(max-width: 709px) 100vw, 709px\" \/><\/a><\/div><\/div><div class=\"su-image-carousel-item\"><div class=\"su-image-carousel-item-content\"><a href=\"https:\/\/www.rwg-bayreuth.de\/home\/wp-content\/uploads\/2022\/01\/21-22-OBib-DS_3.jpg\" data-caption=\"\"><img loading=\"lazy\" decoding=\"async\" width=\"709\" height=\"1024\" src=\"https:\/\/www.rwg-bayreuth.de\/home\/wp-content\/uploads\/2022\/01\/21-22-OBib-DS_3.jpg\" class=\"\" alt=\"\" srcset=\"https:\/\/www.rwg-bayreuth.de\/home\/wp-content\/uploads\/2022\/01\/21-22-OBib-DS_3.jpg 709w, https:\/\/www.rwg-bayreuth.de\/home\/wp-content\/uploads\/2022\/01\/21-22-OBib-DS_3-312x450.jpg 312w, https:\/\/www.rwg-bayreuth.de\/home\/wp-content\/uploads\/2022\/01\/21-22-OBib-DS_3-250x361.jpg 250w\" sizes=\"(max-width: 709px) 100vw, 709px\" \/><\/a><\/div><\/div><div class=\"su-image-carousel-item\"><div class=\"su-image-carousel-item-content\"><a href=\"https:\/\/www.rwg-bayreuth.de\/home\/wp-content\/uploads\/2022\/01\/21-22-OBib-DS_4.jpg\" data-caption=\"\"><img loading=\"lazy\" decoding=\"async\" width=\"709\" height=\"1024\" src=\"https:\/\/www.rwg-bayreuth.de\/home\/wp-content\/uploads\/2022\/01\/21-22-OBib-DS_4.jpg\" class=\"\" alt=\"\" srcset=\"https:\/\/www.rwg-bayreuth.de\/home\/wp-content\/uploads\/2022\/01\/21-22-OBib-DS_4.jpg 709w, https:\/\/www.rwg-bayreuth.de\/home\/wp-content\/uploads\/2022\/01\/21-22-OBib-DS_4-312x450.jpg 312w, https:\/\/www.rwg-bayreuth.de\/home\/wp-content\/uploads\/2022\/01\/21-22-OBib-DS_4-250x361.jpg 250w\" sizes=\"(max-width: 709px) 100vw, 709px\" \/><\/a><\/div><\/div><div class=\"su-image-carousel-item\"><div class=\"su-image-carousel-item-content\"><a href=\"https:\/\/www.rwg-bayreuth.de\/home\/wp-content\/uploads\/2022\/01\/21-22-OBib-DS_6.jpg\" data-caption=\"\"><img loading=\"lazy\" decoding=\"async\" width=\"709\" height=\"1024\" src=\"https:\/\/www.rwg-bayreuth.de\/home\/wp-content\/uploads\/2022\/01\/21-22-OBib-DS_6.jpg\" class=\"\" alt=\"\" srcset=\"https:\/\/www.rwg-bayreuth.de\/home\/wp-content\/uploads\/2022\/01\/21-22-OBib-DS_6.jpg 709w, https:\/\/www.rwg-bayreuth.de\/home\/wp-content\/uploads\/2022\/01\/21-22-OBib-DS_6-312x450.jpg 312w, https:\/\/www.rwg-bayreuth.de\/home\/wp-content\/uploads\/2022\/01\/21-22-OBib-DS_6-250x361.jpg 250w\" sizes=\"(max-width: 709px) 100vw, 709px\" \/><\/a><\/div><\/div><div class=\"su-image-carousel-item\"><div class=\"su-image-carousel-item-content\"><a href=\"https:\/\/www.rwg-bayreuth.de\/home\/wp-content\/uploads\/2022\/01\/21-22-OBib-Lieblingsbuecher.jpg\" data-caption=\"\"><img loading=\"lazy\" decoding=\"async\" width=\"709\" height=\"1024\" src=\"https:\/\/www.rwg-bayreuth.de\/home\/wp-content\/uploads\/2022\/01\/21-22-OBib-Lieblingsbuecher.jpg\" class=\"\" alt=\"\" srcset=\"https:\/\/www.rwg-bayreuth.de\/home\/wp-content\/uploads\/2022\/01\/21-22-OBib-Lieblingsbuecher.jpg 709w, https:\/\/www.rwg-bayreuth.de\/home\/wp-content\/uploads\/2022\/01\/21-22-OBib-Lieblingsbuecher-312x450.jpg 312w, https:\/\/www.rwg-bayreuth.de\/home\/wp-content\/uploads\/2022\/01\/21-22-OBib-Lieblingsbuecher-250x361.jpg 250w\" sizes=\"(max-width: 709px) 100vw, 709px\" \/><\/a><\/div><\/div><div class=\"su-image-carousel-item\"><div class=\"su-image-carousel-item-content\"><a href=\"https:\/\/www.rwg-bayreuth.de\/home\/wp-content\/uploads\/2022\/01\/21-22-OBib-Bib_1.jpg\" data-caption=\"\"><img loading=\"lazy\" decoding=\"async\" width=\"709\" height=\"1024\" src=\"https:\/\/www.rwg-bayreuth.de\/home\/wp-content\/uploads\/2022\/01\/21-22-OBib-Bib_1.jpg\" class=\"\" alt=\"\" srcset=\"https:\/\/www.rwg-bayreuth.de\/home\/wp-content\/uploads\/2022\/01\/21-22-OBib-Bib_1.jpg 709w, https:\/\/www.rwg-bayreuth.de\/home\/wp-content\/uploads\/2022\/01\/21-22-OBib-Bib_1-312x450.jpg 312w, https:\/\/www.rwg-bayreuth.de\/home\/wp-content\/uploads\/2022\/01\/21-22-OBib-Bib_1-250x361.jpg 250w\" sizes=\"(max-width: 709px) 100vw, 709px\" \/><\/a><\/div><\/div><div class=\"su-image-carousel-item\"><div class=\"su-image-carousel-item-content\"><a href=\"https:\/\/www.rwg-bayreuth.de\/home\/wp-content\/uploads\/2022\/01\/21-22-OBib-Bib_2.jpg\" data-caption=\"\"><img loading=\"lazy\" decoding=\"async\" width=\"709\" height=\"1024\" src=\"https:\/\/www.rwg-bayreuth.de\/home\/wp-content\/uploads\/2022\/01\/21-22-OBib-Bib_2.jpg\" class=\"\" alt=\"\" srcset=\"https:\/\/www.rwg-bayreuth.de\/home\/wp-content\/uploads\/2022\/01\/21-22-OBib-Bib_2.jpg 709w, https:\/\/www.rwg-bayreuth.de\/home\/wp-content\/uploads\/2022\/01\/21-22-OBib-Bib_2-312x450.jpg 312w, https:\/\/www.rwg-bayreuth.de\/home\/wp-content\/uploads\/2022\/01\/21-22-OBib-Bib_2-250x361.jpg 250w\" sizes=\"(max-width: 709px) 100vw, 709px\" \/><\/a><\/div><\/div><\/div><script id=\"su_image_carousel_69f56241065c6_script\">if(window.SUImageCarousel){setTimeout(function() {window.SUImageCarousel.initGallery(document.getElementById(\"su_image_carousel_69f56241065c6\"))}, 0);}var su_image_carousel_69f56241065c6_script=document.getElementById(\"su_image_carousel_69f56241065c6_script\");if(su_image_carousel_69f56241065c6_script){su_image_carousel_69f56241065c6_script.parentNode.removeChild(su_image_carousel_69f56241065c6_script);}<\/script>\n<div style=\"text-align: right; \"><a class=\"standard-btn small-btn\" href=\"https:\/\/www.rwg-bayreuth.de\/home\/?page_id=95#GBib\"><span>zur Bibliotheksseite<\/span><\/a><\/div>\n<p>&nbsp;<\/p>\n","protected":false},"excerpt":{"rendered":"<p>In Raum 333 des RWG ist die gro\u00dfe Bibliothek, Ritchie&#8217;s Reading Room, zu finden. Zugang haben Sch\u00fcler*innen ab der 8ten Klasse. \u00d6ffnungszeiten Montag 8.30 \u2013 9.35 Uhr Dienstag 9.15 \u2013 11.05 Uhr Mittwoch 9.15 \u2013 9.35 Uhr Donnerstag 9.15 \u2013 10.20 Uhr &nbsp; Die Bibliothek ist ein ruhiger Ort f\u00fcr eigenst\u00e4ndiges Arbeiten und zum Entspannen.&hellip;<\/p>\n","protected":false},"author":11,"featured_media":0,"parent":14662,"menu_order":0,"comment_status":"closed","ping_status":"closed","template":"page-templates\/no-sidebar.php","meta":{"footnotes":""},"tags":[54],"_links":{"self":[{"href":"https:\/\/www.rwg-bayreuth.de\/home\/index.php?rest_route=\/wp\/v2\/pages\/30203"}],"collection":[{"href":"https:\/\/www.rwg-bayreuth.de\/home\/index.php?rest_route=\/wp\/v2\/pages"}],"about":[{"href":"https:\/\/www.rwg-bayreuth.de\/home\/index.php?rest_route=\/wp\/v2\/types\/page"}],"author":[{"embeddable":true,"href":"https:\/\/www.rwg-bayreuth.de\/home\/index.php?rest_route=\/wp\/v2\/users\/11"}],"replies":[{"embeddable":true,"href":"https:\/\/www.rwg-bayreuth.de\/home\/index.php?rest_route=%2Fwp%2Fv2%2Fcomments&post=30203"}],"version-history":[{"count":43,"href":"https:\/\/www.rwg-bayreuth.de\/home\/index.php?rest_route=\/wp\/v2\/pages\/30203\/revisions"}],"predecessor-version":[{"id":38419,"href":"https:\/\/www.rwg-bayreuth.de\/home\/index.php?rest_route=\/wp\/v2\/pages\/30203\/revisions\/38419"}],"up":[{"embeddable":true,"href":"https:\/\/www.rwg-bayreuth.de\/home\/index.php?rest_route=\/wp\/v2\/pages\/14662"}],"wp:attachment":[{"href":"https:\/\/www.rwg-bayreuth.de\/home\/index.php?rest_route=%2Fwp%2Fv2%2Fmedia&parent=30203"}],"wp:term":[{"taxonomy":"post_tag","embeddable":true,"href":"https:\/\/www.rwg-bayreuth.de\/home\/index.php?rest_route=%2Fwp%2Fv2%2Ftags&post=30203"}],"curies":[{"name":"wp","href":"https:\/\/api.w.org\/{rel}","templated":true}]}}