{"id":300,"date":"2012-04-15T20:02:58","date_gmt":"2012-04-15T19:02:58","guid":{"rendered":"http:\/\/www.rwg-bayreuth.de\/home\/?p=300"},"modified":"2022-06-02T08:36:29","modified_gmt":"2022-06-02T06:36:29","slug":"leseliste-der-jugendbucherei-bayreuth","status":"publish","type":"page","link":"https:\/\/www.rwg-bayreuth.de\/home\/?page_id=300","title":{"rendered":"Leseliste der Jugendb\u00fccherei Bayreuth"},"content":{"rendered":"<h6>Literaturvorschl\u00e4ge f\u00fcr die Jahrgangsstufen 5 und 6 der Jugendb\u00fccherei Bayreuth<\/h6>\n<ol>\n<li>Bellinda: Alarm im Laboratorium.<br \/>\nParis im Jahr 1911: zum zweiten Mal wird das Labor von Marie Curie verw\u00fcstet und Forschungsergebnisse verschwinden. Was steckt dahinter?<\/li>\n<li>\nKirsten Boie: Die Medlevinger.<br \/>\nOben-das ist die Welt der Menschen. Dort begegnen die beiden Medlevinger-Kinder Nis und Moa dem 12-j\u00e4hrigen Johannes, der ihnen hilft, das Geheimnis um die silberne Fibel zu l\u00f6sen.<\/li>\n<li>Kirsten Boie: Skogland.<br \/>\nJarven glaubt nach einem Casting f\u00fcr den Film entdeckt worden zu sein. Dabei ist sie schon l\u00e4ngst in eine b\u00f6se Verschw\u00f6rung im K\u00f6nigreich Skogland verwickelt.<\/li>\n<li>Kate DiCamillo: Winn-Dixie<br \/>\nDas M\u00e4dchen Opal, 10 Jahre alt, trifft im Supermarkt auf einen streunenden Hund. Um ihn vor dem Tierf\u00e4nger zu retten, behauptet sie, der Hund geh\u00f6re ihr und nennt ihn Winn-Dixie.<\/li>\n<li>Victor Caspak: Die Kurzhosengang<br \/>\nVier 11-j\u00e4hrige Jungs aus Kanada machen Furore: Als \u201eKurzhosengang\u201c erleben Snickers, Rudolpho, Island und Zement die irrwitzigsten Abenteuer, die sie in ihrer jeweiligen Version zum Besten geben. Dt. Jugendliteraturpreis 2005.<\/li>\n<li>Joshua Doder: Ein Hund namens Grk<br \/>\nUm Natascha ihren verlorenen Hund zu bringen, fliegt Timothy Malt heimlich von London ins unbekannte Stanislavien. Aber dort herrscht Diktatur, und Timothy ger\u00e4t in gro\u00dfe Gefahr\u2026<\/li>\n<li>Christine Feher: Marie und die Neue<br \/>\nClarissa ist die Tochter einer bekannten Schauspielerin und kommt neu in die Klasse. Sie wird von allen angehimmelt. Marie erkennt sehr schnell den schlechten Charakter der Sch\u00f6nheit, doch wie soll sie ihre Freunde von ihrer Vermutung \u00fcberzeugen?<\/li>\n<li>Claudia Frieser: Oskar und das Geheimnis der verschwundenen Kinder<br \/>\nOskar kann \u00fcber eine alte Eiche einen Zeitsprung in eine gew\u00fcnschte Epoche machen und findet sich deshalb im N\u00fcrnberg des 15. Jahrhunderts wieder. Unerfahren wie er ist, wird er abends in der mittelalterlichen Stadt \u00fcberfallen, verliert sein Ged\u00e4chtnis und wird von der eigenwilligen Apothekerin Kathrin als Lehrling aufgenommen.<\/li>\n<li>Cornelia Funke: Tintenherz<br \/>\nMeggie lebt mit ihrem Vater Mo, einem \u201eB\u00fccherarzt\u201c in einem alten Haus. Da steht eines Nachts ein merkw\u00fcrdiger Mann vor der T\u00fcr. Er warnt Mo vor jemandem namens Capricorn. Bei Nacht und Nebel fliehen die drei, und Meggie findet heraus, dass ihr Vater allerlei Geheimnisse vor ihr verbirgt.<\/li>\n<li>Cornelia Funke: Die wilden H\u00fchner und die Liebe<br \/>\nDie Sache mit der Liebe ist gar nicht einfach. Das m\u00fcssen auch Sprotte, Melanie, Frieda, Wilma und Trude einsehen.<\/li>\n<li>Corinna Gieseler: Das Geheimnis des B\u00fccherh\u00fcters<br \/>\nMomme, Finja und Tobias sind einem seltsamen Fall auf der Spur.<\/li>\n<li>Peter M. Hetzel: Die coolen Haie<br \/>\nBeim Besuch der Montreal Canadiens geraten die Coolen Haie in gro0e Gefahr. Auf einer Schlittenhundtour in die arktische Wildnis ger\u00e4t die Eishockey-Nationalmannschaft in einen Schneesturm.<\/li>\n<li>Carl Hiaasen: Panther<br \/>\nEine dubiose Gesellschaft bohrt in den Sumpfw\u00e4ldern Floridas nach \u00d6l. Als ein Panther auftaucht droht die illegale Bohrung von Wildh\u00fctern entdeckt zu werden und die Industriegangster verlieren alle Skrupel.<\/li>\n<li>Renee Holler: \u00dcberfall im Heiligen Hain<br \/>\nDie weise Frau in einem germanischen Dorf wird niedergeschlagen. Es muss ein R\u00f6mer damit zu tun haben. Gelsa und ihre Freunde begeben sich auf die Suche nach dem T\u00e4ter.<\/li>\n<li>Hauke Kock: Das Verm\u00e4chtnis des Piraten<br \/>\nEin Geschichtskrimi, in dem zwei Jungen in der Hansestadt L\u00fcbeck im Jahr 1407 mitbekommen, was us dem Schatz des ber\u00fcchtigten Piraten Klaus St\u00f6rtebeker geworden ist.<\/li>\n<li>Kai Meyer: Das Wolkenvolk. Bd. 1-3<br \/>\nDie Drachen, unter denen Nugua aufgewachsen ist, sind spurlos verschwunden. Auf der Suche quer durch China begegnet sie Niccolo, der ebenfalls auf der Suche nach de verschollenen Drachen ist, denn ohne den Atem der Drachen ist sein Volk, das auf einer Wolke lebt, verloren.<\/li>\n<li>Antonia Michaelis: Die wunderliche Reise von Oliver und Twist<br \/>\nIm Fr\u00fchling des Jahres 1856 flieht der Waisenjunge Oliver aus dem Armenhaus vin Edinburgh und wird mitten auf der Stra\u00dfe von einem Dackel namens Twist angesprochen, der wurde angeblich entf\u00fchrt und sucht seinen Herrn, einen gewissen Charles Dickens.<\/li>\n<li>Ingrid Law: Schimmer<br \/>\nMibs 13. Geburtstag steht vor der T\u00fcr und sie soll an diesem Tag ihren Schimmer erhalten, eine besondere F\u00e4higkeit, die jeder in der Familie hat. Doch ihr Vater hat einen schweren Unfall und f\u00e4llt ins Koma. Damit beginnt f\u00fcr Mibs eine au\u00dfergew\u00f6hnliche Reise ins Erwachsenenleben.<\/li>\n<li>Fabian Lenk: Die Zeitdetektive. Die Falle im Teutoburger Wald (16. Fall)<br \/>\nEine Zeitreise f\u00fchrt die Kids Leon, Julian und Kim in den Teutoburger Wald im Jahr 9 n. Chr. Dort sp\u00fcren sie auf, wie es zur bekannten Varus-Schlacht kam und wo diese vermutlich stattfand.<\/li>\n<li>Michelle Paver: Wolfs Bruder<br \/>\nDer 12-j\u00e4hrige Torak aus dem Wolfsclan muss seinem sterbenden Vater schw\u00f6ren, den Berg des Weltgeists zu suchen.<\/li>\n<li>Harald Parigger: Der Safranmord<br \/>\nIm Franken des ausgehenden Mittelalters machen sich Lorenz und der Minnes\u00e4nger Philipp auf den Weg nach N\u00fcrnberg. Als sich im Haus einer reichen Gew\u00fcrzh\u00e4ndlerin, bei der sie zu Gast sind, ein Mord ereignet, h\u00e4lt man die beiden f\u00fcr die T\u00e4ter.<\/li>\n<li>Chantal Schreiber: Zwei L wie in Zwilling<br \/>\nLuzy und Livia sind Zwillingsschwestern, aber die beiden vertragen sich wie Hund und Katze. Immer dreht sich alles um die hochbegabte Livia.<\/li>\n<li>Andreas Steinh\u00f6fel: Rico, Oskar und die Tieferschatten<br \/>\nRica ist \u201etiefbegabt\u201c, das Denken dauert bei ihm l\u00e4nger, er mag keine Zahlen und verirrt sich leicht. Da seine alleinerziehende Mutter viel arbeitet, erkundet er sein Berliner Mietshaus.<\/li>\n<\/ol>\n<h6>Literaturvorschl\u00e4ge f\u00fcr Jahrgangsstufe 7 der Jugendb\u00fccherei Bayreuth<\/h6>\n<ol start=\"24\">\n<li>Jay Asher: Tote M\u00e4dchen l\u00fcgen nicht<br \/>\nClay erh\u00e4lt nach dem Selbstmord der Sch\u00fclerin Hannah ein Paket mit 13 Kassetten. Auf den Kassetten berichtet Hannah \u00fcber die Gr\u00fcnde des Selbstmords. Jede Kassette ist ein Grund und hinter jedem Grund steht eine Person. Clay geh\u00f6rt dazu. Ab 12<\/li>\n<li>Katja Brandis: Gepardensommer<br \/>\nEine 16-j\u00e4hrige deutsche Tierarzttochter erlebt w\u00e4hrend eines Praktikums auf einer von Tiersch\u00fctzern betriebenen Gepardenfarm in Namibia unvergessliche Abenteuer. Ab 13<\/li>\n<li>Aygen-Sibel Celik: Seidenhaar<br \/>\nCanan und Sinem, zwei T\u00fcrkinnen in Deutschland, gehen in dieselbe Klasse. Canan tr\u00e4gt ein Kopftuch aus \u00dcberzeugung, Sinem tr\u00e4gt aus \u00dcberzeugung keines. Nach einer Diskussion ist Canan verschwunden. Sinem macht sich auf die Suche nach ihr. Ab 12<\/li>\n<li>Andreas Hauffe: Echt krass<br \/>\nNickel durchlebt alle H\u00f6hen und Tiefen eines Teenagerlebens und sammelt dabei Probleme ohne Ende. Ab 13<\/li>\n<li>Alexa Hennig von Lange: Leute, mein Herz gl\u00fcht<br \/>\nDie nun 15-j\u00e4hrige Lelle erz\u00e4hlt weiter: von ihrer gest\u00f6rten Familie, vom Hungern, das sie leicht werden l\u00e4sst, ihr aber nicht die Schwere und Traurigkeit im Kopf nimmt. Ab 13<\/li>\n<li>Key Watt: Alabama Moon<br \/>\nDer 10-j\u00e4hrige Moon lebt mit seinem Vater zur\u00fcckgezogen im Wald. Als sein Vater stirbt, werden Polizei und Jugendamt auf ihn aufmerksam und eine gnadenlose Jafs beginnt. Doch Moon gelingt es, sich aus den Fesseln der Beh\u00f6rden zu befreien und ein neues Leben zu beginnen.<\/li>\n<li>Mirjam Pressler: Nathan und seine Kinder<br \/>\nJerusalem 1191: Als Sultan Saladin einen Tempelritter begnadigt und dieser dann die Tochter des Juden Nathan rettet, entwickelt sich in der Folge ein Dialog zwischen den drei gro\u00dfen Religionen Islam, Judentum und Christentum. Ab 14<\/li>\n<li>Meg Rosoff: Was w\u00e4re, wenn<br \/>\nAls David seinen 1-j\u00e4hrigen Bruder gerade noch davor bewahren kann, aus dem Fenster zu springen, beginnt er sich Fragen zu stellen. Was w\u00e4re, wenn er nicht rechtzeitig gekommen w\u00e4re, wenn solche Katastrophen ihn ereilten? Ab 14<br \/>\nDt. Jugendliteraturpreis 2008<\/li>\n<li>Kashmira Sheth: Schwarzer Vogel, s\u00fc\u00dfe Mango<br \/>\nDie 16-j\u00e4hrige Jeeta lebt mit dem Zusammenprall verschiedener Kulturen im heutigen Indien. Ab 13<\/li>\n<\/ol>\n","protected":false},"excerpt":{"rendered":"<p>Literaturvorschl\u00e4ge f\u00fcr die Jahrgangsstufen 5 und 6 der Jugendb\u00fccherei Bayreuth Bellinda: Alarm im Laboratorium. Paris im Jahr 1911: zum zweiten Mal wird das Labor von Marie Curie verw\u00fcstet und Forschungsergebnisse verschwinden. Was steckt dahinter? Kirsten Boie: Die Medlevinger. Oben-das ist die Welt der Menschen. Dort begegnen die beiden Medlevinger-Kinder Nis und Moa dem 12-j\u00e4hrigen Johannes,&hellip;<\/p>\n","protected":false},"author":1,"featured_media":0,"parent":89,"menu_order":110,"comment_status":"closed","ping_status":"open","template":"page-templates\/no-sidebar.php","meta":{"footnotes":""},"tags":[],"_links":{"self":[{"href":"https:\/\/www.rwg-bayreuth.de\/home\/index.php?rest_route=\/wp\/v2\/pages\/300"}],"collection":[{"href":"https:\/\/www.rwg-bayreuth.de\/home\/index.php?rest_route=\/wp\/v2\/pages"}],"about":[{"href":"https:\/\/www.rwg-bayreuth.de\/home\/index.php?rest_route=\/wp\/v2\/types\/page"}],"author":[{"embeddable":true,"href":"https:\/\/www.rwg-bayreuth.de\/home\/index.php?rest_route=\/wp\/v2\/users\/1"}],"replies":[{"embeddable":true,"href":"https:\/\/www.rwg-bayreuth.de\/home\/index.php?rest_route=%2Fwp%2Fv2%2Fcomments&post=300"}],"version-history":[{"count":4,"href":"https:\/\/www.rwg-bayreuth.de\/home\/index.php?rest_route=\/wp\/v2\/pages\/300\/revisions"}],"predecessor-version":[{"id":31362,"href":"https:\/\/www.rwg-bayreuth.de\/home\/index.php?rest_route=\/wp\/v2\/pages\/300\/revisions\/31362"}],"up":[{"embeddable":true,"href":"https:\/\/www.rwg-bayreuth.de\/home\/index.php?rest_route=\/wp\/v2\/pages\/89"}],"wp:attachment":[{"href":"https:\/\/www.rwg-bayreuth.de\/home\/index.php?rest_route=%2Fwp%2Fv2%2Fmedia&parent=300"}],"wp:term":[{"taxonomy":"post_tag","embeddable":true,"href":"https:\/\/www.rwg-bayreuth.de\/home\/index.php?rest_route=%2Fwp%2Fv2%2Ftags&post=300"}],"curies":[{"name":"wp","href":"https:\/\/api.w.org\/{rel}","templated":true}]}}