{"id":29773,"date":"2021-11-14T18:40:07","date_gmt":"2021-11-14T17:40:07","guid":{"rendered":"http:\/\/www.rwg-bayreuth.de\/home\/?page_id=29773"},"modified":"2025-07-07T19:05:49","modified_gmt":"2025-07-07T17:05:49","slug":"profile-der-5-klassen","status":"publish","type":"page","link":"https:\/\/www.rwg-bayreuth.de\/home\/?page_id=29773","title":{"rendered":"Profile der 5.&nbsp;Klassen"},"content":{"rendered":"<p><img decoding=\"async\" src=\"https:\/\/www.rwg-bayreuth.de\/home\/wp-content\/uploads\/2019\/11\/Profile.png\" alt=\"\" width=\"100%\" height=\"auto\" class=\"alignnone size-full wp-image-23178\" srcset=\"https:\/\/www.rwg-bayreuth.de\/home\/wp-content\/uploads\/2019\/11\/Profile.png 2105w, https:\/\/www.rwg-bayreuth.de\/home\/wp-content\/uploads\/2019\/11\/Profile-450x86.png 450w, https:\/\/www.rwg-bayreuth.de\/home\/wp-content\/uploads\/2019\/11\/Profile-1024x195.png 1024w, https:\/\/www.rwg-bayreuth.de\/home\/wp-content\/uploads\/2019\/11\/Profile-150x29.png 150w, https:\/\/www.rwg-bayreuth.de\/home\/wp-content\/uploads\/2019\/11\/Profile-768x146.png 768w, https:\/\/www.rwg-bayreuth.de\/home\/wp-content\/uploads\/2019\/11\/Profile-1536x292.png 1536w, https:\/\/www.rwg-bayreuth.de\/home\/wp-content\/uploads\/2019\/11\/Profile-2048x389.png 2048w, https:\/\/www.rwg-bayreuth.de\/home\/wp-content\/uploads\/2019\/11\/Profile-250x48.png 250w, https:\/\/www.rwg-bayreuth.de\/home\/wp-content\/uploads\/2019\/11\/Profile-600x114.png 600w\" sizes=\"(max-width: 2105px) 100vw, 2105px\" \/><\/p>\n<p>Ihr Kind soll sich am RWG wohlf\u00fchlen und mit all seinen Talenten gef\u00f6rdert werden. Deshalb haben wir f\u00fcr unsere f\u00fcnften Klassen Profilf\u00e4cher f\u00fcr die verschiedensten Interessengebiete eingerichtet.<\/p>\n<p>Jeder F\u00fcnftkl\u00e4ssler kann einen der f\u00fcnf Profilschwerpunkte frei w\u00e4hlen. Dies geschieht bei der Anmeldung am RWG. Die Profilwahl hat keinen Einfluss auf die sp\u00e4tere Klassenzusammensetzung. Hier geht es nach den W\u00fcnschen hinsichtlich der Mitsch\u00fcler.<\/p>\n<h1>Die f\u00fcnf Profilschwerpunkte sind:<\/h1>\n<hr style=\"margin-bottom:0px;\"><\/hr>\n<div style=\"min-height:115px;\"><img loading=\"lazy\" decoding=\"async\" src=\"https:\/\/www.rwg-bayreuth.de\/home\/wp-content\/uploads\/2019\/11\/Forschen.png\" alt=\"\" width=\"100\" height=\"100\" class=\"alignleft size-full wp-image-22934\"  style=\"max-width:30%; margin-bottom:9px;\" srcset=\"https:\/\/www.rwg-bayreuth.de\/home\/wp-content\/uploads\/2019\/11\/Forschen.png 500w, https:\/\/www.rwg-bayreuth.de\/home\/wp-content\/uploads\/2019\/11\/Forschen-450x450.png 450w, https:\/\/www.rwg-bayreuth.de\/home\/wp-content\/uploads\/2019\/11\/Forschen-150x150.png 150w, https:\/\/www.rwg-bayreuth.de\/home\/wp-content\/uploads\/2019\/11\/Forschen-250x250.png 250w\" sizes=\"(max-width: 100px) 100vw, 100px\" \/><\/p>\n<h6>Experimentieren und Forschen<\/h6>\n<p>Unser Forscherlabor wartet auf dich! Beobachte naturwissenschaftliche Ph\u00e4nomene und experimentiere selbst.<\/p>\n<\/div>\n<hr class=\"clear\" style=\"margin-top:25px; margin-bottom:0px;\"><\/hr>\n<div class=\"clear\"  style=\"min-height:115px;\"><img loading=\"lazy\" decoding=\"async\" src=\"https:\/\/www.rwg-bayreuth.de\/home\/wp-content\/uploads\/2019\/11\/Sport.png\" alt=\"\" width=\"100\" height=\"100\" class=\"alignleft size-full wp-image-22940\" style=\"max-width:30%; margin-bottom:9px;\" srcset=\"https:\/\/www.rwg-bayreuth.de\/home\/wp-content\/uploads\/2019\/11\/Sport.png 500w, https:\/\/www.rwg-bayreuth.de\/home\/wp-content\/uploads\/2019\/11\/Sport-450x450.png 450w, https:\/\/www.rwg-bayreuth.de\/home\/wp-content\/uploads\/2019\/11\/Sport-150x150.png 150w, https:\/\/www.rwg-bayreuth.de\/home\/wp-content\/uploads\/2019\/11\/Sport-250x250.png 250w\" sizes=\"(max-width: 100px) 100vw, 100px\" \/><\/p>\n<h6>Sport<\/h6>\n<p>Spielen, Klettern, Akrobatik und Parkour sind genau dein Ding? Dann tobe dich mit unserem Sportteam in der Turnhalle aus.<\/p>\n<\/div>\n<hr class=\"clear\" style=\"margin-top:25px; margin-bottom:0px;\"><\/hr>\n<div class=\"clear\" style=\"min-height:115px;\"><img loading=\"lazy\" decoding=\"async\" src=\"https:\/\/www.rwg-bayreuth.de\/home\/wp-content\/uploads\/2019\/11\/Theater.png\" alt=\"\" width=\"100\" height=\"100\" class=\"alignleft size-full wp-image-22941\"  style=\"max-width:30%; margin-bottom:9px;\" srcset=\"https:\/\/www.rwg-bayreuth.de\/home\/wp-content\/uploads\/2019\/11\/Theater.png 500w, https:\/\/www.rwg-bayreuth.de\/home\/wp-content\/uploads\/2019\/11\/Theater-450x450.png 450w, https:\/\/www.rwg-bayreuth.de\/home\/wp-content\/uploads\/2019\/11\/Theater-150x150.png 150w, https:\/\/www.rwg-bayreuth.de\/home\/wp-content\/uploads\/2019\/11\/Theater-250x250.png 250w\" sizes=\"(max-width: 100px) 100vw, 100px\" \/><\/p>\n<h6>Theater<span style=\"vertical-align: -15%;\"><sup>&#10010;<\/sup><\/span><\/h6>\n<p>Tauche ein in Geschichten, schl\u00fcpfe in Figuren und Kost\u00fcme, erlebe dich im Team und werde kreativ beim Gestalten des B\u00fchnenbildes. St\u00e4rke dein Selbstbewusstsein und zeige auf der B\u00fchne, was du kannst.<\/p>\n<\/div>\n<hr class=\"clear\" style=\"margin-top:25px; margin-bottom:0px;\"><\/hr>\n<div class=\"clear\" style=\"min-height:115px;\"><img loading=\"lazy\" decoding=\"async\" src=\"https:\/\/www.rwg-bayreuth.de\/home\/wp-content\/uploads\/2022\/11\/DigitalKreativ.png\" alt=\"\" width=\"100\" height=\"100\" class=\"alignleft size-full wp-image-22942\"  style=\"max-width:30%; margin-bottom:9px;\" srcset=\"https:\/\/www.rwg-bayreuth.de\/home\/wp-content\/uploads\/2022\/11\/DigitalKreativ.png 500w, https:\/\/www.rwg-bayreuth.de\/home\/wp-content\/uploads\/2022\/11\/DigitalKreativ-450x450.png 450w, https:\/\/www.rwg-bayreuth.de\/home\/wp-content\/uploads\/2022\/11\/DigitalKreativ-150x150.png 150w, https:\/\/www.rwg-bayreuth.de\/home\/wp-content\/uploads\/2022\/11\/DigitalKreativ-250x250.png 250w\" sizes=\"(max-width: 100px) 100vw, 100px\" \/><\/p>\n<h6>Digital kreatives Arbeiten<\/h6>\n<p>Computer k\u00f6nnen mehr als Spiele! <!--Designe Plakate und bearbeite Bilder wie die Profis. -->Gestalte eigene T-Shirts, entwirf Animationen sowie 3D-Drucke und drehe Video-Clips.<\/p>\n<\/div>\n<hr class=\"clear\" style=\"margin-top:25px; margin-bottom:0px;\"><\/hr>\n<div class=\"clear\" style=\"min-height:115px;\"><img loading=\"lazy\" decoding=\"async\" src=\"https:\/\/www.rwg-bayreuth.de\/home\/wp-content\/uploads\/2022\/11\/FutureWE.png\" alt=\"\" width=\"100\" height=\"100\" class=\"alignleft size-full wp-image-22943\"  style=\"max-width:30%; margin-bottom:9px;\" srcset=\"https:\/\/www.rwg-bayreuth.de\/home\/wp-content\/uploads\/2022\/11\/FutureWE.png 500w, https:\/\/www.rwg-bayreuth.de\/home\/wp-content\/uploads\/2022\/11\/FutureWE-450x450.png 450w, https:\/\/www.rwg-bayreuth.de\/home\/wp-content\/uploads\/2022\/11\/FutureWE-150x150.png 150w, https:\/\/www.rwg-bayreuth.de\/home\/wp-content\/uploads\/2022\/11\/FutureWE-250x250.png 250w\" sizes=\"(max-width: 100px) 100vw, 100px\" \/><\/p>\n<h6>Future WE \/ Zukunft LEBEN<\/h6>\n<p>Lebensthemen wie Umwelt, Nachhaltigkeit und gesunde Ern\u00e4hrung interessieren dich? Entwickle im Team kreative Projektideen und setzte diese an besonderen Lernorten wie der Zukunftswerkstatt oder unserer Schulk\u00fcche um.<\/p>\n<\/div>\n<hr class=\"clear\" style=\"margin-top:25px;\"><\/hr>\n<p><!--\n\n\n\n<hr style=\"margin-bottom:0px;\"><\/hr>\n\n\n\n\n<h6>Experimentieren und Forschen<\/h6>\n\n \n\n\n<p style=\"margin-bottom:0px;\">Unser Forscherlabor wartet auf dich! Beobachte naturwissenschaftliche Ph\u00e4nomene und experimentiere selbst.<\/p>\n\n\n\n\n<hr class=\"clear\" style=\"margin-top:5px; margin-bottom:0px;\"><\/hr>\n\n\n\n\n\n<h6>Sport<\/h6>\n\n \n\n\n<p style=\"margin-bottom:0px;\">Spielen, Klettern, Akrobatik und Parkour sind genau dein Ding? Dann tobe dich mit unserem Sportteam in der Turnhalle aus.<\/p>\n\n\n\n\n<hr class=\"clear\" style=\"margin-top:5px; margin-bottom:0px;\"><\/hr>\n\n\n\n\n\n<h6>Theater+<\/h6>\n\n \n\n\n<p style=\"margin-bottom:0px;\">Tauche ein in Geschichten, schl\u00fcpfe in Figuren und Kost\u00fcme, erlebe dich im Team und werde kreativ beim Gestalten des B\u00fchnenbildes. St\u00e4rke dein Selbstbewusstsein und zeige auf der B\u00fchne, was du kannst.<\/p>\n\n\n\n\n<hr class=\"clear\" style=\"margin-top:5px; margin-bottom:0px;\"><\/hr>\n\n\n\n\n\n<h6>Digital kreatives Arbeiten<\/h6>\n\n \n\n\n<p style=\"margin-bottom:0px;\">Computer k\u00f6nnen mehr als Spiele! Designe Plakate und bearbeite Bilder wie die Profis. Gestalte eigene T-Shirts, entwirf Animationen sowie 3D-Drucke und drehe Video-Clips.<\/p>\n\n\n\n\n<hr class=\"clear\" style=\"margin-top:5px; margin-bottom:0px;\"><\/hr>\n\n\n\n\n\n<h6>Future WE \/ Zukunft LEBEN<\/h6>\n\n \n\n\n<p style=\"margin-bottom:0px;\">Lebensthemen wie Umwelt, Nachhaltigkeit und gesunde Ern\u00e4hrung interessieren dich? Entwickle im Team kreative Projektideen und setzte diese an besonderen Lernorten wie der Zukunftswerkstatt oder unserer Schulk\u00fcche um.<\/p>\n\n\n\n\n<hr class=\"clear\" style=\"margin-top:5px;\"><\/hr>\n\n\n\n\n\n--><!--\n\n\n[su_accordion class=\"font-size_normal\"]\n[su_spoiler title=\"Experimentieren und Forschen\" class=\"RWG\"  style=\"fancy\" icon=\"chevron\"]\n\n\n<div style=\"float:left; margin-right:25px; margin-bottom:8px; width:150px; max-width:33%; min-width:90px\"><img loading=\"lazy\" decoding=\"async\" src=\"https:\/\/www.rwg-bayreuth.de\/home\/wp-content\/uploads\/2019\/11\/Forschen.png\" alt=\"\" width=\"500\" height=\"500\" class=\"alignnone size-full wp-image-22934\" srcset=\"https:\/\/www.rwg-bayreuth.de\/home\/wp-content\/uploads\/2019\/11\/Forschen.png 500w, https:\/\/www.rwg-bayreuth.de\/home\/wp-content\/uploads\/2019\/11\/Forschen-450x450.png 450w, https:\/\/www.rwg-bayreuth.de\/home\/wp-content\/uploads\/2019\/11\/Forschen-150x150.png 150w, https:\/\/www.rwg-bayreuth.de\/home\/wp-content\/uploads\/2019\/11\/Forschen-250x250.png 250w\" sizes=\"(max-width: 500px) 100vw, 500px\" \/><\/div>\n\n\n\n<div class=breit\">Magische Schokok\u00fcsse, schwebende Pinguine und tanzende Rosinen: Selbst Experimentieren und naturwissenschaftliche Erscheinungen beobachten, sind die Schwerpunkte des Profils \u201eForschen\u201c.<\/div>\n\n\n[\/su_spoiler]\n[su_spoiler title=\"Bewegung erleben \u2013 Grenzen erfahren\" class=\"RWG\"  style=\"fancy\" icon=\"chevron\"]\n\n\n<div style=\"float:left; margin-right:25px; margin-bottom:8px; width:150px; max-width:33%; min-width:90px\"><img loading=\"lazy\" decoding=\"async\" src=\"https:\/\/www.rwg-bayreuth.de\/home\/wp-content\/uploads\/2019\/11\/Sport.png\" alt=\"\" width=\"500\" height=\"500\" class=\"alignnone size-full wp-image-22940\" srcset=\"https:\/\/www.rwg-bayreuth.de\/home\/wp-content\/uploads\/2019\/11\/Sport.png 500w, https:\/\/www.rwg-bayreuth.de\/home\/wp-content\/uploads\/2019\/11\/Sport-450x450.png 450w, https:\/\/www.rwg-bayreuth.de\/home\/wp-content\/uploads\/2019\/11\/Sport-150x150.png 150w, https:\/\/www.rwg-bayreuth.de\/home\/wp-content\/uploads\/2019\/11\/Sport-250x250.png 250w\" sizes=\"(max-width: 500px) 100vw, 500px\" \/><\/div>\n\nSpielen, Toben, Klettern, Akrobatik und Parkour: Sich im Team auszupowern und gemeinsam Spa\u00df an neuen Bewegungsformen haben \u2013 diese Inhalte finden sich im Profil \u201eSport\u201c.\n[\/su_spoiler]\n[su_spoiler title=\"In neuen Rollen die gro\u00dfe B\u00fchne betreten\" class=\"RWG\"  style=\"fancy\" icon=\"chevron\"]\n\n\n<div style=\"float:left; margin-right:25px; margin-bottom:8px; width:150px; max-width:33%; min-width:90px\"><img loading=\"lazy\" decoding=\"async\" src=\"https:\/\/www.rwg-bayreuth.de\/home\/wp-content\/uploads\/2019\/11\/Theater.png\" alt=\"\" width=\"500\" height=\"500\" class=\"alignnone size-full wp-image-22941\" srcset=\"https:\/\/www.rwg-bayreuth.de\/home\/wp-content\/uploads\/2019\/11\/Theater.png 500w, https:\/\/www.rwg-bayreuth.de\/home\/wp-content\/uploads\/2019\/11\/Theater-450x450.png 450w, https:\/\/www.rwg-bayreuth.de\/home\/wp-content\/uploads\/2019\/11\/Theater-150x150.png 150w, https:\/\/www.rwg-bayreuth.de\/home\/wp-content\/uploads\/2019\/11\/Theater-250x250.png 250w\" sizes=\"(max-width: 500px) 100vw, 500px\" \/><\/div>\n\nIm Profil \u201eTheater\u201c werden spielerische Ausdrucksm\u00f6glichkeiten auf der B\u00fchne im Team erprobt und umgesetzt.\n[\/su_spoiler]\n[su_spoiler title=\"K\u00fcchenspa\u00df und N\u00e4hwerkstatt\" class=\"RWG\"  style=\"fancy\" icon=\"chevron\"]\n\n\n<div style=\"float:left; margin-right:25px; margin-bottom:8px; width:150px; max-width:33%; min-width:90px\"><img loading=\"lazy\" decoding=\"async\" src=\"https:\/\/www.rwg-bayreuth.de\/home\/wp-content\/uploads\/2022\/11\/DigitalKreativ.png\" alt=\"\" width=\"500\" height=\"500\" class=\"alignnone size-full wp-image-22942\" srcset=\"https:\/\/www.rwg-bayreuth.de\/home\/wp-content\/uploads\/2022\/11\/DigitalKreativ.png 500w, https:\/\/www.rwg-bayreuth.de\/home\/wp-content\/uploads\/2022\/11\/DigitalKreativ-450x450.png 450w, https:\/\/www.rwg-bayreuth.de\/home\/wp-content\/uploads\/2022\/11\/DigitalKreativ-150x150.png 150w, https:\/\/www.rwg-bayreuth.de\/home\/wp-content\/uploads\/2022\/11\/DigitalKreativ-250x250.png 250w\" sizes=\"(max-width: 500px) 100vw, 500px\" \/><\/div>\n\nKochen, backen \u2013 kreativ sein: Im Team leckere Dinge zubereiten oder das eigene Talent an der N\u00e4hmaschine entdecken \u2013 dies sind Inhalte des Profils \u201eKreativ\u201c.\n[\/su_spoiler]\n[su_spoiler title=\"Musik und Tanz\" class=\"RWG\"  style=\"fancy\" icon=\"chevron\"]\n\n\n<div style=\"float:left; margin-right:25px; margin-bottom:8px; width:150px; max-width:33%; min-width:90px\"><img loading=\"lazy\" decoding=\"async\" src=\"https:\/\/www.rwg-bayreuth.de\/home\/wp-content\/uploads\/2022\/11\/FutureWE.png\" alt=\"\" width=\"500\" height=\"500\" class=\"alignnone size-full wp-image-22943\" srcset=\"https:\/\/www.rwg-bayreuth.de\/home\/wp-content\/uploads\/2022\/11\/FutureWE.png 500w, https:\/\/www.rwg-bayreuth.de\/home\/wp-content\/uploads\/2022\/11\/FutureWE-450x450.png 450w, https:\/\/www.rwg-bayreuth.de\/home\/wp-content\/uploads\/2022\/11\/FutureWE-150x150.png 150w, https:\/\/www.rwg-bayreuth.de\/home\/wp-content\/uploads\/2022\/11\/FutureWE-250x250.png 250w\" sizes=\"(max-width: 500px) 100vw, 500px\" \/><\/div>\n\nDas Ausprobieren von neuen Instrumenten, singen, tanzen und Choreografien mitgestalten sind Schwerpunkte des Profils \u201eMusik und Tanz\u201c.\n[\/su_spoiler]\n[\/su_accordion]\n--><\/p>\n<p class=\"clear\">Es ist also f\u00fcr jede Sch\u00fclerin und jeden Sch\u00fcler etwas dabei und jeder kann nach seinen individuellen Interessen und Begabungen einen der Profilschwerpunkte w\u00e4hlen. Das geht ohne zus\u00e4tzlichen Nachmittagsunterricht, denn die Stunden sind in den Vormittag integriert.<\/p>\n<span class=\"su-lightbox\" data-mfp-src=\"#videoProfile\" data-mfp-type=\"inline\" data-mobile=\"yes\">\n<ul class=\"linkliste\">\n<li>\n<p class=\"ohne\">Infovideo zu unseren Profilf\u00e4chern<\/p>\n<\/li>\n<\/ul>\n<\/span>\n<div class=\"su-lightbox-content su-u-trim \" id=\"videoProfile\" style=\"display:none;width:95%;min-width:none;max-width:600px;margin-top:10px;margin-bottom:10px;padding:30px;background:#FFFFFF;color:#2a2a2a;box-shadow:0px 0px 15px #333333;text-align:left\">\n<div style=\"max-width:110vh; margin-left:auto; margin-right:auto; \">\n<div class=\"su-youtube su-u-responsive-media-yes\"><iframe loading=\"lazy\" width=\"500\" height=\"500\" src=\"https:\/\/www.youtube-nocookie.com\/embed\/JhCBJv2eLGs?autohide=1&amp;autoplay=0&amp;mute=0&amp;controls=1&amp;fs=1&amp;loop=0&amp;modestbranding=1&amp;rel=0&amp;showinfo=1&amp;theme=light&amp;wmode=&amp;playsinline=1\" frameborder=\"0\" allowfullscreen allow=\"autoplay; encrypted-media; picture-in-picture\" title=\"Video RWG-Schulprofile\"><\/iframe><\/div><\/div>\n<\/div>\n<p>In den h\u00f6heren Klassen bietet ein <a href=\"https:\/\/www.rwg-bayreuth.de\/home\/?page_id=91\">breites Wahlfachangebot<\/a> die M\u00f6glichkeit, die pers\u00f6nlichen Talente weiter auszubauen.<\/p>\n","protected":false},"excerpt":{"rendered":"<p>Ihr Kind soll sich am RWG wohlf\u00fchlen und mit all seinen Talenten gef\u00f6rdert werden. Deshalb haben wir f\u00fcr unsere f\u00fcnften Klassen Profilf\u00e4cher f\u00fcr die verschiedensten Interessengebiete eingerichtet. Jeder F\u00fcnftkl\u00e4ssler kann einen der f\u00fcnf Profilschwerpunkte frei w\u00e4hlen. Dies geschieht bei der Anmeldung am RWG. Die Profilwahl hat keinen Einfluss auf die sp\u00e4tere Klassenzusammensetzung. Hier geht es&hellip;<\/p>\n","protected":false},"author":11,"featured_media":0,"parent":11132,"menu_order":20,"comment_status":"closed","ping_status":"closed","template":"page-templates\/no-sidebar.php","meta":{"footnotes":""},"tags":[],"_links":{"self":[{"href":"https:\/\/www.rwg-bayreuth.de\/home\/index.php?rest_route=\/wp\/v2\/pages\/29773"}],"collection":[{"href":"https:\/\/www.rwg-bayreuth.de\/home\/index.php?rest_route=\/wp\/v2\/pages"}],"about":[{"href":"https:\/\/www.rwg-bayreuth.de\/home\/index.php?rest_route=\/wp\/v2\/types\/page"}],"author":[{"embeddable":true,"href":"https:\/\/www.rwg-bayreuth.de\/home\/index.php?rest_route=\/wp\/v2\/users\/11"}],"replies":[{"embeddable":true,"href":"https:\/\/www.rwg-bayreuth.de\/home\/index.php?rest_route=%2Fwp%2Fv2%2Fcomments&post=29773"}],"version-history":[{"count":53,"href":"https:\/\/www.rwg-bayreuth.de\/home\/index.php?rest_route=\/wp\/v2\/pages\/29773\/revisions"}],"predecessor-version":[{"id":39119,"href":"https:\/\/www.rwg-bayreuth.de\/home\/index.php?rest_route=\/wp\/v2\/pages\/29773\/revisions\/39119"}],"up":[{"embeddable":true,"href":"https:\/\/www.rwg-bayreuth.de\/home\/index.php?rest_route=\/wp\/v2\/pages\/11132"}],"wp:attachment":[{"href":"https:\/\/www.rwg-bayreuth.de\/home\/index.php?rest_route=%2Fwp%2Fv2%2Fmedia&parent=29773"}],"wp:term":[{"taxonomy":"post_tag","embeddable":true,"href":"https:\/\/www.rwg-bayreuth.de\/home\/index.php?rest_route=%2Fwp%2Fv2%2Ftags&post=29773"}],"curies":[{"name":"wp","href":"https:\/\/api.w.org\/{rel}","templated":true}]}}