{"id":29570,"date":"2021-10-28T20:22:27","date_gmt":"2021-10-28T18:22:27","guid":{"rendered":"http:\/\/www.rwg-bayreuth.de\/home\/?page_id=29570"},"modified":"2023-09-28T16:11:53","modified_gmt":"2023-09-28T14:11:53","slug":"datenschutz","status":"publish","type":"page","link":"https:\/\/www.rwg-bayreuth.de\/home\/?page_id=29570","title":{"rendered":"Datenschutz"},"content":{"rendered":"<div style=\"text-align: center; margin: 0px 0px 24px 0px; box-shadow: none \">\r\n<a class=\"RWGbutton-blau\" href=\"#consent-change\" target=\"_self\" rel=\u201dnoopener noreferrer\u201d style=\"display:block; width: auto; max-width: 100%; padding:5px 20px; text-align: center; \">\n<h6>Privatsph\u00e4re-Einstellungen<\/h6>\n<\/a><\/div>\n<p>Die Datenschutzerkl\u00e4rung bezieht sich auf die Verarbeitung personenbezogener Daten im Rahmen dieses Internetauftritts, einschlie\u00dflich der dort angebotenen Dienste. F\u00fcr n\u00e4here Informationen zur Verarbeitung Ihrer personenbezogenen Daten k\u00f6nnen Sie uns unter den <a href=\"https:\/\/www.rwg-bayreuth.de\/home\/?page_id=14021\">hier<\/a> genannten Kontaktdaten erreichen.<\/p>\n<h5>Zwecke und Rechtsgrundlagen f\u00fcr die Verarbeitung personenbezogener Daten:<\/h5>\n<p>Zweck der Verarbeitung ist die Erf\u00fcllung der uns vom Gesetzgeber zugewiesenen \u00f6ffentlichen Aufgaben. Die Rechtsgrundlage f\u00fcr die Verarbeitung Ihrer Daten ergibt sich, soweit nichts anderes angegeben ist, aus Art. 4 Abs. 1 des Bayerischen Datenschutzgesetzes (BayDSG) in Verbindung mit Art. 6 Abs. 1 Buchstabe e der Datenschutzgrundverordnung (DSGVO). Demnach ist es uns erlaubt, die zur Erf\u00fcllung einer uns obliegenden Aufgabe erforderlichen Daten zu verarbeiten. Soweit Sie in eine Verarbeitung eingewilligt haben, st\u00fctzt sich die Datenverarbeitung auf Art. 6 Abs. 1 Buchstabe a DSGVO.<\/p>\n<h5>Empf\u00e4nger von personenbezogenen Daten:<\/h5>\n<p>Soweit Ihre Daten elektronisch verarbeitet werden, erfolgt der technische Betrieb unserer Datenverarbeitungssysteme durch schuleigene Datenverarbeitungssysteme.<br \/>\nGegebenenfalls werden Ihre Daten an die zust\u00e4ndigen Aufsichts- und Rechnungspr\u00fcfungsbeh\u00f6rden zur Wahrnehmung der jeweiligen Kontrollrechte \u00fcbermittelt.<br \/>\nZur Abwehr von Gefahren f\u00fcr die Sicherheit in der Informationstechnik k\u00f6nnen Protokolldaten auf Grundlage von Art. 12 des Bayerischen E-Government-Gesetzes an das Landesamt f\u00fcr Sicherheit in der Informationstechnik weitergeleitet werden (n\u00e4heres siehe unter \u201eBesondere Hinweise zum Internetangebot\u201c).<\/p>\n<h5>Dauer der Speicherung der personenbezogenen Daten:<\/h5>\n<p>Ihre Daten werden nur so lange gespeichert, wie dies unter Beachtung gesetzlicher Aufbewahrungsfristen f\u00fcr zur Aufgabenerf\u00fcllung erforderlich ist.<\/p>\n<h5>Rechte der betroffenen Person:<\/h5>\n<p>Soweit wir von Ihnen personenbezogene Daten verarbeiten, stehen Ihnen als Betroffener nachfolgende Rechte zu:<\/p>\n<p>Werden Ihre personenbezogenen Daten verarbeitet, so haben Sie das Recht, Auskunft \u00fcber die zu Ihrer Person gespeicherten Daten zu erhalten (Art. 15 DSGVO). Sollten unrichtige personenbezogene Daten verarbeitet werden, steht Ihnen ein Recht auf Berichtigung zu (Art. 16 DSGVO). Liegen die gesetzlichen Voraussetzungen vor, so k\u00f6nnen Sie die L\u00f6schung oder Einschr\u00e4nkung der Verarbeitung verlangen, sowie Widerspruch gegen die Verarbeitung einlegen (Art. 17, 18 und 21 DSGVO). Wenn Sie in die Verarbeitung eingewilligt haben oder ein Vertrag zur Datenverarbeitung besteht und die Datenverarbeitung mithilfe automatisierter Verfahren durchgef\u00fchrt wird, steht Ihnen gegebenenfalls ein Recht auf Daten\u00fcbertragbarkeit zu (Art. 20 DSGVO).Falls Sie in die Verarbeitung eingewilligt haben und die Verarbeitung auf dieser Einwilligung beruht, k\u00f6nnen Sie die Einwilligung jederzeit f\u00fcr die Zukunft widerrufen. Die Rechtm\u00e4\u00dfigkeit der aufgrund der Einwilligung bis zum Widerruf erfolgten Datenverarbeitung wird durch diesen nicht ber\u00fchrt.<br \/>\nAusf\u00fchrlichere Informationen zu diesen Rechten erteilt Ihnen auch unser beh\u00f6rdlicher Datenschutzbeauftragter OStR Michael Schill.<br \/>\nMail: <a href=\"mailto:datenschutz@rwg-bayreuth.de\">datenschutz@rwg-bayreuth.de<\/a><br \/>\nRichard-Wagner-Gymnasium Bayreuth<br \/>\nWittelsbacherring 9<br \/>\n95444 Bayreuth<br \/>\nTel.: 0921 75985-0<br \/>\nFax: 0921 75985-30<\/p>\n<h5>Beschwerderecht bei der Aufsichtsbeh\u00f6rde:<\/h5>\n<p>Es besteht ein Beschwerderecht beim Bayerischen Landesbeauftragten f\u00fcr den Datenschutz. Diesen k\u00f6nnen Sie unter folgenden Kontaktdaten erreichen:<\/p>\n<p>Postanschrift: Postfach 22 12 19, 80502 M\u00fcnchen<br \/>\nAdresse: Wagm\u00fcllerstra\u00dfe 18, 80538 M\u00fcnchen<br \/>\nTelefon: 089 212672-0<br \/>\nTelefax: 089 212672-50<br \/>\nInternet: https:\/\/www.datenschutz-bayern.de\/<\/p>\n<h5>Besondere Hinweise zum Internetangebot:<\/h5>\n<p>Wenn Sie diese oder andere Internetseiten aufrufen, \u00fcbermitteln Sie \u00fcber Ihren Internetbrowser Daten an unseren Webserver. Die folgenden Daten werden w\u00e4hrend einer laufenden Verbindung zur Kommunikation zwischen Ihrem Internetbrowser und unserem Webserver aufgezeichnet:<\/p>\n<p><em>Datum und Uhrzeit der Anforderung<\/em><br \/>\n<em>Name der angeforderten Datei<\/em><br \/>\n<em>Seite, von der aus die Datei angefordert wurde<\/em><br \/>\n<em>Zugriffsstatus (Datei \u00fcbertragen, Datei nicht gefunden, etc.)<\/em><br \/>\n<em>verwendete Webbrowser und verwendetes Betriebssystem<\/em><br \/>\n<em>vollst\u00e4ndige IP-Adresse des anfordernden Rechners<\/em><br \/>\n<em>\u00fcbertragene Datenmenge<\/em><\/p>\n<p>Aus Gr\u00fcnden der technischen Sicherheit, insbesondere zur Abwehr von Angriffsversuchen auf unseren Webserver, werden diese Daten von uns gespeichert. Diese Daten werden regelm\u00e4\u00dfig gel\u00f6scht, so dass es nicht mehr m\u00f6glich ist, einen Bezug auf einzelne Nutzer herzustellen.<br \/>\nZur Abwehr von Gefahren f\u00fcr die Sicherheit in der Informationstechnik k\u00f6nnen diese Daten auf Grundlage von Art. 12 des Bayerischen E-Government-Gesetzes an das Landesamt f\u00fcr Sicherheit in der Informationstechnik weitergeleitet werden.<\/p>\n<h5>Aktive Komponenten:<\/h5>\n<p>Im Informationsangebot der ver\u00f6ffentlichenden Beh\u00f6rde werden keine aktiven Komponenten wie Javascript, Java-Applets oder Active-X-Controls verwendet.<br \/>\n<!--Wir setzen und verwenden bei der Benutzung der Website normalerweise keine Cookies.--><br \/>\nZur Verwaltung der eingesetzten Cookies und diesbez\u00fcglicher Einwilligungen setzen wir das Consent Tool &#8222;Real Cookie Banner&#8220; ein. Details zur Funktionsweise von &#8222;Real Cookie Banner&#8220; finden Sie unter <a href=\"https:\/\/devowl.io\/de\/rcb\/datenverarbeitung\/\" rel=\"noreferrer noopener\" target=\"_blank\">https:\/\/devowl.io\/de\/rcb\/datenverarbeitung\/<\/a>.<\/p>\n<p>Rechtsgrundlagen f\u00fcr die Verarbeitung von personenbezogenen Daten in diesem Zusammenhang sind Art. 6 Abs. 1 Buchstabe c DSGVO und Art. 6 Abs. 1 Buchstabe f DSGVO. Unser berechtigtes Interesse ist die Verwaltung der eingesetzten Cookies und \u00e4hnlichen Technologien und der diesbez\u00fcglichen Einwilligungen.<\/p>\n<p>Die Bereitstellung der personenbezogenen Daten ist weder vertraglich vorgeschrieben noch f\u00fcr den Abschluss eines Vertrages notwendig. Sie sind nicht verpflichtet die personenbezogenen Daten bereitzustellen. Wenn Sie die personenbezogenen Daten nicht bereitstellen, k\u00f6nnen wir Ihre Einwilligungen nicht verwalten.<br \/>\nBeim Zugriff auf das interne, passwortgesch\u00fctzte Angebot des Richard-Wagner-Gymnasiums k\u00f6nnen von uns Cookies (kleine Dateien) auf Ihrer Festplatte gespeichert werden, die f\u00fcr die Dauer Ihres Besuches auf der Internetseite g\u00fcltig sind. Wir verwenden diese ausschlie\u00dflich dazu, Sie w\u00e4hrend Ihres Besuchs unserer Internetseite zu identifizieren.<br \/>\nEin Aufrufen dieser Funktionen ist f\u00fcr den Besuch der Website nicht zwingend erforderlich. Nach \u00a7 15 Abs. 3 Telemediengesetz (TMG) kann ein Besucher dagegen auch Einspruch erheben. Die meisten Browser sind so eingestellt, dass sie die Verwendung von Cookies akzeptieren, diese Funktion kann aber durch die Einstellung des Internetbrowsers von Ihnen f\u00fcr die laufende Sitzung oder dauerhaft abgeschaltet werden. Nach Ende Ihres Besuches werden diese Cookies automatisch wieder von Ihrer Festplatte gel\u00f6scht.<\/p>\n<h5>Erhebung weiterer Daten:<\/h5>\n<p>Soweit Sie in unserem Internetauftritt pers\u00f6nliche Daten (E-Mail-Adressen, Namen, Anschriften, etc.) eingeben, werden diese ausschlie\u00dflich f\u00fcr die \u00dcbersendung der gew\u00fcnschten Informationen oder die im Formular genannten Zwecke verwendet. Ihre Daten werden dabei auf dem Transport unter Verwendung einer Software (SSL) verschl\u00fcsselt und sind vor einer Kenntnisnahme durch Dritte gesch\u00fctzt. Die Daten werden nicht an Dritte weitergegeben. Die Nutzung der vom Richard-Wagner-Gymnasium angebotenen Serviceleistungen und Dienste erfolgt auf freiwilliger Basis.<\/p>\n<h5>Elektronische Post (E-Mail):<\/h5>\n<p>Informationen, die Sie unverschl\u00fcsselt per Elektronische Post (E-Mail) an uns senden, k\u00f6nnen m\u00f6glicherweise auf dem \u00dcbertragungsweg von Dritten gelesen werden. Wir k\u00f6nnen in der Regel auch Ihre Identit\u00e4t nicht \u00fcberpr\u00fcfen und wissen nicht, wer sich hinter einer E-Mail-Adresse verbirgt. Eine rechtssichere Kommunikation durch einfache E-Mail ist daher nicht gew\u00e4hrleistet. Wir setzen &#8211; wie viele E-Mail-Anbieter &#8211; Filter gegen unerw\u00fcnschte Werbung (\u201eSPAM-Filter\u201c) ein, die in seltenen F\u00e4llen auch normale E-Mails f\u00e4lschlicherweise automatisch als unerw\u00fcnschte Werbung einordnen und l\u00f6schen. E-Mails, die sch\u00e4digende Programme (\u201eViren\u201c) enthalten, werden von uns in jedem Fall automatisch gel\u00f6scht.<br \/>\nWenn Sie schutzw\u00fcrdige Nachrichten an uns senden wollen, empfehlen wir, die Nachricht auf konventionellem Postwege an uns zu senden.<\/p>\n<h5>\u00d6ffentlichkeitsarbeit:<\/h5>\n<p>Im Rahmen unserer \u00d6ffentlichkeitsarbeit werden bei Veranstaltungen und Terminen Fotos aufgenommen, auf denen Sie gegebenenfalls erkennbar zu sehen sind. Der Aufnahme und\/oder einer Ver\u00f6ffentlichung k\u00f6nnen Sie widersprechen. Bitte nutzten Sie f\u00fcr Ihren Widerspruch <a href=\"https:\/\/www.rwg-bayreuth.de\/home\/?page_id=14021\">unsere Kontaktdaten<\/a>.<\/p>\n","protected":false},"excerpt":{"rendered":"<p>Die Datenschutzerkl\u00e4rung bezieht sich auf die Verarbeitung personenbezogener Daten im Rahmen dieses Internetauftritts, einschlie\u00dflich der dort angebotenen Dienste. F\u00fcr n\u00e4here Informationen zur Verarbeitung Ihrer personenbezogenen Daten k\u00f6nnen Sie uns unter den hier genannten Kontaktdaten erreichen. Zwecke und Rechtsgrundlagen f\u00fcr die Verarbeitung personenbezogener Daten: Zweck der Verarbeitung ist die Erf\u00fcllung der uns vom Gesetzgeber zugewiesenen \u00f6ffentlichen&hellip;<\/p>\n","protected":false},"author":11,"featured_media":0,"parent":14662,"menu_order":90,"comment_status":"closed","ping_status":"closed","template":"page-templates\/no-sidebar.php","meta":{"footnotes":""},"tags":[],"_links":{"self":[{"href":"https:\/\/www.rwg-bayreuth.de\/home\/index.php?rest_route=\/wp\/v2\/pages\/29570"}],"collection":[{"href":"https:\/\/www.rwg-bayreuth.de\/home\/index.php?rest_route=\/wp\/v2\/pages"}],"about":[{"href":"https:\/\/www.rwg-bayreuth.de\/home\/index.php?rest_route=\/wp\/v2\/types\/page"}],"author":[{"embeddable":true,"href":"https:\/\/www.rwg-bayreuth.de\/home\/index.php?rest_route=\/wp\/v2\/users\/11"}],"replies":[{"embeddable":true,"href":"https:\/\/www.rwg-bayreuth.de\/home\/index.php?rest_route=%2Fwp%2Fv2%2Fcomments&post=29570"}],"version-history":[{"count":12,"href":"https:\/\/www.rwg-bayreuth.de\/home\/index.php?rest_route=\/wp\/v2\/pages\/29570\/revisions"}],"predecessor-version":[{"id":29581,"href":"https:\/\/www.rwg-bayreuth.de\/home\/index.php?rest_route=\/wp\/v2\/pages\/29570\/revisions\/29581"}],"up":[{"embeddable":true,"href":"https:\/\/www.rwg-bayreuth.de\/home\/index.php?rest_route=\/wp\/v2\/pages\/14662"}],"wp:attachment":[{"href":"https:\/\/www.rwg-bayreuth.de\/home\/index.php?rest_route=%2Fwp%2Fv2%2Fmedia&parent=29570"}],"wp:term":[{"taxonomy":"post_tag","embeddable":true,"href":"https:\/\/www.rwg-bayreuth.de\/home\/index.php?rest_route=%2Fwp%2Fv2%2Ftags&post=29570"}],"curies":[{"name":"wp","href":"https:\/\/api.w.org\/{rel}","templated":true}]}}