{"id":29545,"date":"2021-10-27T13:39:35","date_gmt":"2021-10-27T11:39:35","guid":{"rendered":"http:\/\/www.rwg-bayreuth.de\/home\/?page_id=29545"},"modified":"2022-02-17T11:04:12","modified_gmt":"2022-02-17T10:04:12","slug":"29545-2","status":"publish","type":"page","link":"https:\/\/www.rwg-bayreuth.de\/home\/?page_id=29545","title":{"rendered":"Feedbackgespr\u00e4che"},"content":{"rendered":"<p><img decoding=\"async\" src=\"https:\/\/www.rwg-bayreuth.de\/home\/wp-content\/uploads\/2021\/10\/Feedback.jpg\" alt=\"\" width=\"100%\" height=\"auto\" class=\"alignnone size-full wp-image-29555\" srcset=\"https:\/\/www.rwg-bayreuth.de\/home\/wp-content\/uploads\/2021\/10\/Feedback.jpg 2522w, https:\/\/www.rwg-bayreuth.de\/home\/wp-content\/uploads\/2021\/10\/Feedback-450x101.jpg 450w, https:\/\/www.rwg-bayreuth.de\/home\/wp-content\/uploads\/2021\/10\/Feedback-1024x231.jpg 1024w, https:\/\/www.rwg-bayreuth.de\/home\/wp-content\/uploads\/2021\/10\/Feedback-768x173.jpg 768w, https:\/\/www.rwg-bayreuth.de\/home\/wp-content\/uploads\/2021\/10\/Feedback-1536x346.jpg 1536w, https:\/\/www.rwg-bayreuth.de\/home\/wp-content\/uploads\/2021\/10\/Feedback-2048x461.jpg 2048w, https:\/\/www.rwg-bayreuth.de\/home\/wp-content\/uploads\/2021\/10\/Feedback-250x56.jpg 250w\" sizes=\"(max-width: 2522px) 100vw, 2522px\" \/><\/p>\n<p>Um unsere Sch\u00fclerinnen und Sch\u00fcler nach der coronabedingten Schulschlie\u00dfung individuell zu f\u00f6rdern, setzen wir individuelle Feedbackgespr\u00e4che ein. Hier ist eine ausf\u00fchrliche Darstellung des Konzepts sowie der standardisierte Selbsteinsch\u00e4tzungsbogen vom Juni 2021.<\/p>\n<ul class=\"linkliste\">\n<li><a href=\"https:\/\/www.rwg-bayreuth.de\/home\/wp-content\/uploads\/2021\/10\/Lehrerschreiben-Konzept_Feedbackgespraeche-juni-21-1.pdf\">Lehrerschreiben zu den Feedbackgespr\u00e4chen<\/a><\/li>\n<li><a href=\"https:\/\/www.rwg-bayreuth.de\/home\/wp-content\/uploads\/2021\/10\/Schuelererschreiben-Konzept_Feedbackgespraeche-juni-21-1.pdf\">Sch\u00fclererschreiben zu den Feedbackgespr\u00e4chen<\/a><\/li>\n<li><a href=\"https:\/\/www.rwg-bayreuth.de\/home\/wp-content\/uploads\/2021\/10\/Selbsteinschaetzung-Schueler-Wiedereinstieg-2.pdf\">Selbsteinsch\u00e4tzungsbogen f\u00fcr Sch\u00fcler<\/a><\/li>\n<li><a href=\"https:\/\/www.rwg-bayreuth.de\/home\/wp-content\/uploads\/2021\/10\/Feedbackgespraeche-RWG_Praesentation.pdf\">Rahmenbedingungen der Feedbackgespr\u00e4che am RWG<\/a><\/li>\n<\/ul>\n","protected":false},"excerpt":{"rendered":"<p>Um unsere Sch\u00fclerinnen und Sch\u00fcler nach der coronabedingten Schulschlie\u00dfung individuell zu f\u00f6rdern, setzen wir individuelle Feedbackgespr\u00e4che ein. Hier ist eine ausf\u00fchrliche Darstellung des Konzepts sowie der standardisierte Selbsteinsch\u00e4tzungsbogen vom Juni 2021. Lehrerschreiben zu den Feedbackgespr\u00e4chen Sch\u00fclererschreiben zu den Feedbackgespr\u00e4chen Selbsteinsch\u00e4tzungsbogen f\u00fcr Sch\u00fcler Rahmenbedingungen der Feedbackgespr\u00e4che am RWG<\/p>\n","protected":false},"author":11,"featured_media":0,"parent":11156,"menu_order":30,"comment_status":"closed","ping_status":"closed","template":"page-templates\/no-sidebar.php","meta":{"footnotes":""},"tags":[],"_links":{"self":[{"href":"https:\/\/www.rwg-bayreuth.de\/home\/index.php?rest_route=\/wp\/v2\/pages\/29545"}],"collection":[{"href":"https:\/\/www.rwg-bayreuth.de\/home\/index.php?rest_route=\/wp\/v2\/pages"}],"about":[{"href":"https:\/\/www.rwg-bayreuth.de\/home\/index.php?rest_route=\/wp\/v2\/types\/page"}],"author":[{"embeddable":true,"href":"https:\/\/www.rwg-bayreuth.de\/home\/index.php?rest_route=\/wp\/v2\/users\/11"}],"replies":[{"embeddable":true,"href":"https:\/\/www.rwg-bayreuth.de\/home\/index.php?rest_route=%2Fwp%2Fv2%2Fcomments&post=29545"}],"version-history":[{"count":7,"href":"https:\/\/www.rwg-bayreuth.de\/home\/index.php?rest_route=\/wp\/v2\/pages\/29545\/revisions"}],"predecessor-version":[{"id":29569,"href":"https:\/\/www.rwg-bayreuth.de\/home\/index.php?rest_route=\/wp\/v2\/pages\/29545\/revisions\/29569"}],"up":[{"embeddable":true,"href":"https:\/\/www.rwg-bayreuth.de\/home\/index.php?rest_route=\/wp\/v2\/pages\/11156"}],"wp:attachment":[{"href":"https:\/\/www.rwg-bayreuth.de\/home\/index.php?rest_route=%2Fwp%2Fv2%2Fmedia&parent=29545"}],"wp:term":[{"taxonomy":"post_tag","embeddable":true,"href":"https:\/\/www.rwg-bayreuth.de\/home\/index.php?rest_route=%2Fwp%2Fv2%2Ftags&post=29545"}],"curies":[{"name":"wp","href":"https:\/\/api.w.org\/{rel}","templated":true}]}}