{"id":27428,"date":"2020-11-27T08:02:14","date_gmt":"2020-11-27T07:02:14","guid":{"rendered":"http:\/\/www.rwg-bayreuth.de\/home\/?page_id=27428"},"modified":"2021-10-19T17:51:19","modified_gmt":"2021-10-19T15:51:19","slug":"anleitungsvideos","status":"publish","type":"page","link":"https:\/\/www.rwg-bayreuth.de\/home\/?page_id=27428","title":{"rendered":"Videos zu Mebis, RWG-Cloud, Teams und Jitsi"},"content":{"rendered":"<p><img decoding=\"async\" src=\"https:\/\/www.rwg-bayreuth.de\/home\/wp-content\/uploads\/2020\/11\/Erklaervideos.jpg\" alt=\"\" width=\"100%\" height=\"auto\" class=\"alignnone size-full wp-image-27445\" srcset=\"https:\/\/www.rwg-bayreuth.de\/home\/wp-content\/uploads\/2020\/11\/Erklaervideos.jpg 1024w, https:\/\/www.rwg-bayreuth.de\/home\/wp-content\/uploads\/2020\/11\/Erklaervideos-450x178.jpg 450w, https:\/\/www.rwg-bayreuth.de\/home\/wp-content\/uploads\/2020\/11\/Erklaervideos-768x304.jpg 768w, https:\/\/www.rwg-bayreuth.de\/home\/wp-content\/uploads\/2020\/11\/Erklaervideos-250x99.jpg 250w, https:\/\/www.rwg-bayreuth.de\/home\/wp-content\/uploads\/2020\/11\/Erklaervideos-600x237.jpg 600w\" sizes=\"(max-width: 1024px) 100vw, 1024px\" \/><\/p>\n<h1>Teams-Videos f\u00fcr Sch\u00fcler<\/h1>\n<div class=\"su-accordion su-u-trim font-size_normal\">\n<div class=\"su-spoiler su-spoiler-style-fancy su-spoiler-icon-chevron RWG su-spoiler-closed\" data-scroll-offset=\"0\" data-anchor-in-url=\"no\"><div class=\"su-spoiler-title\" tabindex=\"0\" role=\"button\"><span class=\"su-spoiler-icon\"><\/span>Teams mit dem Smartphone verwenden<\/div><div class=\"su-spoiler-content su-u-clearfix su-u-trim\">\n<div class=\"su-youtube su-u-responsive-media-yes\"><iframe loading=\"lazy\" width=\"600\" height=\"400\" src=\"https:\/\/www.youtube.com\/embed\/kPop3UiQdsU?\" frameborder=\"0\" allowfullscreen allow=\"autoplay; encrypted-media; picture-in-picture\" title=\"Teams mit dem Smartphone verwenden\"><\/iframe><\/div>\n<\/div><\/div>\n<\/div>\n<h1>Mebis-Videos f\u00fcr Sch\u00fcler<\/h1>\n<div class=\"su-accordion su-u-trim font-size_normal\">\n<div class=\"su-spoiler su-spoiler-style-fancy su-spoiler-icon-chevron RWG su-spoiler-closed\" data-scroll-offset=\"0\" data-anchor-in-url=\"no\"><div class=\"su-spoiler-title\" tabindex=\"0\" role=\"button\"><span class=\"su-spoiler-icon\"><\/span>Mebis Einf\u00fchrung f\u00fcr Sch\u00fcler (alte Mebis-Version!)<\/div><div class=\"su-spoiler-content su-u-clearfix su-u-trim\">\n<div class=\"su-youtube su-u-responsive-media-yes\"><iframe loading=\"lazy\" width=\"600\" height=\"400\" src=\"https:\/\/www.youtube.com\/embed\/DUw6RO8loB8?\" frameborder=\"0\" allowfullscreen allow=\"autoplay; encrypted-media; picture-in-picture\" title=\"Mebis Einf\u00fchrung f\u00fcr Sch\u00fcler (alte Mebis-Version!)\"><\/iframe><\/div>\n<\/div><\/div>\n<div class=\"su-spoiler su-spoiler-style-fancy su-spoiler-icon-chevron RWG su-spoiler-closed\" data-scroll-offset=\"0\" data-anchor-in-url=\"no\"><div class=\"su-spoiler-title\" tabindex=\"0\" role=\"button\"><span class=\"su-spoiler-icon\"><\/span>Mebis mit dem Smartphone verwenden<\/div><div class=\"su-spoiler-content su-u-clearfix su-u-trim\">\n<div class=\"su-youtube su-u-responsive-media-yes\"><iframe loading=\"lazy\" width=\"600\" height=\"400\" src=\"https:\/\/www.youtube.com\/embed\/aos-Ub5Tx5I?\" frameborder=\"0\" allowfullscreen allow=\"autoplay; encrypted-media; picture-in-picture\" title=\"Mebis mit dem Smartphone verwenden\"><\/iframe><\/div>\n<\/div><\/div>\n<div class=\"su-spoiler su-spoiler-style-fancy su-spoiler-icon-chevron RWG su-spoiler-closed\" data-scroll-offset=\"0\" data-anchor-in-url=\"no\"><div class=\"su-spoiler-title\" tabindex=\"0\" role=\"button\"><span class=\"su-spoiler-icon\"><\/span>Mebis - eine Aufgabe mit dem PC abgeben<\/div><div class=\"su-spoiler-content su-u-clearfix su-u-trim\">\n<div class=\"su-youtube su-u-responsive-media-yes\"><iframe loading=\"lazy\" width=\"600\" height=\"400\" src=\"https:\/\/www.youtube.com\/embed\/6r47dm_T14w?\" frameborder=\"0\" allowfullscreen allow=\"autoplay; encrypted-media; picture-in-picture\" title=\"Mebis - eine Aufgabe mit dem PC abgeben\"><\/iframe><\/div>\n<\/div><\/div>\n<\/div>\n<h1>RWG-Cloud-Videos f\u00fcr Sch\u00fcler<\/h1>\n<div class=\"su-accordion su-u-trim font-size_normal\">\n<div class=\"su-spoiler su-spoiler-style-fancy su-spoiler-icon-chevron RWG su-spoiler-closed\" data-scroll-offset=\"0\" data-anchor-in-url=\"no\"><div class=\"su-spoiler-title\" tabindex=\"0\" role=\"button\"><span class=\"su-spoiler-icon\"><\/span>RWG-Cloud Einf\u00fchrung in die Verwendung mit dem PC<\/div><div class=\"su-spoiler-content su-u-clearfix su-u-trim\">\n<div class=\"su-youtube su-u-responsive-media-yes\"><iframe loading=\"lazy\" width=\"600\" height=\"400\" src=\"https:\/\/www.youtube.com\/embed\/GZ5HTF5mPjA?\" frameborder=\"0\" allowfullscreen allow=\"autoplay; encrypted-media; picture-in-picture\" title=\"RWG-Cloud Einf\u00fchrung in die Verwendung mit dem PC\"><\/iframe><\/div>\n<\/div><\/div>\n<div class=\"su-spoiler su-spoiler-style-fancy su-spoiler-icon-chevron RWG su-spoiler-closed\" data-scroll-offset=\"0\" data-anchor-in-url=\"no\"><div class=\"su-spoiler-title\" tabindex=\"0\" role=\"button\"><span class=\"su-spoiler-icon\"><\/span>RWG-Cloud mit dem Smartphone verwenden<\/div><div class=\"su-spoiler-content su-u-clearfix su-u-trim\">\n<div class=\"su-youtube su-u-responsive-media-yes\"><iframe loading=\"lazy\" width=\"600\" height=\"400\" src=\"https:\/\/www.youtube.com\/embed\/_bfI5VngQOU?\" frameborder=\"0\" allowfullscreen allow=\"autoplay; encrypted-media; picture-in-picture\" title=\"RWG-Cloud mit dem Smartphone verwenden\"><\/iframe><\/div>\n<\/div><\/div>\n<\/div>\n<h1>Jitsi-Einf\u00fchrung zu Videokonferenzen f\u00fcr Eltern<\/h1>\n<div class=\"su-accordion su-u-trim font-size_normal\">\n<div class=\"su-spoiler su-spoiler-style-fancy su-spoiler-icon-chevron RWG su-spoiler-closed\" data-scroll-offset=\"0\" data-anchor-in-url=\"no\"><div class=\"su-spoiler-title\" tabindex=\"0\" role=\"button\"><span class=\"su-spoiler-icon\"><\/span>Jitsi-Einf\u00fchrung Videokonferenz<\/div><div class=\"su-spoiler-content su-u-clearfix su-u-trim\">\n<div class=\"su-youtube su-u-responsive-media-yes\"><iframe loading=\"lazy\" width=\"600\" height=\"400\" src=\"https:\/\/www.youtube.com\/embed\/CoY16H8fE7Y?\" frameborder=\"0\" allowfullscreen allow=\"autoplay; encrypted-media; picture-in-picture\" title=\"Jitsi-Einf\u00fchrung Videokonferenz\"><\/iframe><\/div>\n<\/div><\/div>\n<\/div>\n","protected":false},"excerpt":{"rendered":"<p>Teams-Videos f\u00fcr Sch\u00fcler Mebis-Videos f\u00fcr Sch\u00fcler RWG-Cloud-Videos f\u00fcr Sch\u00fcler Jitsi-Einf\u00fchrung zu Videokonferenzen f\u00fcr Eltern<\/p>\n","protected":false},"author":11,"featured_media":0,"parent":14662,"menu_order":0,"comment_status":"closed","ping_status":"closed","template":"page-templates\/no-sidebar.php","meta":{"footnotes":""},"tags":[],"_links":{"self":[{"href":"https:\/\/www.rwg-bayreuth.de\/home\/index.php?rest_route=\/wp\/v2\/pages\/27428"}],"collection":[{"href":"https:\/\/www.rwg-bayreuth.de\/home\/index.php?rest_route=\/wp\/v2\/pages"}],"about":[{"href":"https:\/\/www.rwg-bayreuth.de\/home\/index.php?rest_route=\/wp\/v2\/types\/page"}],"author":[{"embeddable":true,"href":"https:\/\/www.rwg-bayreuth.de\/home\/index.php?rest_route=\/wp\/v2\/users\/11"}],"replies":[{"embeddable":true,"href":"https:\/\/www.rwg-bayreuth.de\/home\/index.php?rest_route=%2Fwp%2Fv2%2Fcomments&post=27428"}],"version-history":[{"count":21,"href":"https:\/\/www.rwg-bayreuth.de\/home\/index.php?rest_route=\/wp\/v2\/pages\/27428\/revisions"}],"predecessor-version":[{"id":29498,"href":"https:\/\/www.rwg-bayreuth.de\/home\/index.php?rest_route=\/wp\/v2\/pages\/27428\/revisions\/29498"}],"up":[{"embeddable":true,"href":"https:\/\/www.rwg-bayreuth.de\/home\/index.php?rest_route=\/wp\/v2\/pages\/14662"}],"wp:attachment":[{"href":"https:\/\/www.rwg-bayreuth.de\/home\/index.php?rest_route=%2Fwp%2Fv2%2Fmedia&parent=27428"}],"wp:term":[{"taxonomy":"post_tag","embeddable":true,"href":"https:\/\/www.rwg-bayreuth.de\/home\/index.php?rest_route=%2Fwp%2Fv2%2Ftags&post=27428"}],"curies":[{"name":"wp","href":"https:\/\/api.w.org\/{rel}","templated":true}]}}