{"id":26795,"date":"2020-07-22T20:20:56","date_gmt":"2020-07-22T18:20:56","guid":{"rendered":"http:\/\/www.rwg-bayreuth.de\/home\/?page_id=26795"},"modified":"2023-09-28T15:03:14","modified_gmt":"2023-09-28T13:03:14","slug":"erklaervideos-fuer-mathe-vom-cafe-pi","status":"publish","type":"page","link":"https:\/\/www.rwg-bayreuth.de\/home\/?page_id=26795","title":{"rendered":"Erkl\u00e4rvideos f\u00fcr Mathe vom Caf\u00e9 \u03c0"},"content":{"rendered":"<p><img decoding=\"async\" src=\"https:\/\/www.rwg-bayreuth.de\/home\/wp-content\/uploads\/2020\/07\/Cafe-Pi-Erkl\u00e4rvideos.jpg\" alt=\"\" width=\"100%\" height=\"auto\" class=\"aligncenter size-full wp-image-26801\" style=\"max-width: 600px\" srcset=\"https:\/\/www.rwg-bayreuth.de\/home\/wp-content\/uploads\/2020\/07\/Cafe-Pi-Erkl\u00e4rvideos.jpg 1024w, https:\/\/www.rwg-bayreuth.de\/home\/wp-content\/uploads\/2020\/07\/Cafe-Pi-Erkl\u00e4rvideos-450x178.jpg 450w, https:\/\/www.rwg-bayreuth.de\/home\/wp-content\/uploads\/2020\/07\/Cafe-Pi-Erkl\u00e4rvideos-768x304.jpg 768w, https:\/\/www.rwg-bayreuth.de\/home\/wp-content\/uploads\/2020\/07\/Cafe-Pi-Erkl\u00e4rvideos-250x99.jpg 250w\" sizes=\"(max-width: 1024px) 100vw, 1024px\" \/><\/p>\n<p>W\u00e4hrend der langen Homeschooling-Zeit ist es den meisten von uns sicherlich nicht immer gerade leichtgefallen, sich f\u00fcr Hausaufgaben, Arbeitsauftr\u00e4ge oder \u00dcbungen zu motivieren. Um jedoch im neuen Schuljahr gemeinsam wieder Vollgas geben zu k\u00f6nnen, ist es vor allem bei F\u00e4chern wie Mathe, bei denen der Stoff von Jahr zu Jahr aufeinander aufbaut, sehr wichtig, am Ball zu bleiben.<br \/>\nDamit ihr also gut vorbereitet ins neue Schuljahr starten k\u00f6nnt, hat sich das Caf\u00e9 \u03c0 Team etwas ganz besonderes f\u00fcr euch \u00fcberlegt: In den Pfingstferien haben wir kleine 5 bis 7 min\u00fctige Mathevideos gedreht, welche speziell zur Wiederholung und Auffrischung des Stoffes der 5. und 6. Klassen dienen. Damit ihr die Videos jederzeit, auch beispielsweise als Wiederholung vor einer Schulaufgabe, nutzen k\u00f6nnt, wurden diese auf dem RWG-Youtubekanal hochgeladen.<br \/>\nHier die einzelnen Videos:<\/p>\n<div class=\"su-accordion su-u-trim font-size_normal RWG\">\n<div class=\"su-spoiler su-spoiler-style-fancy su-spoiler-icon- RWG su-spoiler-closed\" data-scroll-offset=\"0\" data-anchor-in-url=\"no\"><div class=\"su-spoiler-title\" tabindex=\"0\" role=\"button\"><span class=\"su-spoiler-icon\"><\/span>Winkel messen<\/div><div class=\"su-spoiler-content su-u-clearfix su-u-trim\">\n<div class=\"su-row\"><div class=\"su-column su-column-size-3-5 su-column-centered\"><div class=\"su-column-inner su-u-clearfix su-u-trim\">\n<div class=\"su-youtube su-u-responsive-media-yes\"><iframe loading=\"lazy\" width=\"600\" height=\"400\" src=\"https:\/\/www.youtube.com\/embed\/6FPoiogClSg?\" frameborder=\"0\" allowfullscreen allow=\"autoplay; encrypted-media; picture-in-picture\" title=\"Winkel messen\"><\/iframe><\/div>\n<\/div><\/div>\n<\/div>\n<\/div><\/div>\n<div class=\"su-spoiler su-spoiler-style-fancy su-spoiler-icon- RWG su-spoiler-closed\" data-scroll-offset=\"0\" data-anchor-in-url=\"no\"><div class=\"su-spoiler-title\" tabindex=\"0\" role=\"button\"><span class=\"su-spoiler-icon\"><\/span>L\u00e4ngen und Fl\u00e4chenma\u00dfe<\/div><div class=\"su-spoiler-content su-u-clearfix su-u-trim\">\n<div class=\"su-row\"><div class=\"su-column su-column-size-3-5 su-column-centered\"><div class=\"su-column-inner su-u-clearfix su-u-trim\">\n<div class=\"su-youtube su-u-responsive-media-yes\"><iframe loading=\"lazy\" width=\"600\" height=\"400\" src=\"https:\/\/www.youtube.com\/embed\/Wz2YZ-G-nQY?\" frameborder=\"0\" allowfullscreen allow=\"autoplay; encrypted-media; picture-in-picture\" title=\"L\u00e4ngen und Fl\u00e4chenma\u00dfe\"><\/iframe><\/div>\n<\/div><\/div>\n<\/div>\n<\/div><\/div>\n<div class=\"su-spoiler su-spoiler-style-fancy su-spoiler-icon- RWG su-spoiler-closed\" data-scroll-offset=\"0\" data-anchor-in-url=\"no\"><div class=\"su-spoiler-title\" tabindex=\"0\" role=\"button\"><span class=\"su-spoiler-icon\"><\/span>Baumdiagramm<\/div><div class=\"su-spoiler-content su-u-clearfix su-u-trim\">\n<div class=\"su-row\"><div class=\"su-column su-column-size-3-5 su-column-centered\"><div class=\"su-column-inner su-u-clearfix su-u-trim\">\n<div class=\"su-youtube su-u-responsive-media-yes\"><iframe loading=\"lazy\" width=\"600\" height=\"400\" src=\"https:\/\/www.youtube.com\/embed\/YUDqJq8tfto?\" frameborder=\"0\" allowfullscreen allow=\"autoplay; encrypted-media; picture-in-picture\" title=\"Baumdiagramm\"><\/iframe><\/div>\n<\/div><\/div>\n<\/div>\n<\/div><\/div>\n<div class=\"su-spoiler su-spoiler-style-fancy su-spoiler-icon- RWG su-spoiler-closed\" data-scroll-offset=\"0\" data-anchor-in-url=\"no\"><div class=\"su-spoiler-title\" tabindex=\"0\" role=\"button\"><span class=\"su-spoiler-icon\"><\/span>H\u00f6hen im Dreieck und Parallelogramm<\/div><div class=\"su-spoiler-content su-u-clearfix su-u-trim\">\n<div class=\"su-row\"><div class=\"su-column su-column-size-3-5 su-column-centered\"><div class=\"su-column-inner su-u-clearfix su-u-trim\">\n<div class=\"su-youtube su-u-responsive-media-yes\"><iframe loading=\"lazy\" width=\"600\" height=\"400\" src=\"https:\/\/www.youtube.com\/embed\/huRzka7f_sM?\" frameborder=\"0\" allowfullscreen allow=\"autoplay; encrypted-media; picture-in-picture\" title=\"H\u00f6hen im Dreieck und Parallelogramm\"><\/iframe><\/div>\n<\/div><\/div>\n<\/div>\n<\/div><\/div>\n<div class=\"su-spoiler su-spoiler-style-fancy su-spoiler-icon- RWG su-spoiler-closed\" data-scroll-offset=\"0\" data-anchor-in-url=\"no\"><div class=\"su-spoiler-title\" tabindex=\"0\" role=\"button\"><span class=\"su-spoiler-icon\"><\/span>Umrechnen von Volumeneinheiten<\/div><div class=\"su-spoiler-content su-u-clearfix su-u-trim\">\n<div class=\"su-row\"><div class=\"su-column su-column-size-3-5 su-column-centered\"><div class=\"su-column-inner su-u-clearfix su-u-trim\">\n<div class=\"su-youtube su-u-responsive-media-yes\"><iframe loading=\"lazy\" width=\"600\" height=\"400\" src=\"https:\/\/www.youtube.com\/embed\/Wr8VleF85p4?\" frameborder=\"0\" allowfullscreen allow=\"autoplay; encrypted-media; picture-in-picture\" title=\"Umrechnen von Volumeneinheiten\"><\/iframe><\/div>\n<\/div><\/div>\n<\/div>\n<\/div><\/div>\n<div class=\"su-spoiler su-spoiler-style-fancy su-spoiler-icon- RWG su-spoiler-closed\" data-scroll-offset=\"0\" data-anchor-in-url=\"no\"><div class=\"su-spoiler-title\" tabindex=\"0\" role=\"button\"><span class=\"su-spoiler-icon\"><\/span>Rechnen mit rationalen Zahlen<\/div><div class=\"su-spoiler-content su-u-clearfix su-u-trim\">\n<div class=\"su-row\"><div class=\"su-column su-column-size-3-5 su-column-centered\"><div class=\"su-column-inner su-u-clearfix su-u-trim\">\n<div class=\"su-youtube su-u-responsive-media-yes\"><iframe loading=\"lazy\" width=\"600\" height=\"400\" src=\"https:\/\/www.youtube.com\/embed\/0iR-EE8dboI?\" frameborder=\"0\" allowfullscreen allow=\"autoplay; encrypted-media; picture-in-picture\" title=\"Rechnen mit rationalen Zahlen\"><\/iframe><\/div>\n<\/div><\/div>\n<\/div>\n<\/div><\/div>\n<div class=\"su-spoiler su-spoiler-style-fancy su-spoiler-icon- RWG su-spoiler-closed\" data-scroll-offset=\"0\" data-anchor-in-url=\"no\"><div class=\"su-spoiler-title\" tabindex=\"0\" role=\"button\"><span class=\"su-spoiler-icon\"><\/span>Grundrechenarten Br\u00fcche<\/div><div class=\"su-spoiler-content su-u-clearfix su-u-trim\">\n<div class=\"su-row\"><div class=\"su-column su-column-size-3-5 su-column-centered\"><div class=\"su-column-inner su-u-clearfix su-u-trim\">\n<div class=\"su-youtube su-u-responsive-media-yes\"><iframe loading=\"lazy\" width=\"600\" height=\"400\" src=\"https:\/\/www.youtube.com\/embed\/4Ch1P875jHg?\" frameborder=\"0\" allowfullscreen allow=\"autoplay; encrypted-media; picture-in-picture\" title=\"Grundrechenarten Br\u00fcche\"><\/iframe><\/div>\n<\/div><\/div>\n<\/div>\n<\/div><\/div>\n<\/div>\n<p>Wir hoffen sehr, dass wir euch damit helfen k\u00f6nnen und w\u00fcrden uns freuen, euch n\u00e4chstes Schuljahr (hoffentlich wieder pers\u00f6nlich) im Caf\u00e9 empfangen zu k\u00f6nnen.<\/p>\n","protected":false},"excerpt":{"rendered":"<p>W\u00e4hrend der langen Homeschooling-Zeit ist es den meisten von uns sicherlich nicht immer gerade leichtgefallen, sich f\u00fcr Hausaufgaben, Arbeitsauftr\u00e4ge oder \u00dcbungen zu motivieren. Um jedoch im neuen Schuljahr gemeinsam wieder Vollgas geben zu k\u00f6nnen, ist es vor allem bei F\u00e4chern wie Mathe, bei denen der Stoff von Jahr zu Jahr aufeinander aufbaut, sehr wichtig, am&hellip;<\/p>\n","protected":false},"author":11,"featured_media":0,"parent":14662,"menu_order":0,"comment_status":"closed","ping_status":"closed","template":"page-templates\/no-sidebar.php","meta":{"footnotes":""},"tags":[],"_links":{"self":[{"href":"https:\/\/www.rwg-bayreuth.de\/home\/index.php?rest_route=\/wp\/v2\/pages\/26795"}],"collection":[{"href":"https:\/\/www.rwg-bayreuth.de\/home\/index.php?rest_route=\/wp\/v2\/pages"}],"about":[{"href":"https:\/\/www.rwg-bayreuth.de\/home\/index.php?rest_route=\/wp\/v2\/types\/page"}],"author":[{"embeddable":true,"href":"https:\/\/www.rwg-bayreuth.de\/home\/index.php?rest_route=\/wp\/v2\/users\/11"}],"replies":[{"embeddable":true,"href":"https:\/\/www.rwg-bayreuth.de\/home\/index.php?rest_route=%2Fwp%2Fv2%2Fcomments&post=26795"}],"version-history":[{"count":11,"href":"https:\/\/www.rwg-bayreuth.de\/home\/index.php?rest_route=\/wp\/v2\/pages\/26795\/revisions"}],"predecessor-version":[{"id":33053,"href":"https:\/\/www.rwg-bayreuth.de\/home\/index.php?rest_route=\/wp\/v2\/pages\/26795\/revisions\/33053"}],"up":[{"embeddable":true,"href":"https:\/\/www.rwg-bayreuth.de\/home\/index.php?rest_route=\/wp\/v2\/pages\/14662"}],"wp:attachment":[{"href":"https:\/\/www.rwg-bayreuth.de\/home\/index.php?rest_route=%2Fwp%2Fv2%2Fmedia&parent=26795"}],"wp:term":[{"taxonomy":"post_tag","embeddable":true,"href":"https:\/\/www.rwg-bayreuth.de\/home\/index.php?rest_route=%2Fwp%2Fv2%2Ftags&post=26795"}],"curies":[{"name":"wp","href":"https:\/\/api.w.org\/{rel}","templated":true}]}}