{"id":2565,"date":"2013-09-30T10:50:39","date_gmt":"2013-09-30T08:50:39","guid":{"rendered":"http:\/\/www.rwg-bayreuth.de\/home\/?page_id=2565"},"modified":"2025-04-28T17:24:33","modified_gmt":"2025-04-28T15:24:33","slug":"das-sozialpraktikum","status":"publish","type":"page","link":"https:\/\/www.rwg-bayreuth.de\/home\/?page_id=2565","title":{"rendered":"Das Sozialpraktikum"},"content":{"rendered":"<p><img decoding=\"async\" src=\"https:\/\/www.rwg-bayreuth.de\/home\/wp-content\/uploads\/2025\/04\/Sozialpraktikum.jpg\" alt=\"\" width=\"100%\" height=\"auto\" class=\"aligncenter size-full wp-image-38663\" srcset=\"https:\/\/www.rwg-bayreuth.de\/home\/wp-content\/uploads\/2025\/04\/Sozialpraktikum.jpg 1500w, https:\/\/www.rwg-bayreuth.de\/home\/wp-content\/uploads\/2025\/04\/Sozialpraktikum-150x50.jpg 150w, https:\/\/www.rwg-bayreuth.de\/home\/wp-content\/uploads\/2025\/04\/Sozialpraktikum-450x150.jpg 450w, https:\/\/www.rwg-bayreuth.de\/home\/wp-content\/uploads\/2025\/04\/Sozialpraktikum-768x256.jpg 768w, https:\/\/www.rwg-bayreuth.de\/home\/wp-content\/uploads\/2025\/04\/Sozialpraktikum-1024x341.jpg 1024w, https:\/\/www.rwg-bayreuth.de\/home\/wp-content\/uploads\/2025\/04\/Sozialpraktikum-250x83.jpg 250w\" sizes=\"(max-width: 1500px) 100vw, 1500px\" \/><\/p>\n<p>Das Sozialpraktikum muss von allen Sch\u00fclerinnen und Sch\u00fclern, die an einem bayerischen Gymnasium den Sozialwissenschaftlichen Zweig gew\u00e4hlt haben, nach der Schulordnung f\u00fcr die Gymnasien in Bayern gem\u00e4\u00df \u00a730 (2) GSO bis zum der Ende der 11. Jahrgangsstufe abgeleistet werden und ist die Voraussetzung f\u00fcr das Vorr\u00fccken in die Qualifikationsphase der Oberstufe. Das Praktikum ist schulrechtlich an das Fach Sozialpraktische Grundbildung gekoppelt und kann deswegen erst ab der 9. Jahrgangsstufe begonnen werden. Es umfasst mindestens 15 Arbeitstage (= 120 Stunden), welche \u00fcber mehrere Ferien bzw. Schuljahre aufgeteilt werden k\u00f6nnen. Davon m\u00fcssen mindestens f\u00fcnf Tage am Block in einer Einrichtung abgeleistet werden. F\u00fcnf Tage des Sozialpraktikums k\u00f6nnen von den Sch\u00fclerinnen und Sch\u00fclern in 9. Jahrgangsstufe auch w\u00e4hrend der Schulzeit, n\u00e4mlich in der Fahrtenwoche vor den Sommerferien, abgeleistet werden. Die Sch\u00fclerinnen und Sch\u00fcler des SWG-Zweigs k\u00f6nnen sich dieses einw\u00f6chige Praktikum auch als Betriebspraktikum im Rahmen des Moduls zur beruflichen Orientierung anerkennen lassen.<\/p>\n<p>Im Vordergrund soll beim Sozialpraktikum die soziale Ausrichtung, sprich der Dienst am Menschen, stehen, weshalb vor allem soziale Einrichtungen als Praktikumsst\u00e4tten gew\u00e4hlt werden sollten. Aber auch das soziale Engagement \u00fcber einen l\u00e4ngeren Zeitraum hinweg, z.B. in Verein oder Kirchengemeinde, kann unter bestimmten Voraussetzungen auf das Sozialpraktikum angerechnet werden. Weiterhin ist auch die Anerkennung bestimmter T\u00e4tigkeiten innerhalb der Schulfamilie (z.B. Schulsanit\u00e4ter oder Streitschlichter) als Teil des Sozialpraktikums m\u00f6glich. Diese Anrechnung erfolgt allerdings individuell je nach T\u00e4tigkeit der Sch\u00fclerinnen und Sch\u00fcler. Deshalb ist eine vorherige Absprache mit der Lehrkraft notwendig. Sowohl bei der Suche nach Praktikumspl\u00e4tzen als auch bei der Erstellung des abschlie\u00dfenden Praktikumsberichts in Jahrgangsstufe 11 stehen die Lehrkr\u00e4fte in Politik und Gesellschaft bzw. Sozialpraktische Grundbildung den Sch\u00fclerinnen und Sch\u00fclern beratend zur Seite.<\/p>\n<p>F\u00fcr detaillierte Informationen, lesen Sie bitte den Leitfaden zum Sozialpraktikum, der unter diesem Text verlinkt ist.<\/p>\n<ul class=\"linkliste\">\n<li><a href=\"https:\/\/www.rwg-bayreuth.de\/home\/wp-content\/uploads\/2024\/03\/Sozialpraktikum-Leitfaden-April-2025.pdf\">Leitfaden zum Sozialpraktikum<\/a><\/li>\n<\/ul>\n","protected":false},"excerpt":{"rendered":"<p>Das Sozialpraktikum muss von allen Sch\u00fclerinnen und Sch\u00fclern, die an einem bayerischen Gymnasium den Sozialwissenschaftlichen Zweig gew\u00e4hlt haben, nach der Schulordnung f\u00fcr die Gymnasien in Bayern gem\u00e4\u00df \u00a730 (2) GSO bis zum der Ende der 11. Jahrgangsstufe abgeleistet werden und ist die Voraussetzung f\u00fcr das Vorr\u00fccken in die Qualifikationsphase der Oberstufe. Das Praktikum ist schulrechtlich&hellip;<\/p>\n","protected":false},"author":2,"featured_media":0,"parent":2555,"menu_order":0,"comment_status":"closed","ping_status":"closed","template":"page-templates\/no-sidebar.php","meta":{"footnotes":""},"tags":[54],"_links":{"self":[{"href":"https:\/\/www.rwg-bayreuth.de\/home\/index.php?rest_route=\/wp\/v2\/pages\/2565"}],"collection":[{"href":"https:\/\/www.rwg-bayreuth.de\/home\/index.php?rest_route=\/wp\/v2\/pages"}],"about":[{"href":"https:\/\/www.rwg-bayreuth.de\/home\/index.php?rest_route=\/wp\/v2\/types\/page"}],"author":[{"embeddable":true,"href":"https:\/\/www.rwg-bayreuth.de\/home\/index.php?rest_route=\/wp\/v2\/users\/2"}],"replies":[{"embeddable":true,"href":"https:\/\/www.rwg-bayreuth.de\/home\/index.php?rest_route=%2Fwp%2Fv2%2Fcomments&post=2565"}],"version-history":[{"count":14,"href":"https:\/\/www.rwg-bayreuth.de\/home\/index.php?rest_route=\/wp\/v2\/pages\/2565\/revisions"}],"predecessor-version":[{"id":38664,"href":"https:\/\/www.rwg-bayreuth.de\/home\/index.php?rest_route=\/wp\/v2\/pages\/2565\/revisions\/38664"}],"up":[{"embeddable":true,"href":"https:\/\/www.rwg-bayreuth.de\/home\/index.php?rest_route=\/wp\/v2\/pages\/2555"}],"wp:attachment":[{"href":"https:\/\/www.rwg-bayreuth.de\/home\/index.php?rest_route=%2Fwp%2Fv2%2Fmedia&parent=2565"}],"wp:term":[{"taxonomy":"post_tag","embeddable":true,"href":"https:\/\/www.rwg-bayreuth.de\/home\/index.php?rest_route=%2Fwp%2Fv2%2Ftags&post=2565"}],"curies":[{"name":"wp","href":"https:\/\/api.w.org\/{rel}","templated":true}]}}