{"id":23806,"date":"2020-02-02T22:05:35","date_gmt":"2020-02-02T21:05:35","guid":{"rendered":"http:\/\/www.rwg-bayreuth.de\/home\/?page_id=23806"},"modified":"2020-10-07T08:00:52","modified_gmt":"2020-10-07T06:00:52","slug":"medienerziehung","status":"publish","type":"page","link":"https:\/\/www.rwg-bayreuth.de\/home\/?page_id=23806","title":{"rendered":"Medienerziehung"},"content":{"rendered":"<p><img loading=\"lazy\" decoding=\"async\" src=\"https:\/\/www.rwg-bayreuth.de\/home\/wp-content\/uploads\/2020\/02\/Medien.jpg\" alt=\"\" width=\"1800\" height=\"600\" class=\"alignnone size-full wp-image-23829\" srcset=\"https:\/\/www.rwg-bayreuth.de\/home\/wp-content\/uploads\/2020\/02\/Medien.jpg 1800w, https:\/\/www.rwg-bayreuth.de\/home\/wp-content\/uploads\/2020\/02\/Medien-450x150.jpg 450w, https:\/\/www.rwg-bayreuth.de\/home\/wp-content\/uploads\/2020\/02\/Medien-1024x341.jpg 1024w, https:\/\/www.rwg-bayreuth.de\/home\/wp-content\/uploads\/2020\/02\/Medien-768x256.jpg 768w, https:\/\/www.rwg-bayreuth.de\/home\/wp-content\/uploads\/2020\/02\/Medien-1536x512.jpg 1536w, https:\/\/www.rwg-bayreuth.de\/home\/wp-content\/uploads\/2020\/02\/Medien-250x83.jpg 250w\" sizes=\"(max-width: 1800px) 100vw, 1800px\" \/><\/p>\n<p>Da Lesen nicht nur bedeutet, mit Texten umzugehen, sondern auch mit <strong>weiteren Medien<\/strong>, finden sich die Bereiche der <strong>Lesef\u00f6rderung<\/strong> sowie der <strong>Medienerziehung<\/strong> eng miteinander verkn\u00fcpft.<br \/>\nDurch die zunehmende Ausweitung des Textbegriffs auch auf andere mediale Formen, z. B. als H\u00f6rtexte, audiovisuelle oder digital aufbereitete Texte, Film etc., erf\u00e4hrt auch die Medienlandschaft  und deren Reichweite eine bedeutsame Ver\u00e4nderung.<\/p>\n<p>Das Thema der Medienerziehung nimmt gerade in der <strong>digitalisierten Gesellschaft<\/strong> eine wichtige Rolle ein:  Der Begriff umfasst dabei insbesondere die Bereiche der <strong>Medienbildung<\/strong> bzw. <strong>digitalen Bildung<\/strong>, die im LehrplanPlus des Faches Deutsch explizit ausgewiesen sind.<br \/>\nEs geht dabei u.a. um folgende Themen, die teils zwischen den verschiedenen Medien als wichtige <strong>Kommunikations-, Informations- oder Unterhaltungsfunktion<\/strong> unterscheiden: <\/p>\n<ul>\n<li>Kenntnis der journalistischen Schreibformen (Nachricht\/Bericht, Reportage, Kommentar, Glosse, Blog in Online- und Printmedien)<\/li>\n<li>Einblick in den funktionalen Zusammenhang Textinhalt \u2013 Aufmachung \u2013 sprachliche Gestaltung \u2013 Leserbezug \u2013 Autorintention<\/li>\n<li>Erfassung grundlegender Textfunktionen (z. B. Information, Appell, Unterhaltung, \u00e4sthetische Funktion) anhand der Kenntnis eines Kommunikationsmodells<\/li>\n<\/ul>\n<ul>\n<li>Filme als Bestandteil des literarischen Lernens: Verzahnung von Film-Sehen und Literatur-Lesen (Entsprechung von Texterschlie\u00dfung und Filmanalyse)<\/li>\n<li>Unterscheidung von &#8218;plot&#8216; (Filmhandlung) und Gestaltung, visuelle Gestaltungsmittel f\u00fcr die Interpretation einzelner Szenen nutzbar machen<\/li>\n<\/ul>\n<ul>\n<li>Kenntnis der Art der Informationsvermittlung sozialer Medien bzw. Verl\u00e4sslichkeit des Ver\u00f6ffentlichungsmediums und des Urhebers (Stichwort: Fake News)<\/li>\n<li>kritischer Umgang  mit Informationsquellen <\/li>\n<\/ul>\n<ul>\n<li>Selbstst\u00e4ndige Internetrecherche (etwa bei der Informationsbeschaffung f\u00fcr Seminararbeiten bzw. Referate etc.)<\/li>\n<li>Sicherer Einsatz von Pr\u00e4sentationsmedien<\/li>\n<\/ul>\n<ul>\n<li>kritische Reflexion der eigenen Nutzung sozialer Netzwerke <\/li>\n<\/ul>\n<p>Aus den exemplarisch aufgelisteten Themen wird ersichtlich, dass hierbei nicht nur der Lehrplanbereich <em>Lesen \u2013 mit Texten und weiteren Medien umgehen<\/em> abgedeckt ist; es ergeben sich  im Laufe eines zunehmenden Digitalisierungsprozesses auch neue Herangehensweisen an die Entwicklung von Schreibprozessen: Das digitale Zeitalter erm\u00f6glicht es, \u2013 weitaus intensiver und st\u00e4rker als bisher \u2013 <strong>den Lernbereich <em>Schreiben<\/em> kooperativ bzw. kollaborativ zu gestalten<\/strong>; so k\u00f6nnen Teilprozesse bei der Entwicklung einer Schreibform durch mediale Tools wesentlich differenzierter aufgebaut und gestaltet werden \u2013 die klassische &#8218;Schreibkonferenz&#8216; gelingt m\u00fchelos, wenn zeitgleich von verschiedenen digitalen Ger\u00e4ten auf ein und dasselbe zu bearbeitende Dokument zugegriffen werden kann! <\/p>\n<p>F\u00fcr die Oberstufensch\u00fcler\/innen bieten wir \u00fcber die Lernplattform <em>mebis<\/em> <strong>digitale \u00dcbungsmaterialien<\/strong> zum Thema Sprachrichtigkeit  bzw. Textverst\u00e4ndnis an, wodurch ein individuelles Lernen inkl. R\u00fcckmeldung \u00fcber den eigenen Leistungsstand problemlos m\u00f6glich wird \u2013 gerne auch von zuhause am eigenen Computer oder aber unterwegs vom Smartphone aus!<br \/>\n(<a href=\"https:\/\/www.rwg-bayreuth.de\/home\/?page_id=23809\">f\u00fcr weitere Informationen s. &#8218;Fit in Deutsch!&#8216;<\/a>).<br \/>\nWeitere digitale Anwendungen und \u00dcbungsprogramme sind derzeit im Entstehen und werden unsere Sch\u00fcler\/innen in Zukunft beim Lernen unterst\u00fctzen.<\/p>\n<p>Schlie\u00dflich geht es im Zuge der Medienerziehung  auch um die <strong>sichere Beherrschung von <em>Methoden und Arbeitstechniken<\/em><\/strong>, f\u00fcr die das Fach Deutsch als Leitfach eine besondere Verantwortung \u00fcbernimmt. <\/p>\n<p>Im Rahmen der p\u00e4dagogischen Konzepte der Schule sind am RWG zum Thema Medienerziehung  zudem seit einigen Jahren <strong>Medienscouts<\/strong> t\u00e4tig. Die Medienscouts sind eine Arbeitsgruppe von Sch\u00fclerinnen und Sch\u00fclern der Jgst. 9+10, die sich besonders mit <strong>Fragen des Internets und der Sozialen Medien<\/strong> besch\u00e4ftigen; sie helfen bei Problemen innerhalb von Klassenchats oder aber bei Fragen zum verantwortungsbewussten Umgang in sozialen Netzwerken. [<a href=\"https:\/\/www.rwg-bayreuth.de\/home\/?page_id=23903\">mehr zu den Medienscouts am RWG<\/a>]\n","protected":false},"excerpt":{"rendered":"<p>Da Lesen nicht nur bedeutet, mit Texten umzugehen, sondern auch mit weiteren Medien, finden sich die Bereiche der Lesef\u00f6rderung sowie der Medienerziehung eng miteinander verkn\u00fcpft. Durch die zunehmende Ausweitung des Textbegriffs auch auf andere mediale Formen, z. B. als H\u00f6rtexte, audiovisuelle oder digital aufbereitete Texte, Film etc., erf\u00e4hrt auch die Medienlandschaft und deren Reichweite eine&hellip;<\/p>\n","protected":false},"author":11,"featured_media":0,"parent":1360,"menu_order":7,"comment_status":"closed","ping_status":"closed","template":"page-templates\/no-sidebar.php","meta":{"footnotes":""},"tags":[],"_links":{"self":[{"href":"https:\/\/www.rwg-bayreuth.de\/home\/index.php?rest_route=\/wp\/v2\/pages\/23806"}],"collection":[{"href":"https:\/\/www.rwg-bayreuth.de\/home\/index.php?rest_route=\/wp\/v2\/pages"}],"about":[{"href":"https:\/\/www.rwg-bayreuth.de\/home\/index.php?rest_route=\/wp\/v2\/types\/page"}],"author":[{"embeddable":true,"href":"https:\/\/www.rwg-bayreuth.de\/home\/index.php?rest_route=\/wp\/v2\/users\/11"}],"replies":[{"embeddable":true,"href":"https:\/\/www.rwg-bayreuth.de\/home\/index.php?rest_route=%2Fwp%2Fv2%2Fcomments&post=23806"}],"version-history":[{"count":8,"href":"https:\/\/www.rwg-bayreuth.de\/home\/index.php?rest_route=\/wp\/v2\/pages\/23806\/revisions"}],"predecessor-version":[{"id":23912,"href":"https:\/\/www.rwg-bayreuth.de\/home\/index.php?rest_route=\/wp\/v2\/pages\/23806\/revisions\/23912"}],"up":[{"embeddable":true,"href":"https:\/\/www.rwg-bayreuth.de\/home\/index.php?rest_route=\/wp\/v2\/pages\/1360"}],"wp:attachment":[{"href":"https:\/\/www.rwg-bayreuth.de\/home\/index.php?rest_route=%2Fwp%2Fv2%2Fmedia&parent=23806"}],"wp:term":[{"taxonomy":"post_tag","embeddable":true,"href":"https:\/\/www.rwg-bayreuth.de\/home\/index.php?rest_route=%2Fwp%2Fv2%2Ftags&post=23806"}],"curies":[{"name":"wp","href":"https:\/\/api.w.org\/{rel}","templated":true}]}}