{"id":23772,"date":"2020-02-02T19:24:20","date_gmt":"2020-02-02T18:24:20","guid":{"rendered":"http:\/\/www.rwg-bayreuth.de\/home\/?page_id=23772"},"modified":"2020-07-10T14:51:00","modified_gmt":"2020-07-10T12:51:00","slug":"roemerfahrt-antike-geschichte-wird-lebendig","status":"publish","type":"page","link":"https:\/\/www.rwg-bayreuth.de\/home\/?page_id=23772","title":{"rendered":"R\u00f6merfahrt &#8211; antike Geschichte wird lebendig"},"content":{"rendered":"<div id=\"attachment_1923\" style=\"width: 310px\" class=\"wp-caption alignleft\"><img loading=\"lazy\" decoding=\"async\" aria-describedby=\"caption-attachment-1923\" src=\"https:\/\/www.rwg-bayreuth.de\/home\/wp-content\/uploads\/2013\/05\/Kipfenberg_web.jpg\" alt=\"\" width=\"300\" height=\"225\" class=\"size-full wp-image-1923\" srcset=\"https:\/\/www.rwg-bayreuth.de\/home\/wp-content\/uploads\/2013\/05\/Kipfenberg_web.jpg 300w, https:\/\/www.rwg-bayreuth.de\/home\/wp-content\/uploads\/2013\/05\/Kipfenberg_web-150x113.jpg 150w, https:\/\/www.rwg-bayreuth.de\/home\/wp-content\/uploads\/2013\/05\/Kipfenberg_web-250x188.jpg 250w\" sizes=\"(max-width: 300px) 100vw, 300px\" \/><p id=\"caption-attachment-1923\" class=\"wp-caption-text\">Exkursionen helfen, einen Einblick in die r\u00f6mische Kultur zu gewinnen.<\/p><\/div>\n<p>Oft ist es den Sch\u00fclern nicht bewusst, dass das r\u00f6mische Imperium lange fast vor unserer Haust\u00fcr begann: In Wei\u00dfenburg, nur wenige Kilometer s\u00fcdlich von N\u00fcrnberg, verlief der Limes, der die Welt der r\u00f6mischen Kultur von der der Germanen trennte. Es ist deshalb nicht schwer, in unserer Umgebung die Spuren der R\u00f6mer zu erforschen. Daf\u00fcr gibt es in der 6.&nbsp;Jahrgangsstufe ein f\u00e4cher\u00fcbergreifendes Projekt: \u201eDie R\u00f6mer in Bayern\u201c.<\/p>\n<p>Es wird in Zusammenarbeit der Fachschaften Geschichte und Latein durchgef\u00fchrt. Ziel der Exkursion ist das Altm\u00fchltal. Es geht nach Kipfenberg ins R\u00f6mer- und Bajuwaren Museum sowie nach  Pf\u00fcnz; das Kastell Pf\u00fcnz (lat. Castra Vetonia) ist Bestandteil des 2005 zum UNESCO-Kulturerbe erhobenen R\u00e4tischen Limes. Hier erlebt man nicht nur kulturelle Sehensw\u00fcrdigkeiten vor Ort, sondern das Wissen um die Antike wird au\u00dferdem auch anschaulich vermittelt, zum Beispiel wenn es um religi\u00f6se Br\u00e4uche im r\u00f6mischen Reich geht oder aber die Ausr\u00fcstung eines r\u00f6mischen Legion\u00e4rs.<\/p>\n<h3>Berichte der vergangenen R\u00f6mer-Fahrten<\/h3>\n<div style=\"max-width: 1000px\">\n<div class=\"rwg_post_list\"><article id=\"post-37026\"class=\"cf post-37026 post type-post status-publish format-standard has-post-thumbnail hentry category-allgemein tag-home tag-latein tag-roemerfahrt\">\n \t\t<div class=\"entry-thumbnail fadein\"> \t\t\t<a href=\"https:\/\/www.rwg-bayreuth.de\/home\/?p=37026\"><img loading=\"lazy\" decoding=\"async\" width=\"1024\" height=\"683\" src=\"https:\/\/www.rwg-bayreuth.de\/home\/wp-content\/uploads\/2024\/11\/23-24-ThementageRoemer-B.jpg\" class=\"attachment-post-thumbnail size-post-thumbnail wp-post-image\" alt=\"\" srcset=\"https:\/\/www.rwg-bayreuth.de\/home\/wp-content\/uploads\/2024\/11\/23-24-ThementageRoemer-B.jpg 1024w, https:\/\/www.rwg-bayreuth.de\/home\/wp-content\/uploads\/2024\/11\/23-24-ThementageRoemer-B-150x100.jpg 150w, https:\/\/www.rwg-bayreuth.de\/home\/wp-content\/uploads\/2024\/11\/23-24-ThementageRoemer-B-450x300.jpg 450w, https:\/\/www.rwg-bayreuth.de\/home\/wp-content\/uploads\/2024\/11\/23-24-ThementageRoemer-B-768x512.jpg 768w, https:\/\/www.rwg-bayreuth.de\/home\/wp-content\/uploads\/2024\/11\/23-24-ThementageRoemer-B-250x167.jpg 250w, https:\/\/www.rwg-bayreuth.de\/home\/wp-content\/uploads\/2024\/11\/23-24-ThementageRoemer-B-900x600.jpg 900w\" sizes=\"(max-width: 1024px) 100vw, 1024px\" \/><\/a> \t\t<\/div><!-- end .entry-thumbnail -->\n<div class=\"meta-main-wrap\">\n  <div class=\"\">\n    <header class=\"entry-header\">\n      <div class=\"entry-cats\">\n        <div class=\"kategorie\"><a href=\"https:\/\/www.rwg-bayreuth.de\/home\/?cat=1\" rel=\"category\">Schulleben<\/a><\/div>\n<div class=\"entry-edit\" >      <div class=\"entry-date\" >\n        <a href=\"https:\/\/www.rwg-bayreuth.de\/home\/?p=37026\">24. Juli 2024<\/a>\n      <\/div><\/div><!-- end .entry-date -->\n      <\/div><!-- end .entry-cats -->\n<h2 class=\"entry-title\"><a href=\"https:\/\/www.rwg-bayreuth.de\/home\/?p=37026\" rel=\"bookmark\">Auf den Spuren der R\u00f6mer im Altm\u00fchltal<\/a><\/h2>\n    <\/header><!-- end .entry-header -->\n    <div class=\"entry-summary\">\nBereits in der 3. Auflage fanden auch am Ende des diesj\u00e4hrigen Schuljahres Thementage f\u00fcr unsere Sechstkl\u00e4ssler\/-innen statt: Jeweils drei vollst\u00e4ndige Schultage waren dabei dem f\u00e4cher\u00fcbergreifenden Projekt gewidmet, das sich mit den Spuren der R\u00f6mer in Bayern befasste \u2013 ein Thema, das also sowohl Teil des Lehrplanes im Fach Geschichte als auch Latein ist: Immerhin erstreckte&hellip;\n  <\/div><!-- .entry-summary -->\n  <\/div><!-- .entry-main -->\n<\/div><!-- .meta-main-wrap -->\n<\/article><!-- end post -37026 -->\n<\/div><!-- end .rwg_post_list -->\n<\/div>\n","protected":false},"excerpt":{"rendered":"<p>Oft ist es den Sch\u00fclern nicht bewusst, dass das r\u00f6mische Imperium lange fast vor unserer Haust\u00fcr begann: In Wei\u00dfenburg, nur wenige Kilometer s\u00fcdlich von N\u00fcrnberg, verlief der Limes, der die Welt der r\u00f6mischen Kultur von der der Germanen trennte. Es ist deshalb nicht schwer, in unserer Umgebung die Spuren der R\u00f6mer zu erforschen. Daf\u00fcr gibt&hellip;<\/p>\n","protected":false},"author":11,"featured_media":0,"parent":125,"menu_order":0,"comment_status":"closed","ping_status":"closed","template":"page-templates\/no-sidebar.php","meta":{"footnotes":""},"tags":[54],"_links":{"self":[{"href":"https:\/\/www.rwg-bayreuth.de\/home\/index.php?rest_route=\/wp\/v2\/pages\/23772"}],"collection":[{"href":"https:\/\/www.rwg-bayreuth.de\/home\/index.php?rest_route=\/wp\/v2\/pages"}],"about":[{"href":"https:\/\/www.rwg-bayreuth.de\/home\/index.php?rest_route=\/wp\/v2\/types\/page"}],"author":[{"embeddable":true,"href":"https:\/\/www.rwg-bayreuth.de\/home\/index.php?rest_route=\/wp\/v2\/users\/11"}],"replies":[{"embeddable":true,"href":"https:\/\/www.rwg-bayreuth.de\/home\/index.php?rest_route=%2Fwp%2Fv2%2Fcomments&post=23772"}],"version-history":[{"count":10,"href":"https:\/\/www.rwg-bayreuth.de\/home\/index.php?rest_route=\/wp\/v2\/pages\/23772\/revisions"}],"predecessor-version":[{"id":24221,"href":"https:\/\/www.rwg-bayreuth.de\/home\/index.php?rest_route=\/wp\/v2\/pages\/23772\/revisions\/24221"}],"up":[{"embeddable":true,"href":"https:\/\/www.rwg-bayreuth.de\/home\/index.php?rest_route=\/wp\/v2\/pages\/125"}],"wp:attachment":[{"href":"https:\/\/www.rwg-bayreuth.de\/home\/index.php?rest_route=%2Fwp%2Fv2%2Fmedia&parent=23772"}],"wp:term":[{"taxonomy":"post_tag","embeddable":true,"href":"https:\/\/www.rwg-bayreuth.de\/home\/index.php?rest_route=%2Fwp%2Fv2%2Ftags&post=23772"}],"curies":[{"name":"wp","href":"https:\/\/api.w.org\/{rel}","templated":true}]}}