{"id":21958,"date":"2019-05-22T18:57:08","date_gmt":"2019-05-22T16:57:08","guid":{"rendered":"http:\/\/www.rwg-bayreuth.de\/home\/?page_id=21958"},"modified":"2024-03-20T13:53:48","modified_gmt":"2024-03-20T12:53:48","slug":"profilfach-forschen-und-entdecken","status":"publish","type":"page","link":"https:\/\/www.rwg-bayreuth.de\/home\/?page_id=21958","title":{"rendered":"Profilfach &#8222;Forschen und Entdecken&#8220;"},"content":{"rendered":"<p><a href=\"https:\/\/www.rwg-bayreuth.de\/home\/wp-content\/uploads\/2019\/05\/18-19-IMG_7438.jpg\"><img loading=\"lazy\" decoding=\"async\" src=\"https:\/\/www.rwg-bayreuth.de\/home\/wp-content\/uploads\/2019\/05\/18-19-IMG_7438-338x450.jpg\" alt=\"\" width=\"338\" height=\"450\" class=\"alignright size-medium wp-image-21961\" srcset=\"https:\/\/www.rwg-bayreuth.de\/home\/wp-content\/uploads\/2019\/05\/18-19-IMG_7438-338x450.jpg 338w, https:\/\/www.rwg-bayreuth.de\/home\/wp-content\/uploads\/2019\/05\/18-19-IMG_7438.jpg 768w, https:\/\/www.rwg-bayreuth.de\/home\/wp-content\/uploads\/2019\/05\/18-19-IMG_7438-250x333.jpg 250w\" sizes=\"(max-width: 338px) 100vw, 338px\" \/><\/a>Seit dem Schuljahr 2018\/19 werden am RWG f\u00fcr die Sch\u00fclerinnen und Sch\u00fcler der 5. Klassen sog. Profile als Wahlpflichtf\u00e4cher am Vormittag angeboten. Unter dem Motto: \u201eEntdecke dein Potenzial\u201c k\u00f6nnen die Kinder klassen\u00fcbergreifend eines von unseren <a href=\"https:\/\/www.rwg-bayreuth.de\/home\/?page_id=29773\">f\u00fcnf Profilf\u00e4chern<\/a> w\u00e4hlen.<\/p>\n<p>Bereits vor dem \u00dcbertritt ans Gymnasium k\u00f6nnen Grundsch\u00fcler am \u201eRWG-Grundschulaktionstag\u201c und am \u201eTag der offenen T\u00fcr\u201c Workshops der verschiedenen Profile besuchen und sich \u00fcber die Angebote informieren. Mit der Anmeldung am Gymnasium geben sie dann auch ihren Profilfachwunsch an. <\/p>\n<p><a href=\"https:\/\/www.rwg-bayreuth.de\/home\/wp-content\/uploads\/2019\/05\/18-19-IMG_7386.jpg\"><img loading=\"lazy\" decoding=\"async\" src=\"https:\/\/www.rwg-bayreuth.de\/home\/wp-content\/uploads\/2019\/05\/18-19-IMG_7386-450x338.jpg\" alt=\"\" width=\"450\" height=\"338\" class=\"alignleft size-medium wp-image-21959\" srcset=\"https:\/\/www.rwg-bayreuth.de\/home\/wp-content\/uploads\/2019\/05\/18-19-IMG_7386-450x338.jpg 450w, https:\/\/www.rwg-bayreuth.de\/home\/wp-content\/uploads\/2019\/05\/18-19-IMG_7386-768x576.jpg 768w, https:\/\/www.rwg-bayreuth.de\/home\/wp-content\/uploads\/2019\/05\/18-19-IMG_7386.jpg 1024w, https:\/\/www.rwg-bayreuth.de\/home\/wp-content\/uploads\/2019\/05\/18-19-IMG_7386-250x188.jpg 250w\" sizes=\"(max-width: 450px) 100vw, 450px\" \/><\/a>In diesem Schuljahr belegen 20 F\u00fcnftkl\u00e4ssler das Profil \u201eForschen und Entdecken&#8220;, welches von der Biologie- und Chemielehrerin Frau Schwind und dem Mathematik- und Physiklehrer Herrn B\u00f6hner betreut wird.<a href=\"https:\/\/www.rwg-bayreuth.de\/home\/wp-content\/uploads\/2019\/05\/18-19-IMG_7424.jpg\"><img loading=\"lazy\" decoding=\"async\" src=\"https:\/\/www.rwg-bayreuth.de\/home\/wp-content\/uploads\/2019\/05\/18-19-IMG_7424-450x338.jpg\" alt=\"\" width=\"450\" height=\"338\" class=\"alignright size-medium wp-image-21960\" srcset=\"https:\/\/www.rwg-bayreuth.de\/home\/wp-content\/uploads\/2019\/05\/18-19-IMG_7424-450x338.jpg 450w, https:\/\/www.rwg-bayreuth.de\/home\/wp-content\/uploads\/2019\/05\/18-19-IMG_7424-768x576.jpg 768w, https:\/\/www.rwg-bayreuth.de\/home\/wp-content\/uploads\/2019\/05\/18-19-IMG_7424.jpg 1024w, https:\/\/www.rwg-bayreuth.de\/home\/wp-content\/uploads\/2019\/05\/18-19-IMG_7424-250x188.jpg 250w\" sizes=\"(max-width: 450px) 100vw, 450px\" \/><\/a><br \/>\nGleich am 3. Schultag unternahmen die Sch\u00fclerinnen und Sch\u00fcler mit ihren Lehrern eine Exkursion zum MINT-Festival der Universit\u00e4t Jena. An \u00fcber 50 verschiedenen Stationen aus Naturwissenschaften, Medizin, Pharmazie, \u00d6kotrophologie, Geographie und Mathematik konnten sie experimentieren, mikroskopieren, raten, eine Chemieshow besuchen und einen Einblick in das interessante Feld der MINT-F\u00e4cher erhalten. <\/p>\n<p><a href=\"https:\/\/www.rwg-bayreuth.de\/home\/wp-content\/uploads\/2019\/05\/18-19-IMG_7551.jpg\"><img loading=\"lazy\" decoding=\"async\" src=\"https:\/\/www.rwg-bayreuth.de\/home\/wp-content\/uploads\/2019\/05\/18-19-IMG_7551-450x338.jpg\" alt=\"\" width=\"450\" height=\"338\" class=\"alignleft size-medium wp-image-21962\" srcset=\"https:\/\/www.rwg-bayreuth.de\/home\/wp-content\/uploads\/2019\/05\/18-19-IMG_7551-450x338.jpg 450w, https:\/\/www.rwg-bayreuth.de\/home\/wp-content\/uploads\/2019\/05\/18-19-IMG_7551-768x576.jpg 768w, https:\/\/www.rwg-bayreuth.de\/home\/wp-content\/uploads\/2019\/05\/18-19-IMG_7551.jpg 1024w, https:\/\/www.rwg-bayreuth.de\/home\/wp-content\/uploads\/2019\/05\/18-19-IMG_7551-250x188.jpg 250w\" sizes=\"(max-width: 450px) 100vw, 450px\" \/><\/a>In den ersten Schulstunden des Profilfachs trafen sich alle 20 Sch\u00fclerinnen und Sch\u00fcler im Chemiesaal. In 5 Gruppen eingeteilt erhielten sie den Auftrag, einen m\u00f6glichst hohen, aber auch stabilen Turm aus vorgegebenem Material zu bauen. <\/p>\n<p>In den folgenden Schulwochen wurden die Sch\u00fclerinnen und Sch\u00fcler in 2 Gruppen eingeteilt, die zum Schulhalbjahr wechselten. W\u00e4hrend sich die Gruppe&nbsp;1 vermehrt mit physikalischen und mathematischen Ph\u00e4nomenen besch\u00e4ftigte, forschte Gruppe&nbsp;2 im chemischen und biologischen Bereich.<br \/>\nHier wurde zun\u00e4chst ein Laborf\u00fchrerschein gemacht. Die Sch\u00fclerinnen und Sch\u00fcler lernten, ausgestattet mit Schutzbrillen und Laborm\u00e4nteln, das Arbeiten mit dem Gasbrenner, den Umgang mit der Laborwaage, das Abmessen gro\u00dfer und kleiner Fl\u00fcssigkeitsmengen, das Durchf\u00fchren einer Messreihe, das F\u00fchren eines Protokolls und das Auswerten eines Versuchs.<br \/>\nUm ihre Kenntnisse praktisch anzuwenden nahmen alle gemeinsam mit Erfolg beim Landeswettbewerb \u201eExperimente antworten\u201c teil.<br \/>\nKurz vor Weihnachten wurden Seifen und Badekugeln als kleine Geschenke hergestellt und Lutscher aus Isomalt gekocht.<br \/>\n<a href=\"https:\/\/www.rwg-bayreuth.de\/home\/wp-content\/uploads\/2019\/05\/18-19-IMG_7857.jpg\"><img loading=\"lazy\" decoding=\"async\" src=\"https:\/\/www.rwg-bayreuth.de\/home\/wp-content\/uploads\/2019\/05\/18-19-IMG_7857-450x338.jpg\" alt=\"\" width=\"450\" height=\"338\" class=\"alignright size-medium wp-image-21963\" srcset=\"https:\/\/www.rwg-bayreuth.de\/home\/wp-content\/uploads\/2019\/05\/18-19-IMG_7857-450x338.jpg 450w, https:\/\/www.rwg-bayreuth.de\/home\/wp-content\/uploads\/2019\/05\/18-19-IMG_7857-768x576.jpg 768w, https:\/\/www.rwg-bayreuth.de\/home\/wp-content\/uploads\/2019\/05\/18-19-IMG_7857.jpg 1024w, https:\/\/www.rwg-bayreuth.de\/home\/wp-content\/uploads\/2019\/05\/18-19-IMG_7857-250x188.jpg 250w\" sizes=\"(max-width: 450px) 100vw, 450px\" \/><\/a>Gegen Ende des Halbjahres wurde schlie\u00dflich noch verschiedene Versuche mit Backpulver durchgef\u00fchrt und Slime produziert, wobei nun der Schwerpunkt darauf lag, selbstst\u00e4ndig die Ger\u00e4te aufzubauen, die Materialien bereitzustellen, nach Versuchsanleitung das Experiment durchzuf\u00fchren und zu protokollieren und schlie\u00dflich auch den Arbeitsplatz wieder aufzur\u00e4umen.<\/p>\n<p>Die physikalische und mathematische Gruppe kl\u00e4rte, was das Haus vom Nikolaus mit der M\u00fcllabfuhr zu tun hat. Daf\u00fcr optimierten sie die Fahrtwege der M\u00fcllabfuhr in einem Bayreuther Stadtteil.<br \/>\nProjekt Marssonde und Raketenbau gaben erste Einblicke in die Arbeits- und Forscherwelt der NASA. Dabei stand immer die Verbesserung und Weiterentwicklung der eigenen Ideen im Vordergrund.<br \/>\n<a href=\"https:\/\/www.rwg-bayreuth.de\/home\/wp-content\/uploads\/2019\/05\/18-19-20190411_101818.jpg\"><img loading=\"lazy\" decoding=\"async\" src=\"https:\/\/www.rwg-bayreuth.de\/home\/wp-content\/uploads\/2019\/05\/18-19-20190411_101818-450x300.jpg\" alt=\"\" width=\"450\" height=\"300\" class=\"alignleft size-medium wp-image-21964\" srcset=\"https:\/\/www.rwg-bayreuth.de\/home\/wp-content\/uploads\/2019\/05\/18-19-20190411_101818-450x300.jpg 450w, https:\/\/www.rwg-bayreuth.de\/home\/wp-content\/uploads\/2019\/05\/18-19-20190411_101818-768x512.jpg 768w, https:\/\/www.rwg-bayreuth.de\/home\/wp-content\/uploads\/2019\/05\/18-19-20190411_101818-250x167.jpg 250w, https:\/\/www.rwg-bayreuth.de\/home\/wp-content\/uploads\/2019\/05\/18-19-20190411_101818.jpg 863w\" sizes=\"(max-width: 450px) 100vw, 450px\" \/><\/a>Br\u00fcckenbau und wie stabil Papier sein kann, war ein weiterer Themenkomplex bevor die Gruppe sich an das gr\u00f6\u00dfere Projekt \u201eBau einer Murmelbahn aus Haushaltsmaterialien\u201c heranwagte. Da hier der Kreativit\u00e4t v\u00f6llig freien Lauf gelassen werden konnte, war es faszinierend zu sehen auf welche Wege mit Hilfe der Gewichtskraft die Kugeln ihr Ziel erreichen.<br \/>\nZum Abschluss gab es noch die M\u00f6glichkeit Mathematik durch Anfassen anders zu erfahren und dabei zu erkennen, dass Mathematik \u00fcberall im Alltag vorkommt. <\/p>\n","protected":false},"excerpt":{"rendered":"<p>Seit dem Schuljahr 2018\/19 werden am RWG f\u00fcr die Sch\u00fclerinnen und Sch\u00fcler der 5. Klassen sog. Profile als Wahlpflichtf\u00e4cher am Vormittag angeboten. Unter dem Motto: \u201eEntdecke dein Potenzial\u201c k\u00f6nnen die Kinder klassen\u00fcbergreifend eines von unseren f\u00fcnf Profilf\u00e4chern w\u00e4hlen. Bereits vor dem \u00dcbertritt ans Gymnasium k\u00f6nnen Grundsch\u00fcler am \u201eRWG-Grundschulaktionstag\u201c und am \u201eTag der offenen T\u00fcr\u201c Workshops&hellip;<\/p>\n","protected":false},"author":11,"featured_media":0,"parent":6669,"menu_order":0,"comment_status":"closed","ping_status":"closed","template":"page-templates\/no-sidebar.php","meta":{"footnotes":""},"tags":[54],"_links":{"self":[{"href":"https:\/\/www.rwg-bayreuth.de\/home\/index.php?rest_route=\/wp\/v2\/pages\/21958"}],"collection":[{"href":"https:\/\/www.rwg-bayreuth.de\/home\/index.php?rest_route=\/wp\/v2\/pages"}],"about":[{"href":"https:\/\/www.rwg-bayreuth.de\/home\/index.php?rest_route=\/wp\/v2\/types\/page"}],"author":[{"embeddable":true,"href":"https:\/\/www.rwg-bayreuth.de\/home\/index.php?rest_route=\/wp\/v2\/users\/11"}],"replies":[{"embeddable":true,"href":"https:\/\/www.rwg-bayreuth.de\/home\/index.php?rest_route=%2Fwp%2Fv2%2Fcomments&post=21958"}],"version-history":[{"count":5,"href":"https:\/\/www.rwg-bayreuth.de\/home\/index.php?rest_route=\/wp\/v2\/pages\/21958\/revisions"}],"predecessor-version":[{"id":36163,"href":"https:\/\/www.rwg-bayreuth.de\/home\/index.php?rest_route=\/wp\/v2\/pages\/21958\/revisions\/36163"}],"up":[{"embeddable":true,"href":"https:\/\/www.rwg-bayreuth.de\/home\/index.php?rest_route=\/wp\/v2\/pages\/6669"}],"wp:attachment":[{"href":"https:\/\/www.rwg-bayreuth.de\/home\/index.php?rest_route=%2Fwp%2Fv2%2Fmedia&parent=21958"}],"wp:term":[{"taxonomy":"post_tag","embeddable":true,"href":"https:\/\/www.rwg-bayreuth.de\/home\/index.php?rest_route=%2Fwp%2Fv2%2Ftags&post=21958"}],"curies":[{"name":"wp","href":"https:\/\/api.w.org\/{rel}","templated":true}]}}