{"id":216,"date":"2012-01-24T15:54:41","date_gmt":"2012-01-24T14:54:41","guid":{"rendered":"http:\/\/www.rwg-bayreuth.de\/home\/?p=216"},"modified":"2022-06-02T08:39:19","modified_gmt":"2022-06-02T06:39:19","slug":"lektureliste-7-klassen","status":"publish","type":"page","link":"https:\/\/www.rwg-bayreuth.de\/home\/?page_id=216","title":{"rendered":"Lekt\u00fcreliste 7. Klassen"},"content":{"rendered":"<h6>Deutsch:<\/h6>\n<p>    Lechner, Auguste: Parzival<br \/>\n    Stevenson, Robert Louis: Die Schatzinsel<br \/>\n    Timm, Uwe: Der Schatz auf Pagensand<br \/>\n    Schr\u00f6der, Rainer M.: Das Geheimnis des Kartenmachers<br \/>\n    Sachar, Louis: Der Fluch des David Bollinger<br \/>\n    Allende, Isabel: Die Stadt der wilden G\u00f6tter<br \/>\n    F\u00e4hrmann, Willi: Das Jahr der W\u00f6lfe \/: Es geschah im Nachbarhaus \/: Unter der Asche die Glut<br \/>\n    London, Jack: Wolfsblut<br \/>\n    Ibbotson, Eva: Annika und der Stern von Kazar<br \/>\n    Parigger: Harald, Der schwarze M\u00f6nch \/ Die Hexe von Zeil<br \/>\n    Heneghan, James: Declan Doyle \u2013 abgeschoben<br \/>\n    Dickens, Charles: Oliver Twist<br \/>\n    Pausewang, Gudrun: Die Not der Familie Caldera<\/p>\n<h6>Geschichte:<\/h6>\n<p>    Macaulay: Sie bauten eine Kathedrale<br \/>\n    Sachar, Louis: L\u00f6cher<br \/>\n    Was ist was? Bd. 61 Die Pyramiden<br \/>\n    Was ist was? Bd. 70 Das alte \u00c4gypten<br \/>\n    Was ist was? Bd. 64 Die alten Griechen<br \/>\n    Was ist was? Bd. 55 Das alte Rom<br \/>\n    Was ist was? Bd. 60 Die Kreuzz\u00fcge<br \/>\n    Was ist was? Bd. 88 Ritter<br \/>\n    Was ist was? Bd. 107 Burgen<\/p>\n<h6>Physik:<\/h6>\n<p>    Der Kinder-Brockhaus: Experimente<br \/>\n    Stannard, Russell: Der Besuch aus Anderswo. Wer rettet die Welt in 1001 Nacht?<br \/>\n    Was ist was? Bd. 3 Energie<br \/>\n    Was ist was? Bd. 17 Licht und Farbe<br \/>\n    Was ist was? Bd. 24 Elektrizit\u00e4t<br \/>\n    Was ist was? Bd. 39 Magnetismus<br \/>\n    Was ist was? Bd. 46 Mechanik<br \/>\n    Was ist was? Bd. 47 Elektronik<br \/>\n    Was ist was? Bd. 79 moderne Physik<\/p>\n<h6>Geografie:<\/h6>\n<p>    Flannery, Tim: Wir Klimakiller \/ : Wir Wettermacher<br \/>\n    Staud T. \/ Reimer N.: Wir Klimaretter<br \/>\n    Columbus, Christoph: Leben und Fahrten des Entdeckers der Neuen Welt<br \/>\n    Brennecke, Detlef: Marco Polo<br \/>\n    Bangs, R. \/ Scaturro, P.: Der Nil \u2013 durch die blaue H\u00f6lle<br \/>\n    Mankell, Henning: Die Reise ans Ende der Welt<\/p>\n","protected":false},"excerpt":{"rendered":"<p>Deutsch: Lechner, Auguste: Parzival Stevenson, Robert Louis: Die Schatzinsel Timm, Uwe: Der Schatz auf Pagensand Schr\u00f6der, Rainer M.: Das Geheimnis des Kartenmachers Sachar, Louis: Der Fluch des David Bollinger Allende, Isabel: Die Stadt der wilden G\u00f6tter F\u00e4hrmann, Willi: Das Jahr der W\u00f6lfe \/: Es geschah im Nachbarhaus \/: Unter der Asche die Glut London, Jack:&hellip;<\/p>\n","protected":false},"author":1,"featured_media":0,"parent":89,"menu_order":70,"comment_status":"closed","ping_status":"closed","template":"page-templates\/no-sidebar.php","meta":{"footnotes":""},"tags":[],"_links":{"self":[{"href":"https:\/\/www.rwg-bayreuth.de\/home\/index.php?rest_route=\/wp\/v2\/pages\/216"}],"collection":[{"href":"https:\/\/www.rwg-bayreuth.de\/home\/index.php?rest_route=\/wp\/v2\/pages"}],"about":[{"href":"https:\/\/www.rwg-bayreuth.de\/home\/index.php?rest_route=\/wp\/v2\/types\/page"}],"author":[{"embeddable":true,"href":"https:\/\/www.rwg-bayreuth.de\/home\/index.php?rest_route=\/wp\/v2\/users\/1"}],"replies":[{"embeddable":true,"href":"https:\/\/www.rwg-bayreuth.de\/home\/index.php?rest_route=%2Fwp%2Fv2%2Fcomments&post=216"}],"version-history":[{"count":3,"href":"https:\/\/www.rwg-bayreuth.de\/home\/index.php?rest_route=\/wp\/v2\/pages\/216\/revisions"}],"predecessor-version":[{"id":31365,"href":"https:\/\/www.rwg-bayreuth.de\/home\/index.php?rest_route=\/wp\/v2\/pages\/216\/revisions\/31365"}],"up":[{"embeddable":true,"href":"https:\/\/www.rwg-bayreuth.de\/home\/index.php?rest_route=\/wp\/v2\/pages\/89"}],"wp:attachment":[{"href":"https:\/\/www.rwg-bayreuth.de\/home\/index.php?rest_route=%2Fwp%2Fv2%2Fmedia&parent=216"}],"wp:term":[{"taxonomy":"post_tag","embeddable":true,"href":"https:\/\/www.rwg-bayreuth.de\/home\/index.php?rest_route=%2Fwp%2Fv2%2Ftags&post=216"}],"curies":[{"name":"wp","href":"https:\/\/api.w.org\/{rel}","templated":true}]}}