{"id":21175,"date":"2019-03-03T19:32:51","date_gmt":"2019-03-03T18:32:51","guid":{"rendered":"http:\/\/www.rwg-bayreuth.de\/home\/?p=21175"},"modified":"2019-11-19T15:27:12","modified_gmt":"2019-11-19T14:27:12","slug":"anfahrt","status":"publish","type":"page","link":"https:\/\/www.rwg-bayreuth.de\/home\/?page_id=21175","title":{"rendered":"Anfahrt"},"content":{"rendered":"\r\n<p>Das RWG ist sehr gut mit allen \u00f6ffentlichen Verkehrsmitteln zu erreichen. Falls Sie mit dem Auto kommen, ist hier ein \u00dcberblick \u00fcber die Parksituation:<\/p>\r\n\r\n\r\n\r\n<figure class=\"wp-block-image\"><img loading=\"lazy\" decoding=\"async\" width=\"450\" height=\"400\" src=\"https:\/\/www.rwg-bayreuth.de\/home\/wp-content\/uploads\/2019\/03\/RWG-Parkplatz-Situation.jpg\" alt=\"\" class=\"wp-image-21183\" srcset=\"https:\/\/www.rwg-bayreuth.de\/home\/wp-content\/uploads\/2019\/03\/RWG-Parkplatz-Situation.jpg 450w, https:\/\/www.rwg-bayreuth.de\/home\/wp-content\/uploads\/2019\/03\/RWG-Parkplatz-Situation-250x222.jpg 250w\" sizes=\"(max-width: 450px) 100vw, 450px\" \/><\/figure>\r\n","protected":false},"excerpt":{"rendered":"<p>Das RWG ist sehr gut mit allen \u00f6ffentlichen Verkehrsmitteln zu erreichen. Falls Sie mit dem Auto kommen, ist hier ein \u00dcberblick \u00fcber die Parksituation:<\/p>\n","protected":false},"author":1,"featured_media":0,"parent":0,"menu_order":0,"comment_status":"closed","ping_status":"closed","template":"","meta":{"footnotes":""},"tags":[],"_links":{"self":[{"href":"https:\/\/www.rwg-bayreuth.de\/home\/index.php?rest_route=\/wp\/v2\/pages\/21175"}],"collection":[{"href":"https:\/\/www.rwg-bayreuth.de\/home\/index.php?rest_route=\/wp\/v2\/pages"}],"about":[{"href":"https:\/\/www.rwg-bayreuth.de\/home\/index.php?rest_route=\/wp\/v2\/types\/page"}],"author":[{"embeddable":true,"href":"https:\/\/www.rwg-bayreuth.de\/home\/index.php?rest_route=\/wp\/v2\/users\/1"}],"replies":[{"embeddable":true,"href":"https:\/\/www.rwg-bayreuth.de\/home\/index.php?rest_route=%2Fwp%2Fv2%2Fcomments&post=21175"}],"version-history":[{"count":2,"href":"https:\/\/www.rwg-bayreuth.de\/home\/index.php?rest_route=\/wp\/v2\/pages\/21175\/revisions"}],"predecessor-version":[{"id":21191,"href":"https:\/\/www.rwg-bayreuth.de\/home\/index.php?rest_route=\/wp\/v2\/pages\/21175\/revisions\/21191"}],"wp:attachment":[{"href":"https:\/\/www.rwg-bayreuth.de\/home\/index.php?rest_route=%2Fwp%2Fv2%2Fmedia&parent=21175"}],"wp:term":[{"taxonomy":"post_tag","embeddable":true,"href":"https:\/\/www.rwg-bayreuth.de\/home\/index.php?rest_route=%2Fwp%2Fv2%2Ftags&post=21175"}],"curies":[{"name":"wp","href":"https:\/\/api.w.org\/{rel}","templated":true}]}}