{"id":210,"date":"2012-01-24T15:52:09","date_gmt":"2012-01-24T14:52:09","guid":{"rendered":"http:\/\/www.rwg-bayreuth.de\/home\/?p=210"},"modified":"2022-06-02T08:38:35","modified_gmt":"2022-06-02T06:38:35","slug":"lektureliste-5-klassen","status":"publish","type":"page","link":"https:\/\/www.rwg-bayreuth.de\/home\/?page_id=210","title":{"rendered":"Lekt\u00fcreliste 5. Klassen"},"content":{"rendered":"<h6>Deutsch:<\/h6>\n<p>    Grimm, Jakob u. Wilhelm: Kinder- und Hausm\u00e4rchen<br \/>\n    K\u00e4stner, Erich: Erich K\u00e4stner erz\u00e4hlt Till Eulenspiegel<br \/>\n    Funke, Cornelia: Der Herr der Diebe<br \/>\n    Lindgren, Astrid: Mio, mein Mio \/ Ronja R\u00e4ubertochter<br \/>\n    K\u00e4stner, Erich: Das doppelte Lottchen \/ P\u00fcnktchen und Anton \/ Das Fliegende Klassenzimmer<br \/>\n    Timm, Uwe: Rennschwein Rudi R\u00fcssel<br \/>\n    N\u00f6stlinger, Christine: Das Austauschkind \/ Konrad oder das Kind aus der Konservenb\u00fcchse<br \/>\n    Ende, Michael: Die Unendliche Geschichte<br \/>\n    Rowling, Joanne K.: Harry Potter und der Stein der Weisen<br \/>\n    O\u2019Dell, Scott: Das verlassene Boot am Strand (Fortsetzung von Die Insel der blauen Delphine)<br \/>\n    Hitchcock, Alfred: Die drei ???<\/p>\n<h6>Geografie:<\/h6>\n<p>    Arthus-Bertrand, Yann: Die Zukunft unserer Erde \u2013 f\u00fcr Kinder erz\u00e4hlt<br \/>\n    Rose, Susanna van: Sehen Staunen Wissen: Die Erde<br \/>\n    Was ist Was? Band 1 Unsere Erde<br \/>\n    Was ist Was? Band 21 Der Mond<br \/>\n    Was ist Was? Band 34 W\u00fcsten<br \/>\n    Was ist Was? Band 57 Vulkane<br \/>\n    Was ist Was? Band 74 Naturkatastrophen<br \/>\n    Was ist Was? Band 90 Der Regenwald<br \/>\n    Holler Ren\u00e8e: Verschollen im Regenwald, Tatort Erde<\/p>\n<h6>Natur und Technik:<\/h6>\n<p>    Was ist Was? Band 3 Energie<br \/>\n    Was ist Was? Band 4 Chemie<br \/>\n    Was ist Was? Band 13 Wilde Tiere<br \/>\n    Was ist Was? Band 15 Dinosaurier<br \/>\n    Was ist Was? Band 35 Erfindungen<br \/>\n    Was ist Was? Band 38 S\u00e4ugetiere der Vorzeit<br \/>\n    Serie Piper: Warum fallen schlafende V\u00f6gel nicht vom Baum?<br \/>\n    Serie Piper: Was Einstein seinem Friseur erz\u00e4hlte<\/p>\n","protected":false},"excerpt":{"rendered":"<p>Deutsch: Grimm, Jakob u. Wilhelm: Kinder- und Hausm\u00e4rchen K\u00e4stner, Erich: Erich K\u00e4stner erz\u00e4hlt Till Eulenspiegel Funke, Cornelia: Der Herr der Diebe Lindgren, Astrid: Mio, mein Mio \/ Ronja R\u00e4ubertochter K\u00e4stner, Erich: Das doppelte Lottchen \/ P\u00fcnktchen und Anton \/ Das Fliegende Klassenzimmer Timm, Uwe: Rennschwein Rudi R\u00fcssel N\u00f6stlinger, Christine: Das Austauschkind \/ Konrad oder das&hellip;<\/p>\n","protected":false},"author":1,"featured_media":0,"parent":89,"menu_order":50,"comment_status":"closed","ping_status":"closed","template":"page-templates\/no-sidebar.php","meta":{"footnotes":""},"tags":[],"_links":{"self":[{"href":"https:\/\/www.rwg-bayreuth.de\/home\/index.php?rest_route=\/wp\/v2\/pages\/210"}],"collection":[{"href":"https:\/\/www.rwg-bayreuth.de\/home\/index.php?rest_route=\/wp\/v2\/pages"}],"about":[{"href":"https:\/\/www.rwg-bayreuth.de\/home\/index.php?rest_route=\/wp\/v2\/types\/page"}],"author":[{"embeddable":true,"href":"https:\/\/www.rwg-bayreuth.de\/home\/index.php?rest_route=\/wp\/v2\/users\/1"}],"replies":[{"embeddable":true,"href":"https:\/\/www.rwg-bayreuth.de\/home\/index.php?rest_route=%2Fwp%2Fv2%2Fcomments&post=210"}],"version-history":[{"count":3,"href":"https:\/\/www.rwg-bayreuth.de\/home\/index.php?rest_route=\/wp\/v2\/pages\/210\/revisions"}],"predecessor-version":[{"id":31364,"href":"https:\/\/www.rwg-bayreuth.de\/home\/index.php?rest_route=\/wp\/v2\/pages\/210\/revisions\/31364"}],"up":[{"embeddable":true,"href":"https:\/\/www.rwg-bayreuth.de\/home\/index.php?rest_route=\/wp\/v2\/pages\/89"}],"wp:attachment":[{"href":"https:\/\/www.rwg-bayreuth.de\/home\/index.php?rest_route=%2Fwp%2Fv2%2Fmedia&parent=210"}],"wp:term":[{"taxonomy":"post_tag","embeddable":true,"href":"https:\/\/www.rwg-bayreuth.de\/home\/index.php?rest_route=%2Fwp%2Fv2%2Ftags&post=210"}],"curies":[{"name":"wp","href":"https:\/\/api.w.org\/{rel}","templated":true}]}}