{"id":2001,"date":"2013-05-10T10:51:19","date_gmt":"2013-05-10T08:51:19","guid":{"rendered":"http:\/\/www.rwg-bayreuth.de\/home\/?page_id=2001"},"modified":"2020-10-07T08:10:54","modified_gmt":"2020-10-07T06:10:54","slug":"musikleben-am-rwg","status":"publish","type":"page","link":"https:\/\/www.rwg-bayreuth.de\/home\/?page_id=2001","title":{"rendered":"Musikleben am RWG"},"content":{"rendered":"<div id=\"attachment_3669\" style=\"width: 510px\" class=\"wp-caption aligncenter\"><a href=\"https:\/\/www.rwg-bayreuth.de\/home\/wp-content\/uploads\/2013\/05\/2014_5Klassen_web.jpg\"><img loading=\"lazy\" decoding=\"async\" aria-describedby=\"caption-attachment-3669\" src=\"https:\/\/www.rwg-bayreuth.de\/home\/wp-content\/uploads\/2013\/05\/2014_5Klassen_web.jpg\" alt=\"150 F\u00fcnftkl\u00e4sser standen f\u00fcr ihren Auftritt auf der B\u00fchne der Stadthalle\" width=\"500\" height=\"273\" class=\"size-full wp-image-3669\" srcset=\"https:\/\/www.rwg-bayreuth.de\/home\/wp-content\/uploads\/2013\/05\/2014_5Klassen_web.jpg 500w, https:\/\/www.rwg-bayreuth.de\/home\/wp-content\/uploads\/2013\/05\/2014_5Klassen_web-150x82.jpg 150w, https:\/\/www.rwg-bayreuth.de\/home\/wp-content\/uploads\/2013\/05\/2014_5Klassen_web-450x246.jpg 450w, https:\/\/www.rwg-bayreuth.de\/home\/wp-content\/uploads\/2013\/05\/2014_5Klassen_web-250x137.jpg 250w\" sizes=\"(max-width: 500px) 100vw, 500px\" \/><\/a><p id=\"caption-attachment-3669\" class=\"wp-caption-text\">Sommerkonzert in der Stadthalle: 150 F\u00fcnftkl\u00e4sser standen f\u00fcr ihren Auftritt auf der B\u00fchne der Stadthalle<\/p><\/div>\n<p>Wenn es eine Schule schafft, bei einem Sommerkonzert gut und gerne 300 Mitwirkende auf der B\u00fchne zu versammeln, um ein gut dreimal gr\u00f6\u00dferes Publikum in einer bis unters Dach vollen Stadthalle zu unterhalten, dann spricht dies eigentlich f\u00fcr das Musikleben dieser Schule. Ebenso spricht es f\u00fcr das Musikleben der Schule, wenn nach einem dreist\u00fcndigen Konzert alle zufrieden nach Hause gingen, weil ein ebenso bunter wie abwechslungsreicher Melodienreigen f\u00fcr jeden etwas geboten hatte. Wenn unsere Schule, das RWG, all das f\u00fcr sich in Anspruch nehmen kann, dann ist dies durchaus ein Grund, einmal etwas stolz zu sein &#8211; stolz auf die Mitwirkenden mit ihren gekonnten Darbietungen, stolz auf die Musiklehrer, die all dies erst erm\u00f6glichen, stolz ein klein wenig auch auf das Publikum, das sich trotz Fu\u00dfballkonkurrenz und Berufsstress sich die Zeit nahm, um abends den Mitwirkenden die Stange zu halten.<\/p>\n<div id=\"attachment_3673\" style=\"width: 310px\" class=\"wp-caption alignleft\"><a href=\"https:\/\/www.rwg-bayreuth.de\/home\/wp-content\/uploads\/2013\/05\/2014_Bigband_web.jpg\"><img loading=\"lazy\" decoding=\"async\" aria-describedby=\"caption-attachment-3673\" src=\"https:\/\/www.rwg-bayreuth.de\/home\/wp-content\/uploads\/2013\/05\/2014_Bigband_web.jpg\" alt=\"Ch\u00f6re und die Bigband, geleitet von Florian Mehling, bildeten zusammen dan Abschluss des Konzerts.\" width=\"300\" height=\"174\" class=\"size-full wp-image-3673\" srcset=\"https:\/\/www.rwg-bayreuth.de\/home\/wp-content\/uploads\/2013\/05\/2014_Bigband_web.jpg 300w, https:\/\/www.rwg-bayreuth.de\/home\/wp-content\/uploads\/2013\/05\/2014_Bigband_web-150x87.jpg 150w, https:\/\/www.rwg-bayreuth.de\/home\/wp-content\/uploads\/2013\/05\/2014_Bigband_web-250x145.jpg 250w\" sizes=\"(max-width: 300px) 100vw, 300px\" \/><\/a><p id=\"caption-attachment-3673\" class=\"wp-caption-text\">Ch\u00f6re und die Bigband, geleitet von<br \/>\nFlorian Mehling, bildeten zusammen den<br \/>\nAbschluss des Konzerts.<\/p><\/div>\n<p>Erw\u00e4hnenswert ist auch noch eine andere Tradition des RWG, n\u00e4mlich dass alle F\u00fcnftkl\u00e4ssler beim Sommerkonzert einen Auftritt haben &#8211; in diesem Jahr sogar einen besonders beklatschten, denn ihre Prinzen-Reminiszenz, dass alles nur geklaut sei, und ihr Sommerlied der Wise Guys war selbstbewusst vorgetragen und traf den Geschmack des Publikums. <\/p>\n<p>Verfolgt man diese Tradition \u00fcber die Jahre, dann hei\u00dft das tats\u00e4chlich, dass jeder RWG-Sch\u00fcler einmal in der Stadthalle auf der B\u00fchne stand, das Back-Stage-Feeling vor dem Auftritt erleben konnte und nat\u00fcrlich auch als Belohnung den Applaus, der schnell Lust macht auf mehr: L\u00e4sst man die 150 F\u00fcnftkl\u00e4ssler unter den Mitwirkenden einmal au\u00dfen vor, dann bleiben noch genauso viele Sch\u00fcler \u00fcbrig, die v\u00f6llig freiwillig in den Wahlgruppen des RWG musizieren oder sich an den Ch\u00f6ren beteiligen und daf\u00fcr oft m\u00fchsame Proben auf sich nehmen. <\/p>\n<div id=\"attachment_3671\" style=\"width: 310px\" class=\"wp-caption alignleft\"><a href=\"https:\/\/www.rwg-bayreuth.de\/home\/wp-content\/uploads\/2013\/05\/2014_gr_Chor_web.jpg\"><img loading=\"lazy\" decoding=\"async\" aria-describedby=\"caption-attachment-3671\" src=\"https:\/\/www.rwg-bayreuth.de\/home\/wp-content\/uploads\/2013\/05\/2014_gr_Chor_web.jpg\" alt=\"Der Gro\u00dfe Chor, geleitet von Helmut Mehling, begeisterte mit einem Melodienreigen aus dem Musical &quot;The Panthom of the Opera&quot;\" width=\"300\" height=\"178\" class=\"size-full wp-image-3671\" srcset=\"https:\/\/www.rwg-bayreuth.de\/home\/wp-content\/uploads\/2013\/05\/2014_gr_Chor_web.jpg 300w, https:\/\/www.rwg-bayreuth.de\/home\/wp-content\/uploads\/2013\/05\/2014_gr_Chor_web-150x89.jpg 150w, https:\/\/www.rwg-bayreuth.de\/home\/wp-content\/uploads\/2013\/05\/2014_gr_Chor_web-250x148.jpg 250w\" sizes=\"(max-width: 300px) 100vw, 300px\" \/><\/a><p id=\"caption-attachment-3671\" class=\"wp-caption-text\">Der Gro\u00dfe Chor, geleitet von Helmut Mehling,<br \/>\nbegeisterte mit einem Melodienreigen<br \/>\naus dem Musical &#8222;The Panthom of the Opera&#8220;<\/p><\/div>\n<p>Das ist immerhin ein F\u00fcnftel der Sch\u00fclerschaft, welche das Musikleben des RWG aktiv mitgestalten. Deshalb &#8211; und auch das ist bemerkenswert- sind die Schulkonzerte unserer Schule keine Soloveranstaltung, bei denen sich die Schule etwas parasit\u00e4r die au\u00dferschulische Musikerziehung auf die Fahnen schreibt, sondern echt hausgemachte Ereignisse, und es waren deshalb die Gruppenauftritte, welche \u00fcberwogen: Es er\u00f6ffnete das Blechbl\u00e4serensemble, es sangen der Unterstufenchor und der gro\u00dfe Chor, es spielten das Blockfl\u00f6tenensemble, das Celloensemble, das Schulorchester, die Schulband, die Bigband. Und irgendwie hatte es die 8a geschafft, einen witzigen gemeinsamen Klassenauftritt zu bekommen. <\/p>\n<p>Diese Gemeinschaftsleistungen sollen die Auftritte der Solisten nicht schm\u00e4lern, die einen wirkungsvollen Kontrapunkt boten: Marie Meyer, Kaitlyn Schumann, Monique Edlich-Wolfsh\u00f6fer, Jana P\u00f6hlmann und Christina Rauscher begeisterten mit ihren Stimmen, Franziska Rusam mit ihrer Fl\u00f6te, begleitet von Alina Fischer auf der Gitarre.<\/p>\n<p>Dank gilt daf\u00fcr den Verantwortlichen, allen voran der Familie Ulrike, Helmut und Florian Mehling, aber auch Tatjana Hubert (Cellogruppe), Albert Hubert (Orchester) und Wolfgang Mehl (Bl\u00e4sergruppe) sowie den flei\u00dfigen Klavierbegleitern und allen, die bei der Vorbereitung mitgewirkt haben.<\/p>\n<p><HR>Einzelheiten \u00fcber das sehr lebendige Musikleben am RWG erfahren Sie auf der <a href=\"https:\/\/www.rwg-bayreuth.de\/home\/?page_id=1937\" title=\"Musik\">Seite der Musikfachschaft<\/a><br \/>\n<HR><\/p>\n","protected":false},"excerpt":{"rendered":"<p>Wenn es eine Schule schafft, bei einem Sommerkonzert gut und gerne 300 Mitwirkende auf der B\u00fchne zu versammeln, um ein gut dreimal gr\u00f6\u00dferes Publikum in einer bis unters Dach vollen Stadthalle zu unterhalten, dann spricht dies eigentlich f\u00fcr das Musikleben dieser Schule. Ebenso spricht es f\u00fcr das Musikleben der Schule, wenn nach einem dreist\u00fcndigen Konzert&hellip;<\/p>\n","protected":false},"author":2,"featured_media":0,"parent":1937,"menu_order":0,"comment_status":"closed","ping_status":"closed","template":"page-templates\/no-sidebar.php","meta":{"footnotes":""},"tags":[],"_links":{"self":[{"href":"https:\/\/www.rwg-bayreuth.de\/home\/index.php?rest_route=\/wp\/v2\/pages\/2001"}],"collection":[{"href":"https:\/\/www.rwg-bayreuth.de\/home\/index.php?rest_route=\/wp\/v2\/pages"}],"about":[{"href":"https:\/\/www.rwg-bayreuth.de\/home\/index.php?rest_route=\/wp\/v2\/types\/page"}],"author":[{"embeddable":true,"href":"https:\/\/www.rwg-bayreuth.de\/home\/index.php?rest_route=\/wp\/v2\/users\/2"}],"replies":[{"embeddable":true,"href":"https:\/\/www.rwg-bayreuth.de\/home\/index.php?rest_route=%2Fwp%2Fv2%2Fcomments&post=2001"}],"version-history":[{"count":43,"href":"https:\/\/www.rwg-bayreuth.de\/home\/index.php?rest_route=\/wp\/v2\/pages\/2001\/revisions"}],"predecessor-version":[{"id":23135,"href":"https:\/\/www.rwg-bayreuth.de\/home\/index.php?rest_route=\/wp\/v2\/pages\/2001\/revisions\/23135"}],"up":[{"embeddable":true,"href":"https:\/\/www.rwg-bayreuth.de\/home\/index.php?rest_route=\/wp\/v2\/pages\/1937"}],"wp:attachment":[{"href":"https:\/\/www.rwg-bayreuth.de\/home\/index.php?rest_route=%2Fwp%2Fv2%2Fmedia&parent=2001"}],"wp:term":[{"taxonomy":"post_tag","embeddable":true,"href":"https:\/\/www.rwg-bayreuth.de\/home\/index.php?rest_route=%2Fwp%2Fv2%2Ftags&post=2001"}],"curies":[{"name":"wp","href":"https:\/\/api.w.org\/{rel}","templated":true}]}}