{"id":18,"date":"2012-01-09T22:14:40","date_gmt":"2012-01-09T21:14:40","guid":{"rendered":"http:\/\/www.rwg-bayreuth.de\/home\/?page_id=18"},"modified":"2023-10-13T10:26:54","modified_gmt":"2023-10-13T08:26:54","slug":"www","status":"publish","type":"page","link":"https:\/\/www.rwg-bayreuth.de\/home\/?page_id=18","title":{"rendered":"Links"},"content":{"rendered":"<div class=\"su-row\">\n<div class=\"su-column su-column-size-1-3\"><div class=\"su-column-inner su-u-clearfix su-u-trim\"><a style=\"display: block\" href=\"https:\/\/www.mebis.bayern.de\/\" rel=\"noopener noreferrer\" target=\"_blank\" class=\"RWGrahmen\" alt=\"Mebis\"><img decoding=\"async\" src=\"https:\/\/www.rwg-bayreuth.de\/home\/wp-content\/uploads\/2020\/03\/Mebis-ver.png\" alt=\"Mebis\"  height=\"293\" class=\"aligncenter size-full wp-image-24672 bilderzoom\" style=\"padding: 10px; max-height:150px\" srcset=\"https:\/\/www.rwg-bayreuth.de\/home\/wp-content\/uploads\/2020\/03\/Mebis-ver.png 450w, https:\/\/www.rwg-bayreuth.de\/home\/wp-content\/uploads\/2020\/03\/Mebis-ver-250x163.png 250w\" sizes=\"(max-width: 450px) 100vw, 450px\" \/><\/a><\/div><\/div>\n<div class=\"su-column su-column-size-1-3\"><div class=\"su-column-inner su-u-clearfix su-u-trim\"><a style=\"display: block\" href=\"https:\/\/cloud.rwg-bayreuth.de\/\" rel=\"noopener noreferrer\" target=\"_blank\" class=\"RWGrahmen\" alt=\"RWGcloud\"><img decoding=\"async\" src=\"https:\/\/www.rwg-bayreuth.de\/home\/wp-content\/uploads\/2020\/03\/RWGcloud-ver.png\" alt=\"RWG-Cloud\"  height=\"293\" class=\"aligncenter size-full wp-image-24670 bilderzoom\" style=\"padding: 10px; max-height:150px\" srcset=\"https:\/\/www.rwg-bayreuth.de\/home\/wp-content\/uploads\/2020\/03\/RWGcloud-ver.png 450w, https:\/\/www.rwg-bayreuth.de\/home\/wp-content\/uploads\/2020\/03\/RWGcloud-ver-250x162.png 250w\" sizes=\"(max-width: 450px) 100vw, 450px\" \/><\/a><\/div><\/div>\n<div class=\"su-column su-column-size-1-3\"><div class=\"su-column-inner su-u-clearfix su-u-trim\"><a style=\"display: block\" href=\"https:\/\/riwagybay.eltern-portal.org\/\" rel=\"noopener noreferrer\" target=\"_blank\" class=\"RWGrahmen\" alt=\"Elternportal\"><img decoding=\"async\" src=\"https:\/\/www.rwg-bayreuth.de\/home\/wp-content\/uploads\/2020\/03\/Elternportal-ver.png\" alt=\"Elternportal\"  height=\"293\" class=\"aligncenter size-full wp-image-24671 bilderzoom\" style=\"padding: 10px; max-height:150px\" srcset=\"https:\/\/www.rwg-bayreuth.de\/home\/wp-content\/uploads\/2020\/03\/Elternportal-ver.png 450w, https:\/\/www.rwg-bayreuth.de\/home\/wp-content\/uploads\/2020\/03\/Elternportal-ver-250x163.png 250w\" sizes=\"(max-width: 450px) 100vw, 450px\" \/><\/a><\/div><\/div>\n<\/div>\n<h5>Anwendungen f\u00fcr Sch\u00fcler<\/h5>\n<ul class=\"linkliste\">\n<li><a href=\"https:\/\/www.mebis.bayern.de\/\" target=\"_blank\" rel=\"noopener noreferrer\">Mebis<\/a><\/li>\n<li><a href=\"https:\/\/cloud.rwg-bayreuth.de\/login\" target=\"_blank\" rel=\"noopener noreferrer\">Cloud<\/a><\/li>\n<li><a href=\"http:\/\/koha.rwg-bayreuth.de\/\" target=\"_blank\" rel=\"noopener noreferrer\">Bibliotheksserver &#8211; Lesendes  Klassenzimmer<\/a><\/li>\n<\/ul>\n<div style=\"position:relative;\">\n<div id=\"ElternPortalInfos\" style=\"position:absolute; top:-80px;\"><\/div>\n<h5>Anwendungen f\u00fcr Eltern<\/h5>\n<\/div>\n<ul class=\"linkliste\">\n<li class=\"top\"><a href=\"https:\/\/riwagybay.eltern-portal.org\/\" title=\"Eltern-Portal\">Eltern-Portal<\/a>\n<ul>\n<li> <a  href=\"https:\/\/www.rwg-bayreuth.de\/home\/wp-content\/uploads\/2019\/07\/datenschutz_information_eltern-1RWG.pdf\" title=\"Eltern-Portal\">Datenschutzbestimmungen<\/a><\/li>\n<li><a href=\"https:\/\/www.rwg-bayreuth.de\/home\/wp-content\/uploads\/2019\/07\/Einwilligung_Datenverarbeitung_Eltern-1.pdf\" >Einwilligung Datenverarbeitung Eltern<\/a><\/li>\n<li><a href=\"https:\/\/www.rwg-bayreuth.de\/home\/wp-content\/uploads\/2019\/07\/Einwilligung_Datenverarbeitung_Schueler_ab_14.pdf\" >Einwilligung Datenverarbeitung Sch\u00fcler ab 14<\/a><\/li>\n<li><a href=\"https:\/\/www.rwg-bayreuth.de\/home\/wp-content\/uploads\/2019\/07\/Einwilligung_Datenverarbeitung_volljaehrige_Schueler.pdf\" >Einwilligung Datenverarbeitung vollj\u00e4hrige Sch\u00fcler<\/a><\/li>\n<li><a href=\"https:\/\/www.rwg-bayreuth.de\/home\/wp-content\/uploads\/2019\/07\/Kurzanleitung-Registrierung-Elternportal.pdf\">Kurzanleitung Eltern-Portal<\/a><\/li>\n<\/ul>\n<\/li>\n<\/ul>\n<h5>Anwendungen f\u00fcr Lehrer<\/h5>\n<ul class=\"linkliste\">\n<li><a href=\"https:\/\/schule-infoportal.de\/login\/riwagybay\"   rel=\"noopener noreferrer\">Infoportal<\/a><\/li>\n<li><a href=\"https:\/\/cloud.rwg-bayreuth.de\/login\" target=\"_blank\" rel=\"noopener noreferrer\">Cloud<\/a><\/li>\n<li><a href=\"https:\/\/organizer.rwg-bayreuth.de\/\"  rel=\"noopener noreferrer\">Organizer<\/a><\/li>\n<li><a href=\"https:\/\/www.mebis.bayern.de\/\" rel=\"noopener noreferrer\">Mebis<\/a><\/li>\n<p><!--\n\t\n\n<li><a href=\"http:\/\/www.rwg-bayreuth.de\/vertretungsplan\/index.htm\" rel=\"noopener noreferrer\">Vertretungsplan<\/a><\/li>\n\n\n\n\n<li><a href=\"http:\/\/www.rwg-bayreuth.de\/zeugnis\/index.html\" rel=\"noopener noreferrer\">Programm und Hilfe zur Protokollerstellung (Zeugnis)<\/a><\/li>\n\n-->\n<\/ul>\n<h5>Links zu Gesetzestexten<\/h5>\n<ul class=\"linkliste\">\n<li><a href=\"https:\/\/www.gesetze-bayern.de\/Content\/Document\/BayGSO\" target=\"_blank\" rel=\"noopener noreferrer\">Schulordnung f\u00fcr die Gymnasien in Bayern (GSO)<\/a><\/li>\n<li><a href=\"https:\/\/www.gesetze-bayern.de\/Content\/Document\/BayEUG\" target=\"_blank\" rel=\"noopener noreferrer\">Bayerisches Gesetz \u00fcber das Erziehungs- und Unterrichtswesen (BayEUG)<\/a><\/li>\n<\/ul>\n<p>&nbsp;<\/p>\n","protected":false},"excerpt":{"rendered":"<p>Anwendungen f\u00fcr Sch\u00fcler Mebis Cloud Bibliotheksserver &#8211; Lesendes Klassenzimmer Anwendungen f\u00fcr Eltern Eltern-Portal Datenschutzbestimmungen Einwilligung Datenverarbeitung Eltern Einwilligung Datenverarbeitung Sch\u00fcler ab 14 Einwilligung Datenverarbeitung vollj\u00e4hrige Sch\u00fcler Kurzanleitung Eltern-Portal Anwendungen f\u00fcr Lehrer Infoportal Cloud Organizer Mebis Links zu Gesetzestexten Schulordnung f\u00fcr die Gymnasien in Bayern (GSO) Bayerisches Gesetz \u00fcber das Erziehungs- und Unterrichtswesen (BayEUG) &nbsp;<\/p>\n","protected":false},"author":1,"featured_media":0,"parent":7,"menu_order":60,"comment_status":"closed","ping_status":"closed","template":"page-templates\/no-sidebar.php","meta":{"footnotes":""},"tags":[],"_links":{"self":[{"href":"https:\/\/www.rwg-bayreuth.de\/home\/index.php?rest_route=\/wp\/v2\/pages\/18"}],"collection":[{"href":"https:\/\/www.rwg-bayreuth.de\/home\/index.php?rest_route=\/wp\/v2\/pages"}],"about":[{"href":"https:\/\/www.rwg-bayreuth.de\/home\/index.php?rest_route=\/wp\/v2\/types\/page"}],"author":[{"embeddable":true,"href":"https:\/\/www.rwg-bayreuth.de\/home\/index.php?rest_route=\/wp\/v2\/users\/1"}],"replies":[{"embeddable":true,"href":"https:\/\/www.rwg-bayreuth.de\/home\/index.php?rest_route=%2Fwp%2Fv2%2Fcomments&post=18"}],"version-history":[{"count":89,"href":"https:\/\/www.rwg-bayreuth.de\/home\/index.php?rest_route=\/wp\/v2\/pages\/18\/revisions"}],"predecessor-version":[{"id":34747,"href":"https:\/\/www.rwg-bayreuth.de\/home\/index.php?rest_route=\/wp\/v2\/pages\/18\/revisions\/34747"}],"up":[{"embeddable":true,"href":"https:\/\/www.rwg-bayreuth.de\/home\/index.php?rest_route=\/wp\/v2\/pages\/7"}],"wp:attachment":[{"href":"https:\/\/www.rwg-bayreuth.de\/home\/index.php?rest_route=%2Fwp%2Fv2%2Fmedia&parent=18"}],"wp:term":[{"taxonomy":"post_tag","embeddable":true,"href":"https:\/\/www.rwg-bayreuth.de\/home\/index.php?rest_route=%2Fwp%2Fv2%2Ftags&post=18"}],"curies":[{"name":"wp","href":"https:\/\/api.w.org\/{rel}","templated":true}]}}