{"id":16264,"date":"2017-06-25T22:28:52","date_gmt":"2017-06-25T20:28:52","guid":{"rendered":"http:\/\/www.rwg-bayreuth.de\/home\/?page_id=16264"},"modified":"2020-07-10T15:36:20","modified_gmt":"2020-07-10T13:36:20","slug":"neue-rwg-produkte","status":"publish","type":"page","link":"https:\/\/www.rwg-bayreuth.de\/home\/?page_id=16264","title":{"rendered":"Neue RWG-Produkte"},"content":{"rendered":"<div style=\"max-width: 840px\"><div id=\"grid-gallery-3-37031\" data-gg-id=\"3\" data-title=\"Merchandising 2017\" data-grid-type=\"0\" data-offset=\"15.3\" data-area-position=\"left\" data-icons=\"\" data-preloader=\"true\" data-width=\"170\" data-height=\"170\" data-padding=\"0\" data-quicksand=\"disabled\" data-quicksand-duration=\"none\" data-popup-theme=\"theme_6\" data-popup-type=\"pretty-photo\" data-popup-image-text=\"alt\" data-popup-widthsize=\"auto\" data-popup-heightsize=\"auto\" data-popup-i18n-words=\"{&quot;close&quot;:&quot;schlie\\u00dfen&quot;,&quot;next&quot;:&quot;n\\u00e4chste&quot;,&quot;previous&quot;:&quot;vorherige&quot;,&quot;start_slideshow&quot;:&quot;Starte Slideshow&quot;,&quot;stop_slideshow&quot;:&quot;Stoppe Slideshow&quot;,&quot;image&quot;:&quot;Bild&quot;,&quot;of&quot;:&quot;von&quot;,&quot;prev&quot;:&quot;vorherige&quot;,&quot;cExpand&quot;:&quot;Erweitere&quot;,&quot;cPrevious&quot;:&quot;Vorheriges&quot;,&quot;cNext&quot;:&quot;N\\u00e4chstes&quot;,&quot;cExpandStr&quot;:&quot;Erweitere Bild&quot;,&quot;cRotate&quot;:&quot;Rotate&quot;,&quot;cDetails&quot;:&quot;Details&quot;}\" data-popup-slideshow=\"false\" data-popup-slideshow-speed=\"2500\" data-popup-hoverstop=\"false\" data-popup-slideshow-auto=\"false\" data-popup-background=\"\" data-popup-transparency=\"30\" data-popup-disable-history=\"\" data-popup-disable-changed-url=\"\" data-popup-border-type=\"\" data-popup-border-color=\"\" data-popup-border-width=\"\" data-popup-border-enable=\"\" data-fullscreen=\"false\" data-hide-tooltip=\"false\" data-caption-font-family=\"Default\" data-caption-text-size=\"140\" data-is-mobile=\"0\" data-caption-mobile=\"false\" data-hide-long-tltp-title=\"0\" data-caption-disabled-on-mobile=\"false\" data-popup-placement-type=\"0\" data-social-sharing=\"{&quot;enabled&quot;:&quot;&quot;,&quot;gallerySharing&quot;:{&quot;enabled&quot;:null,&quot;position&quot;:null},&quot;imageSharing&quot;:{&quot;enabled&quot;:null,&quot;wrapperClass&quot;:&quot; vertical &quot;},&quot;popupSharing&quot;:{&quot;enabled&quot;:null,&quot;wrapperClass&quot;:&quot; vertical &quot;}}\" class=\"grid-gallery grid-gallery-fixed \" style=\" width:100%; height:auto; float: left;position:relative;\"> <div class=\"gallery-loading\"> <div class=\"blocks\"> <div class=\"block\"><\/div> <div class=\"block\"><\/div> <div class=\"block\"><\/div> <div class=\"block\"><\/div> <\/div> <\/div> <div class=\"gallery-sharing-top\" style=\"display:none;\"> <\/div> <div id=\"photos-3\" class=\"grid-gallery-photos\"><FIGURE class=\"grid-gallery-caption\" data-grid-gallery-type=\"quarter-zoom\" data-index=\"0\" style=\"display:none;border-radius:00;; margin:15.3px; width:1700;\" ><div class=\"crop\" style=\" width:1700; height:1700; overflow:hidden;\"><img decoding=\"async\" src=\"http:\/\/www.rwg-bayreuth.de\/home\/wp-content\/uploads\/2017\/06\/Merchan-Block1024-170x170.png\" class=\"ggImg\" alt=\"Block, kariert 2,50 \u20ac\" title=\" \" data-description=\" \" data-caption=\"Block\" data-title=\"Merchan-Block1024\" style=\" width:170px; height:170px;\" \/><\/div><FIGCAPTION class=\"\" data-alpha=\"7\" style=\"color:#ffffff; background-color:#212121; font-size:140; text-align:left; font-family:Default;\" ><div class=\"grid-gallery-figcaption-wrap\" style=\"\"><\/div><\/FIGCAPTION><\/FIGURE><FIGURE class=\"grid-gallery-caption\" data-grid-gallery-type=\"quarter-zoom\" data-index=\"1\" style=\"display:none;border-radius:00;; margin:15.3px; width:1700;\" ><div class=\"crop\" style=\" width:1700; height:1700; overflow:hidden;\"><img decoding=\"async\" src=\"http:\/\/www.rwg-bayreuth.de\/home\/wp-content\/uploads\/2017\/06\/Merchan-Thermotasse1024-1-170x170.png\" class=\"ggImg\" alt=\"Thermobecher 7,- \u20ac\" title=\" \" data-description=\" \" data-caption=\"Thermobecher\" data-title=\"Merchan-Thermotasse1024-1\" style=\" width:170px; height:170px;\" \/><\/div><FIGCAPTION class=\"\" data-alpha=\"7\" style=\"color:#ffffff; background-color:#212121; font-size:140; text-align:left; font-family:Default;\" ><div class=\"grid-gallery-figcaption-wrap\" style=\"\"><\/div><\/FIGCAPTION><\/FIGURE><FIGURE class=\"grid-gallery-caption\" data-grid-gallery-type=\"quarter-zoom\" data-index=\"2\" style=\"display:none;border-radius:00;; margin:15.3px; width:1700;\" ><div class=\"crop\" style=\" width:1700; height:1700; overflow:hidden;\"><img decoding=\"async\" src=\"http:\/\/www.rwg-bayreuth.de\/home\/wp-content\/uploads\/2017\/06\/Merchan-Turnbeutel1024-1-170x170.png\" class=\"ggImg\" alt=\"Turnbeutel 5,- \u20ac\" title=\" \" data-description=\" \" data-caption=\"Turnbeutel\" data-title=\"Merchan-Turnbeutel1024-1\" style=\" width:170px; height:170px;\" \/><\/div><FIGCAPTION class=\"\" data-alpha=\"7\" style=\"color:#ffffff; background-color:#212121; font-size:140; text-align:left; font-family:Default;\" ><div class=\"grid-gallery-figcaption-wrap\" style=\"\"><\/div><\/FIGCAPTION><\/FIGURE><FIGURE class=\"grid-gallery-caption\" data-grid-gallery-type=\"quarter-zoom\" data-index=\"3\" style=\"display:none;border-radius:00;; margin:15.3px; width:1700;\" ><div class=\"crop\" style=\" width:1700; height:1700; overflow:hidden;\"><img decoding=\"async\" src=\"http:\/\/www.rwg-bayreuth.de\/home\/wp-content\/uploads\/2017\/06\/Merchan-ShoppingBag1024-1-170x170.png\" class=\"ggImg\" alt=\"Shopping Bag 2,50 \u20ac\" title=\" \" data-description=\" \" data-caption=\"Shopping Bag\" data-title=\"Merchan-ShoppingBag1024-1\" style=\" width:170px; height:170px;\" \/><\/div><FIGCAPTION class=\"\" data-alpha=\"7\" style=\"color:#ffffff; background-color:#212121; font-size:140; text-align:left; font-family:Default;\" ><div class=\"grid-gallery-figcaption-wrap\" style=\"\"><\/div><\/FIGCAPTION><\/FIGURE><FIGURE class=\"grid-gallery-caption\" data-grid-gallery-type=\"quarter-zoom\" data-index=\"4\" style=\"display:none;border-radius:00;; margin:15.3px; width:1700;\" ><div class=\"crop\" style=\" width:1700; height:1700; overflow:hidden;\"><img decoding=\"async\" src=\"http:\/\/www.rwg-bayreuth.de\/home\/wp-content\/uploads\/2017\/06\/Merchan-Kugelschreiber1024-1-170x170.png\" class=\"ggImg\" alt=\"Kugelschreiber 1,20 \u20ac\" title=\" \" data-description=\" \" data-caption=\"Kugelschreiber\" data-title=\"Merchan-Kugelschreiber1024-1\" style=\" width:170px; height:170px;\" \/><\/div><FIGCAPTION class=\"\" data-alpha=\"7\" style=\"color:#ffffff; background-color:#212121; font-size:140; text-align:left; font-family:Default;\" ><div class=\"grid-gallery-figcaption-wrap\" style=\"\"><\/div><\/FIGCAPTION><\/FIGURE><FIGURE class=\"grid-gallery-caption\" data-grid-gallery-type=\"quarter-zoom\" data-index=\"5\" style=\"display:none;border-radius:00;; margin:15.3px; width:1700;\" ><div class=\"crop\" style=\" width:1700; height:1700; overflow:hidden;\"><img decoding=\"async\" src=\"http:\/\/www.rwg-bayreuth.de\/home\/wp-content\/uploads\/2017\/06\/Merchan-Bleistift1024-1-170x170.png\" class=\"ggImg\" alt=\"Bleistift 0,80 \u20ac\" title=\" \" data-description=\" \" data-caption=\"Bleistift\" data-title=\"Merchan-Bleistift1024-1\" style=\" width:170px; height:170px;\" \/><\/div><FIGCAPTION class=\"\" data-alpha=\"7\" style=\"color:#ffffff; background-color:#212121; font-size:140; text-align:left; font-family:Default;\" ><div class=\"grid-gallery-figcaption-wrap\" style=\"\"><\/div><\/FIGCAPTION><\/FIGURE><FIGURE class=\"grid-gallery-caption\" data-grid-gallery-type=\"quarter-zoom\" data-index=\"6\" style=\"display:none;border-radius:00;; margin:15.3px; width:1700;\" ><div class=\"crop\" style=\" width:1700; height:1700; overflow:hidden;\"><img decoding=\"async\" src=\"http:\/\/www.rwg-bayreuth.de\/home\/wp-content\/uploads\/2017\/06\/Merchan-Geodreieck1024-1-170x170.png\" class=\"ggImg\" alt=\"Geodreieck 1,- \u20ac\" title=\" \" data-description=\" \" data-caption=\"Geodreieck\" data-title=\"Merchan-Geodreieck1024-1\" style=\" width:170px; height:170px;\" \/><\/div><FIGCAPTION class=\"\" data-alpha=\"7\" style=\"color:#ffffff; background-color:#212121; font-size:140; text-align:left; font-family:Default;\" ><div class=\"grid-gallery-figcaption-wrap\" style=\"\"><\/div><\/FIGCAPTION><\/FIGURE><FIGURE class=\"grid-gallery-caption\" data-grid-gallery-type=\"quarter-zoom\" data-index=\"7\" style=\"display:none;border-radius:00;; margin:15.3px; width:1700;\" ><div class=\"crop\" style=\" width:1700; height:1700; overflow:hidden;\"><img decoding=\"async\" src=\"http:\/\/www.rwg-bayreuth.de\/home\/wp-content\/uploads\/2017\/06\/Merchan-Spitzer1024-2-170x170.png\" class=\"ggImg\" alt=\"Spitzer 1,- \u20ac\" title=\" \" data-description=\" \" data-caption=\"Spitzer\" data-title=\"Merchan-Spitzer1024-2\" style=\" width:170px; height:170px;\" \/><\/div><FIGCAPTION class=\"\" data-alpha=\"7\" style=\"color:#ffffff; background-color:#212121; font-size:140; text-align:left; font-family:Default;\" ><div class=\"grid-gallery-figcaption-wrap\" style=\"\"><\/div><\/FIGCAPTION><\/FIGURE> <div class=\"grid-gallery-clearfix\"><\/div> <\/div> <div class=\"gallery-sharing-bottom\" style=\"display:none;\"> <\/div> <div class=\"gallery-sharing-image\" style=\"display:none;\"> <\/div> <div class=\"gallery-sharing-popup\" style=\"display:none;\"> <\/div> <div class=\"grid-gallery-clearfix\"><\/div> <\/div> <!-- Gallery by Supsystic plugin1.15.32 --><a title=\"Gallery Plugin\" style=\"display:none;\" href=\"https:\/\/supsystic.com\/plugins\/photo-gallery\/?utm_medium=love_link\" target=\"_blank\">Gallery Plugin<\/a><\/div>\n<p class=\"clear\">Zum 150. Jubil\u00e4um des RWG wird es dank der Wirschaftsklasse 10bd verschiedene interessante Produkte mit brandneuem Schullogo zu kaufen geben.  <a href=\"https:\/\/www.rwg-bayreuth.de\/home\/?p=16167\">[mehr&#8230;]<\/a><\/p>\n<p>Die Schulprodukte werden am Schulfest und an allen Jubil\u00e4umsveranstaltungen erh\u00e4ltlich sein. <\/p>\n<p><strong>Vorverkauf in den Klassen ab dem 4. Juli.<\/p>\n<p>Der Erl\u00f6s des Verkaufs, kommt unserer Partnerschule in Nairobi zu Gute.<\/strong><\/p>\n<p><span class=\"blau\" style=\"font-size:150%; font-weight: bold\">Produktinformationen und Preise:<\/span><\/p>\n<div class=\"clear\">\n<a href=\"https:\/\/www.rwg-bayreuth.de\/home\/?page_id=16264&#038;_gallery=gg-3-37\"><img loading=\"lazy\" decoding=\"async\" src=\"https:\/\/www.rwg-bayreuth.de\/home\/wp-content\/uploads\/2017\/06\/Merchan-Block300-s.png\" alt=\"\" width=\"200\" height=\"200\" class=\"alignleft size-full wp-image-16335\" srcset=\"https:\/\/www.rwg-bayreuth.de\/home\/wp-content\/uploads\/2017\/06\/Merchan-Block300-s.png 300w, https:\/\/www.rwg-bayreuth.de\/home\/wp-content\/uploads\/2017\/06\/Merchan-Block300-s-150x150.png 150w, https:\/\/www.rwg-bayreuth.de\/home\/wp-content\/uploads\/2017\/06\/Merchan-Block300-s-250x250.png 250w\" sizes=\"(max-width: 200px) 100vw, 200px\" \/><\/a><\/div>\n<p style=\"margin-top: 15px; \"><span style=\"font-size: 120%; font-weight:bold\" class=\"blau\">Block<\/span><br \/>\nPapier: 50 Blatt, kariert, Recyclingpapier<br \/>\nDruck: Deckblatt &#038; Bl\u00e4tter (oben rechts)<br \/>\n<span style=\"font-size: 100%; font-weight:bold\">Preis: 2,50 \u20ac<\/span><br \/>\n<span style=\"font-size: 80%;\">Auch im Set mit 2x Kugelschreiber: 4,50 \u20ac<\/span>\n<\/p>\n<div class=\"clear\">\n<a href=\"https:\/\/www.rwg-bayreuth.de\/home\/?page_id=16264&#038;_gallery=gg-3-35\"><img loading=\"lazy\" decoding=\"async\" src=\"https:\/\/www.rwg-bayreuth.de\/home\/wp-content\/uploads\/2017\/06\/Merchan-Thermobecher300-s.png\" alt=\"\" width=\"200\" height=\"200\" class=\"alignleft size-full wp-image-16331\" srcset=\"https:\/\/www.rwg-bayreuth.de\/home\/wp-content\/uploads\/2017\/06\/Merchan-Thermobecher300-s.png 300w, https:\/\/www.rwg-bayreuth.de\/home\/wp-content\/uploads\/2017\/06\/Merchan-Thermobecher300-s-150x150.png 150w, https:\/\/www.rwg-bayreuth.de\/home\/wp-content\/uploads\/2017\/06\/Merchan-Thermobecher300-s-250x250.png 250w\" sizes=\"(max-width: 200px) 100vw, 200px\" \/><\/a><\/div>\n<p style=\"margin-top: 15px; \"><span style=\"font-size: 120%; font-weight:bold\" class=\"blau\">Thermobecher<\/span><br \/>\nF\u00fcllmenge: 330 ml<br \/>\n<span style=\"font-size: 100%; font-weight:bold\">Preis: 7,- \u20ac<\/span><br \/>\n<span style=\"font-size: 80%;\">Auch im Set mit Turnbeutel: 11,50 \u20ac<\/span>\n<\/p>\n<div class=\"clear\">\n<a href=\"https:\/\/www.rwg-bayreuth.de\/home\/?page_id=16264&#038;_gallery=gg-3-36\"><img loading=\"lazy\" decoding=\"async\" src=\"https:\/\/www.rwg-bayreuth.de\/home\/wp-content\/uploads\/2017\/06\/Merchan-Turnbeutel300-s.png\" alt=\"\" width=\"200\" height=\"200\" class=\"alignleft size-full wp-image-16332\" srcset=\"https:\/\/www.rwg-bayreuth.de\/home\/wp-content\/uploads\/2017\/06\/Merchan-Turnbeutel300-s.png 300w, https:\/\/www.rwg-bayreuth.de\/home\/wp-content\/uploads\/2017\/06\/Merchan-Turnbeutel300-s-150x150.png 150w, https:\/\/www.rwg-bayreuth.de\/home\/wp-content\/uploads\/2017\/06\/Merchan-Turnbeutel300-s-250x250.png 250w\" sizes=\"(max-width: 200px) 100vw, 200px\" \/><\/a><\/div>\n<p style=\"margin-top: 15px; \"><span style=\"font-size: 120%; font-weight:bold\" class=\"blau\">Turnbeutel<\/span><br \/>\nVolumen: 12 l<br \/>\nMaterial: 100 % Baumwolle<br \/>\n<span style=\"font-size: 100%; font-weight:bold\">Preis: 5,- \u20ac<\/span><br \/>\n<span style=\"font-size: 80%;\">Auch im Set mit Thermobecher: 11,50 \u20ac<\/span>\n<\/p>\n<div class=\"clear\">\n<a href=\"https:\/\/www.rwg-bayreuth.de\/home\/?page_id=16264&#038;_gallery=gg-3-34\"><img loading=\"lazy\" decoding=\"async\" src=\"https:\/\/www.rwg-bayreuth.de\/home\/wp-content\/uploads\/2017\/06\/Merchan-ShoppingBag300-s.png\" alt=\"\" width=\"200\" height=\"200\" class=\"alignleft size-full wp-image-16329\" srcset=\"https:\/\/www.rwg-bayreuth.de\/home\/wp-content\/uploads\/2017\/06\/Merchan-ShoppingBag300-s.png 300w, https:\/\/www.rwg-bayreuth.de\/home\/wp-content\/uploads\/2017\/06\/Merchan-ShoppingBag300-s-150x150.png 150w, https:\/\/www.rwg-bayreuth.de\/home\/wp-content\/uploads\/2017\/06\/Merchan-ShoppingBag300-s-250x250.png 250w\" sizes=\"(max-width: 200px) 100vw, 200px\" \/><\/a><\/div>\n<p style=\"margin-top: 15px; \"><span style=\"font-size: 120%; font-weight:bold\" class=\"blau\">Shopping Bag<\/span><br \/>\nMaterial: 100 % Baumwolle<br \/>\n<span style=\"font-size: 100%; font-weight:bold\">Preis: 2,50 \u20ac<\/span>\n<\/p>\n<div class=\"clear\">\n<a href=\"https:\/\/www.rwg-bayreuth.de\/home\/?page_id=16264&#038;_gallery=gg-3-32\"><img loading=\"lazy\" decoding=\"async\" src=\"https:\/\/www.rwg-bayreuth.de\/home\/wp-content\/uploads\/2017\/06\/Merchan-Kugelschreiber300-s.png\" alt=\"\" width=\"200\" height=\"200\" class=\"alignleft size-full wp-image-16328\" srcset=\"https:\/\/www.rwg-bayreuth.de\/home\/wp-content\/uploads\/2017\/06\/Merchan-Kugelschreiber300-s.png 300w, https:\/\/www.rwg-bayreuth.de\/home\/wp-content\/uploads\/2017\/06\/Merchan-Kugelschreiber300-s-150x150.png 150w, https:\/\/www.rwg-bayreuth.de\/home\/wp-content\/uploads\/2017\/06\/Merchan-Kugelschreiber300-s-250x250.png 250w\" sizes=\"(max-width: 200px) 100vw, 200px\" \/><\/a><\/div>\n<p style=\"margin-top: 15px; \"><span style=\"font-size: 120%; font-weight:bold\" class=\"blau\">Kugelschreiber<\/span><br \/>\nMinenfarbe: blau<br \/>\n<span style=\"font-size: 100%; font-weight:bold\">Preis: 1,20 \u20ac<\/span>\n<\/p>\n<div class=\"clear\">\n<a href=\"https:\/\/www.rwg-bayreuth.de\/home\/?page_id=16264&#038;_gallery=gg-3-30\"><img loading=\"lazy\" decoding=\"async\" src=\"https:\/\/www.rwg-bayreuth.de\/home\/wp-content\/uploads\/2017\/06\/Merchan-Bleistift300-s.png\" alt=\"\" width=\"200\" height=\"200\" class=\"alignleft size-full wp-image-16334\" srcset=\"https:\/\/www.rwg-bayreuth.de\/home\/wp-content\/uploads\/2017\/06\/Merchan-Bleistift300-s.png 300w, https:\/\/www.rwg-bayreuth.de\/home\/wp-content\/uploads\/2017\/06\/Merchan-Bleistift300-s-150x150.png 150w, https:\/\/www.rwg-bayreuth.de\/home\/wp-content\/uploads\/2017\/06\/Merchan-Bleistift300-s-250x250.png 250w\" sizes=\"(max-width: 200px) 100vw, 200px\" \/><\/a><\/div>\n<p style=\"margin-top: 15px; \"><span style=\"font-size: 120%; font-weight:bold\" class=\"blau\">Bleistift<\/span><br \/>\n<span style=\"font-size: 100%; font-weight:bold\">Preis: 0,80 \u20ac<\/span><br \/>\n<span style=\"font-size: 80%;\">Auch im Set mit Spitzer: 1,50 \u20ac<\/span>\n<\/p>\n<div class=\"clear\">\n<a href=\"https:\/\/www.rwg-bayreuth.de\/home\/?page_id=16264&#038;_gallery=gg-3-31\"><img loading=\"lazy\" decoding=\"async\" src=\"https:\/\/www.rwg-bayreuth.de\/home\/wp-content\/uploads\/2017\/06\/Merchan-Geodreieck300-s.png\" alt=\"\" width=\"200\" height=\"200\" class=\"alignleft size-full wp-image-16327\" srcset=\"https:\/\/www.rwg-bayreuth.de\/home\/wp-content\/uploads\/2017\/06\/Merchan-Geodreieck300-s.png 300w, https:\/\/www.rwg-bayreuth.de\/home\/wp-content\/uploads\/2017\/06\/Merchan-Geodreieck300-s-150x150.png 150w, https:\/\/www.rwg-bayreuth.de\/home\/wp-content\/uploads\/2017\/06\/Merchan-Geodreieck300-s-250x250.png 250w\" sizes=\"(max-width: 200px) 100vw, 200px\" \/><\/a><\/div>\n<p style=\"margin-top: 15px; \"><span style=\"font-size: 120%; font-weight:bold\" class=\"blau\">Geodreieck<\/span><br \/>\n<span style=\"font-size: 100%; font-weight:bold\">Preis: 1,- \u20ac<\/span>\n<\/p>\n<div class=\"clear\">\n<a href=\"https:\/\/www.rwg-bayreuth.de\/home\/?page_id=16264&#038;_gallery=gg-3-33\"><img loading=\"lazy\" decoding=\"async\" src=\"https:\/\/www.rwg-bayreuth.de\/home\/wp-content\/uploads\/2017\/06\/Merchan-Spitzer300-s.png\" alt=\"\" width=\"200\" height=\"200\" class=\"alignleft size-full wp-image-16330\" srcset=\"https:\/\/www.rwg-bayreuth.de\/home\/wp-content\/uploads\/2017\/06\/Merchan-Spitzer300-s.png 300w, https:\/\/www.rwg-bayreuth.de\/home\/wp-content\/uploads\/2017\/06\/Merchan-Spitzer300-s-150x150.png 150w, https:\/\/www.rwg-bayreuth.de\/home\/wp-content\/uploads\/2017\/06\/Merchan-Spitzer300-s-250x250.png 250w\" sizes=\"(max-width: 200px) 100vw, 200px\" \/><\/a><\/div>\n<p style=\"margin-top: 15px; \"><span style=\"font-size: 120%; font-weight:bold\" class=\"blau\">Spitzer<\/span><br \/>\n<span style=\"font-size: 100%; font-weight:bold\">Preis: 1,- \u20ac<\/span><br \/>\n<span style=\"font-size: 80%;\">Auch im Set mit Bleistift: 1,50 \u20ac<\/span>\n<\/p>\n<div class=\"clear\">\n<img decoding=\"async\" src=\"https:\/\/www.rwg-bayreuth.de\/home\/wp-content\/uploads\/2017\/10\/Logo_AutoSatz_72_400x227_RGB.jpg\" alt=\"\" width=\"200\"  class=\"alignright size-full wp-image-17843\" srcset=\"https:\/\/www.rwg-bayreuth.de\/home\/wp-content\/uploads\/2017\/10\/Logo_AutoSatz_72_400x227_RGB.jpg 400w, https:\/\/www.rwg-bayreuth.de\/home\/wp-content\/uploads\/2017\/10\/Logo_AutoSatz_72_400x227_RGB-250x142.jpg 250w\" sizes=\"(max-width: 400px) 100vw, 400px\" \/><\/p>\n<p style=\"padding-top: 10px;\">Wir bedanken uns ganz herzlich bei Herrn Engels von der Firma AutoSatz f\u00fcr die tatkr\u00e4ftige Unterst\u00fctzung beim Layout und den kostenlosen Druck der Flyer.\n<\/p>\n<\/div>\n","protected":false},"excerpt":{"rendered":"<p>Zum 150. Jubil\u00e4um des RWG wird es dank der Wirschaftsklasse 10bd verschiedene interessante Produkte mit brandneuem Schullogo zu kaufen geben. [mehr&#8230;] Die Schulprodukte werden am Schulfest und an allen Jubil\u00e4umsveranstaltungen erh\u00e4ltlich sein. Vorverkauf in den Klassen ab dem 4. Juli. Der Erl\u00f6s des Verkaufs, kommt unserer Partnerschule in Nairobi zu Gute. Produktinformationen und Preise: Block&hellip;<\/p>\n","protected":false},"author":11,"featured_media":0,"parent":14662,"menu_order":0,"comment_status":"closed","ping_status":"closed","template":"page-templates\/no-sidebar.php","meta":{"footnotes":""},"tags":[],"_links":{"self":[{"href":"https:\/\/www.rwg-bayreuth.de\/home\/index.php?rest_route=\/wp\/v2\/pages\/16264"}],"collection":[{"href":"https:\/\/www.rwg-bayreuth.de\/home\/index.php?rest_route=\/wp\/v2\/pages"}],"about":[{"href":"https:\/\/www.rwg-bayreuth.de\/home\/index.php?rest_route=\/wp\/v2\/types\/page"}],"author":[{"embeddable":true,"href":"https:\/\/www.rwg-bayreuth.de\/home\/index.php?rest_route=\/wp\/v2\/users\/11"}],"replies":[{"embeddable":true,"href":"https:\/\/www.rwg-bayreuth.de\/home\/index.php?rest_route=%2Fwp%2Fv2%2Fcomments&post=16264"}],"version-history":[{"count":18,"href":"https:\/\/www.rwg-bayreuth.de\/home\/index.php?rest_route=\/wp\/v2\/pages\/16264\/revisions"}],"predecessor-version":[{"id":16266,"href":"https:\/\/www.rwg-bayreuth.de\/home\/index.php?rest_route=\/wp\/v2\/pages\/16264\/revisions\/16266"}],"up":[{"embeddable":true,"href":"https:\/\/www.rwg-bayreuth.de\/home\/index.php?rest_route=\/wp\/v2\/pages\/14662"}],"wp:attachment":[{"href":"https:\/\/www.rwg-bayreuth.de\/home\/index.php?rest_route=%2Fwp%2Fv2%2Fmedia&parent=16264"}],"wp:term":[{"taxonomy":"post_tag","embeddable":true,"href":"https:\/\/www.rwg-bayreuth.de\/home\/index.php?rest_route=%2Fwp%2Fv2%2Ftags&post=16264"}],"curies":[{"name":"wp","href":"https:\/\/api.w.org\/{rel}","templated":true}]}}