{"id":1611,"date":"2013-04-09T21:17:39","date_gmt":"2013-04-09T20:17:39","guid":{"rendered":"http:\/\/www.rwg-bayreuth.de\/home\/?page_id=1611"},"modified":"2021-03-19T15:42:20","modified_gmt":"2021-03-19T14:42:20","slug":"sprachdiplom-delf","status":"publish","type":"page","link":"https:\/\/www.rwg-bayreuth.de\/home\/?page_id=1611","title":{"rendered":"Sprachdiplom DELF"},"content":{"rendered":"<p><a href=\"https:\/\/www.rwg-bayreuth.de\/home\/wp-content\/uploads\/2013\/04\/Franz_DELF-Symbol-web.jpg\"><img loading=\"lazy\" decoding=\"async\" src=\"https:\/\/www.rwg-bayreuth.de\/home\/wp-content\/uploads\/2013\/04\/Franz_DELF-Symbol-web.jpg\" alt=\"\" width=\"100\" height=\"92\" class=\"alignleft size-full wp-image-1613\" \/><\/a>DELF (Dipl\u00f4me d\u2019\u00c9tudes en Langue Fran\u00e7aise) ist ein vom franz\u00f6sischen Erziehungsministerium ausgestelltes, international anerkanntes Sprach-Zertifikat, zu dem die Pr\u00fcfungen auf verschiedenen Niveaus abgelegt werden k\u00f6nnen. In Zeiten der Globalisierung ist es durchaus interessant, wenn Sch\u00fcler bei einer Bewerbung ein internationales Sprachzertifikat vorweisen k\u00f6nnen. Auch der Zugang zu inner- oder au\u00dfereurop\u00e4ischen Universit\u00e4ten wird durch eine solche Qualifikation erleichtert.<\/p>\n<p>Das Richard-Wagner-Gymnasium ist berechtigt, die Pr\u00fcfungen abzunehmen. Bei ausreichender Teilnehmerzahl werden Vorbereitungskurse auf die DELF-Pr\u00fcfungen der Niveaustufe B1 (10. Klasse) angeboten. <\/p>\n<h2>Aktuelles<\/h2>\n<div style=\"max-width: 1000px\">\n<div class=\"rwg_post_list\"><\/div><!-- end .rwg_post_list -->\n<\/div>\n","protected":false},"excerpt":{"rendered":"<p>DELF (Dipl\u00f4me d\u2019\u00c9tudes en Langue Fran\u00e7aise) ist ein vom franz\u00f6sischen Erziehungsministerium ausgestelltes, international anerkanntes Sprach-Zertifikat, zu dem die Pr\u00fcfungen auf verschiedenen Niveaus abgelegt werden k\u00f6nnen. In Zeiten der Globalisierung ist es durchaus interessant, wenn Sch\u00fcler bei einer Bewerbung ein internationales Sprachzertifikat vorweisen k\u00f6nnen. Auch der Zugang zu inner- oder au\u00dfereurop\u00e4ischen Universit\u00e4ten wird durch eine solche&hellip;<\/p>\n","protected":false},"author":2,"featured_media":0,"parent":1598,"menu_order":0,"comment_status":"closed","ping_status":"closed","template":"page-templates\/no-sidebar.php","meta":{"footnotes":""},"tags":[54],"_links":{"self":[{"href":"https:\/\/www.rwg-bayreuth.de\/home\/index.php?rest_route=\/wp\/v2\/pages\/1611"}],"collection":[{"href":"https:\/\/www.rwg-bayreuth.de\/home\/index.php?rest_route=\/wp\/v2\/pages"}],"about":[{"href":"https:\/\/www.rwg-bayreuth.de\/home\/index.php?rest_route=\/wp\/v2\/types\/page"}],"author":[{"embeddable":true,"href":"https:\/\/www.rwg-bayreuth.de\/home\/index.php?rest_route=\/wp\/v2\/users\/2"}],"replies":[{"embeddable":true,"href":"https:\/\/www.rwg-bayreuth.de\/home\/index.php?rest_route=%2Fwp%2Fv2%2Fcomments&post=1611"}],"version-history":[{"count":9,"href":"https:\/\/www.rwg-bayreuth.de\/home\/index.php?rest_route=\/wp\/v2\/pages\/1611\/revisions"}],"predecessor-version":[{"id":28624,"href":"https:\/\/www.rwg-bayreuth.de\/home\/index.php?rest_route=\/wp\/v2\/pages\/1611\/revisions\/28624"}],"up":[{"embeddable":true,"href":"https:\/\/www.rwg-bayreuth.de\/home\/index.php?rest_route=\/wp\/v2\/pages\/1598"}],"wp:attachment":[{"href":"https:\/\/www.rwg-bayreuth.de\/home\/index.php?rest_route=%2Fwp%2Fv2%2Fmedia&parent=1611"}],"wp:term":[{"taxonomy":"post_tag","embeddable":true,"href":"https:\/\/www.rwg-bayreuth.de\/home\/index.php?rest_route=%2Fwp%2Fv2%2Ftags&post=1611"}],"curies":[{"name":"wp","href":"https:\/\/api.w.org\/{rel}","templated":true}]}}