{"id":160,"date":"2012-01-22T10:16:15","date_gmt":"2012-01-22T09:16:15","guid":{"rendered":"http:\/\/www.rwg-bayreuth.de\/home\/?page_id=160"},"modified":"2023-09-28T16:12:22","modified_gmt":"2023-09-28T14:12:22","slug":"impressum","status":"publish","type":"page","link":"https:\/\/www.rwg-bayreuth.de\/home\/?page_id=160","title":{"rendered":"Impressum"},"content":{"rendered":"<h5>Schulleitung:<\/h5>\n<p>Ursula Graf, OStDin (Schulleiterin)<br \/>\nChristian Str\u00f6hla, StD (Stellvertretender Schulleiter)<br \/>\nSabine Fr\u00f6ber, StDin (Mitarbeiterin in der Schulleitung)<br \/>\nTim Pr\u00f6tel, StD (Mitarbeiter in der Schulleitung)<\/p>\n<h5>Anschrift:<\/h5>\n<p>Richard-Wagner-Gymnasium Bayreuth<br \/>\nWittelsbacherring 9<br \/>\n95444 Bayreuth<br \/>\nTel.: <a href=\"tel:+49921759850\">0921&nbsp;75985-0<\/a><br \/>\nFax: 0921 75985-30<br \/>\nMail: schulleitung(at)rwg-bayreuth.de<\/p>\n<h5>Schultr\u00e4ger:<\/h5>\n<p>Freistaat Bayern<\/p>\n<h5>Zust\u00e4ndige Aufsichtsbeh\u00f6rde:<\/h5>\n<p>Ministerialbeauftragter f\u00fcr die Gymnasien in Oberfranken<br \/>\nDr. Harald Vorleuter, Ltd. OStD<br \/>\nGymnasiumsplatz 4-6<br \/>\n95028 Hof\/Saale<br \/>\nTel.: 09281 7286-41<br \/>\nFax: 09281 7286-40<br \/>\nMail: mb.gymofr(at)t-online.de<\/p>\n<h5>Sachaufwandstr\u00e4ger:<\/h5>\n<p>Stadt Bayreuth<br \/>\nHauptamt<br \/>\nNeues Rathaus<br \/>\nLuitpoldplatz 13<br \/>\n95444 Bayreuth<br \/>\nTel.: 0921 25-0<br \/>\nFax: 0921 25-1703<br \/>\nMail: hauptamt(at)stadt.bayreuth.de<\/p>\n","protected":false},"excerpt":{"rendered":"<p>Schulleitung: Ursula Graf, OStDin (Schulleiterin) Christian Str\u00f6hla, StD (Stellvertretender Schulleiter) Sabine Fr\u00f6ber, StDin (Mitarbeiterin in der Schulleitung) Tim Pr\u00f6tel, StD (Mitarbeiter in der Schulleitung) Anschrift: Richard-Wagner-Gymnasium Bayreuth Wittelsbacherring 9 95444 Bayreuth Tel.: 0921&nbsp;75985-0 Fax: 0921 75985-30 Mail: schulleitung(at)rwg-bayreuth.de Schultr\u00e4ger: Freistaat Bayern Zust\u00e4ndige Aufsichtsbeh\u00f6rde: Ministerialbeauftragter f\u00fcr die Gymnasien in Oberfranken Dr. Harald Vorleuter, Ltd. OStD Gymnasiumsplatz&hellip;<\/p>\n","protected":false},"author":1,"featured_media":0,"parent":14662,"menu_order":80,"comment_status":"closed","ping_status":"closed","template":"page-templates\/no-sidebar.php","meta":{"footnotes":""},"tags":[],"_links":{"self":[{"href":"https:\/\/www.rwg-bayreuth.de\/home\/index.php?rest_route=\/wp\/v2\/pages\/160"}],"collection":[{"href":"https:\/\/www.rwg-bayreuth.de\/home\/index.php?rest_route=\/wp\/v2\/pages"}],"about":[{"href":"https:\/\/www.rwg-bayreuth.de\/home\/index.php?rest_route=\/wp\/v2\/types\/page"}],"author":[{"embeddable":true,"href":"https:\/\/www.rwg-bayreuth.de\/home\/index.php?rest_route=\/wp\/v2\/users\/1"}],"replies":[{"embeddable":true,"href":"https:\/\/www.rwg-bayreuth.de\/home\/index.php?rest_route=%2Fwp%2Fv2%2Fcomments&post=160"}],"version-history":[{"count":39,"href":"https:\/\/www.rwg-bayreuth.de\/home\/index.php?rest_route=\/wp\/v2\/pages\/160\/revisions"}],"predecessor-version":[{"id":29577,"href":"https:\/\/www.rwg-bayreuth.de\/home\/index.php?rest_route=\/wp\/v2\/pages\/160\/revisions\/29577"}],"up":[{"embeddable":true,"href":"https:\/\/www.rwg-bayreuth.de\/home\/index.php?rest_route=\/wp\/v2\/pages\/14662"}],"wp:attachment":[{"href":"https:\/\/www.rwg-bayreuth.de\/home\/index.php?rest_route=%2Fwp%2Fv2%2Fmedia&parent=160"}],"wp:term":[{"taxonomy":"post_tag","embeddable":true,"href":"https:\/\/www.rwg-bayreuth.de\/home\/index.php?rest_route=%2Fwp%2Fv2%2Ftags&post=160"}],"curies":[{"name":"wp","href":"https:\/\/api.w.org\/{rel}","templated":true}]}}