{"id":1553,"date":"2013-04-07T10:36:46","date_gmt":"2013-04-07T09:36:46","guid":{"rendered":"http:\/\/www.rwg-bayreuth.de\/home\/?page_id=1553"},"modified":"2025-03-05T20:28:34","modified_gmt":"2025-03-05T19:28:34","slug":"bundeswettbewerb-fremdsprachen","status":"publish","type":"page","link":"https:\/\/www.rwg-bayreuth.de\/home\/?page_id=1553","title":{"rendered":"Bundeswettbewerb Fremdsprachen"},"content":{"rendered":"<p><img decoding=\"async\" src=\"https:\/\/www.rwg-bayreuth.de\/home\/wp-content\/uploads\/2017\/02\/Bundeswettbewerb-Fremdsprachen.jpg\" alt=\"\" width=\"100%\"  class=\"alignnone size-full wp-image-13383\" srcset=\"https:\/\/www.rwg-bayreuth.de\/home\/wp-content\/uploads\/2017\/02\/Bundeswettbewerb-Fremdsprachen.jpg 2008w, https:\/\/www.rwg-bayreuth.de\/home\/wp-content\/uploads\/2017\/02\/Bundeswettbewerb-Fremdsprachen-150x35.jpg 150w, https:\/\/www.rwg-bayreuth.de\/home\/wp-content\/uploads\/2017\/02\/Bundeswettbewerb-Fremdsprachen-450x106.jpg 450w, https:\/\/www.rwg-bayreuth.de\/home\/wp-content\/uploads\/2017\/02\/Bundeswettbewerb-Fremdsprachen-768x181.jpg 768w, https:\/\/www.rwg-bayreuth.de\/home\/wp-content\/uploads\/2017\/02\/Bundeswettbewerb-Fremdsprachen-1024x241.jpg 1024w, https:\/\/www.rwg-bayreuth.de\/home\/wp-content\/uploads\/2017\/02\/Bundeswettbewerb-Fremdsprachen-250x59.jpg 250w, https:\/\/www.rwg-bayreuth.de\/home\/wp-content\/uploads\/2017\/02\/Bundeswettbewerb-Fremdsprachen-600x141.jpg 600w\" sizes=\"(max-width: 2008px) 100vw, 2008px\" \/><br \/>\nDer Bundeswettbewerb Fremdsprachen bietet sprachlich talentierten Sch\u00fclerInnen die M\u00f6glichkeit, sich im bundesweiten Vergleich mit anderen WettbewerbsteilnehmerInnen zu messen. Das Angebot der Sprachen ist dabei \u00e4u\u00dferst vielf\u00e4ltig: neben den g\u00e4ngigen Schulfremdsprachen Englisch, Franz\u00f6sisch, Latein, Spanisch und Italienisch gibt es auch \u201eexotischere\u201c Varianten wie D\u00e4nisch, Niederl\u00e4ndisch, Polnisch oder Russisch.<\/p>\n<p>Unterschieden wird vornehmlich in Ein- und Zweisprachenwettbewerbe. Beim Einsprachenwettbewerb gilt es, die Beherrschung der jeweiligen Sprache in den drei Pr\u00fcfungsteilen Kreatives Schreiben, Worterg\u00e4nzung \/ Landeskunde \/ Leseverstehen und H\u00f6rverstehen unter Beweis zu stellen. Im Zweisprachenwettbewerb muss zus\u00e4tzlich noch in einer weiteren Fremdsprache ein Aufgabenteil zum Leseverstehen \/ Textproduktion \/ Landeskunde bew\u00e4ltigt werden. Weiterhin reichen alle KandidatInnen einen in Hausarbeit besprochenen Tontr\u00e4ger, bestehend aus einem Vorlesetext und einer Pr\u00e4sentationsaufgabe ein. Jede(r) Teilnehmer(in) erh\u00e4lt eine Urkunde f\u00fcr die bearbeiteten anspruchsvollen Aufgaben, die \u00fcber das in der Schule Geforderte hinausgehen, und die Chance auf Geld- und Sachpreise.<\/p>\n<p>Interessenten am Oberstufenwettbewerb, welcher sich bei jeweiligem Weiterqualifizieren \u00fcber vier Runden erstreckt, m\u00fcssen zun\u00e4chst einen Text zu einem vorgegebenen Thema verfassen und diesen auf einen Tontr\u00e4ger sprechen. In der zweiten Runde wird in einer umfangreichen dreist\u00fcndigen Klausur Textverst\u00e4ndnis, \u00dcbersetzung und freie Textproduktion in der ersten gew\u00e4hlten Fremdsprache abgepr\u00fcft. Der zweite Teil fordertim Stile einer Mediation eine deutsche Textvorlage in die zweite Fremdsprache zu \u00fcbertragen. Es folgt eine anspruchsvolle Linguistikaufgabe. In der dritten Runde wird in einer Art \u201eHausarbeit\u201c eine schriftliche Bearbeitung eines Sachthemas in der ersten Wettbewerbssprache sowie eine Zusammenfassung des ausgearbeiteten Themas in der anderen Wettbewerbssprache angefertigt. Die letzte Pr\u00fcfungsrunde besteht dann aus einer mehrsprachigen Diskussionsrunde, in der vor einer Jury um die attraktiven Barpreise, Sprachreisen und Reisestipendiengek\u00e4mpft wird.<\/p>\n<p>Wer sich nicht mit diesen \u201eklassischen\u201c Aufgaben befassen m\u00f6chte, hat auch die M\u00f6glichkeit, eine Kurzgeschichte in einer Fremdsprache zu verfassen und mit dieser den Kreativwettbewerb zu bereichern oder im Gruppenwettbewerb einen Film, ein H\u00f6rspiel, Theaterst\u00fcck oder \u00e4hnliches zu produzieren.<\/p>\n<p>Weitere Informationen erh\u00e4lt man auf der <a href=\"http:\/\/www.bundeswettbewerb-fremdsprachen.de\" title=\"Bundeswettbewerb Fremdsprachen\" target=\"_blank\" rel=\"noopener noreferrer\">Website des Bundeswettbewerbs Fremdsprachen<\/a>.<\/p>\n<h3>Berichte vom Bundeswettbewerb Fremdsprachen am RWG:<\/h3>\n<div class=\"rwg_post_list\"><article id=\"post-36769\"class=\"cf post-36769 post type-post status-publish format-standard has-post-thumbnail hentry category-allgemein tag-buwettfremdsprachen tag-home\">\n \t\t<div class=\"entry-thumbnail fadein\"> \t\t\t<a href=\"https:\/\/www.rwg-bayreuth.de\/home\/?p=36769\"><img loading=\"lazy\" decoding=\"async\" width=\"1024\" height=\"683\" src=\"https:\/\/www.rwg-bayreuth.de\/home\/wp-content\/uploads\/2024\/07\/23-24-BundeswettbewerbFremdsprachen-B.jpg\" class=\"attachment-post-thumbnail size-post-thumbnail wp-post-image\" alt=\"\" srcset=\"https:\/\/www.rwg-bayreuth.de\/home\/wp-content\/uploads\/2024\/07\/23-24-BundeswettbewerbFremdsprachen-B.jpg 1024w, https:\/\/www.rwg-bayreuth.de\/home\/wp-content\/uploads\/2024\/07\/23-24-BundeswettbewerbFremdsprachen-B-150x100.jpg 150w, https:\/\/www.rwg-bayreuth.de\/home\/wp-content\/uploads\/2024\/07\/23-24-BundeswettbewerbFremdsprachen-B-450x300.jpg 450w, https:\/\/www.rwg-bayreuth.de\/home\/wp-content\/uploads\/2024\/07\/23-24-BundeswettbewerbFremdsprachen-B-768x512.jpg 768w, https:\/\/www.rwg-bayreuth.de\/home\/wp-content\/uploads\/2024\/07\/23-24-BundeswettbewerbFremdsprachen-B-250x167.jpg 250w, https:\/\/www.rwg-bayreuth.de\/home\/wp-content\/uploads\/2024\/07\/23-24-BundeswettbewerbFremdsprachen-B-900x600.jpg 900w\" sizes=\"(max-width: 1024px) 100vw, 1024px\" \/><\/a> \t\t<\/div><!-- end .entry-thumbnail -->\n<div class=\"meta-main-wrap\">\n  <div class=\"\">\n    <header class=\"entry-header\">\n      <div class=\"entry-cats\">\n        <div class=\"kategorie\"><a href=\"https:\/\/www.rwg-bayreuth.de\/home\/?cat=1\" rel=\"category\">Schulleben<\/a><\/div>\n<div class=\"entry-edit\" >      <div class=\"entry-date\" >\n        <a href=\"https:\/\/www.rwg-bayreuth.de\/home\/?p=36769\">1. Juli 2024<\/a>\n      <\/div><\/div><!-- end .entry-date -->\n      <\/div><!-- end .entry-cats -->\n<h2 class=\"entry-title\"><a href=\"https:\/\/www.rwg-bayreuth.de\/home\/?p=36769\" rel=\"bookmark\">Bundeswettbewerb Fremdsprachen \u2013 2.&nbsp;Platz f\u00fcr Finja K\u00f6rber!<\/a><\/h2>\n    <\/header><!-- end .entry-header -->\n    <div class=\"entry-summary\">\nIn diesem Schuljahr erfreut sich die Fachschaft der Fremdsprachen an einer regen Teilnahme am Bundeswettbewerb Fremdsprachen in der Kategorie SOLO. Dank der Unterst\u00fctzung durch alle Fremdsprachenlehrkr\u00e4fte durfte das Organisationsteam rund um Frau Ackermann, Frau Friedrich und Frau Westfeld sieben sprachbegeisterte Kandidatinnen aus den Jahrgangsstufen 8 bis 10 in den bundesweiten Wettbewerb schicken, bei welchem es&hellip;\n  <\/div><!-- .entry-summary -->\n  <\/div><!-- .entry-main -->\n<\/div><!-- .meta-main-wrap -->\n<\/article><!-- end post -36769 -->\n<article id=\"post-34054\"class=\"cf post-34054 post type-post status-publish format-standard has-post-thumbnail hentry category-allgemein tag-buwettfremdsprachen tag-franzoesisch tag-home tag-latein\">\n \t\t<div class=\"entry-thumbnail fadein\"> \t\t\t<a href=\"https:\/\/www.rwg-bayreuth.de\/home\/?p=34054\"><img loading=\"lazy\" decoding=\"async\" width=\"1024\" height=\"683\" src=\"https:\/\/www.rwg-bayreuth.de\/home\/wp-content\/uploads\/2023\/07\/22-23-Urkundenverleihung_BW-FS-23-B.jpg\" class=\"attachment-post-thumbnail size-post-thumbnail wp-post-image\" alt=\"\" srcset=\"https:\/\/www.rwg-bayreuth.de\/home\/wp-content\/uploads\/2023\/07\/22-23-Urkundenverleihung_BW-FS-23-B.jpg 1024w, https:\/\/www.rwg-bayreuth.de\/home\/wp-content\/uploads\/2023\/07\/22-23-Urkundenverleihung_BW-FS-23-B-450x300.jpg 450w, https:\/\/www.rwg-bayreuth.de\/home\/wp-content\/uploads\/2023\/07\/22-23-Urkundenverleihung_BW-FS-23-B-150x100.jpg 150w, https:\/\/www.rwg-bayreuth.de\/home\/wp-content\/uploads\/2023\/07\/22-23-Urkundenverleihung_BW-FS-23-B-768x512.jpg 768w, https:\/\/www.rwg-bayreuth.de\/home\/wp-content\/uploads\/2023\/07\/22-23-Urkundenverleihung_BW-FS-23-B-250x167.jpg 250w, https:\/\/www.rwg-bayreuth.de\/home\/wp-content\/uploads\/2023\/07\/22-23-Urkundenverleihung_BW-FS-23-B-900x600.jpg 900w\" sizes=\"(max-width: 1024px) 100vw, 1024px\" \/><\/a> \t\t<\/div><!-- end .entry-thumbnail -->\n<div class=\"meta-main-wrap\">\n  <div class=\"\">\n    <header class=\"entry-header\">\n      <div class=\"entry-cats\">\n        <div class=\"kategorie\"><a href=\"https:\/\/www.rwg-bayreuth.de\/home\/?cat=1\" rel=\"category\">Schulleben<\/a><\/div>\n<div class=\"entry-edit\" >      <div class=\"entry-date\" >\n        <a href=\"https:\/\/www.rwg-bayreuth.de\/home\/?p=34054\">2. Juli 2023<\/a>\n      <\/div><\/div><!-- end .entry-date -->\n      <\/div><!-- end .entry-cats -->\n<h2 class=\"entry-title\"><a href=\"https:\/\/www.rwg-bayreuth.de\/home\/?p=34054\" rel=\"bookmark\">Bundeswettbewerb Fremdsprachen<\/a><\/h2>\n    <\/header><!-- end .entry-header -->\n    <div class=\"entry-summary\">\nIm diesj\u00e4hrigen Bundeswettbewerb Fremdsprachen wurde das RWG von zwei Sprachtalenten, n\u00e4mlich Jule Christ aus der Klasse 9d und Noah Schneider aus der Klasse 10b, erfolgreich vertreten. Sie nahmen in der Kategorie SOLO 8.-10. Klasse teil. Jule w\u00e4hlte das Fach Latein. Ihre Aufgabe war es, einen modernen Gegenstand, den es in der Antike nicht gab, und&hellip;\n  <\/div><!-- .entry-summary -->\n  <\/div><!-- .entry-main -->\n<\/div><!-- .meta-main-wrap -->\n<\/article><!-- end post -34054 -->\n<\/div><!-- end .rwg_post_list -->\n","protected":false},"excerpt":{"rendered":"<p>Der Bundeswettbewerb Fremdsprachen bietet sprachlich talentierten Sch\u00fclerInnen die M\u00f6glichkeit, sich im bundesweiten Vergleich mit anderen WettbewerbsteilnehmerInnen zu messen. Das Angebot der Sprachen ist dabei \u00e4u\u00dferst vielf\u00e4ltig: neben den g\u00e4ngigen Schulfremdsprachen Englisch, Franz\u00f6sisch, Latein, Spanisch und Italienisch gibt es auch \u201eexotischere\u201c Varianten wie D\u00e4nisch, Niederl\u00e4ndisch, Polnisch oder Russisch. Unterschieden wird vornehmlich in Ein- und Zweisprachenwettbewerbe. Beim&hellip;<\/p>\n","protected":false},"author":2,"featured_media":0,"parent":11137,"menu_order":8,"comment_status":"closed","ping_status":"closed","template":"page-templates\/no-sidebar.php","meta":{"footnotes":""},"tags":[54],"_links":{"self":[{"href":"https:\/\/www.rwg-bayreuth.de\/home\/index.php?rest_route=\/wp\/v2\/pages\/1553"}],"collection":[{"href":"https:\/\/www.rwg-bayreuth.de\/home\/index.php?rest_route=\/wp\/v2\/pages"}],"about":[{"href":"https:\/\/www.rwg-bayreuth.de\/home\/index.php?rest_route=\/wp\/v2\/types\/page"}],"author":[{"embeddable":true,"href":"https:\/\/www.rwg-bayreuth.de\/home\/index.php?rest_route=\/wp\/v2\/users\/2"}],"replies":[{"embeddable":true,"href":"https:\/\/www.rwg-bayreuth.de\/home\/index.php?rest_route=%2Fwp%2Fv2%2Fcomments&post=1553"}],"version-history":[{"count":13,"href":"https:\/\/www.rwg-bayreuth.de\/home\/index.php?rest_route=\/wp\/v2\/pages\/1553\/revisions"}],"predecessor-version":[{"id":38270,"href":"https:\/\/www.rwg-bayreuth.de\/home\/index.php?rest_route=\/wp\/v2\/pages\/1553\/revisions\/38270"}],"up":[{"embeddable":true,"href":"https:\/\/www.rwg-bayreuth.de\/home\/index.php?rest_route=\/wp\/v2\/pages\/11137"}],"wp:attachment":[{"href":"https:\/\/www.rwg-bayreuth.de\/home\/index.php?rest_route=%2Fwp%2Fv2%2Fmedia&parent=1553"}],"wp:term":[{"taxonomy":"post_tag","embeddable":true,"href":"https:\/\/www.rwg-bayreuth.de\/home\/index.php?rest_route=%2Fwp%2Fv2%2Ftags&post=1553"}],"curies":[{"name":"wp","href":"https:\/\/api.w.org\/{rel}","templated":true}]}}