{"id":1548,"date":"2013-04-07T10:21:43","date_gmt":"2013-04-07T09:21:43","guid":{"rendered":"http:\/\/www.rwg-bayreuth.de\/home\/?page_id=1548"},"modified":"2025-07-20T23:22:55","modified_gmt":"2025-07-20T21:22:55","slug":"cambridge-english-advanced-certificate","status":"publish","type":"page","link":"https:\/\/www.rwg-bayreuth.de\/home\/?page_id=1548","title":{"rendered":"Cambridge English Advanced Certificate"},"content":{"rendered":"<p><a href=\"https:\/\/www.rwg-bayreuth.de\/home\/wp-content\/uploads\/2017\/03\/CAE-Logo-450.jpg\"><img loading=\"lazy\" decoding=\"async\" src=\"https:\/\/www.rwg-bayreuth.de\/home\/wp-content\/uploads\/2017\/03\/CAE-Logo-450.jpg\" alt=\"\" width=\"450\" height=\"73\" class=\"alignleft size-full wp-image-14454\" srcset=\"https:\/\/www.rwg-bayreuth.de\/home\/wp-content\/uploads\/2017\/03\/CAE-Logo-450.jpg 450w, https:\/\/www.rwg-bayreuth.de\/home\/wp-content\/uploads\/2017\/03\/CAE-Logo-450-150x24.jpg 150w, https:\/\/www.rwg-bayreuth.de\/home\/wp-content\/uploads\/2017\/03\/CAE-Logo-450-300x49.jpg 300w, https:\/\/www.rwg-bayreuth.de\/home\/wp-content\/uploads\/2017\/03\/CAE-Logo-450-250x41.jpg 250w\" sizes=\"(max-width: 450px) 100vw, 450px\" \/><\/a><\/p>\n<p>Jedes Jahr finden an bayerischen Schulen an zwei Samstagen im M\u00e4rz die Pr\u00fcfungen f\u00fcr das Cambridge Englisch Advanced Certificate (CAE) statt. Auch das RWG nimmt teil.<\/p>\n<p>Das CAE-Sprachzertifikats kann weltweit in 133 L\u00e4ndern erworben werden und wird von einer Abteilung der Universit\u00e4t Cambridge bewertet. Wer es erfolgreich ablegt, erh\u00e4lt den begehrten Nachweis, auf sehr hohem Niveau kommunizieren und komplexe Aufgaben durchf\u00fchren zu k\u00f6nnen. Daher wird das CAE von vielen Arbeitgebern und ausl\u00e4ndischen Universit\u00e4ten als Beleg hervorragender Englischkenntnisse anerkannt oder eingefordert. Entsprechend anspruchsvoll sind die Pr\u00fcfungen aus den Bereichen Reading and Use of English, Writing, Listening und Speaking. <\/p>\n<p>Es versteht sich von selbst, dass die Teilnahme am CAE f\u00fcr unsere Sch\u00fclerinnen und Sch\u00fcler zus\u00e4tzlichen Einsatz neben ihrem \u201enormalen\u201c Unterricht bedeutet. Umso erfreulicher ist ihre Bereitschaft, beim CAE mitzumachen.<\/p>\n<p>Um sie bei der Vorbereitung nicht alleine zu lassen, bietet das RWG ab November eine w\u00f6chentliche Vorbereitungsstunde mit einer Muttersprachlerin an, in der die spezifischen CAE-Aufgabenformate intensiv ge\u00fcbt werden.<\/p>\n<h2 class=\"clear\">Aktuelles<\/h2>\n<div class=\"rwg_post_list\"><article id=\"post-39228\"class=\"cf post-39228 post type-post status-publish format-standard has-post-thumbnail hentry category-allgemein tag-cae-diplom tag-englisch tag-home\">\n \t\t<div class=\"entry-thumbnail fadein\"> \t\t\t<a href=\"https:\/\/www.rwg-bayreuth.de\/home\/?p=39228\"><img loading=\"lazy\" decoding=\"async\" width=\"1024\" height=\"683\" src=\"https:\/\/www.rwg-bayreuth.de\/home\/wp-content\/uploads\/2025\/07\/24-25-CAE-B.jpg\" class=\"attachment-post-thumbnail size-post-thumbnail wp-post-image\" alt=\"\" srcset=\"https:\/\/www.rwg-bayreuth.de\/home\/wp-content\/uploads\/2025\/07\/24-25-CAE-B.jpg 1024w, https:\/\/www.rwg-bayreuth.de\/home\/wp-content\/uploads\/2025\/07\/24-25-CAE-B-150x100.jpg 150w, https:\/\/www.rwg-bayreuth.de\/home\/wp-content\/uploads\/2025\/07\/24-25-CAE-B-450x300.jpg 450w, https:\/\/www.rwg-bayreuth.de\/home\/wp-content\/uploads\/2025\/07\/24-25-CAE-B-768x512.jpg 768w, https:\/\/www.rwg-bayreuth.de\/home\/wp-content\/uploads\/2025\/07\/24-25-CAE-B-250x167.jpg 250w, https:\/\/www.rwg-bayreuth.de\/home\/wp-content\/uploads\/2025\/07\/24-25-CAE-B-900x600.jpg 900w\" sizes=\"(max-width: 1024px) 100vw, 1024px\" \/><\/a> \t\t<\/div><!-- end .entry-thumbnail -->\n<div class=\"meta-main-wrap\">\n  <div class=\"\">\n    <header class=\"entry-header\">\n      <div class=\"entry-cats\">\n        <div class=\"kategorie\"><a href=\"https:\/\/www.rwg-bayreuth.de\/home\/?cat=1\" rel=\"category\">Schulleben<\/a><\/div>\n<div class=\"entry-edit\" >      <div class=\"entry-date\" >\n        <a href=\"https:\/\/www.rwg-bayreuth.de\/home\/?p=39228\">12. Juli 2025<\/a>\n      <\/div><\/div><!-- end .entry-date -->\n      <\/div><!-- end .entry-cats -->\n<h2 class=\"entry-title\"><a href=\"https:\/\/www.rwg-bayreuth.de\/home\/?p=39228\" rel=\"bookmark\">Cambridge Assessment Englisch &#8211; CAE<\/a><\/h2>\n    <\/header><!-- end .entry-header -->\n    <div class=\"entry-summary\">\nAuch in diesem Schuljahr haben sich neun mutige und sprachbegabte Sch\u00fclerinnen und Sch\u00fcler der 12. Klasse des Richard-Wagner-Gymnasiums auf ein aufregendes Abenteuer eingelassen: die Vorbereitung auf das Cambridge Advanced English Certificate. Die Gruppe, bestehend aus vier M\u00e4dchen und f\u00fcnf Jungs, traf sich w\u00f6chentlich mit ihrer Lehrerin Frau Hesz, um gemeinsam Texte zu lesen, H\u00f6rverst\u00e4ndnis\u00fcbungen zu&hellip;\n  <\/div><!-- .entry-summary -->\n  <\/div><!-- .entry-main -->\n<\/div><!-- .meta-main-wrap -->\n<\/article><!-- end post -39228 -->\n<\/div><!-- end .rwg_post_list -->\n","protected":false},"excerpt":{"rendered":"<p>Jedes Jahr finden an bayerischen Schulen an zwei Samstagen im M\u00e4rz die Pr\u00fcfungen f\u00fcr das Cambridge Englisch Advanced Certificate (CAE) statt. Auch das RWG nimmt teil. Das CAE-Sprachzertifikats kann weltweit in 133 L\u00e4ndern erworben werden und wird von einer Abteilung der Universit\u00e4t Cambridge bewertet. Wer es erfolgreich ablegt, erh\u00e4lt den begehrten Nachweis, auf sehr hohem&hellip;<\/p>\n","protected":false},"author":2,"featured_media":0,"parent":1535,"menu_order":0,"comment_status":"closed","ping_status":"closed","template":"page-templates\/no-sidebar.php","meta":{"footnotes":""},"tags":[54],"_links":{"self":[{"href":"https:\/\/www.rwg-bayreuth.de\/home\/index.php?rest_route=\/wp\/v2\/pages\/1548"}],"collection":[{"href":"https:\/\/www.rwg-bayreuth.de\/home\/index.php?rest_route=\/wp\/v2\/pages"}],"about":[{"href":"https:\/\/www.rwg-bayreuth.de\/home\/index.php?rest_route=\/wp\/v2\/types\/page"}],"author":[{"embeddable":true,"href":"https:\/\/www.rwg-bayreuth.de\/home\/index.php?rest_route=\/wp\/v2\/users\/2"}],"replies":[{"embeddable":true,"href":"https:\/\/www.rwg-bayreuth.de\/home\/index.php?rest_route=%2Fwp%2Fv2%2Fcomments&post=1548"}],"version-history":[{"count":11,"href":"https:\/\/www.rwg-bayreuth.de\/home\/index.php?rest_route=\/wp\/v2\/pages\/1548\/revisions"}],"predecessor-version":[{"id":39234,"href":"https:\/\/www.rwg-bayreuth.de\/home\/index.php?rest_route=\/wp\/v2\/pages\/1548\/revisions\/39234"}],"up":[{"embeddable":true,"href":"https:\/\/www.rwg-bayreuth.de\/home\/index.php?rest_route=\/wp\/v2\/pages\/1535"}],"wp:attachment":[{"href":"https:\/\/www.rwg-bayreuth.de\/home\/index.php?rest_route=%2Fwp%2Fv2%2Fmedia&parent=1548"}],"wp:term":[{"taxonomy":"post_tag","embeddable":true,"href":"https:\/\/www.rwg-bayreuth.de\/home\/index.php?rest_route=%2Fwp%2Fv2%2Ftags&post=1548"}],"curies":[{"name":"wp","href":"https:\/\/api.w.org\/{rel}","templated":true}]}}