{"id":1535,"date":"2013-04-07T10:07:53","date_gmt":"2013-04-07T09:07:53","guid":{"rendered":"http:\/\/www.rwg-bayreuth.de\/home\/?page_id=1535"},"modified":"2025-01-24T17:36:46","modified_gmt":"2025-01-24T16:36:46","slug":"englisch","status":"publish","type":"page","link":"https:\/\/www.rwg-bayreuth.de\/home\/?page_id=1535","title":{"rendered":"Englisch"},"content":{"rendered":"<p><img decoding=\"async\" src=\"https:\/\/www.rwg-bayreuth.de\/home\/wp-content\/uploads\/2024\/01\/Englisch-AntoniaWohlrab.jpg\" alt=\"\" width=\"100%\" height=\"auto\" class=\"aligncenter size-full wp-image-35646\" srcset=\"https:\/\/www.rwg-bayreuth.de\/home\/wp-content\/uploads\/2024\/01\/Englisch-AntoniaWohlrab.jpg 1920w, https:\/\/www.rwg-bayreuth.de\/home\/wp-content\/uploads\/2024\/01\/Englisch-AntoniaWohlrab-1536x512.jpg 1536w, https:\/\/www.rwg-bayreuth.de\/home\/wp-content\/uploads\/2024\/01\/Englisch-AntoniaWohlrab-150x50.jpg 150w, https:\/\/www.rwg-bayreuth.de\/home\/wp-content\/uploads\/2024\/01\/Englisch-AntoniaWohlrab-450x150.jpg 450w, https:\/\/www.rwg-bayreuth.de\/home\/wp-content\/uploads\/2024\/01\/Englisch-AntoniaWohlrab-768x256.jpg 768w, https:\/\/www.rwg-bayreuth.de\/home\/wp-content\/uploads\/2024\/01\/Englisch-AntoniaWohlrab-1024x341.jpg 1024w, https:\/\/www.rwg-bayreuth.de\/home\/wp-content\/uploads\/2024\/01\/Englisch-AntoniaWohlrab-250x83.jpg 250w\" sizes=\"(max-width: 1920px) 100vw, 1920px\" \/><\/p>\n<p><!--<img decoding=\"async\" src=\"https:\/\/www.rwg-bayreuth.de\/home\/wp-content\/uploads\/2017\/01\/Englisch1-lklein.jpg\" alt=\"\" width=\"100%\"  class=\"alignnone size-full wp-image-13076\" srcset=\"https:\/\/www.rwg-bayreuth.de\/home\/wp-content\/uploads\/2017\/01\/Englisch1-lklein.jpg 1917w, https:\/\/www.rwg-bayreuth.de\/home\/wp-content\/uploads\/2017\/01\/Englisch1-lklein-150x50.jpg 150w, https:\/\/www.rwg-bayreuth.de\/home\/wp-content\/uploads\/2017\/01\/Englisch1-lklein-450x150.jpg 450w, https:\/\/www.rwg-bayreuth.de\/home\/wp-content\/uploads\/2017\/01\/Englisch1-lklein-768x256.jpg 768w, https:\/\/www.rwg-bayreuth.de\/home\/wp-content\/uploads\/2017\/01\/Englisch1-lklein-1024x341.jpg 1024w, https:\/\/www.rwg-bayreuth.de\/home\/wp-content\/uploads\/2017\/01\/Englisch1-lklein-250x83.jpg 250w, https:\/\/www.rwg-bayreuth.de\/home\/wp-content\/uploads\/2017\/01\/Englisch1-lklein-600x200.jpg 600w\" sizes=\"(max-width: 1917px) 100vw, 1917px\" \/>--><\/p>\n<h2>Fachschaft<\/h2>\n<p><a href=\"https:\/\/www.rwg-bayreuth.de\/home\/wp-content\/uploads\/2020\/10\/Fachschaft-Englisch.jpg\"><img decoding=\"async\" src=\"https:\/\/www.rwg-bayreuth.de\/home\/wp-content\/uploads\/2020\/10\/Fachschaft-Englisch.jpg\" alt=\"\" width=\"900\" height=\"auto\" class=\"alignnone size-full wp-image-27151 fachschaftsbild\" srcset=\"https:\/\/www.rwg-bayreuth.de\/home\/wp-content\/uploads\/2020\/10\/Fachschaft-Englisch.jpg 1024w, https:\/\/www.rwg-bayreuth.de\/home\/wp-content\/uploads\/2020\/10\/Fachschaft-Englisch-450x253.jpg 450w, https:\/\/www.rwg-bayreuth.de\/home\/wp-content\/uploads\/2020\/10\/Fachschaft-Englisch-768x432.jpg 768w, https:\/\/www.rwg-bayreuth.de\/home\/wp-content\/uploads\/2020\/10\/Fachschaft-Englisch-250x141.jpg 250w, https:\/\/www.rwg-bayreuth.de\/home\/wp-content\/uploads\/2020\/10\/Fachschaft-Englisch-800x450.jpg 800w, https:\/\/www.rwg-bayreuth.de\/home\/wp-content\/uploads\/2020\/10\/Fachschaft-Englisch-600x338.jpg 600w\" sizes=\"(max-width: 1024px) 100vw, 1024px\" \/><\/a><\/p>\n<p>Im Englischunterricht erwerben die Sch\u00fcler Sprachkenntnisse, die angesichts der zunehmenden politischen, wirtschaftlichen und kulturellen Verflechtung der L\u00e4nder Europas und der Welt eine immer gr\u00f6\u00dfere Bedeutung gewinnen: Englisch wird als Mutter- sowie als Zweit- und Amtssprache von \u00fcber einer Milliarde Menschen verwendet und spielt als weltweite Verkehrssprache im Rahmen internationaler Zusammenarbeit und globalen Wettbewerbs wie auch im fachwissenschaftlichen Austausch eine herausragende Rolle.<\/p>\n<div id=\"attachment_1537\" style=\"width: 410px\" class=\"wp-caption alignright\"><a href=\"https:\/\/www.rwg-bayreuth.de\/home\/wp-content\/uploads\/2013\/04\/Englisch_Verbreitung.jpg\"><img loading=\"lazy\" decoding=\"async\" aria-describedby=\"caption-attachment-1537\" class=\"size-full wp-image-1537\" src=\"https:\/\/www.rwg-bayreuth.de\/home\/wp-content\/uploads\/2013\/04\/Englisch_Verbreitung.jpg\" alt=\"Englisch ist in vielen L\u00e4ndern die Muttersprache (rot) und Gesch\u00e4fts- oder Verkehrssprache (orange). Quelle: Stat. Bundesamt\" width=\"400\" height=\"233\" srcset=\"https:\/\/www.rwg-bayreuth.de\/home\/wp-content\/uploads\/2013\/04\/Englisch_Verbreitung.jpg 400w, https:\/\/www.rwg-bayreuth.de\/home\/wp-content\/uploads\/2013\/04\/Englisch_Verbreitung-150x87.jpg 150w, https:\/\/www.rwg-bayreuth.de\/home\/wp-content\/uploads\/2013\/04\/Englisch_Verbreitung-300x174.jpg 300w, https:\/\/www.rwg-bayreuth.de\/home\/wp-content\/uploads\/2013\/04\/Englisch_Verbreitung-250x146.jpg 250w\" sizes=\"(max-width: 400px) 100vw, 400px\" \/><\/a><p id=\"caption-attachment-1537\" class=\"wp-caption-text\">Englisch ist in vielen L\u00e4ndern die Muttersprache (rot) und Gesch\u00e4fts- oder Verkehrssprache (orange). Quelle: Stat. Bundesamt<\/p><\/div>\n<p>Englisch ist jedoch auch eine Kultursprache, die den Zugang zur englischsprachigen Welt er\u00f6ffnet und einen Beitrag zur gymnasialen Bildung leistet. Im Zentrum stehen dabei Gro\u00dfbritannien und die USA. Exemplarische Einblicke in weitere englischsprachige L\u00e4nder bzw. Kulturr\u00e4ume erweitern den Horizont und machen die Rolle des Englischen als Weltsprache bewusst.<\/p>\n<p>Indem der Unterricht ein Gesp\u00fcr im Umgang mit sprachlicher und kultureller Vielfalt vermittelt und zum Nachdenken \u00fcber die eigene Situation und Lebensweise anregt, leistet er einen wesentlichen Beitrag zur Pers\u00f6nlichkeitsbildung der Jugendlichen.<\/p>\n<p>Englisch wird am Richard-Wagner-Gymnasium als erste Fremdsprache von Jahrgangsstufe 5 bis 12 angeboten. In einem praxis- und anwendungsorientierten Englischunterricht, gekennzeichnet von Methoden- und Medienvielfalt, erwerben die Sch\u00fcler die n\u00f6tigen Kenntnisse und Fertigkeiten, um vielf\u00e4ltige m\u00fcndliche und schriftliche Kommunikationssituationen in Studium, Beruf und Privatleben sicher und flexibel zu bew\u00e4ltigen. Von besonderer Bedeutung f\u00fcr das Englische ist hierbei neben dem Erlernen von Aussprache und Intonation sowie der Beherrschung grammatischer Strukturen der Erwerb eines umfangreichen Wortschatzes.<\/p>\n<p>Die Intensivierungsstunden stellen ein wichtiges Element des Englischunterrichts, besonders in der Unterstufe dar. Im Wesentlichen dienen sie an unserer Schule der Vertiefung des im Unterricht behandelten Stoffes. Nachhaltiges Lernen ist nach wie vor unerl\u00e4sslich f\u00fcr den Erfolg in Fremdsprachen.<\/p>\n<p>Um mit englischsprachigen Partnern auf einer breiten Basis kommunizieren zu k\u00f6nnen, m\u00fcssen die Sch\u00fcler neben sprachlichen Kompetenzen auch \u00fcber landeskundliche und literarische Kenntnisse verf\u00fcgen, die die Grundlage bilden f\u00fcr das Verst\u00e4ndnis der kulturellen und historischen Hintergr\u00fcnde anderer Lebensweisen.<\/p>\n<h2>Besonderes aus dem Fachbereich Englisch<\/h2>\n<h4>Austausch mit Market Harborough<\/h4>\n<p>Seit dem Schuljahr 2016\/17 bieten wir einen sehr beliebten j\u00e4hrlichen Austausch mit einer britischen Schule, der Welland Park Academy in Market Harborough an. F\u00fcr unsere Achtkl\u00e4ssler ist dieser Austausch ein tolles Erlebnis. Es w\u00e4re nicht das erste Mal, dass aus einem solchen Sch\u00fcleraustausch Freundschaften entstehen, die lange \u00fcber das Schulleben hinaus Bestand haben. Und die Vorteile des Umstandes, dass eine Woche lang nur auf Englisch kommuniziert wird, sind nat\u00fcrlich nicht von der Hand zu weisen. <a title=\"Austausch  mit Market Harborough\" href=\"https:\/\/www.rwg-bayreuth.de\/home\/?page_id=14887\">[mehr\u2026]<\/a><\/p>\n<h4>Cambridge English Advanced Certificate<\/h4>\n<p>Die R\u00fcckbindung der sprachlichen Leistungen an europ\u00e4ische Standards, die im Lehrplan f\u00fcr jede Jahrgangsstufe ausgewiesen sind, erm\u00f6glicht den Sch\u00fclern, ihre sprachliche Kompetenz einzusch\u00e4tzen, und erleichtert ihnen den Erwerb von Sprachzertifikaten. An unserem Gymnasium nehmen Sch\u00fcler der Oberstufe regelm\u00e4\u00dfig an den Pr\u00fcfungen zum Cambridge English Advanced Certificate teil. <a title=\"Cambridge English Advanced Certificate\" href=\"https:\/\/www.rwg-bayreuth.de\/home\/?page_id=1548\">[mehr\u2026]<\/a><\/p>\n<h4>Wettbewerbe<\/h4>\n<p>Die Sch\u00fclerinnen und Sch\u00fcler unterschiedlicher Jahrgangsstufen haben die M\u00f6glichkeit, ihre Englischkenntnisse in Wettbewerben zu testen, zum Beispiel im Bundeswettbewerb Fremdsprachen. <a title=\"Bundeswettbewerb Fremdsprachen\" href=\"https:\/\/www.rwg-bayreuth.de\/home\/?page_id=1553\">[mehr\u2026]<\/a><\/p>\n\n<h2>Aktuelles<\/h2>\n<div style=\"max-width: 1000px\">\n<div class=\"rwg_post_list\"><article id=\"post-41257\"class=\"cf post-41257 post type-post status-publish format-standard has-post-thumbnail hentry category-allgemein tag-englisch tag-home tag-temp\">\n \t\t<div class=\"entry-thumbnail fadein\"> \t\t\t<a href=\"https:\/\/www.rwg-bayreuth.de\/home\/?p=41257\"><img loading=\"lazy\" decoding=\"async\" width=\"1024\" height=\"683\" src=\"https:\/\/www.rwg-bayreuth.de\/home\/wp-content\/uploads\/2026\/05\/25-26-TehaterEnglisch-B.jpg\" class=\"attachment-post-thumbnail size-post-thumbnail wp-post-image\" alt=\"\" srcset=\"https:\/\/www.rwg-bayreuth.de\/home\/wp-content\/uploads\/2026\/05\/25-26-TehaterEnglisch-B.jpg 1024w, https:\/\/www.rwg-bayreuth.de\/home\/wp-content\/uploads\/2026\/05\/25-26-TehaterEnglisch-B-150x100.jpg 150w, https:\/\/www.rwg-bayreuth.de\/home\/wp-content\/uploads\/2026\/05\/25-26-TehaterEnglisch-B-450x300.jpg 450w, https:\/\/www.rwg-bayreuth.de\/home\/wp-content\/uploads\/2026\/05\/25-26-TehaterEnglisch-B-768x512.jpg 768w, https:\/\/www.rwg-bayreuth.de\/home\/wp-content\/uploads\/2026\/05\/25-26-TehaterEnglisch-B-250x167.jpg 250w, https:\/\/www.rwg-bayreuth.de\/home\/wp-content\/uploads\/2026\/05\/25-26-TehaterEnglisch-B-900x600.jpg 900w\" sizes=\"(max-width: 1024px) 100vw, 1024px\" \/><\/a> \t\t<\/div><!-- end .entry-thumbnail -->\n<div class=\"meta-main-wrap\">\n  <div class=\"\">\n    <header class=\"entry-header\">\n      <div class=\"entry-cats\">\n        <div class=\"kategorie\"><a href=\"https:\/\/www.rwg-bayreuth.de\/home\/?cat=1\" rel=\"category\">Schulleben<\/a><\/div>\n<div class=\"entry-edit\" >      <div class=\"entry-date\" >\n        <a href=\"https:\/\/www.rwg-bayreuth.de\/home\/?p=41257\">1. Mai 2026<\/a>\n      <\/div><\/div><!-- end .entry-date -->\n      <\/div><!-- end .entry-cats -->\n<h2 class=\"entry-title\"><a href=\"https:\/\/www.rwg-bayreuth.de\/home\/?p=41257\" rel=\"bookmark\">B\u00fchne frei f\u00fcr britisches Flair: Unser Englisch-Theatertag 2025<\/a><\/h2>\n    <\/header><!-- end .entry-header -->\n    <div class=\"entry-summary\">\nTheater ist, wenn die Sprache zum Leben erwacht! Am 17. November 2025 wurde unsere Aula zur B\u00fchne f\u00fcr das Phoenix Theatre. Mit zwei packenden St\u00fccken, die unterschiedlicher nicht h\u00e4tten sein k\u00f6nnen, erlebten unsere Klassen 6\/7 sowie unsere Oberstufe einen Vormittag, der garantiert in Erinnerung bleibt. Von Cowboys und Goldgr\u00e4bern: \u201eSaddle Up\u201c f\u00fcr die 6. &amp;&hellip;\n  <\/div><!-- .entry-summary -->\n  <\/div><!-- .entry-main -->\n<\/div><!-- .meta-main-wrap -->\n<\/article><!-- end post -41257 -->\n<article id=\"post-41183\"class=\"cf post-41183 post type-post status-publish format-standard has-post-thumbnail hentry category-allgemein tag-englisch tag-home\">\n \t\t<div class=\"entry-thumbnail fadein\"> \t\t\t<a href=\"https:\/\/www.rwg-bayreuth.de\/home\/?p=41183\"><img loading=\"lazy\" decoding=\"async\" width=\"1024\" height=\"683\" src=\"https:\/\/www.rwg-bayreuth.de\/home\/wp-content\/uploads\/2026\/04\/25-26-EnglishWorkshop-Postcolonial-B.jpg\" class=\"attachment-post-thumbnail size-post-thumbnail wp-post-image\" alt=\"\" srcset=\"https:\/\/www.rwg-bayreuth.de\/home\/wp-content\/uploads\/2026\/04\/25-26-EnglishWorkshop-Postcolonial-B.jpg 1024w, https:\/\/www.rwg-bayreuth.de\/home\/wp-content\/uploads\/2026\/04\/25-26-EnglishWorkshop-Postcolonial-B-150x100.jpg 150w, https:\/\/www.rwg-bayreuth.de\/home\/wp-content\/uploads\/2026\/04\/25-26-EnglishWorkshop-Postcolonial-B-450x300.jpg 450w, https:\/\/www.rwg-bayreuth.de\/home\/wp-content\/uploads\/2026\/04\/25-26-EnglishWorkshop-Postcolonial-B-768x512.jpg 768w, https:\/\/www.rwg-bayreuth.de\/home\/wp-content\/uploads\/2026\/04\/25-26-EnglishWorkshop-Postcolonial-B-250x167.jpg 250w, https:\/\/www.rwg-bayreuth.de\/home\/wp-content\/uploads\/2026\/04\/25-26-EnglishWorkshop-Postcolonial-B-900x600.jpg 900w\" sizes=\"(max-width: 1024px) 100vw, 1024px\" \/><\/a> \t\t<\/div><!-- end .entry-thumbnail -->\n<div class=\"meta-main-wrap\">\n  <div class=\"\">\n    <header class=\"entry-header\">\n      <div class=\"entry-cats\">\n        <div class=\"kategorie\"><a href=\"https:\/\/www.rwg-bayreuth.de\/home\/?cat=1\" rel=\"category\">Schulleben<\/a><\/div>\n<div class=\"entry-edit\" >      <div class=\"entry-date\" >\n        <a href=\"https:\/\/www.rwg-bayreuth.de\/home\/?p=41183\">17. April 2026<\/a>\n      <\/div><\/div><!-- end .entry-date -->\n      <\/div><!-- end .entry-cats -->\n<h2 class=\"entry-title\"><a href=\"https:\/\/www.rwg-bayreuth.de\/home\/?p=41183\" rel=\"bookmark\">Workshop: Postcolonial Developments in Kenya<\/a><\/h2>\n    <\/header><!-- end .entry-header -->\n    <div class=\"entry-summary\">\nIm Rahmen des Englischunterrichts nahm die 11d unserer Schule an einem spannenden und lehrreichen Workshop zum Thema &#8222;Postcolonial Developments in Kenya&#8220; teil. Der Workshop wurde vollst\u00e4ndig auf Englisch durchgef\u00fchrt und bot den Sch\u00fclerinnen und Sch\u00fclern die M\u00f6glichkeit, ihre Sprachkenntnisse in einem authentischen Kontext anzuwenden und gleichzeitig ihr globales Verst\u00e4ndnis zu erweitern. Mit Frau Luisa Schmidt,&hellip;\n  <\/div><!-- .entry-summary -->\n  <\/div><!-- .entry-main -->\n<\/div><!-- .meta-main-wrap -->\n<\/article><!-- end post -41183 -->\n<article id=\"post-39228\"class=\"cf post-39228 post type-post status-publish format-standard has-post-thumbnail hentry category-allgemein tag-cae-diplom tag-englisch tag-home\">\n \t\t<div class=\"entry-thumbnail fadein\"> \t\t\t<a href=\"https:\/\/www.rwg-bayreuth.de\/home\/?p=39228\"><img loading=\"lazy\" decoding=\"async\" width=\"1024\" height=\"683\" src=\"https:\/\/www.rwg-bayreuth.de\/home\/wp-content\/uploads\/2025\/07\/24-25-CAE-B.jpg\" class=\"attachment-post-thumbnail size-post-thumbnail wp-post-image\" alt=\"\" srcset=\"https:\/\/www.rwg-bayreuth.de\/home\/wp-content\/uploads\/2025\/07\/24-25-CAE-B.jpg 1024w, https:\/\/www.rwg-bayreuth.de\/home\/wp-content\/uploads\/2025\/07\/24-25-CAE-B-150x100.jpg 150w, https:\/\/www.rwg-bayreuth.de\/home\/wp-content\/uploads\/2025\/07\/24-25-CAE-B-450x300.jpg 450w, https:\/\/www.rwg-bayreuth.de\/home\/wp-content\/uploads\/2025\/07\/24-25-CAE-B-768x512.jpg 768w, https:\/\/www.rwg-bayreuth.de\/home\/wp-content\/uploads\/2025\/07\/24-25-CAE-B-250x167.jpg 250w, https:\/\/www.rwg-bayreuth.de\/home\/wp-content\/uploads\/2025\/07\/24-25-CAE-B-900x600.jpg 900w\" sizes=\"(max-width: 1024px) 100vw, 1024px\" \/><\/a> \t\t<\/div><!-- end .entry-thumbnail -->\n<div class=\"meta-main-wrap\">\n  <div class=\"\">\n    <header class=\"entry-header\">\n      <div class=\"entry-cats\">\n        <div class=\"kategorie\"><a href=\"https:\/\/www.rwg-bayreuth.de\/home\/?cat=1\" rel=\"category\">Schulleben<\/a><\/div>\n<div class=\"entry-edit\" >      <div class=\"entry-date\" >\n        <a href=\"https:\/\/www.rwg-bayreuth.de\/home\/?p=39228\">12. Juli 2025<\/a>\n      <\/div><\/div><!-- end .entry-date -->\n      <\/div><!-- end .entry-cats -->\n<h2 class=\"entry-title\"><a href=\"https:\/\/www.rwg-bayreuth.de\/home\/?p=39228\" rel=\"bookmark\">Cambridge Assessment Englisch &#8211; CAE<\/a><\/h2>\n    <\/header><!-- end .entry-header -->\n    <div class=\"entry-summary\">\nAuch in diesem Schuljahr haben sich neun mutige und sprachbegabte Sch\u00fclerinnen und Sch\u00fcler der 12. Klasse des Richard-Wagner-Gymnasiums auf ein aufregendes Abenteuer eingelassen: die Vorbereitung auf das Cambridge Advanced English Certificate. Die Gruppe, bestehend aus vier M\u00e4dchen und f\u00fcnf Jungs, traf sich w\u00f6chentlich mit ihrer Lehrerin Frau Hesz, um gemeinsam Texte zu lesen, H\u00f6rverst\u00e4ndnis\u00fcbungen zu&hellip;\n  <\/div><!-- .entry-summary -->\n  <\/div><!-- .entry-main -->\n<\/div><!-- .meta-main-wrap -->\n<\/article><!-- end post -39228 -->\n<article id=\"post-38666\"class=\"cf post-38666 post type-post status-publish format-standard has-post-thumbnail hentry category-allgemein tag-austausch tag-englisch tag-home\">\n \t\t<div class=\"entry-thumbnail fadein\"> \t\t\t<a href=\"https:\/\/www.rwg-bayreuth.de\/home\/?p=38666\"><img loading=\"lazy\" decoding=\"async\" width=\"1024\" height=\"683\" src=\"https:\/\/www.rwg-bayreuth.de\/home\/wp-content\/uploads\/2025\/05\/24-25-Englandaustausch-B.jpg\" class=\"attachment-post-thumbnail size-post-thumbnail wp-post-image\" alt=\"\" srcset=\"https:\/\/www.rwg-bayreuth.de\/home\/wp-content\/uploads\/2025\/05\/24-25-Englandaustausch-B.jpg 1024w, https:\/\/www.rwg-bayreuth.de\/home\/wp-content\/uploads\/2025\/05\/24-25-Englandaustausch-B-150x100.jpg 150w, https:\/\/www.rwg-bayreuth.de\/home\/wp-content\/uploads\/2025\/05\/24-25-Englandaustausch-B-450x300.jpg 450w, https:\/\/www.rwg-bayreuth.de\/home\/wp-content\/uploads\/2025\/05\/24-25-Englandaustausch-B-768x512.jpg 768w, https:\/\/www.rwg-bayreuth.de\/home\/wp-content\/uploads\/2025\/05\/24-25-Englandaustausch-B-250x167.jpg 250w, https:\/\/www.rwg-bayreuth.de\/home\/wp-content\/uploads\/2025\/05\/24-25-Englandaustausch-B-900x600.jpg 900w\" sizes=\"(max-width: 1024px) 100vw, 1024px\" \/><\/a> \t\t<\/div><!-- end .entry-thumbnail -->\n<div class=\"meta-main-wrap\">\n  <div class=\"\">\n    <header class=\"entry-header\">\n      <div class=\"entry-cats\">\n        <div class=\"kategorie\"><a href=\"https:\/\/www.rwg-bayreuth.de\/home\/?cat=1\" rel=\"category\">Schulleben<\/a><\/div>\n<div class=\"entry-edit\" >      <div class=\"entry-date\" >\n        <a href=\"https:\/\/www.rwg-bayreuth.de\/home\/?p=38666\">13. April 2025<\/a>\n      <\/div><\/div><!-- end .entry-date -->\n      <\/div><!-- end .entry-cats -->\n<h2 class=\"entry-title\"><a href=\"https:\/\/www.rwg-bayreuth.de\/home\/?p=38666\" rel=\"bookmark\">England erleben \u2013 Austausch mit der Welland Park Academy in Market Harborough<\/a><\/h2>\n    <\/header><!-- end .entry-header -->\n    <div class=\"entry-summary\">\nVom 3. bis 11. April 2025 machten sich 14 Sch\u00fclerinnen und Sch\u00fcler der 8. Jahrgangsstufe auf den Weg nach Market Harborough in England \u2013 bereit f\u00fcr neue Erfahrungen, spannende Begegnungen und jede Menge Englisch im echten Leben. \u00a0Im Rahmen unseres diesj\u00e4hrigen Austauschs mit der Welland Park Academy in Market Harborough reisten sie nach Mittelengland, um&hellip;\n  <\/div><!-- .entry-summary -->\n  <\/div><!-- .entry-main -->\n<\/div><!-- .meta-main-wrap -->\n<\/article><!-- end post -38666 -->\n<article id=\"post-38009\"class=\"cf post-38009 post type-post status-publish format-standard has-post-thumbnail hentry category-allgemein tag-englisch tag-home\">\n \t\t<div class=\"entry-thumbnail fadein\"> \t\t\t<a href=\"https:\/\/www.rwg-bayreuth.de\/home\/?p=38009\"><img loading=\"lazy\" decoding=\"async\" width=\"1024\" height=\"683\" src=\"https:\/\/www.rwg-bayreuth.de\/home\/wp-content\/uploads\/2025\/01\/24-25-Englisch-Songs-my-Mother-taught-me.jpg\" class=\"attachment-post-thumbnail size-post-thumbnail wp-post-image\" alt=\"\" srcset=\"https:\/\/www.rwg-bayreuth.de\/home\/wp-content\/uploads\/2025\/01\/24-25-Englisch-Songs-my-Mother-taught-me.jpg 1024w, https:\/\/www.rwg-bayreuth.de\/home\/wp-content\/uploads\/2025\/01\/24-25-Englisch-Songs-my-Mother-taught-me-150x100.jpg 150w, https:\/\/www.rwg-bayreuth.de\/home\/wp-content\/uploads\/2025\/01\/24-25-Englisch-Songs-my-Mother-taught-me-450x300.jpg 450w, https:\/\/www.rwg-bayreuth.de\/home\/wp-content\/uploads\/2025\/01\/24-25-Englisch-Songs-my-Mother-taught-me-768x512.jpg 768w, https:\/\/www.rwg-bayreuth.de\/home\/wp-content\/uploads\/2025\/01\/24-25-Englisch-Songs-my-Mother-taught-me-250x167.jpg 250w, https:\/\/www.rwg-bayreuth.de\/home\/wp-content\/uploads\/2025\/01\/24-25-Englisch-Songs-my-Mother-taught-me-900x600.jpg 900w\" sizes=\"(max-width: 1024px) 100vw, 1024px\" \/><\/a> \t\t<\/div><!-- end .entry-thumbnail -->\n<div class=\"meta-main-wrap\">\n  <div class=\"\">\n    <header class=\"entry-header\">\n      <div class=\"entry-cats\">\n        <div class=\"kategorie\"><a href=\"https:\/\/www.rwg-bayreuth.de\/home\/?cat=1\" rel=\"category\">Schulleben<\/a><\/div>\n<div class=\"entry-edit\" >      <div class=\"entry-date\" >\n        <a href=\"https:\/\/www.rwg-bayreuth.de\/home\/?p=38009\">9. November 2024<\/a>\n      <\/div><\/div><!-- end .entry-date -->\n      <\/div><!-- end .entry-cats -->\n<h2 class=\"entry-title\"><a href=\"https:\/\/www.rwg-bayreuth.de\/home\/?p=38009\" rel=\"bookmark\">Phoenix Theatre London am RWG!<\/a><\/h2>\n    <\/header><!-- end .entry-header -->\n    <div class=\"entry-summary\">\nSchon mal ein englisches Piratenmusical gesehen??? Unsere 7. Kl\u00e4ssler haben das kurz nach den Herbstferien machen d\u00fcrfen und waren voll begeistert! \ud83d\ude0a \u201eDas hat richtig Spa\u00df gemacht und ich hab fast alles verstanden!\u201c \u201eCooles Musical \u2013 die Schauspieler waren toll!\u201c \u201eIch fand es toll, den Schauspielern nach dem Musical noch Fragen stellen zu k\u00f6nnen. Ich&hellip;\n  <\/div><!-- .entry-summary -->\n  <\/div><!-- .entry-main -->\n<\/div><!-- .meta-main-wrap -->\n<\/article><!-- end post -38009 -->\n<\/div><!-- end .rwg_post_list -->\n<\/div>\n<h2>Weiterf\u00fchrende Links<\/h2>\n<ul class=\"linkliste\">\n<li class=\"top\"><a href=\"https:\/\/www.lehrplanplus.bayern.de\/schulart\/gymnasium\/fach\/englisch\/inhalt\/fachlehrplaene\" target=\"_blank\" rel=\"noopener noreferrer\">LehrplanPLUS<\/a><\/li>\n<li><a title=\"Lehrplan Englisch\" href=\"http:\/\/www.isb.bayern.de\/gymnasium\/lehrplan\/gymnasium\/fachprofil-ebene-2\/englisch-erste-fremdsprache\/309\/\" target=\"_blank\" rel=\"noopener noreferrer\">Lehrplan (G8)<\/a><\/li>\n<li><a title=\"Jahrgangstests Englisch\" href=\"https:\/\/www.isb.bayern.de\/schularten\/gymnasium\/leistungserhebungen\/jahrgangsstufentests\/englisch\/\" target=\"_blank\" rel=\"noopener noreferrer\">Jahrgangsstufentests<\/a><\/li>\n<\/ul>\n<h2>Verwendete Lehrwerke<\/h2>\n<p>access, Cornelsen-Verlag (Jahrg. 5-8)<br \/>\nGreen Line New Bayern, Klett-Verlag (Jahrg. 9-12)<\/p>\n","protected":false},"excerpt":{"rendered":"<p>Fachschaft Im Englischunterricht erwerben die Sch\u00fcler Sprachkenntnisse, die angesichts der zunehmenden politischen, wirtschaftlichen und kulturellen Verflechtung der L\u00e4nder Europas und der Welt eine immer gr\u00f6\u00dfere Bedeutung gewinnen: Englisch wird als Mutter- sowie als Zweit- und Amtssprache von \u00fcber einer Milliarde Menschen verwendet und spielt als weltweite Verkehrssprache im Rahmen internationaler Zusammenarbeit und globalen Wettbewerbs wie&hellip;<\/p>\n","protected":false},"author":2,"featured_media":0,"parent":11137,"menu_order":2,"comment_status":"closed","ping_status":"closed","template":"page-templates\/no-sidebar.php","meta":{"footnotes":""},"tags":[54],"_links":{"self":[{"href":"https:\/\/www.rwg-bayreuth.de\/home\/index.php?rest_route=\/wp\/v2\/pages\/1535"}],"collection":[{"href":"https:\/\/www.rwg-bayreuth.de\/home\/index.php?rest_route=\/wp\/v2\/pages"}],"about":[{"href":"https:\/\/www.rwg-bayreuth.de\/home\/index.php?rest_route=\/wp\/v2\/types\/page"}],"author":[{"embeddable":true,"href":"https:\/\/www.rwg-bayreuth.de\/home\/index.php?rest_route=\/wp\/v2\/users\/2"}],"replies":[{"embeddable":true,"href":"https:\/\/www.rwg-bayreuth.de\/home\/index.php?rest_route=%2Fwp%2Fv2%2Fcomments&post=1535"}],"version-history":[{"count":44,"href":"https:\/\/www.rwg-bayreuth.de\/home\/index.php?rest_route=\/wp\/v2\/pages\/1535\/revisions"}],"predecessor-version":[{"id":38005,"href":"https:\/\/www.rwg-bayreuth.de\/home\/index.php?rest_route=\/wp\/v2\/pages\/1535\/revisions\/38005"}],"up":[{"embeddable":true,"href":"https:\/\/www.rwg-bayreuth.de\/home\/index.php?rest_route=\/wp\/v2\/pages\/11137"}],"wp:attachment":[{"href":"https:\/\/www.rwg-bayreuth.de\/home\/index.php?rest_route=%2Fwp%2Fv2%2Fmedia&parent=1535"}],"wp:term":[{"taxonomy":"post_tag","embeddable":true,"href":"https:\/\/www.rwg-bayreuth.de\/home\/index.php?rest_route=%2Fwp%2Fv2%2Ftags&post=1535"}],"curies":[{"name":"wp","href":"https:\/\/api.w.org\/{rel}","templated":true}]}}