{"id":152,"date":"2012-01-17T20:38:04","date_gmt":"2012-01-17T19:38:04","guid":{"rendered":"http:\/\/www.rwg-bayreuth.de\/home\/?page_id=152"},"modified":"2024-01-17T21:13:12","modified_gmt":"2024-01-17T20:13:12","slug":"elternbeirat","status":"publish","type":"page","link":"https:\/\/www.rwg-bayreuth.de\/home\/?page_id=152","title":{"rendered":"Elternbeirat"},"content":{"rendered":"<p><img loading=\"lazy\" decoding=\"async\" src=\"https:\/\/www.rwg-bayreuth.de\/home\/wp-content\/uploads\/2024\/01\/elternbeirat_picto-links-gianluca-donath-450x450.jpg\" alt=\"\" width=\"225\" height=\"225\" class=\"alignright size-medium wp-image-35667\" style=\"max-width: 30%;\" srcset=\"https:\/\/www.rwg-bayreuth.de\/home\/wp-content\/uploads\/2024\/01\/elternbeirat_picto-links-gianluca-donath-450x450.jpg 450w, https:\/\/www.rwg-bayreuth.de\/home\/wp-content\/uploads\/2024\/01\/elternbeirat_picto-links-gianluca-donath-150x150.jpg 150w, https:\/\/www.rwg-bayreuth.de\/home\/wp-content\/uploads\/2024\/01\/elternbeirat_picto-links-gianluca-donath-768x768.jpg 768w, https:\/\/www.rwg-bayreuth.de\/home\/wp-content\/uploads\/2024\/01\/elternbeirat_picto-links-gianluca-donath-250x250.jpg 250w, https:\/\/www.rwg-bayreuth.de\/home\/wp-content\/uploads\/2024\/01\/elternbeirat_picto-links-gianluca-donath.jpg 1024w\" sizes=\"(max-width: 225px) 100vw, 225px\" \/>Als Bindeglied zwischen Schule und Elternh\u00e4usern kommt dem Elternbeirat eine wichtige Funktion zu: Er vertritt die Interessen der Eltern gegen\u00fcber der Schule, hilft aber auch, die Arbeit der Schule konstruktiv zu unterst\u00fctzen. Dies geschieht durch finanzielle Hilfen, mehr aber noch durch den konstruktiven Dialog in Sitzungen des Elternbeirates, in Gespr\u00e4chen mit der Schulleitung und den Lehrern und im Schulforum.<\/p>\n<h2>Der Elternbeirat<\/h2>\n<p><!--\n\n[caption id=\"attachment_19927\" align=\"aligncenter\" width=\"450\"]<a href=\"https:\/\/www.rwg-bayreuth.de\/home\/wp-content\/uploads\/2018\/11\/18-19-Elternbeirat450.jpg\"><img loading=\"lazy\" decoding=\"async\" class=\"size-full wp-image-19927\" src=\"https:\/\/www.rwg-bayreuth.de\/home\/wp-content\/uploads\/2018\/11\/18-19-Elternbeirat450.jpg\" alt=\"\" width=\"450\" height=\"338\" srcset=\"https:\/\/www.rwg-bayreuth.de\/home\/wp-content\/uploads\/2018\/11\/18-19-Elternbeirat450.jpg 450w, https:\/\/www.rwg-bayreuth.de\/home\/wp-content\/uploads\/2018\/11\/18-19-Elternbeirat450-250x188.jpg 250w\" sizes=\"(max-width: 450px) 100vw, 450px\" \/><\/a> Der Elternbeirat des RWG mit Voritzenden J\u00fcrgen F\u00e4rber (vorne, 2. von rechts)[\/caption]\n\n--><a href=\"https:\/\/www.rwg-bayreuth.de\/home\/wp-content\/uploads\/2021\/01\/EBR-Aemter_Kontaktdaten.pdf\">Hier finden Sie die Mitglieder des aktuellen Elternbeirats incl. \u00c4mter und Kontaktdaten.<\/a><\/p>\n<h2>Die Arbeit des Elternbeirates am RWG<\/h2>\n<p style=\"margin-bottom:0\">Zu den Aufgaben des Elternbeirates geh\u00f6rt es:<\/p>\n<ul style=\"padding-left:0\">\n<li>bei grundlegenden Fragen der Schulorganisation die Interessen der Eltern vertreten;<\/li>\n<li>die Schulordnung mit aufrechterhalten und an der Verbesserung der \u00e4u\u00dferen Schulverh\u00e4ltnisse (z.B. Geb\u00e4ude, R\u00e4ume, Pausenhof) mitwirken;<\/li>\n<li>schulische Veranstaltungen mitgestalten (z.B. Schulfest);<\/li>\n<li>bei grundlegenden Fragen der Erziehung in der Schule Einfluss nehmen;<\/li>\n<li>das Vertrauensverh\u00e4ltnis zwischen Lehrern und Eltern erhalten und vertiefen;<\/li>\n<li>im Schulforum wichtige schulische Fragen (z.B. bewegliche unterrichtsfreie Tage, Pausenordnung, Schulvertrag usw.) mit entscheiden.<\/li>\n<\/ul>\n<p>\n\n<\/p>\n<p>Die Elternspende erm\u00f6glicht es dem Elternbeirat, wichtige Aktivit\u00e4ten der Schule zu f\u00f6rdern und damit manches zu erm\u00f6glichen, was die Schule aus eigener Kraft nicht leisten k\u00f6nnte. Das sind z.B. Zuwendungen f\u00fcr Schulfahrten bzw. Arbeitsgemeinschaften an der Schule und Anerkennung f\u00fcr besondere Leistungen einzelner Sch\u00fcler (in der Regel Buchpreise). Auch Anschaffungen der Schule werden vom Elternbeirat \u00fcber die Elternspende gef\u00f6rdert.<\/p>\n<p>Unterst\u00fctzt wird der Elternbeirat durch die Klassenelternsprecher. Sie wurden von den Klassenelternversammlungen gew\u00e4hlt und unterst\u00fctzen den Elternbeirat.<\/p>\n<h2>Aktuelles<\/h2>\n<div style=\"max-width: 1000px\">\n<div class=\"rwg_post_list\"><\/div><!-- end .rwg_post_list -->\n<\/div>\n<div class=\"su-spacer\" style=\"height:30px\"><\/div>\n","protected":false},"excerpt":{"rendered":"<p>Als Bindeglied zwischen Schule und Elternh\u00e4usern kommt dem Elternbeirat eine wichtige Funktion zu: Er vertritt die Interessen der Eltern gegen\u00fcber der Schule, hilft aber auch, die Arbeit der Schule konstruktiv zu unterst\u00fctzen. Dies geschieht durch finanzielle Hilfen, mehr aber noch durch den konstruktiven Dialog in Sitzungen des Elternbeirates, in Gespr\u00e4chen mit der Schulleitung und den&hellip;<\/p>\n","protected":false},"author":1,"featured_media":0,"parent":2,"menu_order":80,"comment_status":"closed","ping_status":"open","template":"page-templates\/no-sidebar.php","meta":{"footnotes":""},"tags":[54],"_links":{"self":[{"href":"https:\/\/www.rwg-bayreuth.de\/home\/index.php?rest_route=\/wp\/v2\/pages\/152"}],"collection":[{"href":"https:\/\/www.rwg-bayreuth.de\/home\/index.php?rest_route=\/wp\/v2\/pages"}],"about":[{"href":"https:\/\/www.rwg-bayreuth.de\/home\/index.php?rest_route=\/wp\/v2\/types\/page"}],"author":[{"embeddable":true,"href":"https:\/\/www.rwg-bayreuth.de\/home\/index.php?rest_route=\/wp\/v2\/users\/1"}],"replies":[{"embeddable":true,"href":"https:\/\/www.rwg-bayreuth.de\/home\/index.php?rest_route=%2Fwp%2Fv2%2Fcomments&post=152"}],"version-history":[{"count":40,"href":"https:\/\/www.rwg-bayreuth.de\/home\/index.php?rest_route=\/wp\/v2\/pages\/152\/revisions"}],"predecessor-version":[{"id":35668,"href":"https:\/\/www.rwg-bayreuth.de\/home\/index.php?rest_route=\/wp\/v2\/pages\/152\/revisions\/35668"}],"up":[{"embeddable":true,"href":"https:\/\/www.rwg-bayreuth.de\/home\/index.php?rest_route=\/wp\/v2\/pages\/2"}],"wp:attachment":[{"href":"https:\/\/www.rwg-bayreuth.de\/home\/index.php?rest_route=%2Fwp%2Fv2%2Fmedia&parent=152"}],"wp:term":[{"taxonomy":"post_tag","embeddable":true,"href":"https:\/\/www.rwg-bayreuth.de\/home\/index.php?rest_route=%2Fwp%2Fv2%2Ftags&post=152"}],"curies":[{"name":"wp","href":"https:\/\/api.w.org\/{rel}","templated":true}]}}